{"id":25291,"date":"2026-03-12T01:06:37","date_gmt":"2026-03-12T01:06:37","guid":{"rendered":"https:\/\/urban-vitamin.com\/powerbank-20-000-mah-165w-urban-vitamin-stanford-grigio\/"},"modified":"2026-03-12T00:40:39","modified_gmt":"2026-03-12T00:40:39","slug":"powerbank-20-000-mah-165w-stanford-grigio","status":"publish","type":"product","link":"https:\/\/urban-vitamin.com\/it\/prodotto\/powerbank-20-000-mah-165w-stanford-grigio\/","title":{"rendered":"Powerbank 20.000 mAh 165W Stanford, grigio"},"content":{"rendered":"<p>La powerbank Urban Vitamin Stanford \u00e8 il massimo della tecnologia di ricarica avanzata, offrendo prestazioni senza pari per chi esige il meglio. Con una notevole capacit\u00e0 di 20.000 mAh, Stanford supporta un&#8217;incredibile ricarica ultraveloce da 165W, garantendo che i tuoi dispositivi, inclusi PC portatili e MacBook, siano ricaricati contemporaneamente e con la massima rapidit\u00e0. Dotato di tre opzioni di output (due type C e una USB-A), Stanford \u00e8 progettato per garantire la massima versatilit\u00e0. Dispone inoltre di un esclusivo cavo type C Fast 100W retrattile da 70 cm integrato, che elimina la necessit\u00e0 di portare con s\u00e9 accessori aggiuntivi. Il display a colori TFT di alta qualit\u00e0 fornisce aggiornamenti in tempo reale sulla velocit\u00e0 di ricarica e sullo stato del dispositivo, tenendoti sempre informato durante ogni ricarica. Grazie alla resistente struttura in alluminio, Stanford offre un aspetto e una sensazione di alta qualit\u00e0, pur mantenendo un design leggero e portatile.<\/p>\n","protected":false},"excerpt":{"rendered":"<p>La powerbank Urban Vitamin Stanford \u00e8 il massimo della tecnologia di ricarica avanzata, offrendo prestazioni senza pari per chi esige il meglio. Con una notevole capacit\u00e0 di 20.000 mAh, Stanford supporta un&#8217;incredibile ricarica ultraveloce da 165W, garantendo che i tuoi dispositivi, inclusi PC portatili e MacBook, siano ricaricati contemporaneamente e con la massima rapidit\u00e0. Dotato [&hellip;]<\/p>\n","protected":false},"featured_media":26761,"comment_status":"closed","ping_status":"closed","template":"","meta":{"_acf_changed":false,"om_disable_all_campaigns":false},"product_cat":[99],"product_tag":[],"class_list":["post-25291","product","type-product","status-publish","has-post-thumbnail","hentry","product_cat-powerbank","pa_color-grey"],"acf":[],"yoast_head":"<!-- This site is optimized with the Yoast SEO plugin v27.0 - https:\/\/yoast.com\/product\/yoast-seo-wordpress\/ -->\n<title>Powerbank 20.000 mAh 165W Stanford, grigio - Urban Vitamin<\/title>\n<meta name=\"robots\" content=\"index, follow, max-snippet:-1, max-image-preview:large, max-video-preview:-1\" \/>\n<link rel=\"canonical\" href=\"https:\/\/urban-vitamin.com\/it\/prodotto\/powerbank-20-000-mah-165w-stanford-grigio\/\" \/>\n<meta property=\"og:locale\" content=\"it_IT\" \/>\n<meta property=\"og:type\" content=\"article\" \/>\n<meta property=\"og:title\" content=\"Powerbank 20.000 mAh 165W Stanford, grigio - Urban Vitamin\" \/>\n<meta property=\"og:description\" content=\"La powerbank Urban Vitamin Stanford \u00e8 il massimo della tecnologia di ricarica avanzata, offrendo prestazioni senza pari per chi esige il meglio. Con una notevole capacit\u00e0 di 20.000 mAh, Stanford supporta un&#8217;incredibile ricarica ultraveloce da 165W, garantendo che i tuoi dispositivi, inclusi PC portatili e MacBook, siano ricaricati contemporaneamente e con la massima rapidit\u00e0. Dotato [&hellip;]\" \/>\n<meta property=\"og:url\" content=\"https:\/\/urban-vitamin.com\/it\/prodotto\/powerbank-20-000-mah-165w-stanford-grigio\/\" \/>\n<meta property=\"og:site_name\" content=\"Urban Vitamin\" \/>\n<meta property=\"og:image\" content=\"https:\/\/urban-vitamin.com\/wp-content\/uploads\/sites\/5\/2025\/10\/P322.7802__S_0__5cc27688b69241369b431cd93714361f.jpg\" \/>\n\t<meta property=\"og:image:width\" content=\"1024\" \/>\n\t<meta property=\"og:image:height\" content=\"1024\" \/>\n\t<meta property=\"og:image:type\" content=\"image\/jpeg\" \/>\n<meta name=\"twitter:card\" content=\"summary_large_image\" \/>\n<meta name=\"twitter:label1\" content=\"Tempo di lettura stimato\" \/>\n\t<meta name=\"twitter:data1\" content=\"1 minuto\" \/>\n<script type=\"application\/ld+json\" class=\"yoast-schema-graph\">{\"@context\":\"https:\/\/schema.org\",\"@graph\":[{\"@type\":\"WebPage\",\"@id\":\"https:\/\/urban-vitamin.com\/it\/prodotto\/powerbank-20-000-mah-165w-stanford-grigio\/\",\"url\":\"https:\/\/urban-vitamin.com\/it\/prodotto\/powerbank-20-000-mah-165w-stanford-grigio\/\",\"name\":\"Powerbank 20.000 mAh 165W Stanford, grigio - Urban Vitamin\",\"isPartOf\":{\"@id\":\"https:\/\/urban-vitamin.com\/it\/#website\"},\"primaryImageOfPage\":{\"@id\":\"https:\/\/urban-vitamin.com\/it\/prodotto\/powerbank-20-000-mah-165w-stanford-grigio\/#primaryimage\"},\"image\":{\"@id\":\"https:\/\/urban-vitamin.com\/it\/prodotto\/powerbank-20-000-mah-165w-stanford-grigio\/#primaryimage\"},\"thumbnailUrl\":\"https:\/\/urban-vitamin.com\/wp-content\/uploads\/sites\/5\/2025\/10\/P322.7802__S_0__5cc27688b69241369b431cd93714361f.jpg\",\"datePublished\":\"2026-03-12T01:06:37+00:00\",\"breadcrumb\":{\"@id\":\"https:\/\/urban-vitamin.com\/it\/prodotto\/powerbank-20-000-mah-165w-stanford-grigio\/#breadcrumb\"},\"inLanguage\":\"it-IT\",\"potentialAction\":[{\"@type\":\"ReadAction\",\"target\":[\"https:\/\/urban-vitamin.com\/it\/prodotto\/powerbank-20-000-mah-165w-stanford-grigio\/\"]}]},{\"@type\":\"ImageObject\",\"inLanguage\":\"it-IT\",\"@id\":\"https:\/\/urban-vitamin.com\/it\/prodotto\/powerbank-20-000-mah-165w-stanford-grigio\/#primaryimage\",\"url\":\"https:\/\/urban-vitamin.com\/wp-content\/uploads\/sites\/5\/2025\/10\/P322.7802__S_0__5cc27688b69241369b431cd93714361f.jpg\",\"contentUrl\":\"https:\/\/urban-vitamin.com\/wp-content\/uploads\/sites\/5\/2025\/10\/P322.7802__S_0__5cc27688b69241369b431cd93714361f.jpg\",\"width\":1024,\"height\":1024},{\"@type\":\"BreadcrumbList\",\"@id\":\"https:\/\/urban-vitamin.com\/it\/prodotto\/powerbank-20-000-mah-165w-stanford-grigio\/#breadcrumb\",\"itemListElement\":[{\"@type\":\"ListItem\",\"position\":1,\"name\":\"Home\",\"item\":\"https:\/\/urban-vitamin.com\/it\/\"},{\"@type\":\"ListItem\",\"position\":2,\"name\":\"Collezione\",\"item\":\"https:\/\/urban-vitamin.com\/it\/collezione\/\"},{\"@type\":\"ListItem\",\"position\":3,\"name\":\"Powerbank 20.000 mAh 165W Stanford, grigio\"}]},{\"@type\":\"WebSite\",\"@id\":\"https:\/\/urban-vitamin.com\/it\/#website\",\"url\":\"https:\/\/urban-vitamin.com\/it\/\",\"name\":\"Urban Vitamin\",\"description\":\"Enjoy your daily dose of Urban Vitamin!\",\"potentialAction\":[{\"@type\":\"SearchAction\",\"target\":{\"@type\":\"EntryPoint\",\"urlTemplate\":\"https:\/\/urban-vitamin.com\/it\/?s={search_term_string}\"},\"query-input\":{\"@type\":\"PropertyValueSpecification\",\"valueRequired\":true,\"valueName\":\"search_term_string\"}}],\"inLanguage\":\"it-IT\"}]}<\/script>\n<!-- \/ Yoast SEO plugin. -->","yoast_head_json":{"title":"Powerbank 20.000 mAh 165W Stanford, grigio - Urban Vitamin","robots":{"index":"index","follow":"follow","max-snippet":"max-snippet:-1","max-image-preview":"max-image-preview:large","max-video-preview":"max-video-preview:-1"},"canonical":"https:\/\/urban-vitamin.com\/it\/prodotto\/powerbank-20-000-mah-165w-stanford-grigio\/","og_locale":"it_IT","og_type":"article","og_title":"Powerbank 20.000 mAh 165W Stanford, grigio - Urban Vitamin","og_description":"La powerbank Urban Vitamin Stanford \u00e8 il massimo della tecnologia di ricarica avanzata, offrendo prestazioni senza pari per chi esige il meglio. Con una notevole capacit\u00e0 di 20.000 mAh, Stanford supporta un&#8217;incredibile ricarica ultraveloce da 165W, garantendo che i tuoi dispositivi, inclusi PC portatili e MacBook, siano ricaricati contemporaneamente e con la massima rapidit\u00e0. Dotato [&hellip;]","og_url":"https:\/\/urban-vitamin.com\/it\/prodotto\/powerbank-20-000-mah-165w-stanford-grigio\/","og_site_name":"Urban Vitamin","og_image":[{"width":1024,"height":1024,"url":"https:\/\/urban-vitamin.com\/wp-content\/uploads\/sites\/5\/2025\/10\/P322.7802__S_0__5cc27688b69241369b431cd93714361f.jpg","type":"image\/jpeg"}],"twitter_card":"summary_large_image","twitter_misc":{"Tempo di lettura stimato":"1 minuto"},"schema":{"@context":"https:\/\/schema.org","@graph":[{"@type":"WebPage","@id":"https:\/\/urban-vitamin.com\/it\/prodotto\/powerbank-20-000-mah-165w-stanford-grigio\/","url":"https:\/\/urban-vitamin.com\/it\/prodotto\/powerbank-20-000-mah-165w-stanford-grigio\/","name":"Powerbank 20.000 mAh 165W Stanford, grigio - Urban Vitamin","isPartOf":{"@id":"https:\/\/urban-vitamin.com\/it\/#website"},"primaryImageOfPage":{"@id":"https:\/\/urban-vitamin.com\/it\/prodotto\/powerbank-20-000-mah-165w-stanford-grigio\/#primaryimage"},"image":{"@id":"https:\/\/urban-vitamin.com\/it\/prodotto\/powerbank-20-000-mah-165w-stanford-grigio\/#primaryimage"},"thumbnailUrl":"https:\/\/urban-vitamin.com\/wp-content\/uploads\/sites\/5\/2025\/10\/P322.7802__S_0__5cc27688b69241369b431cd93714361f.jpg","datePublished":"2026-03-12T01:06:37+00:00","breadcrumb":{"@id":"https:\/\/urban-vitamin.com\/it\/prodotto\/powerbank-20-000-mah-165w-stanford-grigio\/#breadcrumb"},"inLanguage":"it-IT","potentialAction":[{"@type":"ReadAction","target":["https:\/\/urban-vitamin.com\/it\/prodotto\/powerbank-20-000-mah-165w-stanford-grigio\/"]}]},{"@type":"ImageObject","inLanguage":"it-IT","@id":"https:\/\/urban-vitamin.com\/it\/prodotto\/powerbank-20-000-mah-165w-stanford-grigio\/#primaryimage","url":"https:\/\/urban-vitamin.com\/wp-content\/uploads\/sites\/5\/2025\/10\/P322.7802__S_0__5cc27688b69241369b431cd93714361f.jpg","contentUrl":"https:\/\/urban-vitamin.com\/wp-content\/uploads\/sites\/5\/2025\/10\/P322.7802__S_0__5cc27688b69241369b431cd93714361f.jpg","width":1024,"height":1024},{"@type":"BreadcrumbList","@id":"https:\/\/urban-vitamin.com\/it\/prodotto\/powerbank-20-000-mah-165w-stanford-grigio\/#breadcrumb","itemListElement":[{"@type":"ListItem","position":1,"name":"Home","item":"https:\/\/urban-vitamin.com\/it\/"},{"@type":"ListItem","position":2,"name":"Collezione","item":"https:\/\/urban-vitamin.com\/it\/collezione\/"},{"@type":"ListItem","position":3,"name":"Powerbank 20.000 mAh 165W Stanford, grigio"}]},{"@type":"WebSite","@id":"https:\/\/urban-vitamin.com\/it\/#website","url":"https:\/\/urban-vitamin.com\/it\/","name":"Urban Vitamin","description":"Enjoy your daily dose of Urban Vitamin!","potentialAction":[{"@type":"SearchAction","target":{"@type":"EntryPoint","urlTemplate":"https:\/\/urban-vitamin.com\/it\/?s={search_term_string}"},"query-input":{"@type":"PropertyValueSpecification","valueRequired":true,"valueName":"search_term_string"}}],"inLanguage":"it-IT"}]}},"_links":{"self":[{"href":"https:\/\/urban-vitamin.com\/it\/wp-json\/wp\/v2\/product\/25291","targetHints":{"allow":["GET"]}}],"collection":[{"href":"https:\/\/urban-vitamin.com\/it\/wp-json\/wp\/v2\/product"}],"about":[{"href":"https:\/\/urban-vitamin.com\/it\/wp-json\/wp\/v2\/types\/product"}],"replies":[{"embeddable":true,"href":"https:\/\/urban-vitamin.com\/it\/wp-json\/wp\/v2\/comments?post=25291"}],"wp:featuredmedia":[{"embeddable":true,"href":"https:\/\/urban-vitamin.com\/it\/wp-json\/wp\/v2\/media\/26761"}],"wp:attachment":[{"href":"https:\/\/urban-vitamin.com\/it\/wp-json\/wp\/v2\/media?parent=25291"}],"wp:term":[{"taxonomy":"product_cat","embeddable":true,"href":"https:\/\/urban-vitamin.com\/it\/wp-json\/wp\/v2\/product_cat?post=25291"},{"taxonomy":"product_tag","embeddable":true,"href":"https:\/\/urban-vitamin.com\/it\/wp-json\/wp\/v2\/product_tag?post=25291"}],"curies":[{"name":"wp","href":"https:\/\/api.w.org\/{rel}","templated":true}]}}