{"id":25290,"date":"2026-03-12T01:06:37","date_gmt":"2026-03-12T01:06:37","guid":{"rendered":"https:\/\/urban-vitamin.com\/powerbank-magnetica-15-000-mah-100w-urban-vitamin-sunnyvale-grigio\/"},"modified":"2026-03-12T00:40:38","modified_gmt":"2026-03-12T00:40:38","slug":"powerbank-magnetica-15-000-mah-100w-sunnyvale-grigio","status":"publish","type":"product","link":"https:\/\/urban-vitamin.com\/it\/prodotto\/powerbank-magnetica-15-000-mah-100w-sunnyvale-grigio\/","title":{"rendered":"Powerbank magnetica 15.000 mAh 100W Sunnyvale, grigio"},"content":{"rendered":"<p>La powerbank Urban Vitamin Sunnyvale \u00e8 una soluzione di ricarica all&#8217;avanguardia progettata per soddisfare le esigenze della vita moderna. Con una notevole capacit\u00e0 di 15.000 mAh e il supporto per la ricarica ultraveloce da 100W, questa powerbank garantisce che tutti i tuoi dispositivi, inclusi laptop e MacBook, siano sempre carichi alla velocit\u00e0 della luce. \u00c8 dotato di un display a colori TFT di alta qualit\u00e0 che fornisce aggiornamenti in tempo reale sulla velocit\u00e0 di ricarica e altre informazioni essenziali per la massima comodit\u00e0. Ci\u00f2 che distingue il Sunnyvale \u00e8 il supporto magnetico wireless integrato da 15W, che consente di ricaricare il telefono in modalit\u00e0 wireless mantenendolo perfettamente posizionato per l&#8217;uso a mani libere. Con tre porte di uscita, due type C e una USB A, e l&#8217;opzione di ricarica wireless, Sunnyvale pu\u00f2 ricaricare fino a quattro dispositivi contemporaneamente, rendendolo un compagno versatile per ogni situazione. Realizzato in alluminio resistente, Sunnyvale<\/p>\n","protected":false},"excerpt":{"rendered":"<p>La powerbank Urban Vitamin Sunnyvale \u00e8 una soluzione di ricarica all&#8217;avanguardia progettata per soddisfare le esigenze della vita moderna. Con una notevole capacit\u00e0 di 15.000 mAh e il supporto per la ricarica ultraveloce da 100W, questa powerbank garantisce che tutti i tuoi dispositivi, inclusi laptop e MacBook, siano sempre carichi alla velocit\u00e0 della luce. \u00c8 [&hellip;]<\/p>\n","protected":false},"featured_media":26754,"comment_status":"closed","ping_status":"closed","template":"","meta":{"_acf_changed":false,"om_disable_all_campaigns":false},"product_cat":[99],"product_tag":[],"class_list":["post-25290","product","type-product","status-publish","has-post-thumbnail","hentry","product_cat-powerbank","pa_color-grey"],"acf":[],"yoast_head":"<!-- This site is optimized with the Yoast SEO plugin v27.0 - https:\/\/yoast.com\/product\/yoast-seo-wordpress\/ -->\n<title>Powerbank magnetica 15.000 mAh 100W Sunnyvale, grigio - Urban Vitamin<\/title>\n<meta name=\"robots\" content=\"index, follow, max-snippet:-1, max-image-preview:large, max-video-preview:-1\" \/>\n<link rel=\"canonical\" href=\"https:\/\/urban-vitamin.com\/it\/prodotto\/powerbank-magnetica-15-000-mah-100w-sunnyvale-grigio\/\" \/>\n<meta property=\"og:locale\" content=\"it_IT\" \/>\n<meta property=\"og:type\" content=\"article\" \/>\n<meta property=\"og:title\" content=\"Powerbank magnetica 15.000 mAh 100W Sunnyvale, grigio - Urban Vitamin\" \/>\n<meta property=\"og:description\" content=\"La powerbank Urban Vitamin Sunnyvale \u00e8 una soluzione di ricarica all&#8217;avanguardia progettata per soddisfare le esigenze della vita moderna. Con una notevole capacit\u00e0 di 15.000 mAh e il supporto per la ricarica ultraveloce da 100W, questa powerbank garantisce che tutti i tuoi dispositivi, inclusi laptop e MacBook, siano sempre carichi alla velocit\u00e0 della luce. \u00c8 [&hellip;]\" \/>\n<meta property=\"og:url\" content=\"https:\/\/urban-vitamin.com\/it\/prodotto\/powerbank-magnetica-15-000-mah-100w-sunnyvale-grigio\/\" \/>\n<meta property=\"og:site_name\" content=\"Urban Vitamin\" \/>\n<meta property=\"og:image\" content=\"https:\/\/urban-vitamin.com\/wp-content\/uploads\/sites\/5\/2025\/10\/P322.7702__S_0__7b0c6550970d4cccb55881e9dbdfa7ec.jpg\" \/>\n\t<meta property=\"og:image:width\" content=\"1024\" \/>\n\t<meta property=\"og:image:height\" content=\"1024\" \/>\n\t<meta property=\"og:image:type\" content=\"image\/jpeg\" \/>\n<meta name=\"twitter:card\" content=\"summary_large_image\" \/>\n<meta name=\"twitter:label1\" content=\"Tempo di lettura stimato\" \/>\n\t<meta name=\"twitter:data1\" content=\"1 minuto\" \/>\n<script type=\"application\/ld+json\" class=\"yoast-schema-graph\">{\"@context\":\"https:\/\/schema.org\",\"@graph\":[{\"@type\":\"WebPage\",\"@id\":\"https:\/\/urban-vitamin.com\/it\/prodotto\/powerbank-magnetica-15-000-mah-100w-sunnyvale-grigio\/\",\"url\":\"https:\/\/urban-vitamin.com\/it\/prodotto\/powerbank-magnetica-15-000-mah-100w-sunnyvale-grigio\/\",\"name\":\"Powerbank magnetica 15.000 mAh 100W Sunnyvale, grigio - Urban Vitamin\",\"isPartOf\":{\"@id\":\"https:\/\/urban-vitamin.com\/it\/#website\"},\"primaryImageOfPage\":{\"@id\":\"https:\/\/urban-vitamin.com\/it\/prodotto\/powerbank-magnetica-15-000-mah-100w-sunnyvale-grigio\/#primaryimage\"},\"image\":{\"@id\":\"https:\/\/urban-vitamin.com\/it\/prodotto\/powerbank-magnetica-15-000-mah-100w-sunnyvale-grigio\/#primaryimage\"},\"thumbnailUrl\":\"https:\/\/urban-vitamin.com\/wp-content\/uploads\/sites\/5\/2025\/10\/P322.7702__S_0__7b0c6550970d4cccb55881e9dbdfa7ec.jpg\",\"datePublished\":\"2026-03-12T01:06:37+00:00\",\"breadcrumb\":{\"@id\":\"https:\/\/urban-vitamin.com\/it\/prodotto\/powerbank-magnetica-15-000-mah-100w-sunnyvale-grigio\/#breadcrumb\"},\"inLanguage\":\"it-IT\",\"potentialAction\":[{\"@type\":\"ReadAction\",\"target\":[\"https:\/\/urban-vitamin.com\/it\/prodotto\/powerbank-magnetica-15-000-mah-100w-sunnyvale-grigio\/\"]}]},{\"@type\":\"ImageObject\",\"inLanguage\":\"it-IT\",\"@id\":\"https:\/\/urban-vitamin.com\/it\/prodotto\/powerbank-magnetica-15-000-mah-100w-sunnyvale-grigio\/#primaryimage\",\"url\":\"https:\/\/urban-vitamin.com\/wp-content\/uploads\/sites\/5\/2025\/10\/P322.7702__S_0__7b0c6550970d4cccb55881e9dbdfa7ec.jpg\",\"contentUrl\":\"https:\/\/urban-vitamin.com\/wp-content\/uploads\/sites\/5\/2025\/10\/P322.7702__S_0__7b0c6550970d4cccb55881e9dbdfa7ec.jpg\",\"width\":1024,\"height\":1024},{\"@type\":\"BreadcrumbList\",\"@id\":\"https:\/\/urban-vitamin.com\/it\/prodotto\/powerbank-magnetica-15-000-mah-100w-sunnyvale-grigio\/#breadcrumb\",\"itemListElement\":[{\"@type\":\"ListItem\",\"position\":1,\"name\":\"Home\",\"item\":\"https:\/\/urban-vitamin.com\/it\/\"},{\"@type\":\"ListItem\",\"position\":2,\"name\":\"Collezione\",\"item\":\"https:\/\/urban-vitamin.com\/it\/collezione\/\"},{\"@type\":\"ListItem\",\"position\":3,\"name\":\"Powerbank magnetica 15.000 mAh 100W Sunnyvale, grigio\"}]},{\"@type\":\"WebSite\",\"@id\":\"https:\/\/urban-vitamin.com\/it\/#website\",\"url\":\"https:\/\/urban-vitamin.com\/it\/\",\"name\":\"Urban Vitamin\",\"description\":\"Enjoy your daily dose of Urban Vitamin!\",\"potentialAction\":[{\"@type\":\"SearchAction\",\"target\":{\"@type\":\"EntryPoint\",\"urlTemplate\":\"https:\/\/urban-vitamin.com\/it\/?s={search_term_string}\"},\"query-input\":{\"@type\":\"PropertyValueSpecification\",\"valueRequired\":true,\"valueName\":\"search_term_string\"}}],\"inLanguage\":\"it-IT\"}]}<\/script>\n<!-- \/ Yoast SEO plugin. -->","yoast_head_json":{"title":"Powerbank magnetica 15.000 mAh 100W Sunnyvale, grigio - Urban Vitamin","robots":{"index":"index","follow":"follow","max-snippet":"max-snippet:-1","max-image-preview":"max-image-preview:large","max-video-preview":"max-video-preview:-1"},"canonical":"https:\/\/urban-vitamin.com\/it\/prodotto\/powerbank-magnetica-15-000-mah-100w-sunnyvale-grigio\/","og_locale":"it_IT","og_type":"article","og_title":"Powerbank magnetica 15.000 mAh 100W Sunnyvale, grigio - Urban Vitamin","og_description":"La powerbank Urban Vitamin Sunnyvale \u00e8 una soluzione di ricarica all&#8217;avanguardia progettata per soddisfare le esigenze della vita moderna. Con una notevole capacit\u00e0 di 15.000 mAh e il supporto per la ricarica ultraveloce da 100W, questa powerbank garantisce che tutti i tuoi dispositivi, inclusi laptop e MacBook, siano sempre carichi alla velocit\u00e0 della luce. \u00c8 [&hellip;]","og_url":"https:\/\/urban-vitamin.com\/it\/prodotto\/powerbank-magnetica-15-000-mah-100w-sunnyvale-grigio\/","og_site_name":"Urban Vitamin","og_image":[{"width":1024,"height":1024,"url":"https:\/\/urban-vitamin.com\/wp-content\/uploads\/sites\/5\/2025\/10\/P322.7702__S_0__7b0c6550970d4cccb55881e9dbdfa7ec.jpg","type":"image\/jpeg"}],"twitter_card":"summary_large_image","twitter_misc":{"Tempo di lettura stimato":"1 minuto"},"schema":{"@context":"https:\/\/schema.org","@graph":[{"@type":"WebPage","@id":"https:\/\/urban-vitamin.com\/it\/prodotto\/powerbank-magnetica-15-000-mah-100w-sunnyvale-grigio\/","url":"https:\/\/urban-vitamin.com\/it\/prodotto\/powerbank-magnetica-15-000-mah-100w-sunnyvale-grigio\/","name":"Powerbank magnetica 15.000 mAh 100W Sunnyvale, grigio - Urban Vitamin","isPartOf":{"@id":"https:\/\/urban-vitamin.com\/it\/#website"},"primaryImageOfPage":{"@id":"https:\/\/urban-vitamin.com\/it\/prodotto\/powerbank-magnetica-15-000-mah-100w-sunnyvale-grigio\/#primaryimage"},"image":{"@id":"https:\/\/urban-vitamin.com\/it\/prodotto\/powerbank-magnetica-15-000-mah-100w-sunnyvale-grigio\/#primaryimage"},"thumbnailUrl":"https:\/\/urban-vitamin.com\/wp-content\/uploads\/sites\/5\/2025\/10\/P322.7702__S_0__7b0c6550970d4cccb55881e9dbdfa7ec.jpg","datePublished":"2026-03-12T01:06:37+00:00","breadcrumb":{"@id":"https:\/\/urban-vitamin.com\/it\/prodotto\/powerbank-magnetica-15-000-mah-100w-sunnyvale-grigio\/#breadcrumb"},"inLanguage":"it-IT","potentialAction":[{"@type":"ReadAction","target":["https:\/\/urban-vitamin.com\/it\/prodotto\/powerbank-magnetica-15-000-mah-100w-sunnyvale-grigio\/"]}]},{"@type":"ImageObject","inLanguage":"it-IT","@id":"https:\/\/urban-vitamin.com\/it\/prodotto\/powerbank-magnetica-15-000-mah-100w-sunnyvale-grigio\/#primaryimage","url":"https:\/\/urban-vitamin.com\/wp-content\/uploads\/sites\/5\/2025\/10\/P322.7702__S_0__7b0c6550970d4cccb55881e9dbdfa7ec.jpg","contentUrl":"https:\/\/urban-vitamin.com\/wp-content\/uploads\/sites\/5\/2025\/10\/P322.7702__S_0__7b0c6550970d4cccb55881e9dbdfa7ec.jpg","width":1024,"height":1024},{"@type":"BreadcrumbList","@id":"https:\/\/urban-vitamin.com\/it\/prodotto\/powerbank-magnetica-15-000-mah-100w-sunnyvale-grigio\/#breadcrumb","itemListElement":[{"@type":"ListItem","position":1,"name":"Home","item":"https:\/\/urban-vitamin.com\/it\/"},{"@type":"ListItem","position":2,"name":"Collezione","item":"https:\/\/urban-vitamin.com\/it\/collezione\/"},{"@type":"ListItem","position":3,"name":"Powerbank magnetica 15.000 mAh 100W Sunnyvale, grigio"}]},{"@type":"WebSite","@id":"https:\/\/urban-vitamin.com\/it\/#website","url":"https:\/\/urban-vitamin.com\/it\/","name":"Urban Vitamin","description":"Enjoy your daily dose of Urban Vitamin!","potentialAction":[{"@type":"SearchAction","target":{"@type":"EntryPoint","urlTemplate":"https:\/\/urban-vitamin.com\/it\/?s={search_term_string}"},"query-input":{"@type":"PropertyValueSpecification","valueRequired":true,"valueName":"search_term_string"}}],"inLanguage":"it-IT"}]}},"_links":{"self":[{"href":"https:\/\/urban-vitamin.com\/it\/wp-json\/wp\/v2\/product\/25290","targetHints":{"allow":["GET"]}}],"collection":[{"href":"https:\/\/urban-vitamin.com\/it\/wp-json\/wp\/v2\/product"}],"about":[{"href":"https:\/\/urban-vitamin.com\/it\/wp-json\/wp\/v2\/types\/product"}],"replies":[{"embeddable":true,"href":"https:\/\/urban-vitamin.com\/it\/wp-json\/wp\/v2\/comments?post=25290"}],"wp:featuredmedia":[{"embeddable":true,"href":"https:\/\/urban-vitamin.com\/it\/wp-json\/wp\/v2\/media\/26754"}],"wp:attachment":[{"href":"https:\/\/urban-vitamin.com\/it\/wp-json\/wp\/v2\/media?parent=25290"}],"wp:term":[{"taxonomy":"product_cat","embeddable":true,"href":"https:\/\/urban-vitamin.com\/it\/wp-json\/wp\/v2\/product_cat?post=25290"},{"taxonomy":"product_tag","embeddable":true,"href":"https:\/\/urban-vitamin.com\/it\/wp-json\/wp\/v2\/product_tag?post=25290"}],"curies":[{"name":"wp","href":"https:\/\/api.w.org\/{rel}","templated":true}]}}