{"id":25287,"date":"2026-03-12T01:06:22","date_gmt":"2026-03-12T01:06:22","guid":{"rendered":"https:\/\/urban-vitamin.com\/caricatore-15-w-3in1-in-rplastica-rcs-urban-vitamin-arcadia-nero\/"},"modified":"2026-03-12T00:40:22","modified_gmt":"2026-03-12T00:40:22","slug":"caricatore-15-w-3in1-in-rplastica-rcs-arcadia-nero","status":"publish","type":"product","link":"https:\/\/urban-vitamin.com\/it\/prodotto\/caricatore-15-w-3in1-in-rplastica-rcs-arcadia-nero\/","title":{"rendered":"Caricatore 15 W 3in1 in rPlastica RCS Arcadia, nero"},"content":{"rendered":"<p>Avete bisogno di caricare tutti i vostri dispositivi contemporaneamente e alla massima velocit\u00e0? Arcadia ha pensato a voi con il suo caricatore magnetico ultraveloce da 15W. Questo caricatore wireless compatto pu\u00f2 essere utilizzato sulla scrivania, sul comodino, ma \u00e8 anche facile da ripiegare per portarlo in viaggio. Utilizzatelo come supporto per caricare i telefoni a ricarica magnetica. Il retro \u00e8 dotato di un pad di ricarica da 5W che consente di caricare un secondo telefono o gli auricolari. Inoltre, \u00e8 possibile utilizzarlo per ricaricare gli Apple Watch. Arcadia \u00e8 dotato di un cavo in TPE riciclato di 120 cm. \u00c8 sufficiente collegarlo a una fonte di alimentazione a ricarica rapida (minimo 9V\/2A) per iniziare. \u00c8 realizzata con ABS riciclato certificato RCS (Recycled Claim Standard), con il 34% di contenuto riciclato in base al peso totale dell&#8217;articolo. Gli articoli Urban Vitamin sono realizzati senza PVC e confezionati in imballaggi a ridotto contenuto di plastica.<\/p>\n","protected":false},"excerpt":{"rendered":"<p>Avete bisogno di caricare tutti i vostri dispositivi contemporaneamente e alla massima velocit\u00e0? Arcadia ha pensato a voi con il suo caricatore magnetico ultraveloce da 15W. Questo caricatore wireless compatto pu\u00f2 essere utilizzato sulla scrivania, sul comodino, ma \u00e8 anche facile da ripiegare per portarlo in viaggio. Utilizzatelo come supporto per caricare i telefoni a [&hellip;]<\/p>\n","protected":false},"featured_media":26724,"comment_status":"closed","ping_status":"closed","template":"","meta":{"_acf_changed":false,"om_disable_all_campaigns":false},"product_cat":[97],"product_tag":[],"class_list":["post-25287","product","type-product","status-publish","has-post-thumbnail","hentry","product_cat-caricatori","pa_color-black"],"acf":[],"yoast_head":"<!-- This site is optimized with the Yoast SEO plugin v27.0 - https:\/\/yoast.com\/product\/yoast-seo-wordpress\/ -->\n<title>Caricatore 15 W 3in1 in rPlastica RCS Arcadia, nero - Urban Vitamin<\/title>\n<meta name=\"robots\" content=\"index, follow, max-snippet:-1, max-image-preview:large, max-video-preview:-1\" \/>\n<link rel=\"canonical\" href=\"https:\/\/urban-vitamin.com\/it\/prodotto\/caricatore-15-w-3in1-in-rplastica-rcs-arcadia-nero\/\" \/>\n<meta property=\"og:locale\" content=\"it_IT\" \/>\n<meta property=\"og:type\" content=\"article\" \/>\n<meta property=\"og:title\" content=\"Caricatore 15 W 3in1 in rPlastica RCS Arcadia, nero - Urban Vitamin\" \/>\n<meta property=\"og:description\" content=\"Avete bisogno di caricare tutti i vostri dispositivi contemporaneamente e alla massima velocit\u00e0? Arcadia ha pensato a voi con il suo caricatore magnetico ultraveloce da 15W. Questo caricatore wireless compatto pu\u00f2 essere utilizzato sulla scrivania, sul comodino, ma \u00e8 anche facile da ripiegare per portarlo in viaggio. Utilizzatelo come supporto per caricare i telefoni a [&hellip;]\" \/>\n<meta property=\"og:url\" content=\"https:\/\/urban-vitamin.com\/it\/prodotto\/caricatore-15-w-3in1-in-rplastica-rcs-arcadia-nero\/\" \/>\n<meta property=\"og:site_name\" content=\"Urban Vitamin\" \/>\n<meta property=\"og:image\" content=\"https:\/\/urban-vitamin.com\/wp-content\/uploads\/sites\/5\/2025\/10\/P309.5101__S_0__6c77397fa5004cc4980e50391c139e20.jpg\" \/>\n\t<meta property=\"og:image:width\" content=\"1024\" \/>\n\t<meta property=\"og:image:height\" content=\"1024\" \/>\n\t<meta property=\"og:image:type\" content=\"image\/jpeg\" \/>\n<meta name=\"twitter:card\" content=\"summary_large_image\" \/>\n<meta name=\"twitter:label1\" content=\"Tempo di lettura stimato\" \/>\n\t<meta name=\"twitter:data1\" content=\"1 minuto\" \/>\n<script type=\"application\/ld+json\" class=\"yoast-schema-graph\">{\"@context\":\"https:\/\/schema.org\",\"@graph\":[{\"@type\":\"WebPage\",\"@id\":\"https:\/\/urban-vitamin.com\/it\/prodotto\/caricatore-15-w-3in1-in-rplastica-rcs-arcadia-nero\/\",\"url\":\"https:\/\/urban-vitamin.com\/it\/prodotto\/caricatore-15-w-3in1-in-rplastica-rcs-arcadia-nero\/\",\"name\":\"Caricatore 15 W 3in1 in rPlastica RCS Arcadia, nero - Urban Vitamin\",\"isPartOf\":{\"@id\":\"https:\/\/urban-vitamin.com\/it\/#website\"},\"primaryImageOfPage\":{\"@id\":\"https:\/\/urban-vitamin.com\/it\/prodotto\/caricatore-15-w-3in1-in-rplastica-rcs-arcadia-nero\/#primaryimage\"},\"image\":{\"@id\":\"https:\/\/urban-vitamin.com\/it\/prodotto\/caricatore-15-w-3in1-in-rplastica-rcs-arcadia-nero\/#primaryimage\"},\"thumbnailUrl\":\"https:\/\/urban-vitamin.com\/wp-content\/uploads\/sites\/5\/2025\/10\/P309.5101__S_0__6c77397fa5004cc4980e50391c139e20.jpg\",\"datePublished\":\"2026-03-12T01:06:22+00:00\",\"breadcrumb\":{\"@id\":\"https:\/\/urban-vitamin.com\/it\/prodotto\/caricatore-15-w-3in1-in-rplastica-rcs-arcadia-nero\/#breadcrumb\"},\"inLanguage\":\"it-IT\",\"potentialAction\":[{\"@type\":\"ReadAction\",\"target\":[\"https:\/\/urban-vitamin.com\/it\/prodotto\/caricatore-15-w-3in1-in-rplastica-rcs-arcadia-nero\/\"]}]},{\"@type\":\"ImageObject\",\"inLanguage\":\"it-IT\",\"@id\":\"https:\/\/urban-vitamin.com\/it\/prodotto\/caricatore-15-w-3in1-in-rplastica-rcs-arcadia-nero\/#primaryimage\",\"url\":\"https:\/\/urban-vitamin.com\/wp-content\/uploads\/sites\/5\/2025\/10\/P309.5101__S_0__6c77397fa5004cc4980e50391c139e20.jpg\",\"contentUrl\":\"https:\/\/urban-vitamin.com\/wp-content\/uploads\/sites\/5\/2025\/10\/P309.5101__S_0__6c77397fa5004cc4980e50391c139e20.jpg\",\"width\":1024,\"height\":1024},{\"@type\":\"BreadcrumbList\",\"@id\":\"https:\/\/urban-vitamin.com\/it\/prodotto\/caricatore-15-w-3in1-in-rplastica-rcs-arcadia-nero\/#breadcrumb\",\"itemListElement\":[{\"@type\":\"ListItem\",\"position\":1,\"name\":\"Home\",\"item\":\"https:\/\/urban-vitamin.com\/it\/\"},{\"@type\":\"ListItem\",\"position\":2,\"name\":\"Collezione\",\"item\":\"https:\/\/urban-vitamin.com\/it\/collezione\/\"},{\"@type\":\"ListItem\",\"position\":3,\"name\":\"Caricatore 15 W 3in1 in rPlastica RCS Arcadia, nero\"}]},{\"@type\":\"WebSite\",\"@id\":\"https:\/\/urban-vitamin.com\/it\/#website\",\"url\":\"https:\/\/urban-vitamin.com\/it\/\",\"name\":\"Urban Vitamin\",\"description\":\"Enjoy your daily dose of Urban Vitamin!\",\"potentialAction\":[{\"@type\":\"SearchAction\",\"target\":{\"@type\":\"EntryPoint\",\"urlTemplate\":\"https:\/\/urban-vitamin.com\/it\/?s={search_term_string}\"},\"query-input\":{\"@type\":\"PropertyValueSpecification\",\"valueRequired\":true,\"valueName\":\"search_term_string\"}}],\"inLanguage\":\"it-IT\"}]}<\/script>\n<!-- \/ Yoast SEO plugin. -->","yoast_head_json":{"title":"Caricatore 15 W 3in1 in rPlastica RCS Arcadia, nero - Urban Vitamin","robots":{"index":"index","follow":"follow","max-snippet":"max-snippet:-1","max-image-preview":"max-image-preview:large","max-video-preview":"max-video-preview:-1"},"canonical":"https:\/\/urban-vitamin.com\/it\/prodotto\/caricatore-15-w-3in1-in-rplastica-rcs-arcadia-nero\/","og_locale":"it_IT","og_type":"article","og_title":"Caricatore 15 W 3in1 in rPlastica RCS Arcadia, nero - Urban Vitamin","og_description":"Avete bisogno di caricare tutti i vostri dispositivi contemporaneamente e alla massima velocit\u00e0? Arcadia ha pensato a voi con il suo caricatore magnetico ultraveloce da 15W. Questo caricatore wireless compatto pu\u00f2 essere utilizzato sulla scrivania, sul comodino, ma \u00e8 anche facile da ripiegare per portarlo in viaggio. Utilizzatelo come supporto per caricare i telefoni a [&hellip;]","og_url":"https:\/\/urban-vitamin.com\/it\/prodotto\/caricatore-15-w-3in1-in-rplastica-rcs-arcadia-nero\/","og_site_name":"Urban Vitamin","og_image":[{"width":1024,"height":1024,"url":"https:\/\/urban-vitamin.com\/wp-content\/uploads\/sites\/5\/2025\/10\/P309.5101__S_0__6c77397fa5004cc4980e50391c139e20.jpg","type":"image\/jpeg"}],"twitter_card":"summary_large_image","twitter_misc":{"Tempo di lettura stimato":"1 minuto"},"schema":{"@context":"https:\/\/schema.org","@graph":[{"@type":"WebPage","@id":"https:\/\/urban-vitamin.com\/it\/prodotto\/caricatore-15-w-3in1-in-rplastica-rcs-arcadia-nero\/","url":"https:\/\/urban-vitamin.com\/it\/prodotto\/caricatore-15-w-3in1-in-rplastica-rcs-arcadia-nero\/","name":"Caricatore 15 W 3in1 in rPlastica RCS Arcadia, nero - Urban Vitamin","isPartOf":{"@id":"https:\/\/urban-vitamin.com\/it\/#website"},"primaryImageOfPage":{"@id":"https:\/\/urban-vitamin.com\/it\/prodotto\/caricatore-15-w-3in1-in-rplastica-rcs-arcadia-nero\/#primaryimage"},"image":{"@id":"https:\/\/urban-vitamin.com\/it\/prodotto\/caricatore-15-w-3in1-in-rplastica-rcs-arcadia-nero\/#primaryimage"},"thumbnailUrl":"https:\/\/urban-vitamin.com\/wp-content\/uploads\/sites\/5\/2025\/10\/P309.5101__S_0__6c77397fa5004cc4980e50391c139e20.jpg","datePublished":"2026-03-12T01:06:22+00:00","breadcrumb":{"@id":"https:\/\/urban-vitamin.com\/it\/prodotto\/caricatore-15-w-3in1-in-rplastica-rcs-arcadia-nero\/#breadcrumb"},"inLanguage":"it-IT","potentialAction":[{"@type":"ReadAction","target":["https:\/\/urban-vitamin.com\/it\/prodotto\/caricatore-15-w-3in1-in-rplastica-rcs-arcadia-nero\/"]}]},{"@type":"ImageObject","inLanguage":"it-IT","@id":"https:\/\/urban-vitamin.com\/it\/prodotto\/caricatore-15-w-3in1-in-rplastica-rcs-arcadia-nero\/#primaryimage","url":"https:\/\/urban-vitamin.com\/wp-content\/uploads\/sites\/5\/2025\/10\/P309.5101__S_0__6c77397fa5004cc4980e50391c139e20.jpg","contentUrl":"https:\/\/urban-vitamin.com\/wp-content\/uploads\/sites\/5\/2025\/10\/P309.5101__S_0__6c77397fa5004cc4980e50391c139e20.jpg","width":1024,"height":1024},{"@type":"BreadcrumbList","@id":"https:\/\/urban-vitamin.com\/it\/prodotto\/caricatore-15-w-3in1-in-rplastica-rcs-arcadia-nero\/#breadcrumb","itemListElement":[{"@type":"ListItem","position":1,"name":"Home","item":"https:\/\/urban-vitamin.com\/it\/"},{"@type":"ListItem","position":2,"name":"Collezione","item":"https:\/\/urban-vitamin.com\/it\/collezione\/"},{"@type":"ListItem","position":3,"name":"Caricatore 15 W 3in1 in rPlastica RCS Arcadia, nero"}]},{"@type":"WebSite","@id":"https:\/\/urban-vitamin.com\/it\/#website","url":"https:\/\/urban-vitamin.com\/it\/","name":"Urban Vitamin","description":"Enjoy your daily dose of Urban Vitamin!","potentialAction":[{"@type":"SearchAction","target":{"@type":"EntryPoint","urlTemplate":"https:\/\/urban-vitamin.com\/it\/?s={search_term_string}"},"query-input":{"@type":"PropertyValueSpecification","valueRequired":true,"valueName":"search_term_string"}}],"inLanguage":"it-IT"}]}},"_links":{"self":[{"href":"https:\/\/urban-vitamin.com\/it\/wp-json\/wp\/v2\/product\/25287","targetHints":{"allow":["GET"]}}],"collection":[{"href":"https:\/\/urban-vitamin.com\/it\/wp-json\/wp\/v2\/product"}],"about":[{"href":"https:\/\/urban-vitamin.com\/it\/wp-json\/wp\/v2\/types\/product"}],"replies":[{"embeddable":true,"href":"https:\/\/urban-vitamin.com\/it\/wp-json\/wp\/v2\/comments?post=25287"}],"wp:featuredmedia":[{"embeddable":true,"href":"https:\/\/urban-vitamin.com\/it\/wp-json\/wp\/v2\/media\/26724"}],"wp:attachment":[{"href":"https:\/\/urban-vitamin.com\/it\/wp-json\/wp\/v2\/media?parent=25287"}],"wp:term":[{"taxonomy":"product_cat","embeddable":true,"href":"https:\/\/urban-vitamin.com\/it\/wp-json\/wp\/v2\/product_cat?post=25287"},{"taxonomy":"product_tag","embeddable":true,"href":"https:\/\/urban-vitamin.com\/it\/wp-json\/wp\/v2\/product_tag?post=25287"}],"curies":[{"name":"wp","href":"https:\/\/api.w.org\/{rel}","templated":true}]}}