{"id":25285,"date":"2026-03-12T01:06:04","date_gmt":"2026-03-12T01:06:04","guid":{"rendered":"https:\/\/urban-vitamin.com\/caricatore-gan-65w-cavo-retrattile-urban-vitamin-mendocino-nero\/"},"modified":"2026-03-12T00:40:07","modified_gmt":"2026-03-12T00:40:07","slug":"caricatore-gan-65w-cavo-retrattile-mendocino-nero","status":"publish","type":"product","link":"https:\/\/urban-vitamin.com\/it\/prodotto\/caricatore-gan-65w-cavo-retrattile-mendocino-nero\/","title":{"rendered":"Caricatore GaN 65W cavo retrattile Mendocino, nero"},"content":{"rendered":"<p>Scopri il caricabatterie da 65W pi\u00f9 intelligente, con un cavo sempre a portata di mano quando serve. Mendocino \u00e8 un caricabatterie PD GaN da 65W con cavo type C retrattile da 80 cm integrato che ti consente di ricaricare i tuoi dispositivi senza doverne cercare uno. \u00c8 inoltre dotato di spine intercambiabili per UE e Regno Unito, che lo rendono il compagno di viaggio perfetto. GaN \u00e8 una tecnologia di ricarica di nuova generazione che consente dimensioni pi\u00f9 compatte, minore surriscaldamento e maggiore efficienza energetica. Mendocino ricarica tutti i tuoi dispositivi alla massima velocit\u00e0, inclusi laptop, tablet e telefoni, e pu\u00f2 alimentare fino a tre dispositivi contemporaneamente grazie alle porte type C aggiuntive e all&#8217;uscita USB A. Mendocino \u00e8 realizzato in PC riciclato ignifugo certificato RCS (Recycled Claim Standard). Contenuto totale riciclato: 18% rispetto al peso totale dell&#8217;articolo. Gli articoli Urban Vitamin sono realizzati senza PVC e confezionati in imballaggi con ridott<\/p>\n","protected":false},"excerpt":{"rendered":"<p>Scopri il caricabatterie da 65W pi\u00f9 intelligente, con un cavo sempre a portata di mano quando serve. Mendocino \u00e8 un caricabatterie PD GaN da 65W con cavo type C retrattile da 80 cm integrato che ti consente di ricaricare i tuoi dispositivi senza doverne cercare uno. \u00c8 inoltre dotato di spine intercambiabili per UE e [&hellip;]<\/p>\n","protected":false},"featured_media":26710,"comment_status":"closed","ping_status":"closed","template":"","meta":{"_acf_changed":false,"om_disable_all_campaigns":false},"product_cat":[97],"product_tag":[],"class_list":["post-25285","product","type-product","status-publish","has-post-thumbnail","hentry","product_cat-caricatori","pa_color-black"],"acf":[],"yoast_head":"<!-- This site is optimized with the Yoast SEO plugin v27.0 - https:\/\/yoast.com\/product\/yoast-seo-wordpress\/ -->\n<title>Caricatore GaN 65W cavo retrattile Mendocino, nero - Urban Vitamin<\/title>\n<meta name=\"robots\" content=\"index, follow, max-snippet:-1, max-image-preview:large, max-video-preview:-1\" \/>\n<link rel=\"canonical\" href=\"https:\/\/urban-vitamin.com\/it\/prodotto\/caricatore-gan-65w-cavo-retrattile-mendocino-nero\/\" \/>\n<meta property=\"og:locale\" content=\"it_IT\" \/>\n<meta property=\"og:type\" content=\"article\" \/>\n<meta property=\"og:title\" content=\"Caricatore GaN 65W cavo retrattile Mendocino, nero - Urban Vitamin\" \/>\n<meta property=\"og:description\" content=\"Scopri il caricabatterie da 65W pi\u00f9 intelligente, con un cavo sempre a portata di mano quando serve. Mendocino \u00e8 un caricabatterie PD GaN da 65W con cavo type C retrattile da 80 cm integrato che ti consente di ricaricare i tuoi dispositivi senza doverne cercare uno. \u00c8 inoltre dotato di spine intercambiabili per UE e [&hellip;]\" \/>\n<meta property=\"og:url\" content=\"https:\/\/urban-vitamin.com\/it\/prodotto\/caricatore-gan-65w-cavo-retrattile-mendocino-nero\/\" \/>\n<meta property=\"og:site_name\" content=\"Urban Vitamin\" \/>\n<meta property=\"og:image\" content=\"https:\/\/urban-vitamin.com\/wp-content\/uploads\/sites\/5\/2025\/10\/P301.2701__S_0__73003593ba03419e88af5098c8cc9b26.jpg\" \/>\n\t<meta property=\"og:image:width\" content=\"1024\" \/>\n\t<meta property=\"og:image:height\" content=\"1024\" \/>\n\t<meta property=\"og:image:type\" content=\"image\/jpeg\" \/>\n<meta name=\"twitter:card\" content=\"summary_large_image\" \/>\n<meta name=\"twitter:label1\" content=\"Tempo di lettura stimato\" \/>\n\t<meta name=\"twitter:data1\" content=\"1 minuto\" \/>\n<script type=\"application\/ld+json\" class=\"yoast-schema-graph\">{\"@context\":\"https:\/\/schema.org\",\"@graph\":[{\"@type\":\"WebPage\",\"@id\":\"https:\/\/urban-vitamin.com\/it\/prodotto\/caricatore-gan-65w-cavo-retrattile-mendocino-nero\/\",\"url\":\"https:\/\/urban-vitamin.com\/it\/prodotto\/caricatore-gan-65w-cavo-retrattile-mendocino-nero\/\",\"name\":\"Caricatore GaN 65W cavo retrattile Mendocino, nero - Urban Vitamin\",\"isPartOf\":{\"@id\":\"https:\/\/urban-vitamin.com\/it\/#website\"},\"primaryImageOfPage\":{\"@id\":\"https:\/\/urban-vitamin.com\/it\/prodotto\/caricatore-gan-65w-cavo-retrattile-mendocino-nero\/#primaryimage\"},\"image\":{\"@id\":\"https:\/\/urban-vitamin.com\/it\/prodotto\/caricatore-gan-65w-cavo-retrattile-mendocino-nero\/#primaryimage\"},\"thumbnailUrl\":\"https:\/\/urban-vitamin.com\/wp-content\/uploads\/sites\/5\/2025\/10\/P301.2701__S_0__73003593ba03419e88af5098c8cc9b26.jpg\",\"datePublished\":\"2026-03-12T01:06:04+00:00\",\"breadcrumb\":{\"@id\":\"https:\/\/urban-vitamin.com\/it\/prodotto\/caricatore-gan-65w-cavo-retrattile-mendocino-nero\/#breadcrumb\"},\"inLanguage\":\"it-IT\",\"potentialAction\":[{\"@type\":\"ReadAction\",\"target\":[\"https:\/\/urban-vitamin.com\/it\/prodotto\/caricatore-gan-65w-cavo-retrattile-mendocino-nero\/\"]}]},{\"@type\":\"ImageObject\",\"inLanguage\":\"it-IT\",\"@id\":\"https:\/\/urban-vitamin.com\/it\/prodotto\/caricatore-gan-65w-cavo-retrattile-mendocino-nero\/#primaryimage\",\"url\":\"https:\/\/urban-vitamin.com\/wp-content\/uploads\/sites\/5\/2025\/10\/P301.2701__S_0__73003593ba03419e88af5098c8cc9b26.jpg\",\"contentUrl\":\"https:\/\/urban-vitamin.com\/wp-content\/uploads\/sites\/5\/2025\/10\/P301.2701__S_0__73003593ba03419e88af5098c8cc9b26.jpg\",\"width\":1024,\"height\":1024},{\"@type\":\"BreadcrumbList\",\"@id\":\"https:\/\/urban-vitamin.com\/it\/prodotto\/caricatore-gan-65w-cavo-retrattile-mendocino-nero\/#breadcrumb\",\"itemListElement\":[{\"@type\":\"ListItem\",\"position\":1,\"name\":\"Home\",\"item\":\"https:\/\/urban-vitamin.com\/it\/\"},{\"@type\":\"ListItem\",\"position\":2,\"name\":\"Collezione\",\"item\":\"https:\/\/urban-vitamin.com\/it\/collezione\/\"},{\"@type\":\"ListItem\",\"position\":3,\"name\":\"Caricatore GaN 65W cavo retrattile Mendocino, nero\"}]},{\"@type\":\"WebSite\",\"@id\":\"https:\/\/urban-vitamin.com\/it\/#website\",\"url\":\"https:\/\/urban-vitamin.com\/it\/\",\"name\":\"Urban Vitamin\",\"description\":\"Enjoy your daily dose of Urban Vitamin!\",\"potentialAction\":[{\"@type\":\"SearchAction\",\"target\":{\"@type\":\"EntryPoint\",\"urlTemplate\":\"https:\/\/urban-vitamin.com\/it\/?s={search_term_string}\"},\"query-input\":{\"@type\":\"PropertyValueSpecification\",\"valueRequired\":true,\"valueName\":\"search_term_string\"}}],\"inLanguage\":\"it-IT\"}]}<\/script>\n<!-- \/ Yoast SEO plugin. -->","yoast_head_json":{"title":"Caricatore GaN 65W cavo retrattile Mendocino, nero - Urban Vitamin","robots":{"index":"index","follow":"follow","max-snippet":"max-snippet:-1","max-image-preview":"max-image-preview:large","max-video-preview":"max-video-preview:-1"},"canonical":"https:\/\/urban-vitamin.com\/it\/prodotto\/caricatore-gan-65w-cavo-retrattile-mendocino-nero\/","og_locale":"it_IT","og_type":"article","og_title":"Caricatore GaN 65W cavo retrattile Mendocino, nero - Urban Vitamin","og_description":"Scopri il caricabatterie da 65W pi\u00f9 intelligente, con un cavo sempre a portata di mano quando serve. Mendocino \u00e8 un caricabatterie PD GaN da 65W con cavo type C retrattile da 80 cm integrato che ti consente di ricaricare i tuoi dispositivi senza doverne cercare uno. \u00c8 inoltre dotato di spine intercambiabili per UE e [&hellip;]","og_url":"https:\/\/urban-vitamin.com\/it\/prodotto\/caricatore-gan-65w-cavo-retrattile-mendocino-nero\/","og_site_name":"Urban Vitamin","og_image":[{"width":1024,"height":1024,"url":"https:\/\/urban-vitamin.com\/wp-content\/uploads\/sites\/5\/2025\/10\/P301.2701__S_0__73003593ba03419e88af5098c8cc9b26.jpg","type":"image\/jpeg"}],"twitter_card":"summary_large_image","twitter_misc":{"Tempo di lettura stimato":"1 minuto"},"schema":{"@context":"https:\/\/schema.org","@graph":[{"@type":"WebPage","@id":"https:\/\/urban-vitamin.com\/it\/prodotto\/caricatore-gan-65w-cavo-retrattile-mendocino-nero\/","url":"https:\/\/urban-vitamin.com\/it\/prodotto\/caricatore-gan-65w-cavo-retrattile-mendocino-nero\/","name":"Caricatore GaN 65W cavo retrattile Mendocino, nero - Urban Vitamin","isPartOf":{"@id":"https:\/\/urban-vitamin.com\/it\/#website"},"primaryImageOfPage":{"@id":"https:\/\/urban-vitamin.com\/it\/prodotto\/caricatore-gan-65w-cavo-retrattile-mendocino-nero\/#primaryimage"},"image":{"@id":"https:\/\/urban-vitamin.com\/it\/prodotto\/caricatore-gan-65w-cavo-retrattile-mendocino-nero\/#primaryimage"},"thumbnailUrl":"https:\/\/urban-vitamin.com\/wp-content\/uploads\/sites\/5\/2025\/10\/P301.2701__S_0__73003593ba03419e88af5098c8cc9b26.jpg","datePublished":"2026-03-12T01:06:04+00:00","breadcrumb":{"@id":"https:\/\/urban-vitamin.com\/it\/prodotto\/caricatore-gan-65w-cavo-retrattile-mendocino-nero\/#breadcrumb"},"inLanguage":"it-IT","potentialAction":[{"@type":"ReadAction","target":["https:\/\/urban-vitamin.com\/it\/prodotto\/caricatore-gan-65w-cavo-retrattile-mendocino-nero\/"]}]},{"@type":"ImageObject","inLanguage":"it-IT","@id":"https:\/\/urban-vitamin.com\/it\/prodotto\/caricatore-gan-65w-cavo-retrattile-mendocino-nero\/#primaryimage","url":"https:\/\/urban-vitamin.com\/wp-content\/uploads\/sites\/5\/2025\/10\/P301.2701__S_0__73003593ba03419e88af5098c8cc9b26.jpg","contentUrl":"https:\/\/urban-vitamin.com\/wp-content\/uploads\/sites\/5\/2025\/10\/P301.2701__S_0__73003593ba03419e88af5098c8cc9b26.jpg","width":1024,"height":1024},{"@type":"BreadcrumbList","@id":"https:\/\/urban-vitamin.com\/it\/prodotto\/caricatore-gan-65w-cavo-retrattile-mendocino-nero\/#breadcrumb","itemListElement":[{"@type":"ListItem","position":1,"name":"Home","item":"https:\/\/urban-vitamin.com\/it\/"},{"@type":"ListItem","position":2,"name":"Collezione","item":"https:\/\/urban-vitamin.com\/it\/collezione\/"},{"@type":"ListItem","position":3,"name":"Caricatore GaN 65W cavo retrattile Mendocino, nero"}]},{"@type":"WebSite","@id":"https:\/\/urban-vitamin.com\/it\/#website","url":"https:\/\/urban-vitamin.com\/it\/","name":"Urban Vitamin","description":"Enjoy your daily dose of Urban Vitamin!","potentialAction":[{"@type":"SearchAction","target":{"@type":"EntryPoint","urlTemplate":"https:\/\/urban-vitamin.com\/it\/?s={search_term_string}"},"query-input":{"@type":"PropertyValueSpecification","valueRequired":true,"valueName":"search_term_string"}}],"inLanguage":"it-IT"}]}},"_links":{"self":[{"href":"https:\/\/urban-vitamin.com\/it\/wp-json\/wp\/v2\/product\/25285","targetHints":{"allow":["GET"]}}],"collection":[{"href":"https:\/\/urban-vitamin.com\/it\/wp-json\/wp\/v2\/product"}],"about":[{"href":"https:\/\/urban-vitamin.com\/it\/wp-json\/wp\/v2\/types\/product"}],"replies":[{"embeddable":true,"href":"https:\/\/urban-vitamin.com\/it\/wp-json\/wp\/v2\/comments?post=25285"}],"wp:featuredmedia":[{"embeddable":true,"href":"https:\/\/urban-vitamin.com\/it\/wp-json\/wp\/v2\/media\/26710"}],"wp:attachment":[{"href":"https:\/\/urban-vitamin.com\/it\/wp-json\/wp\/v2\/media?parent=25285"}],"wp:term":[{"taxonomy":"product_cat","embeddable":true,"href":"https:\/\/urban-vitamin.com\/it\/wp-json\/wp\/v2\/product_cat?post=25285"},{"taxonomy":"product_tag","embeddable":true,"href":"https:\/\/urban-vitamin.com\/it\/wp-json\/wp\/v2\/product_tag?post=25285"}],"curies":[{"name":"wp","href":"https:\/\/api.w.org\/{rel}","templated":true}]}}