{"id":23927,"date":"2026-03-12T01:06:37","date_gmt":"2026-03-12T01:06:37","guid":{"rendered":"https:\/\/urban-vitamin.com\/powerbank-magnetica-5in1-urban-vitamin-delano-10000mah-20w-nero\/"},"modified":"2026-03-12T00:40:30","modified_gmt":"2026-03-12T00:40:30","slug":"powerbank-magnetica-5in1-delano-10000mah-20w-nero","status":"publish","type":"product","link":"https:\/\/urban-vitamin.com\/it\/prodotto\/powerbank-magnetica-5in1-delano-10000mah-20w-nero\/","title":{"rendered":"Powerbank magnetica 5in1 Delano 10000mAh 20W, nero"},"content":{"rendered":"<p>Tutte le opzioni di ricarica necessarie in una powerbank dal design sottile. Ecco Delano, la powerbank da 10.000 mAh 5 in 1 con ricarica rapida da 20 W PD. \u00c8 dotata di un caricabatterie magnetico wireless da 15W, in grado di ricaricare in modalit\u00e0 wireless il telefono alla massima velocit\u00e0. Lo stesso caricatore pu\u00f2 anche caricare gli AirPods o l&#8217;Apple Watch. Avete bisogno di una ricarica ancora pi\u00f9 rapida per affrontare la giornata? Delano supporta una ricarica fulminea da 20 W tramite la porta Type C, sia per rifornire la powerbank stessa che per ricaricare il dispositivo. Dispone anche di un cavo Type C integrato per la ricarica rapida e di un cavo lightning integrato per ricaricare i modelli di iPhone meno recenti. Grazie al supporto integrato, \u00e8 possibile posizionare il telefono durante la ricarica per guardare film o altri contenuti. Realizzato con ABS riciclato certificato RCS (Recycled Claim Standard) e plastica PC riciclata, il contenuto riciclato totale \u00e8 del 24% in base al pe<\/p>\n","protected":false},"excerpt":{"rendered":"<p>Tutte le opzioni di ricarica necessarie in una powerbank dal design sottile. Ecco Delano, la powerbank da 10.000 mAh 5 in 1 con ricarica rapida da 20 W PD. \u00c8 dotata di un caricabatterie magnetico wireless da 15W, in grado di ricaricare in modalit\u00e0 wireless il telefono alla massima velocit\u00e0. Lo stesso caricatore pu\u00f2 anche [&hellip;]<\/p>\n","protected":false},"featured_media":24375,"comment_status":"closed","ping_status":"closed","template":"","meta":{"_acf_changed":false,"om_disable_all_campaigns":false},"product_cat":[88,99,46],"product_tag":[],"class_list":["post-23927","product","type-product","status-publish","has-post-thumbnail","hentry","product_cat-uncategorized","product_cat-powerbank","product_cat-powerbanks","pa_color-black"],"acf":[],"yoast_head":"<!-- This site is optimized with the Yoast SEO plugin v27.0 - https:\/\/yoast.com\/product\/yoast-seo-wordpress\/ -->\n<title>Powerbank magnetica 5in1 Delano 10000mAh 20W, nero - Urban Vitamin<\/title>\n<meta name=\"robots\" content=\"index, follow, max-snippet:-1, max-image-preview:large, max-video-preview:-1\" \/>\n<link rel=\"canonical\" href=\"https:\/\/urban-vitamin.com\/it\/prodotto\/powerbank-magnetica-5in1-delano-10000mah-20w-nero\/\" \/>\n<meta property=\"og:locale\" content=\"it_IT\" \/>\n<meta property=\"og:type\" content=\"article\" \/>\n<meta property=\"og:title\" content=\"Powerbank magnetica 5in1 Delano 10000mAh 20W, nero - Urban Vitamin\" \/>\n<meta property=\"og:description\" content=\"Tutte le opzioni di ricarica necessarie in una powerbank dal design sottile. Ecco Delano, la powerbank da 10.000 mAh 5 in 1 con ricarica rapida da 20 W PD. \u00c8 dotata di un caricabatterie magnetico wireless da 15W, in grado di ricaricare in modalit\u00e0 wireless il telefono alla massima velocit\u00e0. Lo stesso caricatore pu\u00f2 anche [&hellip;]\" \/>\n<meta property=\"og:url\" content=\"https:\/\/urban-vitamin.com\/it\/prodotto\/powerbank-magnetica-5in1-delano-10000mah-20w-nero\/\" \/>\n<meta property=\"og:site_name\" content=\"Urban Vitamin\" \/>\n<meta property=\"og:image\" content=\"https:\/\/urban-vitamin.com\/wp-content\/uploads\/sites\/5\/2025\/03\/P322.7201__S_0__230bed86132d465e9b6a9eeb9974b391.jpg\" \/>\n\t<meta property=\"og:image:width\" content=\"1024\" \/>\n\t<meta property=\"og:image:height\" content=\"1024\" \/>\n\t<meta property=\"og:image:type\" content=\"image\/jpeg\" \/>\n<meta name=\"twitter:card\" content=\"summary_large_image\" \/>\n<meta name=\"twitter:label1\" content=\"Tempo di lettura stimato\" \/>\n\t<meta name=\"twitter:data1\" content=\"1 minuto\" \/>\n<script type=\"application\/ld+json\" class=\"yoast-schema-graph\">{\"@context\":\"https:\/\/schema.org\",\"@graph\":[{\"@type\":\"WebPage\",\"@id\":\"https:\/\/urban-vitamin.com\/it\/prodotto\/powerbank-magnetica-5in1-delano-10000mah-20w-nero\/\",\"url\":\"https:\/\/urban-vitamin.com\/it\/prodotto\/powerbank-magnetica-5in1-delano-10000mah-20w-nero\/\",\"name\":\"Powerbank magnetica 5in1 Delano 10000mAh 20W, nero - Urban Vitamin\",\"isPartOf\":{\"@id\":\"https:\/\/urban-vitamin.com\/it\/#website\"},\"primaryImageOfPage\":{\"@id\":\"https:\/\/urban-vitamin.com\/it\/prodotto\/powerbank-magnetica-5in1-delano-10000mah-20w-nero\/#primaryimage\"},\"image\":{\"@id\":\"https:\/\/urban-vitamin.com\/it\/prodotto\/powerbank-magnetica-5in1-delano-10000mah-20w-nero\/#primaryimage\"},\"thumbnailUrl\":\"https:\/\/urban-vitamin.com\/wp-content\/uploads\/sites\/5\/2025\/03\/P322.7201__S_0__230bed86132d465e9b6a9eeb9974b391.jpg\",\"datePublished\":\"2026-03-12T01:06:37+00:00\",\"breadcrumb\":{\"@id\":\"https:\/\/urban-vitamin.com\/it\/prodotto\/powerbank-magnetica-5in1-delano-10000mah-20w-nero\/#breadcrumb\"},\"inLanguage\":\"it-IT\",\"potentialAction\":[{\"@type\":\"ReadAction\",\"target\":[\"https:\/\/urban-vitamin.com\/it\/prodotto\/powerbank-magnetica-5in1-delano-10000mah-20w-nero\/\"]}]},{\"@type\":\"ImageObject\",\"inLanguage\":\"it-IT\",\"@id\":\"https:\/\/urban-vitamin.com\/it\/prodotto\/powerbank-magnetica-5in1-delano-10000mah-20w-nero\/#primaryimage\",\"url\":\"https:\/\/urban-vitamin.com\/wp-content\/uploads\/sites\/5\/2025\/03\/P322.7201__S_0__230bed86132d465e9b6a9eeb9974b391.jpg\",\"contentUrl\":\"https:\/\/urban-vitamin.com\/wp-content\/uploads\/sites\/5\/2025\/03\/P322.7201__S_0__230bed86132d465e9b6a9eeb9974b391.jpg\",\"width\":1024,\"height\":1024},{\"@type\":\"BreadcrumbList\",\"@id\":\"https:\/\/urban-vitamin.com\/it\/prodotto\/powerbank-magnetica-5in1-delano-10000mah-20w-nero\/#breadcrumb\",\"itemListElement\":[{\"@type\":\"ListItem\",\"position\":1,\"name\":\"Home\",\"item\":\"https:\/\/urban-vitamin.com\/it\/\"},{\"@type\":\"ListItem\",\"position\":2,\"name\":\"Collezione\",\"item\":\"https:\/\/urban-vitamin.com\/it\/collezione\/\"},{\"@type\":\"ListItem\",\"position\":3,\"name\":\"Powerbank magnetica 5in1 Delano 10000mAh 20W, nero\"}]},{\"@type\":\"WebSite\",\"@id\":\"https:\/\/urban-vitamin.com\/it\/#website\",\"url\":\"https:\/\/urban-vitamin.com\/it\/\",\"name\":\"Urban Vitamin\",\"description\":\"Enjoy your daily dose of Urban Vitamin!\",\"potentialAction\":[{\"@type\":\"SearchAction\",\"target\":{\"@type\":\"EntryPoint\",\"urlTemplate\":\"https:\/\/urban-vitamin.com\/it\/?s={search_term_string}\"},\"query-input\":{\"@type\":\"PropertyValueSpecification\",\"valueRequired\":true,\"valueName\":\"search_term_string\"}}],\"inLanguage\":\"it-IT\"}]}<\/script>\n<!-- \/ Yoast SEO plugin. -->","yoast_head_json":{"title":"Powerbank magnetica 5in1 Delano 10000mAh 20W, nero - Urban Vitamin","robots":{"index":"index","follow":"follow","max-snippet":"max-snippet:-1","max-image-preview":"max-image-preview:large","max-video-preview":"max-video-preview:-1"},"canonical":"https:\/\/urban-vitamin.com\/it\/prodotto\/powerbank-magnetica-5in1-delano-10000mah-20w-nero\/","og_locale":"it_IT","og_type":"article","og_title":"Powerbank magnetica 5in1 Delano 10000mAh 20W, nero - Urban Vitamin","og_description":"Tutte le opzioni di ricarica necessarie in una powerbank dal design sottile. Ecco Delano, la powerbank da 10.000 mAh 5 in 1 con ricarica rapida da 20 W PD. \u00c8 dotata di un caricabatterie magnetico wireless da 15W, in grado di ricaricare in modalit\u00e0 wireless il telefono alla massima velocit\u00e0. Lo stesso caricatore pu\u00f2 anche [&hellip;]","og_url":"https:\/\/urban-vitamin.com\/it\/prodotto\/powerbank-magnetica-5in1-delano-10000mah-20w-nero\/","og_site_name":"Urban Vitamin","og_image":[{"width":1024,"height":1024,"url":"https:\/\/urban-vitamin.com\/wp-content\/uploads\/sites\/5\/2025\/03\/P322.7201__S_0__230bed86132d465e9b6a9eeb9974b391.jpg","type":"image\/jpeg"}],"twitter_card":"summary_large_image","twitter_misc":{"Tempo di lettura stimato":"1 minuto"},"schema":{"@context":"https:\/\/schema.org","@graph":[{"@type":"WebPage","@id":"https:\/\/urban-vitamin.com\/it\/prodotto\/powerbank-magnetica-5in1-delano-10000mah-20w-nero\/","url":"https:\/\/urban-vitamin.com\/it\/prodotto\/powerbank-magnetica-5in1-delano-10000mah-20w-nero\/","name":"Powerbank magnetica 5in1 Delano 10000mAh 20W, nero - Urban Vitamin","isPartOf":{"@id":"https:\/\/urban-vitamin.com\/it\/#website"},"primaryImageOfPage":{"@id":"https:\/\/urban-vitamin.com\/it\/prodotto\/powerbank-magnetica-5in1-delano-10000mah-20w-nero\/#primaryimage"},"image":{"@id":"https:\/\/urban-vitamin.com\/it\/prodotto\/powerbank-magnetica-5in1-delano-10000mah-20w-nero\/#primaryimage"},"thumbnailUrl":"https:\/\/urban-vitamin.com\/wp-content\/uploads\/sites\/5\/2025\/03\/P322.7201__S_0__230bed86132d465e9b6a9eeb9974b391.jpg","datePublished":"2026-03-12T01:06:37+00:00","breadcrumb":{"@id":"https:\/\/urban-vitamin.com\/it\/prodotto\/powerbank-magnetica-5in1-delano-10000mah-20w-nero\/#breadcrumb"},"inLanguage":"it-IT","potentialAction":[{"@type":"ReadAction","target":["https:\/\/urban-vitamin.com\/it\/prodotto\/powerbank-magnetica-5in1-delano-10000mah-20w-nero\/"]}]},{"@type":"ImageObject","inLanguage":"it-IT","@id":"https:\/\/urban-vitamin.com\/it\/prodotto\/powerbank-magnetica-5in1-delano-10000mah-20w-nero\/#primaryimage","url":"https:\/\/urban-vitamin.com\/wp-content\/uploads\/sites\/5\/2025\/03\/P322.7201__S_0__230bed86132d465e9b6a9eeb9974b391.jpg","contentUrl":"https:\/\/urban-vitamin.com\/wp-content\/uploads\/sites\/5\/2025\/03\/P322.7201__S_0__230bed86132d465e9b6a9eeb9974b391.jpg","width":1024,"height":1024},{"@type":"BreadcrumbList","@id":"https:\/\/urban-vitamin.com\/it\/prodotto\/powerbank-magnetica-5in1-delano-10000mah-20w-nero\/#breadcrumb","itemListElement":[{"@type":"ListItem","position":1,"name":"Home","item":"https:\/\/urban-vitamin.com\/it\/"},{"@type":"ListItem","position":2,"name":"Collezione","item":"https:\/\/urban-vitamin.com\/it\/collezione\/"},{"@type":"ListItem","position":3,"name":"Powerbank magnetica 5in1 Delano 10000mAh 20W, nero"}]},{"@type":"WebSite","@id":"https:\/\/urban-vitamin.com\/it\/#website","url":"https:\/\/urban-vitamin.com\/it\/","name":"Urban Vitamin","description":"Enjoy your daily dose of Urban Vitamin!","potentialAction":[{"@type":"SearchAction","target":{"@type":"EntryPoint","urlTemplate":"https:\/\/urban-vitamin.com\/it\/?s={search_term_string}"},"query-input":{"@type":"PropertyValueSpecification","valueRequired":true,"valueName":"search_term_string"}}],"inLanguage":"it-IT"}]}},"_links":{"self":[{"href":"https:\/\/urban-vitamin.com\/it\/wp-json\/wp\/v2\/product\/23927","targetHints":{"allow":["GET"]}}],"collection":[{"href":"https:\/\/urban-vitamin.com\/it\/wp-json\/wp\/v2\/product"}],"about":[{"href":"https:\/\/urban-vitamin.com\/it\/wp-json\/wp\/v2\/types\/product"}],"replies":[{"embeddable":true,"href":"https:\/\/urban-vitamin.com\/it\/wp-json\/wp\/v2\/comments?post=23927"}],"wp:featuredmedia":[{"embeddable":true,"href":"https:\/\/urban-vitamin.com\/it\/wp-json\/wp\/v2\/media\/24375"}],"wp:attachment":[{"href":"https:\/\/urban-vitamin.com\/it\/wp-json\/wp\/v2\/media?parent=23927"}],"wp:term":[{"taxonomy":"product_cat","embeddable":true,"href":"https:\/\/urban-vitamin.com\/it\/wp-json\/wp\/v2\/product_cat?post=23927"},{"taxonomy":"product_tag","embeddable":true,"href":"https:\/\/urban-vitamin.com\/it\/wp-json\/wp\/v2\/product_tag?post=23927"}],"curies":[{"name":"wp","href":"https:\/\/api.w.org\/{rel}","templated":true}]}}