{"id":21630,"date":"2026-03-12T01:08:06","date_gmt":"2026-03-12T01:08:06","guid":{"rendered":"https:\/\/urban-vitamin.com\/powerbank-20-000-20w-pd-menlo-park-in-rabs-rcs-nero\/"},"modified":"2026-03-12T00:40:55","modified_gmt":"2026-03-12T00:40:55","slug":"powerbank-20-000-20w-pd-menlo-park-in-rabs-rcs-nero","status":"publish","type":"product","link":"https:\/\/urban-vitamin.com\/it\/prodotto\/powerbank-20-000-20w-pd-menlo-park-in-rabs-rcs-nero\/","title":{"rendered":"Powerbank 20.000 20W PD Menlo Park in rABS RCS, nero"},"content":{"rendered":"<p>Ecco il nuovo standard di ricarica portatile. Menlo Park \u00e8 una powerbank da 20.000 mAh che consente di ricaricare tutti i dispositivi mobili alla massima velocit\u00e0. Non solo Menlo Park carica alla massima velocit\u00e0, ma offre anche il modo pi\u00f9 rapido possibile per ricaricare la powerbank. E&#8217; dotata di una doppia uscita USB che consente di ricaricare due dispositivi contemporaneamente. Uno tramite porta type C e uno con cavo type C. Entrambi offrono una ricarica PD superveloce fino a 20W. Menlo Park \u00e8 realizzato con ABS e PC riciclati certificati RCS (Recycled Claim Standard). Contenuto riciclato totale: 20% in base al peso totale dell&#8217;articolo. Gli articoli Urban Vitamin sono realizzati senza PVC e confezionati in imballaggi a ridotto contenuto di plastica.<\/p>\n","protected":false},"excerpt":{"rendered":"<p>Ecco il nuovo standard di ricarica portatile. Menlo Park \u00e8 una powerbank da 20.000 mAh che consente di ricaricare tutti i dispositivi mobili alla massima velocit\u00e0. Non solo Menlo Park carica alla massima velocit\u00e0, ma offre anche il modo pi\u00f9 rapido possibile per ricaricare la powerbank. E&#8217; dotata di una doppia uscita USB che consente [&hellip;]<\/p>\n","protected":false},"featured_media":23361,"comment_status":"closed","ping_status":"closed","template":"","meta":{"_acf_changed":false,"om_disable_all_campaigns":false},"product_cat":[88,99],"product_tag":[],"class_list":["post-21630","product","type-product","status-publish","has-post-thumbnail","hentry","product_cat-uncategorized","product_cat-powerbank","pa_color-black"],"acf":[],"yoast_head":"<!-- This site is optimized with the Yoast SEO plugin v27.0 - https:\/\/yoast.com\/product\/yoast-seo-wordpress\/ -->\n<title>Powerbank 20.000 20W PD Menlo Park in rABS RCS, nero - Urban Vitamin<\/title>\n<meta name=\"robots\" content=\"index, follow, max-snippet:-1, max-image-preview:large, max-video-preview:-1\" \/>\n<link rel=\"canonical\" href=\"https:\/\/urban-vitamin.com\/it\/prodotto\/powerbank-20-000-20w-pd-menlo-park-in-rabs-rcs-nero\/\" \/>\n<meta property=\"og:locale\" content=\"it_IT\" \/>\n<meta property=\"og:type\" content=\"article\" \/>\n<meta property=\"og:title\" content=\"Powerbank 20.000 20W PD Menlo Park in rABS RCS, nero - Urban Vitamin\" \/>\n<meta property=\"og:description\" content=\"Ecco il nuovo standard di ricarica portatile. Menlo Park \u00e8 una powerbank da 20.000 mAh che consente di ricaricare tutti i dispositivi mobili alla massima velocit\u00e0. Non solo Menlo Park carica alla massima velocit\u00e0, ma offre anche il modo pi\u00f9 rapido possibile per ricaricare la powerbank. E&#8217; dotata di una doppia uscita USB che consente [&hellip;]\" \/>\n<meta property=\"og:url\" content=\"https:\/\/urban-vitamin.com\/it\/prodotto\/powerbank-20-000-20w-pd-menlo-park-in-rabs-rcs-nero\/\" \/>\n<meta property=\"og:site_name\" content=\"Urban Vitamin\" \/>\n<meta property=\"og:image\" content=\"https:\/\/urban-vitamin.com\/wp-content\/uploads\/sites\/5\/2025\/02\/P322.8801__S_0__a0af84d8d40041d18ab35029cfaf621a.jpg\" \/>\n\t<meta property=\"og:image:width\" content=\"1024\" \/>\n\t<meta property=\"og:image:height\" content=\"1024\" \/>\n\t<meta property=\"og:image:type\" content=\"image\/jpeg\" \/>\n<meta name=\"twitter:card\" content=\"summary_large_image\" \/>\n<meta name=\"twitter:label1\" content=\"Tempo di lettura stimato\" \/>\n\t<meta name=\"twitter:data1\" content=\"1 minuto\" \/>\n<script type=\"application\/ld+json\" class=\"yoast-schema-graph\">{\"@context\":\"https:\/\/schema.org\",\"@graph\":[{\"@type\":\"WebPage\",\"@id\":\"https:\/\/urban-vitamin.com\/it\/prodotto\/powerbank-20-000-20w-pd-menlo-park-in-rabs-rcs-nero\/\",\"url\":\"https:\/\/urban-vitamin.com\/it\/prodotto\/powerbank-20-000-20w-pd-menlo-park-in-rabs-rcs-nero\/\",\"name\":\"Powerbank 20.000 20W PD Menlo Park in rABS RCS, nero - Urban Vitamin\",\"isPartOf\":{\"@id\":\"https:\/\/urban-vitamin.com\/it\/#website\"},\"primaryImageOfPage\":{\"@id\":\"https:\/\/urban-vitamin.com\/it\/prodotto\/powerbank-20-000-20w-pd-menlo-park-in-rabs-rcs-nero\/#primaryimage\"},\"image\":{\"@id\":\"https:\/\/urban-vitamin.com\/it\/prodotto\/powerbank-20-000-20w-pd-menlo-park-in-rabs-rcs-nero\/#primaryimage\"},\"thumbnailUrl\":\"https:\/\/urban-vitamin.com\/wp-content\/uploads\/sites\/5\/2025\/02\/P322.8801__S_0__a0af84d8d40041d18ab35029cfaf621a.jpg\",\"datePublished\":\"2026-03-12T01:08:06+00:00\",\"breadcrumb\":{\"@id\":\"https:\/\/urban-vitamin.com\/it\/prodotto\/powerbank-20-000-20w-pd-menlo-park-in-rabs-rcs-nero\/#breadcrumb\"},\"inLanguage\":\"it-IT\",\"potentialAction\":[{\"@type\":\"ReadAction\",\"target\":[\"https:\/\/urban-vitamin.com\/it\/prodotto\/powerbank-20-000-20w-pd-menlo-park-in-rabs-rcs-nero\/\"]}]},{\"@type\":\"ImageObject\",\"inLanguage\":\"it-IT\",\"@id\":\"https:\/\/urban-vitamin.com\/it\/prodotto\/powerbank-20-000-20w-pd-menlo-park-in-rabs-rcs-nero\/#primaryimage\",\"url\":\"https:\/\/urban-vitamin.com\/wp-content\/uploads\/sites\/5\/2025\/02\/P322.8801__S_0__a0af84d8d40041d18ab35029cfaf621a.jpg\",\"contentUrl\":\"https:\/\/urban-vitamin.com\/wp-content\/uploads\/sites\/5\/2025\/02\/P322.8801__S_0__a0af84d8d40041d18ab35029cfaf621a.jpg\",\"width\":1024,\"height\":1024},{\"@type\":\"BreadcrumbList\",\"@id\":\"https:\/\/urban-vitamin.com\/it\/prodotto\/powerbank-20-000-20w-pd-menlo-park-in-rabs-rcs-nero\/#breadcrumb\",\"itemListElement\":[{\"@type\":\"ListItem\",\"position\":1,\"name\":\"Home\",\"item\":\"https:\/\/urban-vitamin.com\/it\/\"},{\"@type\":\"ListItem\",\"position\":2,\"name\":\"Collezione\",\"item\":\"https:\/\/urban-vitamin.com\/it\/collezione\/\"},{\"@type\":\"ListItem\",\"position\":3,\"name\":\"Powerbank 20.000 20W PD Menlo Park in rABS RCS, nero\"}]},{\"@type\":\"WebSite\",\"@id\":\"https:\/\/urban-vitamin.com\/it\/#website\",\"url\":\"https:\/\/urban-vitamin.com\/it\/\",\"name\":\"Urban Vitamin\",\"description\":\"Enjoy your daily dose of Urban Vitamin!\",\"potentialAction\":[{\"@type\":\"SearchAction\",\"target\":{\"@type\":\"EntryPoint\",\"urlTemplate\":\"https:\/\/urban-vitamin.com\/it\/?s={search_term_string}\"},\"query-input\":{\"@type\":\"PropertyValueSpecification\",\"valueRequired\":true,\"valueName\":\"search_term_string\"}}],\"inLanguage\":\"it-IT\"}]}<\/script>\n<!-- \/ Yoast SEO plugin. -->","yoast_head_json":{"title":"Powerbank 20.000 20W PD Menlo Park in rABS RCS, nero - Urban Vitamin","robots":{"index":"index","follow":"follow","max-snippet":"max-snippet:-1","max-image-preview":"max-image-preview:large","max-video-preview":"max-video-preview:-1"},"canonical":"https:\/\/urban-vitamin.com\/it\/prodotto\/powerbank-20-000-20w-pd-menlo-park-in-rabs-rcs-nero\/","og_locale":"it_IT","og_type":"article","og_title":"Powerbank 20.000 20W PD Menlo Park in rABS RCS, nero - Urban Vitamin","og_description":"Ecco il nuovo standard di ricarica portatile. Menlo Park \u00e8 una powerbank da 20.000 mAh che consente di ricaricare tutti i dispositivi mobili alla massima velocit\u00e0. Non solo Menlo Park carica alla massima velocit\u00e0, ma offre anche il modo pi\u00f9 rapido possibile per ricaricare la powerbank. E&#8217; dotata di una doppia uscita USB che consente [&hellip;]","og_url":"https:\/\/urban-vitamin.com\/it\/prodotto\/powerbank-20-000-20w-pd-menlo-park-in-rabs-rcs-nero\/","og_site_name":"Urban Vitamin","og_image":[{"width":1024,"height":1024,"url":"https:\/\/urban-vitamin.com\/wp-content\/uploads\/sites\/5\/2025\/02\/P322.8801__S_0__a0af84d8d40041d18ab35029cfaf621a.jpg","type":"image\/jpeg"}],"twitter_card":"summary_large_image","twitter_misc":{"Tempo di lettura stimato":"1 minuto"},"schema":{"@context":"https:\/\/schema.org","@graph":[{"@type":"WebPage","@id":"https:\/\/urban-vitamin.com\/it\/prodotto\/powerbank-20-000-20w-pd-menlo-park-in-rabs-rcs-nero\/","url":"https:\/\/urban-vitamin.com\/it\/prodotto\/powerbank-20-000-20w-pd-menlo-park-in-rabs-rcs-nero\/","name":"Powerbank 20.000 20W PD Menlo Park in rABS RCS, nero - Urban Vitamin","isPartOf":{"@id":"https:\/\/urban-vitamin.com\/it\/#website"},"primaryImageOfPage":{"@id":"https:\/\/urban-vitamin.com\/it\/prodotto\/powerbank-20-000-20w-pd-menlo-park-in-rabs-rcs-nero\/#primaryimage"},"image":{"@id":"https:\/\/urban-vitamin.com\/it\/prodotto\/powerbank-20-000-20w-pd-menlo-park-in-rabs-rcs-nero\/#primaryimage"},"thumbnailUrl":"https:\/\/urban-vitamin.com\/wp-content\/uploads\/sites\/5\/2025\/02\/P322.8801__S_0__a0af84d8d40041d18ab35029cfaf621a.jpg","datePublished":"2026-03-12T01:08:06+00:00","breadcrumb":{"@id":"https:\/\/urban-vitamin.com\/it\/prodotto\/powerbank-20-000-20w-pd-menlo-park-in-rabs-rcs-nero\/#breadcrumb"},"inLanguage":"it-IT","potentialAction":[{"@type":"ReadAction","target":["https:\/\/urban-vitamin.com\/it\/prodotto\/powerbank-20-000-20w-pd-menlo-park-in-rabs-rcs-nero\/"]}]},{"@type":"ImageObject","inLanguage":"it-IT","@id":"https:\/\/urban-vitamin.com\/it\/prodotto\/powerbank-20-000-20w-pd-menlo-park-in-rabs-rcs-nero\/#primaryimage","url":"https:\/\/urban-vitamin.com\/wp-content\/uploads\/sites\/5\/2025\/02\/P322.8801__S_0__a0af84d8d40041d18ab35029cfaf621a.jpg","contentUrl":"https:\/\/urban-vitamin.com\/wp-content\/uploads\/sites\/5\/2025\/02\/P322.8801__S_0__a0af84d8d40041d18ab35029cfaf621a.jpg","width":1024,"height":1024},{"@type":"BreadcrumbList","@id":"https:\/\/urban-vitamin.com\/it\/prodotto\/powerbank-20-000-20w-pd-menlo-park-in-rabs-rcs-nero\/#breadcrumb","itemListElement":[{"@type":"ListItem","position":1,"name":"Home","item":"https:\/\/urban-vitamin.com\/it\/"},{"@type":"ListItem","position":2,"name":"Collezione","item":"https:\/\/urban-vitamin.com\/it\/collezione\/"},{"@type":"ListItem","position":3,"name":"Powerbank 20.000 20W PD Menlo Park in rABS RCS, nero"}]},{"@type":"WebSite","@id":"https:\/\/urban-vitamin.com\/it\/#website","url":"https:\/\/urban-vitamin.com\/it\/","name":"Urban Vitamin","description":"Enjoy your daily dose of Urban Vitamin!","potentialAction":[{"@type":"SearchAction","target":{"@type":"EntryPoint","urlTemplate":"https:\/\/urban-vitamin.com\/it\/?s={search_term_string}"},"query-input":{"@type":"PropertyValueSpecification","valueRequired":true,"valueName":"search_term_string"}}],"inLanguage":"it-IT"}]}},"_links":{"self":[{"href":"https:\/\/urban-vitamin.com\/it\/wp-json\/wp\/v2\/product\/21630","targetHints":{"allow":["GET"]}}],"collection":[{"href":"https:\/\/urban-vitamin.com\/it\/wp-json\/wp\/v2\/product"}],"about":[{"href":"https:\/\/urban-vitamin.com\/it\/wp-json\/wp\/v2\/types\/product"}],"replies":[{"embeddable":true,"href":"https:\/\/urban-vitamin.com\/it\/wp-json\/wp\/v2\/comments?post=21630"}],"wp:featuredmedia":[{"embeddable":true,"href":"https:\/\/urban-vitamin.com\/it\/wp-json\/wp\/v2\/media\/23361"}],"wp:attachment":[{"href":"https:\/\/urban-vitamin.com\/it\/wp-json\/wp\/v2\/media?parent=21630"}],"wp:term":[{"taxonomy":"product_cat","embeddable":true,"href":"https:\/\/urban-vitamin.com\/it\/wp-json\/wp\/v2\/product_cat?post=21630"},{"taxonomy":"product_tag","embeddable":true,"href":"https:\/\/urban-vitamin.com\/it\/wp-json\/wp\/v2\/product_tag?post=21630"}],"curies":[{"name":"wp","href":"https:\/\/api.w.org\/{rel}","templated":true}]}}