{"id":20015,"date":"2026-03-12T01:08:40","date_gmt":"2026-03-12T01:08:40","guid":{"rendered":"https:\/\/urban-vitamin.com\/auricolari-wireless-lakewood-riparabili-e-riciclati-rcs-nero\/"},"modified":"2026-03-12T00:42:20","modified_gmt":"2026-03-12T00:42:20","slug":"auricolari-wireless-lakewood-riparabili-e-riciclati-rcs-nero","status":"publish","type":"product","link":"https:\/\/urban-vitamin.com\/it\/prodotto\/auricolari-wireless-lakewood-riparabili-e-riciclati-rcs-nero\/","title":{"rendered":"Auricolari wireless Lakewood riparabili e riciclati RCS, nero"},"content":{"rendered":"<p>Vi presentiamo il futuro in cui gli oggetti durano pi\u00f9 a lungo e sono progettati per essere facilmente riparati. Gli auricolari Lakewood offrono una qualit\u00e0 audio Hi-Fi di alto livello. Con ANC di alta qualit\u00e0 (32 DB) e modalit\u00e0 ENC per chiamate super nitide. Dotati di 6 microfoni e di assistente vocale per migliorare ulteriormente la qualit\u00e0 delle chiamate. La funzione ANC pu\u00f2 anche essere commutata in modalit\u00e0 neutra.  L&#8217;alloggiamento di Lakewood \u00e8 progettato con una batteria rimovibile che pu\u00f2 essere facilmente sostituita quando necessario per prolungare la durata degli auricolari. Modalit\u00e0 di connessione doppia per collegare pi\u00f9 dispositivi. Lakewood offre 6 ore di ascolto con una sola carica e altre 20 ore con la custodia. Gli auricolari hanno una classificazione IPX5, che li rende resistenti alle intemperie e adatti allo sport. Oltre a essere riparabili, gli auricolari sono realizzati con plastica PC riciclata. Contenuto totale di materiale riciclato: 36% in base al pesp totale.<\/p>\n","protected":false},"excerpt":{"rendered":"<p>Vi presentiamo il futuro in cui gli oggetti durano pi\u00f9 a lungo e sono progettati per essere facilmente riparati. Gli auricolari Lakewood offrono una qualit\u00e0 audio Hi-Fi di alto livello. Con ANC di alta qualit\u00e0 (32 DB) e modalit\u00e0 ENC per chiamate super nitide. Dotati di 6 microfoni e di assistente vocale per migliorare ulteriormente [&hellip;]<\/p>\n","protected":false},"featured_media":22184,"comment_status":"closed","ping_status":"closed","template":"","meta":{"_acf_changed":false,"om_disable_all_campaigns":false},"product_cat":[101,110,114,115,75],"product_tag":[],"class_list":["post-20015","product","type-product","status-publish","has-post-thumbnail","hentry","product_cat-auricolari-wireless","product_cat-repairables","product_cat-repairables-it","product_cat-repairables-es","product_cat-tapones","pa_color-black"],"acf":[],"yoast_head":"<!-- This site is optimized with the Yoast SEO plugin v27.0 - https:\/\/yoast.com\/product\/yoast-seo-wordpress\/ -->\n<title>Auricolari wireless Lakewood riparabili e riciclati RCS, nero - Urban Vitamin<\/title>\n<meta name=\"robots\" content=\"index, follow, max-snippet:-1, max-image-preview:large, max-video-preview:-1\" \/>\n<link rel=\"canonical\" href=\"https:\/\/urban-vitamin.com\/it\/prodotto\/auricolari-wireless-lakewood-riparabili-e-riciclati-rcs-nero\/\" \/>\n<meta property=\"og:locale\" content=\"it_IT\" \/>\n<meta property=\"og:type\" content=\"article\" \/>\n<meta property=\"og:title\" content=\"Auricolari wireless Lakewood riparabili e riciclati RCS, nero - Urban Vitamin\" \/>\n<meta property=\"og:description\" content=\"Vi presentiamo il futuro in cui gli oggetti durano pi\u00f9 a lungo e sono progettati per essere facilmente riparati. Gli auricolari Lakewood offrono una qualit\u00e0 audio Hi-Fi di alto livello. Con ANC di alta qualit\u00e0 (32 DB) e modalit\u00e0 ENC per chiamate super nitide. Dotati di 6 microfoni e di assistente vocale per migliorare ulteriormente [&hellip;]\" \/>\n<meta property=\"og:url\" content=\"https:\/\/urban-vitamin.com\/it\/prodotto\/auricolari-wireless-lakewood-riparabili-e-riciclati-rcs-nero\/\" \/>\n<meta property=\"og:site_name\" content=\"Urban Vitamin\" \/>\n<meta property=\"og:image\" content=\"https:\/\/urban-vitamin.com\/wp-content\/uploads\/sites\/5\/2025\/01\/P331.5401__S_0__11ab462f68f0444e8d97114079137294.jpg\" \/>\n\t<meta property=\"og:image:width\" content=\"1024\" \/>\n\t<meta property=\"og:image:height\" content=\"1024\" \/>\n\t<meta property=\"og:image:type\" content=\"image\/jpeg\" \/>\n<meta name=\"twitter:card\" content=\"summary_large_image\" \/>\n<meta name=\"twitter:label1\" content=\"Tempo di lettura stimato\" \/>\n\t<meta name=\"twitter:data1\" content=\"1 minuto\" \/>\n<script type=\"application\/ld+json\" class=\"yoast-schema-graph\">{\"@context\":\"https:\/\/schema.org\",\"@graph\":[{\"@type\":\"WebPage\",\"@id\":\"https:\/\/urban-vitamin.com\/it\/prodotto\/auricolari-wireless-lakewood-riparabili-e-riciclati-rcs-nero\/\",\"url\":\"https:\/\/urban-vitamin.com\/it\/prodotto\/auricolari-wireless-lakewood-riparabili-e-riciclati-rcs-nero\/\",\"name\":\"Auricolari wireless Lakewood riparabili e riciclati RCS, nero - Urban Vitamin\",\"isPartOf\":{\"@id\":\"https:\/\/urban-vitamin.com\/it\/#website\"},\"primaryImageOfPage\":{\"@id\":\"https:\/\/urban-vitamin.com\/it\/prodotto\/auricolari-wireless-lakewood-riparabili-e-riciclati-rcs-nero\/#primaryimage\"},\"image\":{\"@id\":\"https:\/\/urban-vitamin.com\/it\/prodotto\/auricolari-wireless-lakewood-riparabili-e-riciclati-rcs-nero\/#primaryimage\"},\"thumbnailUrl\":\"https:\/\/urban-vitamin.com\/wp-content\/uploads\/sites\/5\/2025\/01\/P331.5401__S_0__11ab462f68f0444e8d97114079137294.jpg\",\"datePublished\":\"2026-03-12T01:08:40+00:00\",\"breadcrumb\":{\"@id\":\"https:\/\/urban-vitamin.com\/it\/prodotto\/auricolari-wireless-lakewood-riparabili-e-riciclati-rcs-nero\/#breadcrumb\"},\"inLanguage\":\"it-IT\",\"potentialAction\":[{\"@type\":\"ReadAction\",\"target\":[\"https:\/\/urban-vitamin.com\/it\/prodotto\/auricolari-wireless-lakewood-riparabili-e-riciclati-rcs-nero\/\"]}]},{\"@type\":\"ImageObject\",\"inLanguage\":\"it-IT\",\"@id\":\"https:\/\/urban-vitamin.com\/it\/prodotto\/auricolari-wireless-lakewood-riparabili-e-riciclati-rcs-nero\/#primaryimage\",\"url\":\"https:\/\/urban-vitamin.com\/wp-content\/uploads\/sites\/5\/2025\/01\/P331.5401__S_0__11ab462f68f0444e8d97114079137294.jpg\",\"contentUrl\":\"https:\/\/urban-vitamin.com\/wp-content\/uploads\/sites\/5\/2025\/01\/P331.5401__S_0__11ab462f68f0444e8d97114079137294.jpg\",\"width\":1024,\"height\":1024},{\"@type\":\"BreadcrumbList\",\"@id\":\"https:\/\/urban-vitamin.com\/it\/prodotto\/auricolari-wireless-lakewood-riparabili-e-riciclati-rcs-nero\/#breadcrumb\",\"itemListElement\":[{\"@type\":\"ListItem\",\"position\":1,\"name\":\"Home\",\"item\":\"https:\/\/urban-vitamin.com\/it\/\"},{\"@type\":\"ListItem\",\"position\":2,\"name\":\"Collezione\",\"item\":\"https:\/\/urban-vitamin.com\/it\/collezione\/\"},{\"@type\":\"ListItem\",\"position\":3,\"name\":\"Auricolari wireless Lakewood riparabili e riciclati RCS, nero\"}]},{\"@type\":\"WebSite\",\"@id\":\"https:\/\/urban-vitamin.com\/it\/#website\",\"url\":\"https:\/\/urban-vitamin.com\/it\/\",\"name\":\"Urban Vitamin\",\"description\":\"Enjoy your daily dose of Urban Vitamin!\",\"potentialAction\":[{\"@type\":\"SearchAction\",\"target\":{\"@type\":\"EntryPoint\",\"urlTemplate\":\"https:\/\/urban-vitamin.com\/it\/?s={search_term_string}\"},\"query-input\":{\"@type\":\"PropertyValueSpecification\",\"valueRequired\":true,\"valueName\":\"search_term_string\"}}],\"inLanguage\":\"it-IT\"}]}<\/script>\n<!-- \/ Yoast SEO plugin. -->","yoast_head_json":{"title":"Auricolari wireless Lakewood riparabili e riciclati RCS, nero - Urban Vitamin","robots":{"index":"index","follow":"follow","max-snippet":"max-snippet:-1","max-image-preview":"max-image-preview:large","max-video-preview":"max-video-preview:-1"},"canonical":"https:\/\/urban-vitamin.com\/it\/prodotto\/auricolari-wireless-lakewood-riparabili-e-riciclati-rcs-nero\/","og_locale":"it_IT","og_type":"article","og_title":"Auricolari wireless Lakewood riparabili e riciclati RCS, nero - Urban Vitamin","og_description":"Vi presentiamo il futuro in cui gli oggetti durano pi\u00f9 a lungo e sono progettati per essere facilmente riparati. Gli auricolari Lakewood offrono una qualit\u00e0 audio Hi-Fi di alto livello. Con ANC di alta qualit\u00e0 (32 DB) e modalit\u00e0 ENC per chiamate super nitide. Dotati di 6 microfoni e di assistente vocale per migliorare ulteriormente [&hellip;]","og_url":"https:\/\/urban-vitamin.com\/it\/prodotto\/auricolari-wireless-lakewood-riparabili-e-riciclati-rcs-nero\/","og_site_name":"Urban Vitamin","og_image":[{"width":1024,"height":1024,"url":"https:\/\/urban-vitamin.com\/wp-content\/uploads\/sites\/5\/2025\/01\/P331.5401__S_0__11ab462f68f0444e8d97114079137294.jpg","type":"image\/jpeg"}],"twitter_card":"summary_large_image","twitter_misc":{"Tempo di lettura stimato":"1 minuto"},"schema":{"@context":"https:\/\/schema.org","@graph":[{"@type":"WebPage","@id":"https:\/\/urban-vitamin.com\/it\/prodotto\/auricolari-wireless-lakewood-riparabili-e-riciclati-rcs-nero\/","url":"https:\/\/urban-vitamin.com\/it\/prodotto\/auricolari-wireless-lakewood-riparabili-e-riciclati-rcs-nero\/","name":"Auricolari wireless Lakewood riparabili e riciclati RCS, nero - Urban Vitamin","isPartOf":{"@id":"https:\/\/urban-vitamin.com\/it\/#website"},"primaryImageOfPage":{"@id":"https:\/\/urban-vitamin.com\/it\/prodotto\/auricolari-wireless-lakewood-riparabili-e-riciclati-rcs-nero\/#primaryimage"},"image":{"@id":"https:\/\/urban-vitamin.com\/it\/prodotto\/auricolari-wireless-lakewood-riparabili-e-riciclati-rcs-nero\/#primaryimage"},"thumbnailUrl":"https:\/\/urban-vitamin.com\/wp-content\/uploads\/sites\/5\/2025\/01\/P331.5401__S_0__11ab462f68f0444e8d97114079137294.jpg","datePublished":"2026-03-12T01:08:40+00:00","breadcrumb":{"@id":"https:\/\/urban-vitamin.com\/it\/prodotto\/auricolari-wireless-lakewood-riparabili-e-riciclati-rcs-nero\/#breadcrumb"},"inLanguage":"it-IT","potentialAction":[{"@type":"ReadAction","target":["https:\/\/urban-vitamin.com\/it\/prodotto\/auricolari-wireless-lakewood-riparabili-e-riciclati-rcs-nero\/"]}]},{"@type":"ImageObject","inLanguage":"it-IT","@id":"https:\/\/urban-vitamin.com\/it\/prodotto\/auricolari-wireless-lakewood-riparabili-e-riciclati-rcs-nero\/#primaryimage","url":"https:\/\/urban-vitamin.com\/wp-content\/uploads\/sites\/5\/2025\/01\/P331.5401__S_0__11ab462f68f0444e8d97114079137294.jpg","contentUrl":"https:\/\/urban-vitamin.com\/wp-content\/uploads\/sites\/5\/2025\/01\/P331.5401__S_0__11ab462f68f0444e8d97114079137294.jpg","width":1024,"height":1024},{"@type":"BreadcrumbList","@id":"https:\/\/urban-vitamin.com\/it\/prodotto\/auricolari-wireless-lakewood-riparabili-e-riciclati-rcs-nero\/#breadcrumb","itemListElement":[{"@type":"ListItem","position":1,"name":"Home","item":"https:\/\/urban-vitamin.com\/it\/"},{"@type":"ListItem","position":2,"name":"Collezione","item":"https:\/\/urban-vitamin.com\/it\/collezione\/"},{"@type":"ListItem","position":3,"name":"Auricolari wireless Lakewood riparabili e riciclati RCS, nero"}]},{"@type":"WebSite","@id":"https:\/\/urban-vitamin.com\/it\/#website","url":"https:\/\/urban-vitamin.com\/it\/","name":"Urban Vitamin","description":"Enjoy your daily dose of Urban Vitamin!","potentialAction":[{"@type":"SearchAction","target":{"@type":"EntryPoint","urlTemplate":"https:\/\/urban-vitamin.com\/it\/?s={search_term_string}"},"query-input":{"@type":"PropertyValueSpecification","valueRequired":true,"valueName":"search_term_string"}}],"inLanguage":"it-IT"}]}},"_links":{"self":[{"href":"https:\/\/urban-vitamin.com\/it\/wp-json\/wp\/v2\/product\/20015","targetHints":{"allow":["GET"]}}],"collection":[{"href":"https:\/\/urban-vitamin.com\/it\/wp-json\/wp\/v2\/product"}],"about":[{"href":"https:\/\/urban-vitamin.com\/it\/wp-json\/wp\/v2\/types\/product"}],"replies":[{"embeddable":true,"href":"https:\/\/urban-vitamin.com\/it\/wp-json\/wp\/v2\/comments?post=20015"}],"wp:featuredmedia":[{"embeddable":true,"href":"https:\/\/urban-vitamin.com\/it\/wp-json\/wp\/v2\/media\/22184"}],"wp:attachment":[{"href":"https:\/\/urban-vitamin.com\/it\/wp-json\/wp\/v2\/media?parent=20015"}],"wp:term":[{"taxonomy":"product_cat","embeddable":true,"href":"https:\/\/urban-vitamin.com\/it\/wp-json\/wp\/v2\/product_cat?post=20015"},{"taxonomy":"product_tag","embeddable":true,"href":"https:\/\/urban-vitamin.com\/it\/wp-json\/wp\/v2\/product_tag?post=20015"}],"curies":[{"name":"wp","href":"https:\/\/api.w.org\/{rel}","templated":true}]}}