{"id":18937,"date":"2026-03-12T01:06:22","date_gmt":"2026-03-12T01:06:22","guid":{"rendered":"https:\/\/urban-vitamin.com\/cavo-magnetico-65w-urban-vitamin-stockton-in-rcs-tpe-pet-bianco\/"},"modified":"2026-03-12T00:40:18","modified_gmt":"2026-03-12T00:40:18","slug":"cavo-magnetico-65w-stockton-in-rcs-tpe-pet-bianco","status":"publish","type":"product","link":"https:\/\/urban-vitamin.com\/it\/prodotto\/cavo-magnetico-65w-stockton-in-rcs-tpe-pet-bianco\/","title":{"rendered":"Cavo magnetico 65W Stockton in RCS TPE\/PET, bianco"},"content":{"rendered":"<p>Il cavo di ricarica magnetico di ultima generazione da 120 cm che garantisce una connettivit\u00e0 perfetta! Dite addio ai cavi aggrovigliati, \u00e8 progettato per rivoluzionare la vostra esperienza di ricarica. Grazie al suo design magnetico, semplifica l&#8217;organizzazione dei cavi, evita che si aggroviglino e pu\u00f2 essere portato ovunque. Si adatta al vostro stile di vita in movimento, offrendo sia input USB Type-C che USB-A, garantendo la compatibilit\u00e0 con diversi dispositivi. Grazie agli output iOS e type-C, \u00e8 sufficientemente versatile per ricaricare iPhone, dispositivi Android o laptop! Stockton non \u00e8 solo un cavo di ricarica, ma \u00e8 anche la soluzione ideale per il trasferimento di dati, per sincronizzare file, foto e musica tra i dispositivi. Con una potente capacit\u00e0 di ricarica da 65W, \u00e8 un prodotto innovativi sia per i dispositivi mobili che per i computer portatili. Stockton \u00e8 realizzato con ABS riciclato certificato RCS (Recycled Claim Standard). Contenuto riciclato totale dell&#8217;articolo.<\/p>\n","protected":false},"excerpt":{"rendered":"<p>Il cavo di ricarica magnetico di ultima generazione da 120 cm che garantisce una connettivit\u00e0 perfetta! Dite addio ai cavi aggrovigliati, \u00e8 progettato per rivoluzionare la vostra esperienza di ricarica. Grazie al suo design magnetico, semplifica l&#8217;organizzazione dei cavi, evita che si aggroviglino e pu\u00f2 essere portato ovunque. Si adatta al vostro stile di vita [&hellip;]<\/p>\n","protected":false},"featured_media":19173,"comment_status":"closed","ping_status":"closed","template":"","meta":{"_acf_changed":false,"om_disable_all_campaigns":false},"product_cat":[88,96],"product_tag":[],"class_list":["post-18937","product","type-product","status-publish","has-post-thumbnail","hentry","product_cat-uncategorized","product_cat-cavi","pa_color-white"],"acf":[],"yoast_head":"<!-- This site is optimized with the Yoast SEO plugin v27.0 - https:\/\/yoast.com\/product\/yoast-seo-wordpress\/ -->\n<title>Cavo magnetico 65W Stockton in RCS TPE\/PET, bianco - Urban Vitamin<\/title>\n<meta name=\"robots\" content=\"index, follow, max-snippet:-1, max-image-preview:large, max-video-preview:-1\" \/>\n<link rel=\"canonical\" href=\"https:\/\/urban-vitamin.com\/it\/prodotto\/cavo-magnetico-65w-stockton-in-rcs-tpe-pet-bianco\/\" \/>\n<meta property=\"og:locale\" content=\"it_IT\" \/>\n<meta property=\"og:type\" content=\"article\" \/>\n<meta property=\"og:title\" content=\"Cavo magnetico 65W Stockton in RCS TPE\/PET, bianco - Urban Vitamin\" \/>\n<meta property=\"og:description\" content=\"Il cavo di ricarica magnetico di ultima generazione da 120 cm che garantisce una connettivit\u00e0 perfetta! Dite addio ai cavi aggrovigliati, \u00e8 progettato per rivoluzionare la vostra esperienza di ricarica. Grazie al suo design magnetico, semplifica l&#8217;organizzazione dei cavi, evita che si aggroviglino e pu\u00f2 essere portato ovunque. Si adatta al vostro stile di vita [&hellip;]\" \/>\n<meta property=\"og:url\" content=\"https:\/\/urban-vitamin.com\/it\/prodotto\/cavo-magnetico-65w-stockton-in-rcs-tpe-pet-bianco\/\" \/>\n<meta property=\"og:site_name\" content=\"Urban Vitamin\" \/>\n<meta property=\"og:image\" content=\"https:\/\/urban-vitamin.com\/wp-content\/uploads\/sites\/5\/2024\/05\/P302.7103__S_0__0ab979dcfd3942d6a9cadcdd4755dde5.jpg\" \/>\n\t<meta property=\"og:image:width\" content=\"1024\" \/>\n\t<meta property=\"og:image:height\" content=\"1024\" \/>\n\t<meta property=\"og:image:type\" content=\"image\/jpeg\" \/>\n<meta name=\"twitter:card\" content=\"summary_large_image\" \/>\n<meta name=\"twitter:label1\" content=\"Tempo di lettura stimato\" \/>\n\t<meta name=\"twitter:data1\" content=\"1 minuto\" \/>\n<script type=\"application\/ld+json\" class=\"yoast-schema-graph\">{\"@context\":\"https:\/\/schema.org\",\"@graph\":[{\"@type\":\"WebPage\",\"@id\":\"https:\/\/urban-vitamin.com\/it\/prodotto\/cavo-magnetico-65w-stockton-in-rcs-tpe-pet-bianco\/\",\"url\":\"https:\/\/urban-vitamin.com\/it\/prodotto\/cavo-magnetico-65w-stockton-in-rcs-tpe-pet-bianco\/\",\"name\":\"Cavo magnetico 65W Stockton in RCS TPE\/PET, bianco - Urban Vitamin\",\"isPartOf\":{\"@id\":\"https:\/\/urban-vitamin.com\/it\/#website\"},\"primaryImageOfPage\":{\"@id\":\"https:\/\/urban-vitamin.com\/it\/prodotto\/cavo-magnetico-65w-stockton-in-rcs-tpe-pet-bianco\/#primaryimage\"},\"image\":{\"@id\":\"https:\/\/urban-vitamin.com\/it\/prodotto\/cavo-magnetico-65w-stockton-in-rcs-tpe-pet-bianco\/#primaryimage\"},\"thumbnailUrl\":\"https:\/\/urban-vitamin.com\/wp-content\/uploads\/sites\/5\/2024\/05\/P302.7103__S_0__0ab979dcfd3942d6a9cadcdd4755dde5.jpg\",\"datePublished\":\"2026-03-12T01:06:22+00:00\",\"breadcrumb\":{\"@id\":\"https:\/\/urban-vitamin.com\/it\/prodotto\/cavo-magnetico-65w-stockton-in-rcs-tpe-pet-bianco\/#breadcrumb\"},\"inLanguage\":\"it-IT\",\"potentialAction\":[{\"@type\":\"ReadAction\",\"target\":[\"https:\/\/urban-vitamin.com\/it\/prodotto\/cavo-magnetico-65w-stockton-in-rcs-tpe-pet-bianco\/\"]}]},{\"@type\":\"ImageObject\",\"inLanguage\":\"it-IT\",\"@id\":\"https:\/\/urban-vitamin.com\/it\/prodotto\/cavo-magnetico-65w-stockton-in-rcs-tpe-pet-bianco\/#primaryimage\",\"url\":\"https:\/\/urban-vitamin.com\/wp-content\/uploads\/sites\/5\/2024\/05\/P302.7103__S_0__0ab979dcfd3942d6a9cadcdd4755dde5.jpg\",\"contentUrl\":\"https:\/\/urban-vitamin.com\/wp-content\/uploads\/sites\/5\/2024\/05\/P302.7103__S_0__0ab979dcfd3942d6a9cadcdd4755dde5.jpg\",\"width\":1024,\"height\":1024},{\"@type\":\"BreadcrumbList\",\"@id\":\"https:\/\/urban-vitamin.com\/it\/prodotto\/cavo-magnetico-65w-stockton-in-rcs-tpe-pet-bianco\/#breadcrumb\",\"itemListElement\":[{\"@type\":\"ListItem\",\"position\":1,\"name\":\"Home\",\"item\":\"https:\/\/urban-vitamin.com\/it\/\"},{\"@type\":\"ListItem\",\"position\":2,\"name\":\"Collezione\",\"item\":\"https:\/\/urban-vitamin.com\/it\/collezione\/\"},{\"@type\":\"ListItem\",\"position\":3,\"name\":\"Cavo magnetico 65W Stockton in RCS TPE\/PET, bianco\"}]},{\"@type\":\"WebSite\",\"@id\":\"https:\/\/urban-vitamin.com\/it\/#website\",\"url\":\"https:\/\/urban-vitamin.com\/it\/\",\"name\":\"Urban Vitamin\",\"description\":\"Enjoy your daily dose of Urban Vitamin!\",\"potentialAction\":[{\"@type\":\"SearchAction\",\"target\":{\"@type\":\"EntryPoint\",\"urlTemplate\":\"https:\/\/urban-vitamin.com\/it\/?s={search_term_string}\"},\"query-input\":{\"@type\":\"PropertyValueSpecification\",\"valueRequired\":true,\"valueName\":\"search_term_string\"}}],\"inLanguage\":\"it-IT\"}]}<\/script>\n<!-- \/ Yoast SEO plugin. -->","yoast_head_json":{"title":"Cavo magnetico 65W Stockton in RCS TPE\/PET, bianco - Urban Vitamin","robots":{"index":"index","follow":"follow","max-snippet":"max-snippet:-1","max-image-preview":"max-image-preview:large","max-video-preview":"max-video-preview:-1"},"canonical":"https:\/\/urban-vitamin.com\/it\/prodotto\/cavo-magnetico-65w-stockton-in-rcs-tpe-pet-bianco\/","og_locale":"it_IT","og_type":"article","og_title":"Cavo magnetico 65W Stockton in RCS TPE\/PET, bianco - Urban Vitamin","og_description":"Il cavo di ricarica magnetico di ultima generazione da 120 cm che garantisce una connettivit\u00e0 perfetta! Dite addio ai cavi aggrovigliati, \u00e8 progettato per rivoluzionare la vostra esperienza di ricarica. Grazie al suo design magnetico, semplifica l&#8217;organizzazione dei cavi, evita che si aggroviglino e pu\u00f2 essere portato ovunque. Si adatta al vostro stile di vita [&hellip;]","og_url":"https:\/\/urban-vitamin.com\/it\/prodotto\/cavo-magnetico-65w-stockton-in-rcs-tpe-pet-bianco\/","og_site_name":"Urban Vitamin","og_image":[{"width":1024,"height":1024,"url":"https:\/\/urban-vitamin.com\/wp-content\/uploads\/sites\/5\/2024\/05\/P302.7103__S_0__0ab979dcfd3942d6a9cadcdd4755dde5.jpg","type":"image\/jpeg"}],"twitter_card":"summary_large_image","twitter_misc":{"Tempo di lettura stimato":"1 minuto"},"schema":{"@context":"https:\/\/schema.org","@graph":[{"@type":"WebPage","@id":"https:\/\/urban-vitamin.com\/it\/prodotto\/cavo-magnetico-65w-stockton-in-rcs-tpe-pet-bianco\/","url":"https:\/\/urban-vitamin.com\/it\/prodotto\/cavo-magnetico-65w-stockton-in-rcs-tpe-pet-bianco\/","name":"Cavo magnetico 65W Stockton in RCS TPE\/PET, bianco - Urban Vitamin","isPartOf":{"@id":"https:\/\/urban-vitamin.com\/it\/#website"},"primaryImageOfPage":{"@id":"https:\/\/urban-vitamin.com\/it\/prodotto\/cavo-magnetico-65w-stockton-in-rcs-tpe-pet-bianco\/#primaryimage"},"image":{"@id":"https:\/\/urban-vitamin.com\/it\/prodotto\/cavo-magnetico-65w-stockton-in-rcs-tpe-pet-bianco\/#primaryimage"},"thumbnailUrl":"https:\/\/urban-vitamin.com\/wp-content\/uploads\/sites\/5\/2024\/05\/P302.7103__S_0__0ab979dcfd3942d6a9cadcdd4755dde5.jpg","datePublished":"2026-03-12T01:06:22+00:00","breadcrumb":{"@id":"https:\/\/urban-vitamin.com\/it\/prodotto\/cavo-magnetico-65w-stockton-in-rcs-tpe-pet-bianco\/#breadcrumb"},"inLanguage":"it-IT","potentialAction":[{"@type":"ReadAction","target":["https:\/\/urban-vitamin.com\/it\/prodotto\/cavo-magnetico-65w-stockton-in-rcs-tpe-pet-bianco\/"]}]},{"@type":"ImageObject","inLanguage":"it-IT","@id":"https:\/\/urban-vitamin.com\/it\/prodotto\/cavo-magnetico-65w-stockton-in-rcs-tpe-pet-bianco\/#primaryimage","url":"https:\/\/urban-vitamin.com\/wp-content\/uploads\/sites\/5\/2024\/05\/P302.7103__S_0__0ab979dcfd3942d6a9cadcdd4755dde5.jpg","contentUrl":"https:\/\/urban-vitamin.com\/wp-content\/uploads\/sites\/5\/2024\/05\/P302.7103__S_0__0ab979dcfd3942d6a9cadcdd4755dde5.jpg","width":1024,"height":1024},{"@type":"BreadcrumbList","@id":"https:\/\/urban-vitamin.com\/it\/prodotto\/cavo-magnetico-65w-stockton-in-rcs-tpe-pet-bianco\/#breadcrumb","itemListElement":[{"@type":"ListItem","position":1,"name":"Home","item":"https:\/\/urban-vitamin.com\/it\/"},{"@type":"ListItem","position":2,"name":"Collezione","item":"https:\/\/urban-vitamin.com\/it\/collezione\/"},{"@type":"ListItem","position":3,"name":"Cavo magnetico 65W Stockton in RCS TPE\/PET, bianco"}]},{"@type":"WebSite","@id":"https:\/\/urban-vitamin.com\/it\/#website","url":"https:\/\/urban-vitamin.com\/it\/","name":"Urban Vitamin","description":"Enjoy your daily dose of Urban Vitamin!","potentialAction":[{"@type":"SearchAction","target":{"@type":"EntryPoint","urlTemplate":"https:\/\/urban-vitamin.com\/it\/?s={search_term_string}"},"query-input":{"@type":"PropertyValueSpecification","valueRequired":true,"valueName":"search_term_string"}}],"inLanguage":"it-IT"}]}},"_links":{"self":[{"href":"https:\/\/urban-vitamin.com\/it\/wp-json\/wp\/v2\/product\/18937","targetHints":{"allow":["GET"]}}],"collection":[{"href":"https:\/\/urban-vitamin.com\/it\/wp-json\/wp\/v2\/product"}],"about":[{"href":"https:\/\/urban-vitamin.com\/it\/wp-json\/wp\/v2\/types\/product"}],"replies":[{"embeddable":true,"href":"https:\/\/urban-vitamin.com\/it\/wp-json\/wp\/v2\/comments?post=18937"}],"wp:featuredmedia":[{"embeddable":true,"href":"https:\/\/urban-vitamin.com\/it\/wp-json\/wp\/v2\/media\/19173"}],"wp:attachment":[{"href":"https:\/\/urban-vitamin.com\/it\/wp-json\/wp\/v2\/media?parent=18937"}],"wp:term":[{"taxonomy":"product_cat","embeddable":true,"href":"https:\/\/urban-vitamin.com\/it\/wp-json\/wp\/v2\/product_cat?post=18937"},{"taxonomy":"product_tag","embeddable":true,"href":"https:\/\/urban-vitamin.com\/it\/wp-json\/wp\/v2\/product_tag?post=18937"}],"curies":[{"name":"wp","href":"https:\/\/api.w.org\/{rel}","templated":true}]}}