{"id":11269,"date":"2026-03-12T01:08:24","date_gmt":"2026-03-12T01:08:24","guid":{"rendered":"https:\/\/urban-vitamin.com\/urban-vitamin-pacific-grove-rcs-rplastic-30w-speaker-ipx7-nero\/"},"modified":"2026-03-12T00:42:16","modified_gmt":"2026-03-12T00:42:16","slug":"pacific-grove-rcs-rplastica-30w-speaker-ipx7-nero","status":"publish","type":"product","link":"https:\/\/urban-vitamin.com\/it\/prodotto\/pacific-grove-rcs-rplastica-30w-speaker-ipx7-nero\/","title":{"rendered":"Pacific Grove RCS rPlastica 30W speaker IPX7, nero"},"content":{"rendered":"<p>Lo speaker wireless Pacific Grove ti offre la libert\u00e0 di ascoltare la musica senza alcuna limitazione. Questo robusto speaker da 30W \u00e8 stato realizzato per resistere a disverse condizioni, offrendo tutto ci\u00f2 che serve per un&#8217;esperienza musicale coinvolgente. Il pratico cordino integrato e il design durevole, il design IPX 7 resistente all&#8217;acqua ti permettono di portare con te i tuoi brani preferiti ovunque vai. Inoltre \u00e8 possibile collegare due speaker tra loro grazie alla funzione di accoppiamento stereo, creando un&#8217;autentica esperienza stereo. Una carica completa consente di riprodurre musica fino a 8 ore con una sola carica. I doppi sub woofers ti regaleranno un&#8217;esperienza di bassi ineguagliabile. Pacific Grove \u00e8 realizzato con ABS e PET riciclato certificati RCS. Contenuto riciclato totale: 36% in base al peso totale dell&#8217;articolo. La certificazione RCS garantisce una filiera completamente certificata dei materiali riciclati. Senza PVC, imballo a ridotto contenuto di plastica.<\/p>\n","protected":false},"excerpt":{"rendered":"<p>Lo speaker wireless Pacific Grove ti offre la libert\u00e0 di ascoltare la musica senza alcuna limitazione. Questo robusto speaker da 30W \u00e8 stato realizzato per resistere a disverse condizioni, offrendo tutto ci\u00f2 che serve per un&#8217;esperienza musicale coinvolgente. Il pratico cordino integrato e il design durevole, il design IPX 7 resistente all&#8217;acqua ti permettono di [&hellip;]<\/p>\n","protected":false},"featured_media":19075,"comment_status":"closed","ping_status":"closed","template":"","meta":{"_acf_changed":false,"om_disable_all_campaigns":false},"product_cat":[88,100],"product_tag":[],"class_list":["post-11269","product","type-product","status-publish","has-post-thumbnail","hentry","product_cat-uncategorized","product_cat-speaker","pa_color-black"],"acf":[],"yoast_head":"<!-- This site is optimized with the Yoast SEO plugin v27.0 - https:\/\/yoast.com\/product\/yoast-seo-wordpress\/ -->\n<title>Pacific Grove RCS rPlastica 30W speaker IPX7, nero - Urban Vitamin<\/title>\n<meta name=\"robots\" content=\"index, follow, max-snippet:-1, max-image-preview:large, max-video-preview:-1\" \/>\n<link rel=\"canonical\" href=\"https:\/\/urban-vitamin.com\/it\/prodotto\/pacific-grove-rcs-rplastica-30w-speaker-ipx7-nero\/\" \/>\n<meta property=\"og:locale\" content=\"it_IT\" \/>\n<meta property=\"og:type\" content=\"article\" \/>\n<meta property=\"og:title\" content=\"Pacific Grove RCS rPlastica 30W speaker IPX7, nero - Urban Vitamin\" \/>\n<meta property=\"og:description\" content=\"Lo speaker wireless Pacific Grove ti offre la libert\u00e0 di ascoltare la musica senza alcuna limitazione. Questo robusto speaker da 30W \u00e8 stato realizzato per resistere a disverse condizioni, offrendo tutto ci\u00f2 che serve per un&#8217;esperienza musicale coinvolgente. Il pratico cordino integrato e il design durevole, il design IPX 7 resistente all&#8217;acqua ti permettono di [&hellip;]\" \/>\n<meta property=\"og:url\" content=\"https:\/\/urban-vitamin.com\/it\/prodotto\/pacific-grove-rcs-rplastica-30w-speaker-ipx7-nero\/\" \/>\n<meta property=\"og:site_name\" content=\"Urban Vitamin\" \/>\n<meta property=\"og:image\" content=\"https:\/\/urban-vitamin.com\/wp-content\/uploads\/sites\/5\/2024\/05\/P331.511__S_0__9014c4827f1741c1a45384ab5761777d.jpg\" \/>\n\t<meta property=\"og:image:width\" content=\"1024\" \/>\n\t<meta property=\"og:image:height\" content=\"1024\" \/>\n\t<meta property=\"og:image:type\" content=\"image\/jpeg\" \/>\n<meta name=\"twitter:card\" content=\"summary_large_image\" \/>\n<meta name=\"twitter:label1\" content=\"Tempo di lettura stimato\" \/>\n\t<meta name=\"twitter:data1\" content=\"1 minuto\" \/>\n<script type=\"application\/ld+json\" class=\"yoast-schema-graph\">{\"@context\":\"https:\/\/schema.org\",\"@graph\":[{\"@type\":\"WebPage\",\"@id\":\"https:\/\/urban-vitamin.com\/it\/prodotto\/pacific-grove-rcs-rplastica-30w-speaker-ipx7-nero\/\",\"url\":\"https:\/\/urban-vitamin.com\/it\/prodotto\/pacific-grove-rcs-rplastica-30w-speaker-ipx7-nero\/\",\"name\":\"Pacific Grove RCS rPlastica 30W speaker IPX7, nero - Urban Vitamin\",\"isPartOf\":{\"@id\":\"https:\/\/urban-vitamin.com\/it\/#website\"},\"primaryImageOfPage\":{\"@id\":\"https:\/\/urban-vitamin.com\/it\/prodotto\/pacific-grove-rcs-rplastica-30w-speaker-ipx7-nero\/#primaryimage\"},\"image\":{\"@id\":\"https:\/\/urban-vitamin.com\/it\/prodotto\/pacific-grove-rcs-rplastica-30w-speaker-ipx7-nero\/#primaryimage\"},\"thumbnailUrl\":\"https:\/\/urban-vitamin.com\/wp-content\/uploads\/sites\/5\/2024\/05\/P331.511__S_0__9014c4827f1741c1a45384ab5761777d.jpg\",\"datePublished\":\"2026-03-12T01:08:24+00:00\",\"breadcrumb\":{\"@id\":\"https:\/\/urban-vitamin.com\/it\/prodotto\/pacific-grove-rcs-rplastica-30w-speaker-ipx7-nero\/#breadcrumb\"},\"inLanguage\":\"it-IT\",\"potentialAction\":[{\"@type\":\"ReadAction\",\"target\":[\"https:\/\/urban-vitamin.com\/it\/prodotto\/pacific-grove-rcs-rplastica-30w-speaker-ipx7-nero\/\"]}]},{\"@type\":\"ImageObject\",\"inLanguage\":\"it-IT\",\"@id\":\"https:\/\/urban-vitamin.com\/it\/prodotto\/pacific-grove-rcs-rplastica-30w-speaker-ipx7-nero\/#primaryimage\",\"url\":\"https:\/\/urban-vitamin.com\/wp-content\/uploads\/sites\/5\/2024\/05\/P331.511__S_0__9014c4827f1741c1a45384ab5761777d.jpg\",\"contentUrl\":\"https:\/\/urban-vitamin.com\/wp-content\/uploads\/sites\/5\/2024\/05\/P331.511__S_0__9014c4827f1741c1a45384ab5761777d.jpg\",\"width\":1024,\"height\":1024},{\"@type\":\"BreadcrumbList\",\"@id\":\"https:\/\/urban-vitamin.com\/it\/prodotto\/pacific-grove-rcs-rplastica-30w-speaker-ipx7-nero\/#breadcrumb\",\"itemListElement\":[{\"@type\":\"ListItem\",\"position\":1,\"name\":\"Home\",\"item\":\"https:\/\/urban-vitamin.com\/it\/\"},{\"@type\":\"ListItem\",\"position\":2,\"name\":\"Collezione\",\"item\":\"https:\/\/urban-vitamin.com\/it\/collezione\/\"},{\"@type\":\"ListItem\",\"position\":3,\"name\":\"Pacific Grove RCS rPlastica 30W speaker IPX7, nero\"}]},{\"@type\":\"WebSite\",\"@id\":\"https:\/\/urban-vitamin.com\/it\/#website\",\"url\":\"https:\/\/urban-vitamin.com\/it\/\",\"name\":\"Urban Vitamin\",\"description\":\"Enjoy your daily dose of Urban Vitamin!\",\"potentialAction\":[{\"@type\":\"SearchAction\",\"target\":{\"@type\":\"EntryPoint\",\"urlTemplate\":\"https:\/\/urban-vitamin.com\/it\/?s={search_term_string}\"},\"query-input\":{\"@type\":\"PropertyValueSpecification\",\"valueRequired\":true,\"valueName\":\"search_term_string\"}}],\"inLanguage\":\"it-IT\"}]}<\/script>\n<!-- \/ Yoast SEO plugin. -->","yoast_head_json":{"title":"Pacific Grove RCS rPlastica 30W speaker IPX7, nero - Urban Vitamin","robots":{"index":"index","follow":"follow","max-snippet":"max-snippet:-1","max-image-preview":"max-image-preview:large","max-video-preview":"max-video-preview:-1"},"canonical":"https:\/\/urban-vitamin.com\/it\/prodotto\/pacific-grove-rcs-rplastica-30w-speaker-ipx7-nero\/","og_locale":"it_IT","og_type":"article","og_title":"Pacific Grove RCS rPlastica 30W speaker IPX7, nero - Urban Vitamin","og_description":"Lo speaker wireless Pacific Grove ti offre la libert\u00e0 di ascoltare la musica senza alcuna limitazione. Questo robusto speaker da 30W \u00e8 stato realizzato per resistere a disverse condizioni, offrendo tutto ci\u00f2 che serve per un&#8217;esperienza musicale coinvolgente. Il pratico cordino integrato e il design durevole, il design IPX 7 resistente all&#8217;acqua ti permettono di [&hellip;]","og_url":"https:\/\/urban-vitamin.com\/it\/prodotto\/pacific-grove-rcs-rplastica-30w-speaker-ipx7-nero\/","og_site_name":"Urban Vitamin","og_image":[{"width":1024,"height":1024,"url":"https:\/\/urban-vitamin.com\/wp-content\/uploads\/sites\/5\/2024\/05\/P331.511__S_0__9014c4827f1741c1a45384ab5761777d.jpg","type":"image\/jpeg"}],"twitter_card":"summary_large_image","twitter_misc":{"Tempo di lettura stimato":"1 minuto"},"schema":{"@context":"https:\/\/schema.org","@graph":[{"@type":"WebPage","@id":"https:\/\/urban-vitamin.com\/it\/prodotto\/pacific-grove-rcs-rplastica-30w-speaker-ipx7-nero\/","url":"https:\/\/urban-vitamin.com\/it\/prodotto\/pacific-grove-rcs-rplastica-30w-speaker-ipx7-nero\/","name":"Pacific Grove RCS rPlastica 30W speaker IPX7, nero - Urban Vitamin","isPartOf":{"@id":"https:\/\/urban-vitamin.com\/it\/#website"},"primaryImageOfPage":{"@id":"https:\/\/urban-vitamin.com\/it\/prodotto\/pacific-grove-rcs-rplastica-30w-speaker-ipx7-nero\/#primaryimage"},"image":{"@id":"https:\/\/urban-vitamin.com\/it\/prodotto\/pacific-grove-rcs-rplastica-30w-speaker-ipx7-nero\/#primaryimage"},"thumbnailUrl":"https:\/\/urban-vitamin.com\/wp-content\/uploads\/sites\/5\/2024\/05\/P331.511__S_0__9014c4827f1741c1a45384ab5761777d.jpg","datePublished":"2026-03-12T01:08:24+00:00","breadcrumb":{"@id":"https:\/\/urban-vitamin.com\/it\/prodotto\/pacific-grove-rcs-rplastica-30w-speaker-ipx7-nero\/#breadcrumb"},"inLanguage":"it-IT","potentialAction":[{"@type":"ReadAction","target":["https:\/\/urban-vitamin.com\/it\/prodotto\/pacific-grove-rcs-rplastica-30w-speaker-ipx7-nero\/"]}]},{"@type":"ImageObject","inLanguage":"it-IT","@id":"https:\/\/urban-vitamin.com\/it\/prodotto\/pacific-grove-rcs-rplastica-30w-speaker-ipx7-nero\/#primaryimage","url":"https:\/\/urban-vitamin.com\/wp-content\/uploads\/sites\/5\/2024\/05\/P331.511__S_0__9014c4827f1741c1a45384ab5761777d.jpg","contentUrl":"https:\/\/urban-vitamin.com\/wp-content\/uploads\/sites\/5\/2024\/05\/P331.511__S_0__9014c4827f1741c1a45384ab5761777d.jpg","width":1024,"height":1024},{"@type":"BreadcrumbList","@id":"https:\/\/urban-vitamin.com\/it\/prodotto\/pacific-grove-rcs-rplastica-30w-speaker-ipx7-nero\/#breadcrumb","itemListElement":[{"@type":"ListItem","position":1,"name":"Home","item":"https:\/\/urban-vitamin.com\/it\/"},{"@type":"ListItem","position":2,"name":"Collezione","item":"https:\/\/urban-vitamin.com\/it\/collezione\/"},{"@type":"ListItem","position":3,"name":"Pacific Grove RCS rPlastica 30W speaker IPX7, nero"}]},{"@type":"WebSite","@id":"https:\/\/urban-vitamin.com\/it\/#website","url":"https:\/\/urban-vitamin.com\/it\/","name":"Urban Vitamin","description":"Enjoy your daily dose of Urban Vitamin!","potentialAction":[{"@type":"SearchAction","target":{"@type":"EntryPoint","urlTemplate":"https:\/\/urban-vitamin.com\/it\/?s={search_term_string}"},"query-input":{"@type":"PropertyValueSpecification","valueRequired":true,"valueName":"search_term_string"}}],"inLanguage":"it-IT"}]}},"_links":{"self":[{"href":"https:\/\/urban-vitamin.com\/it\/wp-json\/wp\/v2\/product\/11269","targetHints":{"allow":["GET"]}}],"collection":[{"href":"https:\/\/urban-vitamin.com\/it\/wp-json\/wp\/v2\/product"}],"about":[{"href":"https:\/\/urban-vitamin.com\/it\/wp-json\/wp\/v2\/types\/product"}],"replies":[{"embeddable":true,"href":"https:\/\/urban-vitamin.com\/it\/wp-json\/wp\/v2\/comments?post=11269"}],"wp:featuredmedia":[{"embeddable":true,"href":"https:\/\/urban-vitamin.com\/it\/wp-json\/wp\/v2\/media\/19075"}],"wp:attachment":[{"href":"https:\/\/urban-vitamin.com\/it\/wp-json\/wp\/v2\/media?parent=11269"}],"wp:term":[{"taxonomy":"product_cat","embeddable":true,"href":"https:\/\/urban-vitamin.com\/it\/wp-json\/wp\/v2\/product_cat?post=11269"},{"taxonomy":"product_tag","embeddable":true,"href":"https:\/\/urban-vitamin.com\/it\/wp-json\/wp\/v2\/product_tag?post=11269"}],"curies":[{"name":"wp","href":"https:\/\/api.w.org\/{rel}","templated":true}]}}