{"id":10581,"date":"2026-04-16T00:06:33","date_gmt":"2026-04-16T00:06:33","guid":{"rendered":"https:\/\/urban-vitamin.com\/compton-rcs-plastica-riciclata-alluminio-10-000mah-powerbank-nero\/"},"modified":"2026-04-15T23:40:24","modified_gmt":"2026-04-15T23:40:24","slug":"compton-rcs-plastica-riciclata-alluminio-10-000mah-powerbank","status":"publish","type":"product","link":"https:\/\/urban-vitamin.com\/it\/prodotto\/compton-rcs-plastica-riciclata-alluminio-10-000mah-powerbank\/","title":{"rendered":"Compton RCS plastica riciclata\/alluminio 10.000mAh powerbank"},"content":{"rendered":"<p>La tecnologia magnetica di Compton si collega facilmente al tuo iPhone 12 e ai modelli successivi, nonch\u00e9 ai telefoni Android di nuova generazione, garantendo una connessione senza soluzione di continuit\u00e0 per una ricarica rapidissima da 15W. Hai bisogno di una spinta veloce per superare la giornata? Compton supporta la ricarica veloce da 20W tramite la sua porta Type-C, sia per ricaricare la power bank stessa che per sovralimentare il tuo dispositivo. Niente pi\u00f9 attese \u2013 torna subito a ci\u00f2 che conta di pi\u00f9! Non potrebbe essere pi\u00f9 semplice \u2013 attacca Compton al tuo telefono, e guarda la magia avvenire! Il nostro design intelligente avvia la ricarica automaticamente nel momento in cui \u00e8 collegato, garantendo che i tuoi dispositivi siano sempre carichi quando ne hai bisogno. Crediamo in una qualit\u00e0 duratura, ecco perch\u00e9 Compton \u00e8 dotato di una batteria al cobalto da 10.000 mAh di alta qualit\u00e0 al 100%, garantita fino a1200 cicli di ricarica. In alluminio e ABS certificati RCS.<\/p>\n","protected":false},"excerpt":{"rendered":"<p>La tecnologia magnetica di Compton si collega facilmente al tuo iPhone 12 e ai modelli successivi, nonch\u00e9 ai telefoni Android di nuova generazione, garantendo una connessione senza soluzione di continuit\u00e0 per una ricarica rapidissima da 15W. Hai bisogno di una spinta veloce per superare la giornata? Compton supporta la ricarica veloce da 20W tramite la [&hellip;]<\/p>\n","protected":false},"featured_media":27692,"comment_status":"closed","ping_status":"closed","template":"","meta":{"_acf_changed":false,"om_disable_all_campaigns":false},"product_cat":[99],"product_tag":[],"class_list":["post-10581","product","type-product","status-publish","has-post-thumbnail","hentry","product_cat-powerbank","pa_color-black"],"acf":[],"yoast_head":"<!-- This site is optimized with the Yoast SEO plugin v27.0 - https:\/\/yoast.com\/product\/yoast-seo-wordpress\/ -->\n<title>Compton RCS plastica riciclata\/alluminio 10.000mAh powerbank - Urban Vitamin<\/title>\n<meta name=\"robots\" content=\"index, follow, max-snippet:-1, max-image-preview:large, max-video-preview:-1\" \/>\n<link rel=\"canonical\" href=\"https:\/\/urban-vitamin.com\/it\/prodotto\/compton-rcs-plastica-riciclata-alluminio-10-000mah-powerbank\/\" \/>\n<meta property=\"og:locale\" content=\"it_IT\" \/>\n<meta property=\"og:type\" content=\"article\" \/>\n<meta property=\"og:title\" content=\"Compton RCS plastica riciclata\/alluminio 10.000mAh powerbank - Urban Vitamin\" \/>\n<meta property=\"og:description\" content=\"La tecnologia magnetica di Compton si collega facilmente al tuo iPhone 12 e ai modelli successivi, nonch\u00e9 ai telefoni Android di nuova generazione, garantendo una connessione senza soluzione di continuit\u00e0 per una ricarica rapidissima da 15W. Hai bisogno di una spinta veloce per superare la giornata? Compton supporta la ricarica veloce da 20W tramite la [&hellip;]\" \/>\n<meta property=\"og:url\" content=\"https:\/\/urban-vitamin.com\/it\/prodotto\/compton-rcs-plastica-riciclata-alluminio-10-000mah-powerbank\/\" \/>\n<meta property=\"og:site_name\" content=\"Urban Vitamin\" \/>\n<meta property=\"og:image\" content=\"https:\/\/urban-vitamin.com\/wp-content\/uploads\/sites\/5\/2024\/02\/P322.841__S_0__ee1b3d0149b8423bb657aae8b0b0f4bf.jpg\" \/>\n\t<meta property=\"og:image:width\" content=\"1024\" \/>\n\t<meta property=\"og:image:height\" content=\"1024\" \/>\n\t<meta property=\"og:image:type\" content=\"image\/jpeg\" \/>\n<meta name=\"twitter:card\" content=\"summary_large_image\" \/>\n<meta name=\"twitter:label1\" content=\"Tempo di lettura stimato\" \/>\n\t<meta name=\"twitter:data1\" content=\"1 minuto\" \/>\n<script type=\"application\/ld+json\" class=\"yoast-schema-graph\">{\"@context\":\"https:\/\/schema.org\",\"@graph\":[{\"@type\":\"WebPage\",\"@id\":\"https:\/\/urban-vitamin.com\/it\/prodotto\/compton-rcs-plastica-riciclata-alluminio-10-000mah-powerbank\/\",\"url\":\"https:\/\/urban-vitamin.com\/it\/prodotto\/compton-rcs-plastica-riciclata-alluminio-10-000mah-powerbank\/\",\"name\":\"Compton RCS plastica riciclata\/alluminio 10.000mAh powerbank - Urban Vitamin\",\"isPartOf\":{\"@id\":\"https:\/\/urban-vitamin.com\/it\/#website\"},\"primaryImageOfPage\":{\"@id\":\"https:\/\/urban-vitamin.com\/it\/prodotto\/compton-rcs-plastica-riciclata-alluminio-10-000mah-powerbank\/#primaryimage\"},\"image\":{\"@id\":\"https:\/\/urban-vitamin.com\/it\/prodotto\/compton-rcs-plastica-riciclata-alluminio-10-000mah-powerbank\/#primaryimage\"},\"thumbnailUrl\":\"https:\/\/urban-vitamin.com\/wp-content\/uploads\/sites\/5\/2026\/04\/P322.841__S_0__b74d9b8fa95f47ada34744c789a91f33.jpg\",\"datePublished\":\"2026-04-16T00:06:33+00:00\",\"breadcrumb\":{\"@id\":\"https:\/\/urban-vitamin.com\/it\/prodotto\/compton-rcs-plastica-riciclata-alluminio-10-000mah-powerbank\/#breadcrumb\"},\"inLanguage\":\"it-IT\",\"potentialAction\":[{\"@type\":\"ReadAction\",\"target\":[\"https:\/\/urban-vitamin.com\/it\/prodotto\/compton-rcs-plastica-riciclata-alluminio-10-000mah-powerbank\/\"]}]},{\"@type\":\"ImageObject\",\"inLanguage\":\"it-IT\",\"@id\":\"https:\/\/urban-vitamin.com\/it\/prodotto\/compton-rcs-plastica-riciclata-alluminio-10-000mah-powerbank\/#primaryimage\",\"url\":\"https:\/\/urban-vitamin.com\/wp-content\/uploads\/sites\/5\/2026\/04\/P322.841__S_0__b74d9b8fa95f47ada34744c789a91f33.jpg\",\"contentUrl\":\"https:\/\/urban-vitamin.com\/wp-content\/uploads\/sites\/5\/2026\/04\/P322.841__S_0__b74d9b8fa95f47ada34744c789a91f33.jpg\",\"width\":1024,\"height\":1024},{\"@type\":\"BreadcrumbList\",\"@id\":\"https:\/\/urban-vitamin.com\/it\/prodotto\/compton-rcs-plastica-riciclata-alluminio-10-000mah-powerbank\/#breadcrumb\",\"itemListElement\":[{\"@type\":\"ListItem\",\"position\":1,\"name\":\"Home\",\"item\":\"https:\/\/urban-vitamin.com\/it\/\"},{\"@type\":\"ListItem\",\"position\":2,\"name\":\"Collezione\",\"item\":\"https:\/\/urban-vitamin.com\/it\/collezione\/\"},{\"@type\":\"ListItem\",\"position\":3,\"name\":\"Compton RCS plastica riciclata\/alluminio 10.000mAh powerbank\"}]},{\"@type\":\"WebSite\",\"@id\":\"https:\/\/urban-vitamin.com\/it\/#website\",\"url\":\"https:\/\/urban-vitamin.com\/it\/\",\"name\":\"Urban Vitamin\",\"description\":\"Enjoy your daily dose of Urban Vitamin!\",\"potentialAction\":[{\"@type\":\"SearchAction\",\"target\":{\"@type\":\"EntryPoint\",\"urlTemplate\":\"https:\/\/urban-vitamin.com\/it\/?s={search_term_string}\"},\"query-input\":{\"@type\":\"PropertyValueSpecification\",\"valueRequired\":true,\"valueName\":\"search_term_string\"}}],\"inLanguage\":\"it-IT\"}]}<\/script>\n<!-- \/ Yoast SEO plugin. -->","yoast_head_json":{"title":"Compton RCS plastica riciclata\/alluminio 10.000mAh powerbank - Urban Vitamin","robots":{"index":"index","follow":"follow","max-snippet":"max-snippet:-1","max-image-preview":"max-image-preview:large","max-video-preview":"max-video-preview:-1"},"canonical":"https:\/\/urban-vitamin.com\/it\/prodotto\/compton-rcs-plastica-riciclata-alluminio-10-000mah-powerbank\/","og_locale":"it_IT","og_type":"article","og_title":"Compton RCS plastica riciclata\/alluminio 10.000mAh powerbank - Urban Vitamin","og_description":"La tecnologia magnetica di Compton si collega facilmente al tuo iPhone 12 e ai modelli successivi, nonch\u00e9 ai telefoni Android di nuova generazione, garantendo una connessione senza soluzione di continuit\u00e0 per una ricarica rapidissima da 15W. Hai bisogno di una spinta veloce per superare la giornata? Compton supporta la ricarica veloce da 20W tramite la [&hellip;]","og_url":"https:\/\/urban-vitamin.com\/it\/prodotto\/compton-rcs-plastica-riciclata-alluminio-10-000mah-powerbank\/","og_site_name":"Urban Vitamin","og_image":[{"width":1024,"height":1024,"url":"https:\/\/urban-vitamin.com\/wp-content\/uploads\/sites\/5\/2024\/02\/P322.841__S_0__ee1b3d0149b8423bb657aae8b0b0f4bf.jpg","type":"image\/jpeg"}],"twitter_card":"summary_large_image","twitter_misc":{"Tempo di lettura stimato":"1 minuto"},"schema":{"@context":"https:\/\/schema.org","@graph":[{"@type":"WebPage","@id":"https:\/\/urban-vitamin.com\/it\/prodotto\/compton-rcs-plastica-riciclata-alluminio-10-000mah-powerbank\/","url":"https:\/\/urban-vitamin.com\/it\/prodotto\/compton-rcs-plastica-riciclata-alluminio-10-000mah-powerbank\/","name":"Compton RCS plastica riciclata\/alluminio 10.000mAh powerbank - Urban Vitamin","isPartOf":{"@id":"https:\/\/urban-vitamin.com\/it\/#website"},"primaryImageOfPage":{"@id":"https:\/\/urban-vitamin.com\/it\/prodotto\/compton-rcs-plastica-riciclata-alluminio-10-000mah-powerbank\/#primaryimage"},"image":{"@id":"https:\/\/urban-vitamin.com\/it\/prodotto\/compton-rcs-plastica-riciclata-alluminio-10-000mah-powerbank\/#primaryimage"},"thumbnailUrl":"https:\/\/urban-vitamin.com\/wp-content\/uploads\/sites\/5\/2026\/04\/P322.841__S_0__b74d9b8fa95f47ada34744c789a91f33.jpg","datePublished":"2026-04-16T00:06:33+00:00","breadcrumb":{"@id":"https:\/\/urban-vitamin.com\/it\/prodotto\/compton-rcs-plastica-riciclata-alluminio-10-000mah-powerbank\/#breadcrumb"},"inLanguage":"it-IT","potentialAction":[{"@type":"ReadAction","target":["https:\/\/urban-vitamin.com\/it\/prodotto\/compton-rcs-plastica-riciclata-alluminio-10-000mah-powerbank\/"]}]},{"@type":"ImageObject","inLanguage":"it-IT","@id":"https:\/\/urban-vitamin.com\/it\/prodotto\/compton-rcs-plastica-riciclata-alluminio-10-000mah-powerbank\/#primaryimage","url":"https:\/\/urban-vitamin.com\/wp-content\/uploads\/sites\/5\/2026\/04\/P322.841__S_0__b74d9b8fa95f47ada34744c789a91f33.jpg","contentUrl":"https:\/\/urban-vitamin.com\/wp-content\/uploads\/sites\/5\/2026\/04\/P322.841__S_0__b74d9b8fa95f47ada34744c789a91f33.jpg","width":1024,"height":1024},{"@type":"BreadcrumbList","@id":"https:\/\/urban-vitamin.com\/it\/prodotto\/compton-rcs-plastica-riciclata-alluminio-10-000mah-powerbank\/#breadcrumb","itemListElement":[{"@type":"ListItem","position":1,"name":"Home","item":"https:\/\/urban-vitamin.com\/it\/"},{"@type":"ListItem","position":2,"name":"Collezione","item":"https:\/\/urban-vitamin.com\/it\/collezione\/"},{"@type":"ListItem","position":3,"name":"Compton RCS plastica riciclata\/alluminio 10.000mAh powerbank"}]},{"@type":"WebSite","@id":"https:\/\/urban-vitamin.com\/it\/#website","url":"https:\/\/urban-vitamin.com\/it\/","name":"Urban Vitamin","description":"Enjoy your daily dose of Urban Vitamin!","potentialAction":[{"@type":"SearchAction","target":{"@type":"EntryPoint","urlTemplate":"https:\/\/urban-vitamin.com\/it\/?s={search_term_string}"},"query-input":{"@type":"PropertyValueSpecification","valueRequired":true,"valueName":"search_term_string"}}],"inLanguage":"it-IT"}]}},"_links":{"self":[{"href":"https:\/\/urban-vitamin.com\/it\/wp-json\/wp\/v2\/product\/10581","targetHints":{"allow":["GET"]}}],"collection":[{"href":"https:\/\/urban-vitamin.com\/it\/wp-json\/wp\/v2\/product"}],"about":[{"href":"https:\/\/urban-vitamin.com\/it\/wp-json\/wp\/v2\/types\/product"}],"replies":[{"embeddable":true,"href":"https:\/\/urban-vitamin.com\/it\/wp-json\/wp\/v2\/comments?post=10581"}],"wp:featuredmedia":[{"embeddable":true,"href":"https:\/\/urban-vitamin.com\/it\/wp-json\/wp\/v2\/media\/27692"}],"wp:attachment":[{"href":"https:\/\/urban-vitamin.com\/it\/wp-json\/wp\/v2\/media?parent=10581"}],"wp:term":[{"taxonomy":"product_cat","embeddable":true,"href":"https:\/\/urban-vitamin.com\/it\/wp-json\/wp\/v2\/product_cat?post=10581"},{"taxonomy":"product_tag","embeddable":true,"href":"https:\/\/urban-vitamin.com\/it\/wp-json\/wp\/v2\/product_tag?post=10581"}],"curies":[{"name":"wp","href":"https:\/\/api.w.org\/{rel}","templated":true}]}}