{"id":10580,"date":"2026-03-12T01:06:52","date_gmt":"2026-03-12T01:06:52","guid":{"rendered":"https:\/\/urban-vitamin.com\/powerbank-urban-vitamin-malibu-5000-mah-pla-alu-riciclati-color-argento\/"},"modified":"2026-03-12T00:40:45","modified_gmt":"2026-03-12T00:40:45","slug":"powerbank-malibu-5000-mah-pla-alu-riciclati-color-argento","status":"publish","type":"product","link":"https:\/\/urban-vitamin.com\/it\/prodotto\/powerbank-malibu-5000-mah-pla-alu-riciclati-color-argento\/","title":{"rendered":"Powerbank Malibu 5000 mah pla\/alu riciclati, color argento"},"content":{"rendered":"<p>Grazie alla tecnologia magnetica di Malibu si aggancia facilmente al tuo iPhone 12 e successivi, cos\u00ec come ai telefoni Android di nuova generazione, garantendo una connessione perfetta per una ricarica rapida da 15W. Hai bisogno di una ricarica rapida per affrontare la giornata? Malibu supporta la ricarica rapida a 20W tramite la porta Type-C, sia per ricaricarsi che per ricaricare il tuo dispositivo. Non potrebbe essere pi\u00f9 semplice: clicca su Malibu sul tuo telefono e assisti alla magia! Il nostro design intelligente avvia automaticamente la carica nel momento in cui viene collegato, assicurando che i tuoi dispositivi siano sempre carichi nel momento in cui ne avrai bisogno. Include caricatore per iWatch. Crediamo nella qualit\u00e0 che dura nel tempo, ed \u00e8 per questo che Malibu \u00e8 dotata di una batteria ultra sottile di alta qualit\u00e0 da 5.000 mah 100% cobalto, garantita fino a 1200 cicli di ricarica. Realizzata con alluminio e ABS RCS.<\/p>\n","protected":false},"excerpt":{"rendered":"<p>Grazie alla tecnologia magnetica di Malibu si aggancia facilmente al tuo iPhone 12 e successivi, cos\u00ec come ai telefoni Android di nuova generazione, garantendo una connessione perfetta per una ricarica rapida da 15W. Hai bisogno di una ricarica rapida per affrontare la giornata? Malibu supporta la ricarica rapida a 20W tramite la porta Type-C, sia [&hellip;]<\/p>\n","protected":false},"featured_media":13747,"comment_status":"closed","ping_status":"closed","template":"","meta":{"_acf_changed":false,"om_disable_all_campaigns":false},"product_cat":[99],"product_tag":[],"class_list":["post-10580","product","type-product","status-publish","has-post-thumbnail","hentry","product_cat-powerbank","pa_color-silver"],"acf":[],"yoast_head":"<!-- This site is optimized with the Yoast SEO plugin v27.0 - https:\/\/yoast.com\/product\/yoast-seo-wordpress\/ -->\n<title>Powerbank Malibu 5000 mah pla\/alu riciclati, color argento - Urban Vitamin<\/title>\n<meta name=\"robots\" content=\"index, follow, max-snippet:-1, max-image-preview:large, max-video-preview:-1\" \/>\n<link rel=\"canonical\" href=\"https:\/\/urban-vitamin.com\/it\/prodotto\/powerbank-malibu-5000-mah-pla-alu-riciclati-color-argento\/\" \/>\n<meta property=\"og:locale\" content=\"it_IT\" \/>\n<meta property=\"og:type\" content=\"article\" \/>\n<meta property=\"og:title\" content=\"Powerbank Malibu 5000 mah pla\/alu riciclati, color argento - Urban Vitamin\" \/>\n<meta property=\"og:description\" content=\"Grazie alla tecnologia magnetica di Malibu si aggancia facilmente al tuo iPhone 12 e successivi, cos\u00ec come ai telefoni Android di nuova generazione, garantendo una connessione perfetta per una ricarica rapida da 15W. Hai bisogno di una ricarica rapida per affrontare la giornata? Malibu supporta la ricarica rapida a 20W tramite la porta Type-C, sia [&hellip;]\" \/>\n<meta property=\"og:url\" content=\"https:\/\/urban-vitamin.com\/it\/prodotto\/powerbank-malibu-5000-mah-pla-alu-riciclati-color-argento\/\" \/>\n<meta property=\"og:site_name\" content=\"Urban Vitamin\" \/>\n<meta property=\"og:image\" content=\"https:\/\/urban-vitamin.com\/wp-content\/uploads\/sites\/5\/2024\/02\/P322.832__S_0__8a7a445828d949398fe1562649c0c3a3.jpg\" \/>\n\t<meta property=\"og:image:width\" content=\"1024\" \/>\n\t<meta property=\"og:image:height\" content=\"1024\" \/>\n\t<meta property=\"og:image:type\" content=\"image\/jpeg\" \/>\n<meta name=\"twitter:card\" content=\"summary_large_image\" \/>\n<meta name=\"twitter:label1\" content=\"Tempo di lettura stimato\" \/>\n\t<meta name=\"twitter:data1\" content=\"1 minuto\" \/>\n<script type=\"application\/ld+json\" class=\"yoast-schema-graph\">{\"@context\":\"https:\/\/schema.org\",\"@graph\":[{\"@type\":\"WebPage\",\"@id\":\"https:\/\/urban-vitamin.com\/it\/prodotto\/powerbank-malibu-5000-mah-pla-alu-riciclati-color-argento\/\",\"url\":\"https:\/\/urban-vitamin.com\/it\/prodotto\/powerbank-malibu-5000-mah-pla-alu-riciclati-color-argento\/\",\"name\":\"Powerbank Malibu 5000 mah pla\/alu riciclati, color argento - Urban Vitamin\",\"isPartOf\":{\"@id\":\"https:\/\/urban-vitamin.com\/it\/#website\"},\"primaryImageOfPage\":{\"@id\":\"https:\/\/urban-vitamin.com\/it\/prodotto\/powerbank-malibu-5000-mah-pla-alu-riciclati-color-argento\/#primaryimage\"},\"image\":{\"@id\":\"https:\/\/urban-vitamin.com\/it\/prodotto\/powerbank-malibu-5000-mah-pla-alu-riciclati-color-argento\/#primaryimage\"},\"thumbnailUrl\":\"https:\/\/urban-vitamin.com\/wp-content\/uploads\/sites\/5\/2024\/02\/P322.832__S_0__8a7a445828d949398fe1562649c0c3a3.jpg\",\"datePublished\":\"2026-03-12T01:06:52+00:00\",\"breadcrumb\":{\"@id\":\"https:\/\/urban-vitamin.com\/it\/prodotto\/powerbank-malibu-5000-mah-pla-alu-riciclati-color-argento\/#breadcrumb\"},\"inLanguage\":\"it-IT\",\"potentialAction\":[{\"@type\":\"ReadAction\",\"target\":[\"https:\/\/urban-vitamin.com\/it\/prodotto\/powerbank-malibu-5000-mah-pla-alu-riciclati-color-argento\/\"]}]},{\"@type\":\"ImageObject\",\"inLanguage\":\"it-IT\",\"@id\":\"https:\/\/urban-vitamin.com\/it\/prodotto\/powerbank-malibu-5000-mah-pla-alu-riciclati-color-argento\/#primaryimage\",\"url\":\"https:\/\/urban-vitamin.com\/wp-content\/uploads\/sites\/5\/2024\/02\/P322.832__S_0__8a7a445828d949398fe1562649c0c3a3.jpg\",\"contentUrl\":\"https:\/\/urban-vitamin.com\/wp-content\/uploads\/sites\/5\/2024\/02\/P322.832__S_0__8a7a445828d949398fe1562649c0c3a3.jpg\",\"width\":1024,\"height\":1024},{\"@type\":\"BreadcrumbList\",\"@id\":\"https:\/\/urban-vitamin.com\/it\/prodotto\/powerbank-malibu-5000-mah-pla-alu-riciclati-color-argento\/#breadcrumb\",\"itemListElement\":[{\"@type\":\"ListItem\",\"position\":1,\"name\":\"Home\",\"item\":\"https:\/\/urban-vitamin.com\/it\/\"},{\"@type\":\"ListItem\",\"position\":2,\"name\":\"Collezione\",\"item\":\"https:\/\/urban-vitamin.com\/it\/collezione\/\"},{\"@type\":\"ListItem\",\"position\":3,\"name\":\"Powerbank Malibu 5000 mah pla\/alu riciclati, color argento\"}]},{\"@type\":\"WebSite\",\"@id\":\"https:\/\/urban-vitamin.com\/it\/#website\",\"url\":\"https:\/\/urban-vitamin.com\/it\/\",\"name\":\"Urban Vitamin\",\"description\":\"Enjoy your daily dose of Urban Vitamin!\",\"potentialAction\":[{\"@type\":\"SearchAction\",\"target\":{\"@type\":\"EntryPoint\",\"urlTemplate\":\"https:\/\/urban-vitamin.com\/it\/?s={search_term_string}\"},\"query-input\":{\"@type\":\"PropertyValueSpecification\",\"valueRequired\":true,\"valueName\":\"search_term_string\"}}],\"inLanguage\":\"it-IT\"}]}<\/script>\n<!-- \/ Yoast SEO plugin. -->","yoast_head_json":{"title":"Powerbank Malibu 5000 mah pla\/alu riciclati, color argento - Urban Vitamin","robots":{"index":"index","follow":"follow","max-snippet":"max-snippet:-1","max-image-preview":"max-image-preview:large","max-video-preview":"max-video-preview:-1"},"canonical":"https:\/\/urban-vitamin.com\/it\/prodotto\/powerbank-malibu-5000-mah-pla-alu-riciclati-color-argento\/","og_locale":"it_IT","og_type":"article","og_title":"Powerbank Malibu 5000 mah pla\/alu riciclati, color argento - Urban Vitamin","og_description":"Grazie alla tecnologia magnetica di Malibu si aggancia facilmente al tuo iPhone 12 e successivi, cos\u00ec come ai telefoni Android di nuova generazione, garantendo una connessione perfetta per una ricarica rapida da 15W. Hai bisogno di una ricarica rapida per affrontare la giornata? Malibu supporta la ricarica rapida a 20W tramite la porta Type-C, sia [&hellip;]","og_url":"https:\/\/urban-vitamin.com\/it\/prodotto\/powerbank-malibu-5000-mah-pla-alu-riciclati-color-argento\/","og_site_name":"Urban Vitamin","og_image":[{"width":1024,"height":1024,"url":"https:\/\/urban-vitamin.com\/wp-content\/uploads\/sites\/5\/2024\/02\/P322.832__S_0__8a7a445828d949398fe1562649c0c3a3.jpg","type":"image\/jpeg"}],"twitter_card":"summary_large_image","twitter_misc":{"Tempo di lettura stimato":"1 minuto"},"schema":{"@context":"https:\/\/schema.org","@graph":[{"@type":"WebPage","@id":"https:\/\/urban-vitamin.com\/it\/prodotto\/powerbank-malibu-5000-mah-pla-alu-riciclati-color-argento\/","url":"https:\/\/urban-vitamin.com\/it\/prodotto\/powerbank-malibu-5000-mah-pla-alu-riciclati-color-argento\/","name":"Powerbank Malibu 5000 mah pla\/alu riciclati, color argento - Urban Vitamin","isPartOf":{"@id":"https:\/\/urban-vitamin.com\/it\/#website"},"primaryImageOfPage":{"@id":"https:\/\/urban-vitamin.com\/it\/prodotto\/powerbank-malibu-5000-mah-pla-alu-riciclati-color-argento\/#primaryimage"},"image":{"@id":"https:\/\/urban-vitamin.com\/it\/prodotto\/powerbank-malibu-5000-mah-pla-alu-riciclati-color-argento\/#primaryimage"},"thumbnailUrl":"https:\/\/urban-vitamin.com\/wp-content\/uploads\/sites\/5\/2024\/02\/P322.832__S_0__8a7a445828d949398fe1562649c0c3a3.jpg","datePublished":"2026-03-12T01:06:52+00:00","breadcrumb":{"@id":"https:\/\/urban-vitamin.com\/it\/prodotto\/powerbank-malibu-5000-mah-pla-alu-riciclati-color-argento\/#breadcrumb"},"inLanguage":"it-IT","potentialAction":[{"@type":"ReadAction","target":["https:\/\/urban-vitamin.com\/it\/prodotto\/powerbank-malibu-5000-mah-pla-alu-riciclati-color-argento\/"]}]},{"@type":"ImageObject","inLanguage":"it-IT","@id":"https:\/\/urban-vitamin.com\/it\/prodotto\/powerbank-malibu-5000-mah-pla-alu-riciclati-color-argento\/#primaryimage","url":"https:\/\/urban-vitamin.com\/wp-content\/uploads\/sites\/5\/2024\/02\/P322.832__S_0__8a7a445828d949398fe1562649c0c3a3.jpg","contentUrl":"https:\/\/urban-vitamin.com\/wp-content\/uploads\/sites\/5\/2024\/02\/P322.832__S_0__8a7a445828d949398fe1562649c0c3a3.jpg","width":1024,"height":1024},{"@type":"BreadcrumbList","@id":"https:\/\/urban-vitamin.com\/it\/prodotto\/powerbank-malibu-5000-mah-pla-alu-riciclati-color-argento\/#breadcrumb","itemListElement":[{"@type":"ListItem","position":1,"name":"Home","item":"https:\/\/urban-vitamin.com\/it\/"},{"@type":"ListItem","position":2,"name":"Collezione","item":"https:\/\/urban-vitamin.com\/it\/collezione\/"},{"@type":"ListItem","position":3,"name":"Powerbank Malibu 5000 mah pla\/alu riciclati, color argento"}]},{"@type":"WebSite","@id":"https:\/\/urban-vitamin.com\/it\/#website","url":"https:\/\/urban-vitamin.com\/it\/","name":"Urban Vitamin","description":"Enjoy your daily dose of Urban Vitamin!","potentialAction":[{"@type":"SearchAction","target":{"@type":"EntryPoint","urlTemplate":"https:\/\/urban-vitamin.com\/it\/?s={search_term_string}"},"query-input":{"@type":"PropertyValueSpecification","valueRequired":true,"valueName":"search_term_string"}}],"inLanguage":"it-IT"}]}},"_links":{"self":[{"href":"https:\/\/urban-vitamin.com\/it\/wp-json\/wp\/v2\/product\/10580","targetHints":{"allow":["GET"]}}],"collection":[{"href":"https:\/\/urban-vitamin.com\/it\/wp-json\/wp\/v2\/product"}],"about":[{"href":"https:\/\/urban-vitamin.com\/it\/wp-json\/wp\/v2\/types\/product"}],"replies":[{"embeddable":true,"href":"https:\/\/urban-vitamin.com\/it\/wp-json\/wp\/v2\/comments?post=10580"}],"wp:featuredmedia":[{"embeddable":true,"href":"https:\/\/urban-vitamin.com\/it\/wp-json\/wp\/v2\/media\/13747"}],"wp:attachment":[{"href":"https:\/\/urban-vitamin.com\/it\/wp-json\/wp\/v2\/media?parent=10580"}],"wp:term":[{"taxonomy":"product_cat","embeddable":true,"href":"https:\/\/urban-vitamin.com\/it\/wp-json\/wp\/v2\/product_cat?post=10580"},{"taxonomy":"product_tag","embeddable":true,"href":"https:\/\/urban-vitamin.com\/it\/wp-json\/wp\/v2\/product_tag?post=10580"}],"curies":[{"name":"wp","href":"https:\/\/api.w.org\/{rel}","templated":true}]}}