{"id":10579,"date":"2026-03-12T01:06:52","date_gmt":"2026-03-12T01:06:52","guid":{"rendered":"https:\/\/urban-vitamin.com\/powerbank-urban-vitamin-richmond-5000-mah-pla-alu-riciclati-color-argento\/"},"modified":"2026-03-12T00:40:44","modified_gmt":"2026-03-12T00:40:44","slug":"powerbank-richmond-5000-mah-pla-alu-riciclati-color-argento","status":"publish","type":"product","link":"https:\/\/urban-vitamin.com\/it\/prodotto\/powerbank-richmond-5000-mah-pla-alu-riciclati-color-argento\/","title":{"rendered":"Powerbank Richmond 5000 mah pla\/alu riciclati, color argento"},"content":{"rendered":"<p>Grazie alla tecnologia magnetica, Richmond si aggancia facilmente all&#8217;iPhone 12 e successivi, nonch\u00e9 ai telefoni Android di nuova generazione, assicurando una connessione perfetta per una ricarica veloce a 15W. Supporta la ricarica rapida a 20W tramite la porta Type-C, sia per ricaricarsi che per ricaricare il dispositivo. Non potrebbe essere pi\u00f9 semplice: basta inserire Richmond nel telefono e assistere alla magia! Il nostro design intelligente avvia automaticamente la ricarica nel momento in cui viene collegato, assicurando che i vostri dispositivi siano sempre carichi di energia quando ne avete bisogno. Crediamo nella qualit\u00e0 che dura nel tempo, ed \u00e8 per questo che Richmond \u00e8 dotata di una batteria di alta qualit\u00e0 da 5000 mah al 100% di cobalto. Questa batteria dura pi\u00f9 a lungo e ha prestazioni migliori rispetto alle normali batterie al litio. Realizzata con alluminio e ABS riciclati certificati RCS (Recycled Claim Standard).<\/p>\n","protected":false},"excerpt":{"rendered":"<p>Grazie alla tecnologia magnetica, Richmond si aggancia facilmente all&#8217;iPhone 12 e successivi, nonch\u00e9 ai telefoni Android di nuova generazione, assicurando una connessione perfetta per una ricarica veloce a 15W. Supporta la ricarica rapida a 20W tramite la porta Type-C, sia per ricaricarsi che per ricaricare il dispositivo. Non potrebbe essere pi\u00f9 semplice: basta inserire Richmond [&hellip;]<\/p>\n","protected":false},"featured_media":13621,"comment_status":"closed","ping_status":"closed","template":"","meta":{"_acf_changed":false,"om_disable_all_campaigns":false},"product_cat":[99],"product_tag":[],"class_list":["post-10579","product","type-product","status-publish","has-post-thumbnail","hentry","product_cat-powerbank","pa_color-silver"],"acf":[],"yoast_head":"<!-- This site is optimized with the Yoast SEO plugin v27.0 - https:\/\/yoast.com\/product\/yoast-seo-wordpress\/ -->\n<title>Powerbank Richmond 5000 mah pla\/alu riciclati, color argento - Urban Vitamin<\/title>\n<meta name=\"robots\" content=\"index, follow, max-snippet:-1, max-image-preview:large, max-video-preview:-1\" \/>\n<link rel=\"canonical\" href=\"https:\/\/urban-vitamin.com\/it\/prodotto\/powerbank-richmond-5000-mah-pla-alu-riciclati-color-argento\/\" \/>\n<meta property=\"og:locale\" content=\"it_IT\" \/>\n<meta property=\"og:type\" content=\"article\" \/>\n<meta property=\"og:title\" content=\"Powerbank Richmond 5000 mah pla\/alu riciclati, color argento - Urban Vitamin\" \/>\n<meta property=\"og:description\" content=\"Grazie alla tecnologia magnetica, Richmond si aggancia facilmente all&#8217;iPhone 12 e successivi, nonch\u00e9 ai telefoni Android di nuova generazione, assicurando una connessione perfetta per una ricarica veloce a 15W. Supporta la ricarica rapida a 20W tramite la porta Type-C, sia per ricaricarsi che per ricaricare il dispositivo. Non potrebbe essere pi\u00f9 semplice: basta inserire Richmond [&hellip;]\" \/>\n<meta property=\"og:url\" content=\"https:\/\/urban-vitamin.com\/it\/prodotto\/powerbank-richmond-5000-mah-pla-alu-riciclati-color-argento\/\" \/>\n<meta property=\"og:site_name\" content=\"Urban Vitamin\" \/>\n<meta property=\"og:image\" content=\"https:\/\/urban-vitamin.com\/wp-content\/uploads\/sites\/5\/2024\/02\/P322.822__S_0__cd7be8b5230340ce8f1ba4493f68c230.jpg\" \/>\n\t<meta property=\"og:image:width\" content=\"1024\" \/>\n\t<meta property=\"og:image:height\" content=\"1024\" \/>\n\t<meta property=\"og:image:type\" content=\"image\/jpeg\" \/>\n<meta name=\"twitter:card\" content=\"summary_large_image\" \/>\n<meta name=\"twitter:label1\" content=\"Tempo di lettura stimato\" \/>\n\t<meta name=\"twitter:data1\" content=\"1 minuto\" \/>\n<script type=\"application\/ld+json\" class=\"yoast-schema-graph\">{\"@context\":\"https:\/\/schema.org\",\"@graph\":[{\"@type\":\"WebPage\",\"@id\":\"https:\/\/urban-vitamin.com\/it\/prodotto\/powerbank-richmond-5000-mah-pla-alu-riciclati-color-argento\/\",\"url\":\"https:\/\/urban-vitamin.com\/it\/prodotto\/powerbank-richmond-5000-mah-pla-alu-riciclati-color-argento\/\",\"name\":\"Powerbank Richmond 5000 mah pla\/alu riciclati, color argento - Urban Vitamin\",\"isPartOf\":{\"@id\":\"https:\/\/urban-vitamin.com\/it\/#website\"},\"primaryImageOfPage\":{\"@id\":\"https:\/\/urban-vitamin.com\/it\/prodotto\/powerbank-richmond-5000-mah-pla-alu-riciclati-color-argento\/#primaryimage\"},\"image\":{\"@id\":\"https:\/\/urban-vitamin.com\/it\/prodotto\/powerbank-richmond-5000-mah-pla-alu-riciclati-color-argento\/#primaryimage\"},\"thumbnailUrl\":\"https:\/\/urban-vitamin.com\/wp-content\/uploads\/sites\/5\/2024\/02\/P322.822__S_0__cd7be8b5230340ce8f1ba4493f68c230.jpg\",\"datePublished\":\"2026-03-12T01:06:52+00:00\",\"breadcrumb\":{\"@id\":\"https:\/\/urban-vitamin.com\/it\/prodotto\/powerbank-richmond-5000-mah-pla-alu-riciclati-color-argento\/#breadcrumb\"},\"inLanguage\":\"it-IT\",\"potentialAction\":[{\"@type\":\"ReadAction\",\"target\":[\"https:\/\/urban-vitamin.com\/it\/prodotto\/powerbank-richmond-5000-mah-pla-alu-riciclati-color-argento\/\"]}]},{\"@type\":\"ImageObject\",\"inLanguage\":\"it-IT\",\"@id\":\"https:\/\/urban-vitamin.com\/it\/prodotto\/powerbank-richmond-5000-mah-pla-alu-riciclati-color-argento\/#primaryimage\",\"url\":\"https:\/\/urban-vitamin.com\/wp-content\/uploads\/sites\/5\/2024\/02\/P322.822__S_0__cd7be8b5230340ce8f1ba4493f68c230.jpg\",\"contentUrl\":\"https:\/\/urban-vitamin.com\/wp-content\/uploads\/sites\/5\/2024\/02\/P322.822__S_0__cd7be8b5230340ce8f1ba4493f68c230.jpg\",\"width\":1024,\"height\":1024},{\"@type\":\"BreadcrumbList\",\"@id\":\"https:\/\/urban-vitamin.com\/it\/prodotto\/powerbank-richmond-5000-mah-pla-alu-riciclati-color-argento\/#breadcrumb\",\"itemListElement\":[{\"@type\":\"ListItem\",\"position\":1,\"name\":\"Home\",\"item\":\"https:\/\/urban-vitamin.com\/it\/\"},{\"@type\":\"ListItem\",\"position\":2,\"name\":\"Collezione\",\"item\":\"https:\/\/urban-vitamin.com\/it\/collezione\/\"},{\"@type\":\"ListItem\",\"position\":3,\"name\":\"Powerbank Richmond 5000 mah pla\/alu riciclati, color argento\"}]},{\"@type\":\"WebSite\",\"@id\":\"https:\/\/urban-vitamin.com\/it\/#website\",\"url\":\"https:\/\/urban-vitamin.com\/it\/\",\"name\":\"Urban Vitamin\",\"description\":\"Enjoy your daily dose of Urban Vitamin!\",\"potentialAction\":[{\"@type\":\"SearchAction\",\"target\":{\"@type\":\"EntryPoint\",\"urlTemplate\":\"https:\/\/urban-vitamin.com\/it\/?s={search_term_string}\"},\"query-input\":{\"@type\":\"PropertyValueSpecification\",\"valueRequired\":true,\"valueName\":\"search_term_string\"}}],\"inLanguage\":\"it-IT\"}]}<\/script>\n<!-- \/ Yoast SEO plugin. -->","yoast_head_json":{"title":"Powerbank Richmond 5000 mah pla\/alu riciclati, color argento - Urban Vitamin","robots":{"index":"index","follow":"follow","max-snippet":"max-snippet:-1","max-image-preview":"max-image-preview:large","max-video-preview":"max-video-preview:-1"},"canonical":"https:\/\/urban-vitamin.com\/it\/prodotto\/powerbank-richmond-5000-mah-pla-alu-riciclati-color-argento\/","og_locale":"it_IT","og_type":"article","og_title":"Powerbank Richmond 5000 mah pla\/alu riciclati, color argento - Urban Vitamin","og_description":"Grazie alla tecnologia magnetica, Richmond si aggancia facilmente all&#8217;iPhone 12 e successivi, nonch\u00e9 ai telefoni Android di nuova generazione, assicurando una connessione perfetta per una ricarica veloce a 15W. Supporta la ricarica rapida a 20W tramite la porta Type-C, sia per ricaricarsi che per ricaricare il dispositivo. Non potrebbe essere pi\u00f9 semplice: basta inserire Richmond [&hellip;]","og_url":"https:\/\/urban-vitamin.com\/it\/prodotto\/powerbank-richmond-5000-mah-pla-alu-riciclati-color-argento\/","og_site_name":"Urban Vitamin","og_image":[{"width":1024,"height":1024,"url":"https:\/\/urban-vitamin.com\/wp-content\/uploads\/sites\/5\/2024\/02\/P322.822__S_0__cd7be8b5230340ce8f1ba4493f68c230.jpg","type":"image\/jpeg"}],"twitter_card":"summary_large_image","twitter_misc":{"Tempo di lettura stimato":"1 minuto"},"schema":{"@context":"https:\/\/schema.org","@graph":[{"@type":"WebPage","@id":"https:\/\/urban-vitamin.com\/it\/prodotto\/powerbank-richmond-5000-mah-pla-alu-riciclati-color-argento\/","url":"https:\/\/urban-vitamin.com\/it\/prodotto\/powerbank-richmond-5000-mah-pla-alu-riciclati-color-argento\/","name":"Powerbank Richmond 5000 mah pla\/alu riciclati, color argento - Urban Vitamin","isPartOf":{"@id":"https:\/\/urban-vitamin.com\/it\/#website"},"primaryImageOfPage":{"@id":"https:\/\/urban-vitamin.com\/it\/prodotto\/powerbank-richmond-5000-mah-pla-alu-riciclati-color-argento\/#primaryimage"},"image":{"@id":"https:\/\/urban-vitamin.com\/it\/prodotto\/powerbank-richmond-5000-mah-pla-alu-riciclati-color-argento\/#primaryimage"},"thumbnailUrl":"https:\/\/urban-vitamin.com\/wp-content\/uploads\/sites\/5\/2024\/02\/P322.822__S_0__cd7be8b5230340ce8f1ba4493f68c230.jpg","datePublished":"2026-03-12T01:06:52+00:00","breadcrumb":{"@id":"https:\/\/urban-vitamin.com\/it\/prodotto\/powerbank-richmond-5000-mah-pla-alu-riciclati-color-argento\/#breadcrumb"},"inLanguage":"it-IT","potentialAction":[{"@type":"ReadAction","target":["https:\/\/urban-vitamin.com\/it\/prodotto\/powerbank-richmond-5000-mah-pla-alu-riciclati-color-argento\/"]}]},{"@type":"ImageObject","inLanguage":"it-IT","@id":"https:\/\/urban-vitamin.com\/it\/prodotto\/powerbank-richmond-5000-mah-pla-alu-riciclati-color-argento\/#primaryimage","url":"https:\/\/urban-vitamin.com\/wp-content\/uploads\/sites\/5\/2024\/02\/P322.822__S_0__cd7be8b5230340ce8f1ba4493f68c230.jpg","contentUrl":"https:\/\/urban-vitamin.com\/wp-content\/uploads\/sites\/5\/2024\/02\/P322.822__S_0__cd7be8b5230340ce8f1ba4493f68c230.jpg","width":1024,"height":1024},{"@type":"BreadcrumbList","@id":"https:\/\/urban-vitamin.com\/it\/prodotto\/powerbank-richmond-5000-mah-pla-alu-riciclati-color-argento\/#breadcrumb","itemListElement":[{"@type":"ListItem","position":1,"name":"Home","item":"https:\/\/urban-vitamin.com\/it\/"},{"@type":"ListItem","position":2,"name":"Collezione","item":"https:\/\/urban-vitamin.com\/it\/collezione\/"},{"@type":"ListItem","position":3,"name":"Powerbank Richmond 5000 mah pla\/alu riciclati, color argento"}]},{"@type":"WebSite","@id":"https:\/\/urban-vitamin.com\/it\/#website","url":"https:\/\/urban-vitamin.com\/it\/","name":"Urban Vitamin","description":"Enjoy your daily dose of Urban Vitamin!","potentialAction":[{"@type":"SearchAction","target":{"@type":"EntryPoint","urlTemplate":"https:\/\/urban-vitamin.com\/it\/?s={search_term_string}"},"query-input":{"@type":"PropertyValueSpecification","valueRequired":true,"valueName":"search_term_string"}}],"inLanguage":"it-IT"}]}},"_links":{"self":[{"href":"https:\/\/urban-vitamin.com\/it\/wp-json\/wp\/v2\/product\/10579","targetHints":{"allow":["GET"]}}],"collection":[{"href":"https:\/\/urban-vitamin.com\/it\/wp-json\/wp\/v2\/product"}],"about":[{"href":"https:\/\/urban-vitamin.com\/it\/wp-json\/wp\/v2\/types\/product"}],"replies":[{"embeddable":true,"href":"https:\/\/urban-vitamin.com\/it\/wp-json\/wp\/v2\/comments?post=10579"}],"wp:featuredmedia":[{"embeddable":true,"href":"https:\/\/urban-vitamin.com\/it\/wp-json\/wp\/v2\/media\/13621"}],"wp:attachment":[{"href":"https:\/\/urban-vitamin.com\/it\/wp-json\/wp\/v2\/media?parent=10579"}],"wp:term":[{"taxonomy":"product_cat","embeddable":true,"href":"https:\/\/urban-vitamin.com\/it\/wp-json\/wp\/v2\/product_cat?post=10579"},{"taxonomy":"product_tag","embeddable":true,"href":"https:\/\/urban-vitamin.com\/it\/wp-json\/wp\/v2\/product_tag?post=10579"}],"curies":[{"name":"wp","href":"https:\/\/api.w.org\/{rel}","templated":true}]}}