{"id":8574,"date":"2026-03-12T01:08:06","date_gmt":"2026-03-12T01:08:06","guid":{"rendered":"https:\/\/urban-vitamin.com\/casque-audio-anc-en-plastique-recycle-rcs-urban-v-cupertino-noir\/"},"modified":"2026-03-12T01:46:55","modified_gmt":"2026-03-12T01:46:55","slug":"casque-audio-anc-en-plastique-recycle-rcs-cupertino-noir","status":"publish","type":"product","link":"https:\/\/urban-vitamin.com\/fr\/produit\/casque-audio-anc-en-plastique-recycle-rcs-cupertino-noir\/","title":{"rendered":"Casque audio ANC en plastique recycl\u00e9 RCS Cupertino, noir"},"content":{"rendered":"<p>Casque audio ajustable et souple qui s&rsquo;adaptera parfaitement \u00e0 vos oreilles pour une utilisation toute la journ\u00e9e. La technologie ANC permet de bloquer tout bruit ind\u00e9sirable autour de vous. Son de haute qualit\u00e9 qui vous permettra d&rsquo;\u00e9couter vos musiques, podcast ou vid\u00e9os pr\u00e9f\u00e9r\u00e9s. Dur\u00e9e d&rsquo;autonomie de 50 heures. Le casque est fabriqu\u00e9 en ABS recycl\u00e9 certifi\u00e9 RCS. Teneur totale en mati\u00e8res recycl\u00e9es : 58% selon le poids total de l&rsquo;article. La certification RCS garantit une cha\u00eene d&rsquo;approvisionnement enti\u00e8rement certifi\u00e9e des mat\u00e9riaux recycl\u00e9s. Les articles Urban Vitamin sont fabriqu\u00e9s sans PVC et emball\u00e9s dans des emballages \u00e0 faible teneur en plastique. Niveau ANC : Jusqu&rsquo;\u00e0 25db. Contient une pochette en rPET.<\/p>\n","protected":false},"excerpt":{"rendered":"<p>Casque audio ajustable et souple qui s&rsquo;adaptera parfaitement \u00e0 vos oreilles pour une utilisation toute la journ\u00e9e. La technologie ANC permet de bloquer tout bruit ind\u00e9sirable autour de vous. Son de haute qualit\u00e9 qui vous permettra d&rsquo;\u00e9couter vos musiques, podcast ou vid\u00e9os pr\u00e9f\u00e9r\u00e9s. Dur\u00e9e d&rsquo;autonomie de 50 heures. Le casque est fabriqu\u00e9 en ABS recycl\u00e9 [&hellip;]<\/p>\n","protected":false},"featured_media":14431,"comment_status":"closed","ping_status":"closed","template":"","meta":{"_acf_changed":false,"om_disable_all_campaigns":false},"product_cat":[60],"product_tag":[],"class_list":["post-8574","product","type-product","status-publish","has-post-thumbnail","hentry","product_cat-casque-sans-fil","pa_color-black"],"acf":[],"yoast_head":"<!-- This site is optimized with the Yoast SEO plugin v27.0 - https:\/\/yoast.com\/product\/yoast-seo-wordpress\/ -->\n<title>Casque audio ANC en plastique recycl\u00e9 RCS Cupertino, noir - Urban Vitamin<\/title>\n<meta name=\"robots\" content=\"index, follow, max-snippet:-1, max-image-preview:large, max-video-preview:-1\" \/>\n<link rel=\"canonical\" href=\"https:\/\/urban-vitamin.com\/fr\/produit\/casque-audio-anc-en-plastique-recycle-rcs-cupertino-noir\/\" \/>\n<meta property=\"og:locale\" content=\"fr_FR\" \/>\n<meta property=\"og:type\" content=\"article\" \/>\n<meta property=\"og:title\" content=\"Casque audio ANC en plastique recycl\u00e9 RCS Cupertino, noir - Urban Vitamin\" \/>\n<meta property=\"og:description\" content=\"Casque audio ajustable et souple qui s&rsquo;adaptera parfaitement \u00e0 vos oreilles pour une utilisation toute la journ\u00e9e. La technologie ANC permet de bloquer tout bruit ind\u00e9sirable autour de vous. Son de haute qualit\u00e9 qui vous permettra d&rsquo;\u00e9couter vos musiques, podcast ou vid\u00e9os pr\u00e9f\u00e9r\u00e9s. Dur\u00e9e d&rsquo;autonomie de 50 heures. Le casque est fabriqu\u00e9 en ABS recycl\u00e9 [&hellip;]\" \/>\n<meta property=\"og:url\" content=\"https:\/\/urban-vitamin.com\/fr\/produit\/casque-audio-anc-en-plastique-recycle-rcs-cupertino-noir\/\" \/>\n<meta property=\"og:site_name\" content=\"Urban Vitamin\" \/>\n<meta property=\"article:modified_time\" content=\"2026-03-12T01:46:55+00:00\" \/>\n<meta property=\"og:image\" content=\"https:\/\/urban-vitamin.com\/wp-content\/uploads\/sites\/5\/2024\/02\/P329.571__S_0__594b71547bc84286826d3dafaaecc9d5.jpg\" \/>\n\t<meta property=\"og:image:width\" content=\"1024\" \/>\n\t<meta property=\"og:image:height\" content=\"1024\" \/>\n\t<meta property=\"og:image:type\" content=\"image\/jpeg\" \/>\n<meta name=\"twitter:card\" content=\"summary_large_image\" \/>\n<meta name=\"twitter:label1\" content=\"Dur\u00e9e de lecture estim\u00e9e\" \/>\n\t<meta name=\"twitter:data1\" content=\"1 minute\" \/>\n<script type=\"application\/ld+json\" class=\"yoast-schema-graph\">{\"@context\":\"https:\/\/schema.org\",\"@graph\":[{\"@type\":\"WebPage\",\"@id\":\"https:\/\/urban-vitamin.com\/fr\/produit\/casque-audio-anc-en-plastique-recycle-rcs-cupertino-noir\/\",\"url\":\"https:\/\/urban-vitamin.com\/fr\/produit\/casque-audio-anc-en-plastique-recycle-rcs-cupertino-noir\/\",\"name\":\"Casque audio ANC en plastique recycl\u00e9 RCS Cupertino, noir - Urban Vitamin\",\"isPartOf\":{\"@id\":\"https:\/\/urban-vitamin.com\/fr\/#website\"},\"primaryImageOfPage\":{\"@id\":\"https:\/\/urban-vitamin.com\/fr\/produit\/casque-audio-anc-en-plastique-recycle-rcs-cupertino-noir\/#primaryimage\"},\"image\":{\"@id\":\"https:\/\/urban-vitamin.com\/fr\/produit\/casque-audio-anc-en-plastique-recycle-rcs-cupertino-noir\/#primaryimage\"},\"thumbnailUrl\":\"https:\/\/urban-vitamin.com\/wp-content\/uploads\/sites\/5\/2024\/02\/P329.571__S_0__594b71547bc84286826d3dafaaecc9d5.jpg\",\"datePublished\":\"2026-03-12T01:08:06+00:00\",\"dateModified\":\"2026-03-12T01:46:55+00:00\",\"breadcrumb\":{\"@id\":\"https:\/\/urban-vitamin.com\/fr\/produit\/casque-audio-anc-en-plastique-recycle-rcs-cupertino-noir\/#breadcrumb\"},\"inLanguage\":\"fr-FR\",\"potentialAction\":[{\"@type\":\"ReadAction\",\"target\":[\"https:\/\/urban-vitamin.com\/fr\/produit\/casque-audio-anc-en-plastique-recycle-rcs-cupertino-noir\/\"]}]},{\"@type\":\"ImageObject\",\"inLanguage\":\"fr-FR\",\"@id\":\"https:\/\/urban-vitamin.com\/fr\/produit\/casque-audio-anc-en-plastique-recycle-rcs-cupertino-noir\/#primaryimage\",\"url\":\"https:\/\/urban-vitamin.com\/wp-content\/uploads\/sites\/5\/2024\/02\/P329.571__S_0__594b71547bc84286826d3dafaaecc9d5.jpg\",\"contentUrl\":\"https:\/\/urban-vitamin.com\/wp-content\/uploads\/sites\/5\/2024\/02\/P329.571__S_0__594b71547bc84286826d3dafaaecc9d5.jpg\",\"width\":1024,\"height\":1024},{\"@type\":\"BreadcrumbList\",\"@id\":\"https:\/\/urban-vitamin.com\/fr\/produit\/casque-audio-anc-en-plastique-recycle-rcs-cupertino-noir\/#breadcrumb\",\"itemListElement\":[{\"@type\":\"ListItem\",\"position\":1,\"name\":\"Home\",\"item\":\"https:\/\/urban-vitamin.com\/fr\/\"},{\"@type\":\"ListItem\",\"position\":2,\"name\":\"Collection\",\"item\":\"https:\/\/urban-vitamin.com\/fr\/collection\/\"},{\"@type\":\"ListItem\",\"position\":3,\"name\":\"Casque audio ANC en plastique recycl\u00e9 RCS Cupertino, noir\"}]},{\"@type\":\"WebSite\",\"@id\":\"https:\/\/urban-vitamin.com\/fr\/#website\",\"url\":\"https:\/\/urban-vitamin.com\/fr\/\",\"name\":\"Urban Vitamin\",\"description\":\"Enjoy your daily dose of Urban Vitamin!\",\"potentialAction\":[{\"@type\":\"SearchAction\",\"target\":{\"@type\":\"EntryPoint\",\"urlTemplate\":\"https:\/\/urban-vitamin.com\/fr\/?s={search_term_string}\"},\"query-input\":{\"@type\":\"PropertyValueSpecification\",\"valueRequired\":true,\"valueName\":\"search_term_string\"}}],\"inLanguage\":\"fr-FR\"}]}<\/script>\n<!-- \/ Yoast SEO plugin. -->","yoast_head_json":{"title":"Casque audio ANC en plastique recycl\u00e9 RCS Cupertino, noir - Urban Vitamin","robots":{"index":"index","follow":"follow","max-snippet":"max-snippet:-1","max-image-preview":"max-image-preview:large","max-video-preview":"max-video-preview:-1"},"canonical":"https:\/\/urban-vitamin.com\/fr\/produit\/casque-audio-anc-en-plastique-recycle-rcs-cupertino-noir\/","og_locale":"fr_FR","og_type":"article","og_title":"Casque audio ANC en plastique recycl\u00e9 RCS Cupertino, noir - Urban Vitamin","og_description":"Casque audio ajustable et souple qui s&rsquo;adaptera parfaitement \u00e0 vos oreilles pour une utilisation toute la journ\u00e9e. La technologie ANC permet de bloquer tout bruit ind\u00e9sirable autour de vous. Son de haute qualit\u00e9 qui vous permettra d&rsquo;\u00e9couter vos musiques, podcast ou vid\u00e9os pr\u00e9f\u00e9r\u00e9s. Dur\u00e9e d&rsquo;autonomie de 50 heures. Le casque est fabriqu\u00e9 en ABS recycl\u00e9 [&hellip;]","og_url":"https:\/\/urban-vitamin.com\/fr\/produit\/casque-audio-anc-en-plastique-recycle-rcs-cupertino-noir\/","og_site_name":"Urban Vitamin","article_modified_time":"2026-03-12T01:46:55+00:00","og_image":[{"width":1024,"height":1024,"url":"https:\/\/urban-vitamin.com\/wp-content\/uploads\/sites\/5\/2024\/02\/P329.571__S_0__594b71547bc84286826d3dafaaecc9d5.jpg","type":"image\/jpeg"}],"twitter_card":"summary_large_image","twitter_misc":{"Dur\u00e9e de lecture estim\u00e9e":"1 minute"},"schema":{"@context":"https:\/\/schema.org","@graph":[{"@type":"WebPage","@id":"https:\/\/urban-vitamin.com\/fr\/produit\/casque-audio-anc-en-plastique-recycle-rcs-cupertino-noir\/","url":"https:\/\/urban-vitamin.com\/fr\/produit\/casque-audio-anc-en-plastique-recycle-rcs-cupertino-noir\/","name":"Casque audio ANC en plastique recycl\u00e9 RCS Cupertino, noir - Urban Vitamin","isPartOf":{"@id":"https:\/\/urban-vitamin.com\/fr\/#website"},"primaryImageOfPage":{"@id":"https:\/\/urban-vitamin.com\/fr\/produit\/casque-audio-anc-en-plastique-recycle-rcs-cupertino-noir\/#primaryimage"},"image":{"@id":"https:\/\/urban-vitamin.com\/fr\/produit\/casque-audio-anc-en-plastique-recycle-rcs-cupertino-noir\/#primaryimage"},"thumbnailUrl":"https:\/\/urban-vitamin.com\/wp-content\/uploads\/sites\/5\/2024\/02\/P329.571__S_0__594b71547bc84286826d3dafaaecc9d5.jpg","datePublished":"2026-03-12T01:08:06+00:00","dateModified":"2026-03-12T01:46:55+00:00","breadcrumb":{"@id":"https:\/\/urban-vitamin.com\/fr\/produit\/casque-audio-anc-en-plastique-recycle-rcs-cupertino-noir\/#breadcrumb"},"inLanguage":"fr-FR","potentialAction":[{"@type":"ReadAction","target":["https:\/\/urban-vitamin.com\/fr\/produit\/casque-audio-anc-en-plastique-recycle-rcs-cupertino-noir\/"]}]},{"@type":"ImageObject","inLanguage":"fr-FR","@id":"https:\/\/urban-vitamin.com\/fr\/produit\/casque-audio-anc-en-plastique-recycle-rcs-cupertino-noir\/#primaryimage","url":"https:\/\/urban-vitamin.com\/wp-content\/uploads\/sites\/5\/2024\/02\/P329.571__S_0__594b71547bc84286826d3dafaaecc9d5.jpg","contentUrl":"https:\/\/urban-vitamin.com\/wp-content\/uploads\/sites\/5\/2024\/02\/P329.571__S_0__594b71547bc84286826d3dafaaecc9d5.jpg","width":1024,"height":1024},{"@type":"BreadcrumbList","@id":"https:\/\/urban-vitamin.com\/fr\/produit\/casque-audio-anc-en-plastique-recycle-rcs-cupertino-noir\/#breadcrumb","itemListElement":[{"@type":"ListItem","position":1,"name":"Home","item":"https:\/\/urban-vitamin.com\/fr\/"},{"@type":"ListItem","position":2,"name":"Collection","item":"https:\/\/urban-vitamin.com\/fr\/collection\/"},{"@type":"ListItem","position":3,"name":"Casque audio ANC en plastique recycl\u00e9 RCS Cupertino, noir"}]},{"@type":"WebSite","@id":"https:\/\/urban-vitamin.com\/fr\/#website","url":"https:\/\/urban-vitamin.com\/fr\/","name":"Urban Vitamin","description":"Enjoy your daily dose of Urban Vitamin!","potentialAction":[{"@type":"SearchAction","target":{"@type":"EntryPoint","urlTemplate":"https:\/\/urban-vitamin.com\/fr\/?s={search_term_string}"},"query-input":{"@type":"PropertyValueSpecification","valueRequired":true,"valueName":"search_term_string"}}],"inLanguage":"fr-FR"}]}},"_links":{"self":[{"href":"https:\/\/urban-vitamin.com\/fr\/wp-json\/wp\/v2\/product\/8574","targetHints":{"allow":["GET"]}}],"collection":[{"href":"https:\/\/urban-vitamin.com\/fr\/wp-json\/wp\/v2\/product"}],"about":[{"href":"https:\/\/urban-vitamin.com\/fr\/wp-json\/wp\/v2\/types\/product"}],"replies":[{"embeddable":true,"href":"https:\/\/urban-vitamin.com\/fr\/wp-json\/wp\/v2\/comments?post=8574"}],"wp:featuredmedia":[{"embeddable":true,"href":"https:\/\/urban-vitamin.com\/fr\/wp-json\/wp\/v2\/media\/14431"}],"wp:attachment":[{"href":"https:\/\/urban-vitamin.com\/fr\/wp-json\/wp\/v2\/media?parent=8574"}],"wp:term":[{"taxonomy":"product_cat","embeddable":true,"href":"https:\/\/urban-vitamin.com\/fr\/wp-json\/wp\/v2\/product_cat?post=8574"},{"taxonomy":"product_tag","embeddable":true,"href":"https:\/\/urban-vitamin.com\/fr\/wp-json\/wp\/v2\/product_tag?post=8574"}],"curies":[{"name":"wp","href":"https:\/\/api.w.org\/{rel}","templated":true}]}}