{"id":8418,"date":"2026-04-16T00:07:00","date_gmt":"2026-04-16T00:07:00","guid":{"rendered":"https:\/\/urban-vitamin.com\/casque-audio-en-plastique-rcs-glendale-noir\/"},"modified":"2026-04-16T00:46:36","modified_gmt":"2026-04-16T00:46:36","slug":"casque-audio-en-plastique-rcs-glendale-noir","status":"publish","type":"product","link":"https:\/\/urban-vitamin.com\/fr\/produit\/casque-audio-en-plastique-rcs-glendale-noir\/","title":{"rendered":"Casque audio en plastique RCS Glendale, noir"},"content":{"rendered":"<p>Voici Glendale, le casque le plus haut de gamme et le plus avanc\u00e9 sur le plan technologique. Le design unique ne place pas les \u00e9couteurs dans vos oreilles mais \u00e0 c\u00f4t\u00e9, ce qui vous permet d&rsquo;\u00eatre toujours au courant de la situation lorsque vous \u00eates \u00e0 l&rsquo;ext\u00e9rieur. Les \u00e9couteurs sont \u00e9tanches IPX4, conviennent donc \u00e0 toutes les s\u00e9ances d&rsquo;entra\u00eenement.  La batterie vous permet de tenir jusqu&rsquo;\u00e0 10 heures avec une seule charge. Si vous recevez un appel, r\u00e9pondez simplement \u00e0 l&rsquo;aide du microphone int\u00e9gr\u00e9. Les \u00e9couteurs Glendale sont fabriqu\u00e9s en ABS recycl\u00e9 certifi\u00e9 RCS (Recycled Claim Standard). Contenu recycl\u00e9 total : 17 % sur la base du poids total de l&rsquo;article. La certification RCS garantit une cha\u00eene d&rsquo;approvisionnement enti\u00e8rement certifi\u00e9e pour les mat\u00e9riaux recycl\u00e9s. Les articles Urban Vitamin sont fabriqu\u00e9s sans PVC et emball\u00e9s dans des emballages \u00e0 teneur r\u00e9duite en plastique.<\/p>\n","protected":false},"excerpt":{"rendered":"<p>Voici Glendale, le casque le plus haut de gamme et le plus avanc\u00e9 sur le plan technologique. Le design unique ne place pas les \u00e9couteurs dans vos oreilles mais \u00e0 c\u00f4t\u00e9, ce qui vous permet d&rsquo;\u00eatre toujours au courant de la situation lorsque vous \u00eates \u00e0 l&rsquo;ext\u00e9rieur. Les \u00e9couteurs sont \u00e9tanches IPX4, conviennent donc \u00e0 [&hellip;]<\/p>\n","protected":false},"featured_media":8749,"comment_status":"closed","ping_status":"closed","template":"","meta":{"_acf_changed":false,"om_disable_all_campaigns":false},"product_cat":[60],"product_tag":[],"class_list":["post-8418","product","type-product","status-publish","has-post-thumbnail","hentry","product_cat-casque-sans-fil","pa_color-black"],"acf":[],"yoast_head":"<!-- This site is optimized with the Yoast SEO plugin v27.0 - https:\/\/yoast.com\/product\/yoast-seo-wordpress\/ -->\n<title>Casque audio en plastique RCS Glendale, noir - Urban Vitamin<\/title>\n<meta name=\"robots\" content=\"index, follow, max-snippet:-1, max-image-preview:large, max-video-preview:-1\" \/>\n<link rel=\"canonical\" href=\"https:\/\/urban-vitamin.com\/fr\/produit\/casque-audio-en-plastique-rcs-glendale-noir\/\" \/>\n<meta property=\"og:locale\" content=\"fr_FR\" \/>\n<meta property=\"og:type\" content=\"article\" \/>\n<meta property=\"og:title\" content=\"Casque audio en plastique RCS Glendale, noir - Urban Vitamin\" \/>\n<meta property=\"og:description\" content=\"Voici Glendale, le casque le plus haut de gamme et le plus avanc\u00e9 sur le plan technologique. Le design unique ne place pas les \u00e9couteurs dans vos oreilles mais \u00e0 c\u00f4t\u00e9, ce qui vous permet d&rsquo;\u00eatre toujours au courant de la situation lorsque vous \u00eates \u00e0 l&rsquo;ext\u00e9rieur. Les \u00e9couteurs sont \u00e9tanches IPX4, conviennent donc \u00e0 [&hellip;]\" \/>\n<meta property=\"og:url\" content=\"https:\/\/urban-vitamin.com\/fr\/produit\/casque-audio-en-plastique-rcs-glendale-noir\/\" \/>\n<meta property=\"og:site_name\" content=\"Urban Vitamin\" \/>\n<meta property=\"article:modified_time\" content=\"2026-04-16T00:46:36+00:00\" \/>\n<meta property=\"og:image\" content=\"https:\/\/urban-vitamin.com\/wp-content\/uploads\/sites\/5\/2023\/08\/P331.501__S_0__7e2d184c5d0249268c5e7193e1c83454.jpg\" \/>\n\t<meta property=\"og:image:width\" content=\"1024\" \/>\n\t<meta property=\"og:image:height\" content=\"1024\" \/>\n\t<meta property=\"og:image:type\" content=\"image\/jpeg\" \/>\n<meta name=\"twitter:card\" content=\"summary_large_image\" \/>\n<meta name=\"twitter:label1\" content=\"Dur\u00e9e de lecture estim\u00e9e\" \/>\n\t<meta name=\"twitter:data1\" content=\"1 minute\" \/>\n<script type=\"application\/ld+json\" class=\"yoast-schema-graph\">{\"@context\":\"https:\/\/schema.org\",\"@graph\":[{\"@type\":\"WebPage\",\"@id\":\"https:\/\/urban-vitamin.com\/fr\/produit\/casque-audio-en-plastique-rcs-glendale-noir\/\",\"url\":\"https:\/\/urban-vitamin.com\/fr\/produit\/casque-audio-en-plastique-rcs-glendale-noir\/\",\"name\":\"Casque audio en plastique RCS Glendale, noir - Urban Vitamin\",\"isPartOf\":{\"@id\":\"https:\/\/urban-vitamin.com\/fr\/#website\"},\"primaryImageOfPage\":{\"@id\":\"https:\/\/urban-vitamin.com\/fr\/produit\/casque-audio-en-plastique-rcs-glendale-noir\/#primaryimage\"},\"image\":{\"@id\":\"https:\/\/urban-vitamin.com\/fr\/produit\/casque-audio-en-plastique-rcs-glendale-noir\/#primaryimage\"},\"thumbnailUrl\":\"https:\/\/urban-vitamin.com\/wp-content\/uploads\/sites\/5\/2023\/08\/P331.501__S_0__7e2d184c5d0249268c5e7193e1c83454.jpg\",\"datePublished\":\"2026-04-16T00:07:00+00:00\",\"dateModified\":\"2026-04-16T00:46:36+00:00\",\"breadcrumb\":{\"@id\":\"https:\/\/urban-vitamin.com\/fr\/produit\/casque-audio-en-plastique-rcs-glendale-noir\/#breadcrumb\"},\"inLanguage\":\"fr-FR\",\"potentialAction\":[{\"@type\":\"ReadAction\",\"target\":[\"https:\/\/urban-vitamin.com\/fr\/produit\/casque-audio-en-plastique-rcs-glendale-noir\/\"]}]},{\"@type\":\"ImageObject\",\"inLanguage\":\"fr-FR\",\"@id\":\"https:\/\/urban-vitamin.com\/fr\/produit\/casque-audio-en-plastique-rcs-glendale-noir\/#primaryimage\",\"url\":\"https:\/\/urban-vitamin.com\/wp-content\/uploads\/sites\/5\/2023\/08\/P331.501__S_0__7e2d184c5d0249268c5e7193e1c83454.jpg\",\"contentUrl\":\"https:\/\/urban-vitamin.com\/wp-content\/uploads\/sites\/5\/2023\/08\/P331.501__S_0__7e2d184c5d0249268c5e7193e1c83454.jpg\",\"width\":1024,\"height\":1024},{\"@type\":\"BreadcrumbList\",\"@id\":\"https:\/\/urban-vitamin.com\/fr\/produit\/casque-audio-en-plastique-rcs-glendale-noir\/#breadcrumb\",\"itemListElement\":[{\"@type\":\"ListItem\",\"position\":1,\"name\":\"Home\",\"item\":\"https:\/\/urban-vitamin.com\/fr\/\"},{\"@type\":\"ListItem\",\"position\":2,\"name\":\"Collection\",\"item\":\"https:\/\/urban-vitamin.com\/fr\/collection\/\"},{\"@type\":\"ListItem\",\"position\":3,\"name\":\"Casque audio en plastique RCS Glendale, noir\"}]},{\"@type\":\"WebSite\",\"@id\":\"https:\/\/urban-vitamin.com\/fr\/#website\",\"url\":\"https:\/\/urban-vitamin.com\/fr\/\",\"name\":\"Urban Vitamin\",\"description\":\"Enjoy your daily dose of Urban Vitamin!\",\"potentialAction\":[{\"@type\":\"SearchAction\",\"target\":{\"@type\":\"EntryPoint\",\"urlTemplate\":\"https:\/\/urban-vitamin.com\/fr\/?s={search_term_string}\"},\"query-input\":{\"@type\":\"PropertyValueSpecification\",\"valueRequired\":true,\"valueName\":\"search_term_string\"}}],\"inLanguage\":\"fr-FR\"}]}<\/script>\n<!-- \/ Yoast SEO plugin. -->","yoast_head_json":{"title":"Casque audio en plastique RCS Glendale, noir - Urban Vitamin","robots":{"index":"index","follow":"follow","max-snippet":"max-snippet:-1","max-image-preview":"max-image-preview:large","max-video-preview":"max-video-preview:-1"},"canonical":"https:\/\/urban-vitamin.com\/fr\/produit\/casque-audio-en-plastique-rcs-glendale-noir\/","og_locale":"fr_FR","og_type":"article","og_title":"Casque audio en plastique RCS Glendale, noir - Urban Vitamin","og_description":"Voici Glendale, le casque le plus haut de gamme et le plus avanc\u00e9 sur le plan technologique. Le design unique ne place pas les \u00e9couteurs dans vos oreilles mais \u00e0 c\u00f4t\u00e9, ce qui vous permet d&rsquo;\u00eatre toujours au courant de la situation lorsque vous \u00eates \u00e0 l&rsquo;ext\u00e9rieur. Les \u00e9couteurs sont \u00e9tanches IPX4, conviennent donc \u00e0 [&hellip;]","og_url":"https:\/\/urban-vitamin.com\/fr\/produit\/casque-audio-en-plastique-rcs-glendale-noir\/","og_site_name":"Urban Vitamin","article_modified_time":"2026-04-16T00:46:36+00:00","og_image":[{"width":1024,"height":1024,"url":"https:\/\/urban-vitamin.com\/wp-content\/uploads\/sites\/5\/2023\/08\/P331.501__S_0__7e2d184c5d0249268c5e7193e1c83454.jpg","type":"image\/jpeg"}],"twitter_card":"summary_large_image","twitter_misc":{"Dur\u00e9e de lecture estim\u00e9e":"1 minute"},"schema":{"@context":"https:\/\/schema.org","@graph":[{"@type":"WebPage","@id":"https:\/\/urban-vitamin.com\/fr\/produit\/casque-audio-en-plastique-rcs-glendale-noir\/","url":"https:\/\/urban-vitamin.com\/fr\/produit\/casque-audio-en-plastique-rcs-glendale-noir\/","name":"Casque audio en plastique RCS Glendale, noir - Urban Vitamin","isPartOf":{"@id":"https:\/\/urban-vitamin.com\/fr\/#website"},"primaryImageOfPage":{"@id":"https:\/\/urban-vitamin.com\/fr\/produit\/casque-audio-en-plastique-rcs-glendale-noir\/#primaryimage"},"image":{"@id":"https:\/\/urban-vitamin.com\/fr\/produit\/casque-audio-en-plastique-rcs-glendale-noir\/#primaryimage"},"thumbnailUrl":"https:\/\/urban-vitamin.com\/wp-content\/uploads\/sites\/5\/2023\/08\/P331.501__S_0__7e2d184c5d0249268c5e7193e1c83454.jpg","datePublished":"2026-04-16T00:07:00+00:00","dateModified":"2026-04-16T00:46:36+00:00","breadcrumb":{"@id":"https:\/\/urban-vitamin.com\/fr\/produit\/casque-audio-en-plastique-rcs-glendale-noir\/#breadcrumb"},"inLanguage":"fr-FR","potentialAction":[{"@type":"ReadAction","target":["https:\/\/urban-vitamin.com\/fr\/produit\/casque-audio-en-plastique-rcs-glendale-noir\/"]}]},{"@type":"ImageObject","inLanguage":"fr-FR","@id":"https:\/\/urban-vitamin.com\/fr\/produit\/casque-audio-en-plastique-rcs-glendale-noir\/#primaryimage","url":"https:\/\/urban-vitamin.com\/wp-content\/uploads\/sites\/5\/2023\/08\/P331.501__S_0__7e2d184c5d0249268c5e7193e1c83454.jpg","contentUrl":"https:\/\/urban-vitamin.com\/wp-content\/uploads\/sites\/5\/2023\/08\/P331.501__S_0__7e2d184c5d0249268c5e7193e1c83454.jpg","width":1024,"height":1024},{"@type":"BreadcrumbList","@id":"https:\/\/urban-vitamin.com\/fr\/produit\/casque-audio-en-plastique-rcs-glendale-noir\/#breadcrumb","itemListElement":[{"@type":"ListItem","position":1,"name":"Home","item":"https:\/\/urban-vitamin.com\/fr\/"},{"@type":"ListItem","position":2,"name":"Collection","item":"https:\/\/urban-vitamin.com\/fr\/collection\/"},{"@type":"ListItem","position":3,"name":"Casque audio en plastique RCS Glendale, noir"}]},{"@type":"WebSite","@id":"https:\/\/urban-vitamin.com\/fr\/#website","url":"https:\/\/urban-vitamin.com\/fr\/","name":"Urban Vitamin","description":"Enjoy your daily dose of Urban Vitamin!","potentialAction":[{"@type":"SearchAction","target":{"@type":"EntryPoint","urlTemplate":"https:\/\/urban-vitamin.com\/fr\/?s={search_term_string}"},"query-input":{"@type":"PropertyValueSpecification","valueRequired":true,"valueName":"search_term_string"}}],"inLanguage":"fr-FR"}]}},"_links":{"self":[{"href":"https:\/\/urban-vitamin.com\/fr\/wp-json\/wp\/v2\/product\/8418","targetHints":{"allow":["GET"]}}],"collection":[{"href":"https:\/\/urban-vitamin.com\/fr\/wp-json\/wp\/v2\/product"}],"about":[{"href":"https:\/\/urban-vitamin.com\/fr\/wp-json\/wp\/v2\/types\/product"}],"replies":[{"embeddable":true,"href":"https:\/\/urban-vitamin.com\/fr\/wp-json\/wp\/v2\/comments?post=8418"}],"wp:featuredmedia":[{"embeddable":true,"href":"https:\/\/urban-vitamin.com\/fr\/wp-json\/wp\/v2\/media\/8749"}],"wp:attachment":[{"href":"https:\/\/urban-vitamin.com\/fr\/wp-json\/wp\/v2\/media?parent=8418"}],"wp:term":[{"taxonomy":"product_cat","embeddable":true,"href":"https:\/\/urban-vitamin.com\/fr\/wp-json\/wp\/v2\/product_cat?post=8418"},{"taxonomy":"product_tag","embeddable":true,"href":"https:\/\/urban-vitamin.com\/fr\/wp-json\/wp\/v2\/product_tag?post=8418"}],"curies":[{"name":"wp","href":"https:\/\/api.w.org\/{rel}","templated":true}]}}