{"id":5325,"date":"2026-04-16T00:07:00","date_gmt":"2026-04-16T00:07:00","guid":{"rendered":"https:\/\/xdsomename.tempurl.host\/urban-vitamin\/product\/enceinte-etanche-ipx7-hayward-noir\/"},"modified":"2026-04-16T00:46:35","modified_gmt":"2026-04-16T00:46:35","slug":"enceinte-etanche-ipx7-hayward-noir","status":"publish","type":"product","link":"https:\/\/urban-vitamin.com\/fr\/produit\/enceinte-etanche-ipx7-hayward-noir\/","title":{"rendered":"Enceinte \u00e9tanche IPX7 Hayward, noir"},"content":{"rendered":"<p>Enceinte 5W \u00e9tanche IPX7 jusqu&rsquo;\u00e0 1m de profondeur pendant 30 min maximum et avec une autonomie de 24 heures. Livr\u00e9e avec une sangle pour pouvoir l&rsquo;accrocher au sac ou l&rsquo;utiliser comme support du haut parleur. Microphone et fonction pour r\u00e9pondre aux appel inclus. Les articles Urban Vitamin sont fabriqu\u00e9s sans PVC et emball\u00e9s dans des emballages \u00e0 faible teneur en plastique.<\/p>\n","protected":false},"excerpt":{"rendered":"<p>Enceinte 5W \u00e9tanche IPX7 jusqu&rsquo;\u00e0 1m de profondeur pendant 30 min maximum et avec une autonomie de 24 heures. Livr\u00e9e avec une sangle pour pouvoir l&rsquo;accrocher au sac ou l&rsquo;utiliser comme support du haut parleur. Microphone et fonction pour r\u00e9pondre aux appel inclus. Les articles Urban Vitamin sont fabriqu\u00e9s sans PVC et emball\u00e9s dans des [&hellip;]<\/p>\n","protected":false},"featured_media":27774,"comment_status":"closed","ping_status":"closed","template":"","meta":{"_acf_changed":false,"om_disable_all_campaigns":false},"product_cat":[62],"product_tag":[],"class_list":["post-5325","product","type-product","status-publish","has-post-thumbnail","hentry","product_cat-hautparleurs","pa_color-black"],"acf":[],"yoast_head":"<!-- This site is optimized with the Yoast SEO plugin v27.0 - https:\/\/yoast.com\/product\/yoast-seo-wordpress\/ -->\n<title>Enceinte \u00e9tanche IPX7 Hayward, noir - Urban Vitamin<\/title>\n<meta name=\"robots\" content=\"index, follow, max-snippet:-1, max-image-preview:large, max-video-preview:-1\" \/>\n<link rel=\"canonical\" href=\"https:\/\/urban-vitamin.com\/fr\/produit\/enceinte-etanche-ipx7-hayward-noir\/\" \/>\n<meta property=\"og:locale\" content=\"fr_FR\" \/>\n<meta property=\"og:type\" content=\"article\" \/>\n<meta property=\"og:title\" content=\"Enceinte \u00e9tanche IPX7 Hayward, noir - Urban Vitamin\" \/>\n<meta property=\"og:description\" content=\"Enceinte 5W \u00e9tanche IPX7 jusqu&rsquo;\u00e0 1m de profondeur pendant 30 min maximum et avec une autonomie de 24 heures. Livr\u00e9e avec une sangle pour pouvoir l&rsquo;accrocher au sac ou l&rsquo;utiliser comme support du haut parleur. Microphone et fonction pour r\u00e9pondre aux appel inclus. Les articles Urban Vitamin sont fabriqu\u00e9s sans PVC et emball\u00e9s dans des [&hellip;]\" \/>\n<meta property=\"og:url\" content=\"https:\/\/urban-vitamin.com\/fr\/produit\/enceinte-etanche-ipx7-hayward-noir\/\" \/>\n<meta property=\"og:site_name\" content=\"Urban Vitamin\" \/>\n<meta property=\"article:modified_time\" content=\"2026-04-16T00:46:35+00:00\" \/>\n<meta property=\"og:image\" content=\"https:\/\/urban-vitamin.com\/wp-content\/uploads\/sites\/5\/2026\/04\/P329.911__S_0__cc3185e1b825410484f2f0a5a4647010.jpg\" \/>\n\t<meta property=\"og:image:width\" content=\"1024\" \/>\n\t<meta property=\"og:image:height\" content=\"1024\" \/>\n\t<meta property=\"og:image:type\" content=\"image\/jpeg\" \/>\n<meta name=\"twitter:card\" content=\"summary_large_image\" \/>\n<script type=\"application\/ld+json\" class=\"yoast-schema-graph\">{\"@context\":\"https:\/\/schema.org\",\"@graph\":[{\"@type\":\"WebPage\",\"@id\":\"https:\/\/urban-vitamin.com\/fr\/produit\/enceinte-etanche-ipx7-hayward-noir\/\",\"url\":\"https:\/\/urban-vitamin.com\/fr\/produit\/enceinte-etanche-ipx7-hayward-noir\/\",\"name\":\"Enceinte \u00e9tanche IPX7 Hayward, noir - Urban Vitamin\",\"isPartOf\":{\"@id\":\"https:\/\/urban-vitamin.com\/fr\/#website\"},\"primaryImageOfPage\":{\"@id\":\"https:\/\/urban-vitamin.com\/fr\/produit\/enceinte-etanche-ipx7-hayward-noir\/#primaryimage\"},\"image\":{\"@id\":\"https:\/\/urban-vitamin.com\/fr\/produit\/enceinte-etanche-ipx7-hayward-noir\/#primaryimage\"},\"thumbnailUrl\":\"https:\/\/urban-vitamin.com\/wp-content\/uploads\/sites\/5\/2026\/04\/P329.911__S_0__cc3185e1b825410484f2f0a5a4647010.jpg\",\"datePublished\":\"2026-04-16T00:07:00+00:00\",\"dateModified\":\"2026-04-16T00:46:35+00:00\",\"breadcrumb\":{\"@id\":\"https:\/\/urban-vitamin.com\/fr\/produit\/enceinte-etanche-ipx7-hayward-noir\/#breadcrumb\"},\"inLanguage\":\"fr-FR\",\"potentialAction\":[{\"@type\":\"ReadAction\",\"target\":[\"https:\/\/urban-vitamin.com\/fr\/produit\/enceinte-etanche-ipx7-hayward-noir\/\"]}]},{\"@type\":\"ImageObject\",\"inLanguage\":\"fr-FR\",\"@id\":\"https:\/\/urban-vitamin.com\/fr\/produit\/enceinte-etanche-ipx7-hayward-noir\/#primaryimage\",\"url\":\"https:\/\/urban-vitamin.com\/wp-content\/uploads\/sites\/5\/2026\/04\/P329.911__S_0__cc3185e1b825410484f2f0a5a4647010.jpg\",\"contentUrl\":\"https:\/\/urban-vitamin.com\/wp-content\/uploads\/sites\/5\/2026\/04\/P329.911__S_0__cc3185e1b825410484f2f0a5a4647010.jpg\",\"width\":1024,\"height\":1024},{\"@type\":\"BreadcrumbList\",\"@id\":\"https:\/\/urban-vitamin.com\/fr\/produit\/enceinte-etanche-ipx7-hayward-noir\/#breadcrumb\",\"itemListElement\":[{\"@type\":\"ListItem\",\"position\":1,\"name\":\"Home\",\"item\":\"https:\/\/urban-vitamin.com\/fr\/\"},{\"@type\":\"ListItem\",\"position\":2,\"name\":\"Collection\",\"item\":\"https:\/\/urban-vitamin.com\/fr\/collection\/\"},{\"@type\":\"ListItem\",\"position\":3,\"name\":\"Enceinte \u00e9tanche IPX7 Hayward, noir\"}]},{\"@type\":\"WebSite\",\"@id\":\"https:\/\/urban-vitamin.com\/fr\/#website\",\"url\":\"https:\/\/urban-vitamin.com\/fr\/\",\"name\":\"Urban Vitamin\",\"description\":\"Enjoy your daily dose of Urban Vitamin!\",\"potentialAction\":[{\"@type\":\"SearchAction\",\"target\":{\"@type\":\"EntryPoint\",\"urlTemplate\":\"https:\/\/urban-vitamin.com\/fr\/?s={search_term_string}\"},\"query-input\":{\"@type\":\"PropertyValueSpecification\",\"valueRequired\":true,\"valueName\":\"search_term_string\"}}],\"inLanguage\":\"fr-FR\"}]}<\/script>\n<!-- \/ Yoast SEO plugin. -->","yoast_head_json":{"title":"Enceinte \u00e9tanche IPX7 Hayward, noir - Urban Vitamin","robots":{"index":"index","follow":"follow","max-snippet":"max-snippet:-1","max-image-preview":"max-image-preview:large","max-video-preview":"max-video-preview:-1"},"canonical":"https:\/\/urban-vitamin.com\/fr\/produit\/enceinte-etanche-ipx7-hayward-noir\/","og_locale":"fr_FR","og_type":"article","og_title":"Enceinte \u00e9tanche IPX7 Hayward, noir - Urban Vitamin","og_description":"Enceinte 5W \u00e9tanche IPX7 jusqu&rsquo;\u00e0 1m de profondeur pendant 30 min maximum et avec une autonomie de 24 heures. Livr\u00e9e avec une sangle pour pouvoir l&rsquo;accrocher au sac ou l&rsquo;utiliser comme support du haut parleur. Microphone et fonction pour r\u00e9pondre aux appel inclus. Les articles Urban Vitamin sont fabriqu\u00e9s sans PVC et emball\u00e9s dans des [&hellip;]","og_url":"https:\/\/urban-vitamin.com\/fr\/produit\/enceinte-etanche-ipx7-hayward-noir\/","og_site_name":"Urban Vitamin","article_modified_time":"2026-04-16T00:46:35+00:00","og_image":[{"width":1024,"height":1024,"url":"https:\/\/urban-vitamin.com\/wp-content\/uploads\/sites\/5\/2026\/04\/P329.911__S_0__cc3185e1b825410484f2f0a5a4647010.jpg","type":"image\/jpeg"}],"twitter_card":"summary_large_image","schema":{"@context":"https:\/\/schema.org","@graph":[{"@type":"WebPage","@id":"https:\/\/urban-vitamin.com\/fr\/produit\/enceinte-etanche-ipx7-hayward-noir\/","url":"https:\/\/urban-vitamin.com\/fr\/produit\/enceinte-etanche-ipx7-hayward-noir\/","name":"Enceinte \u00e9tanche IPX7 Hayward, noir - Urban Vitamin","isPartOf":{"@id":"https:\/\/urban-vitamin.com\/fr\/#website"},"primaryImageOfPage":{"@id":"https:\/\/urban-vitamin.com\/fr\/produit\/enceinte-etanche-ipx7-hayward-noir\/#primaryimage"},"image":{"@id":"https:\/\/urban-vitamin.com\/fr\/produit\/enceinte-etanche-ipx7-hayward-noir\/#primaryimage"},"thumbnailUrl":"https:\/\/urban-vitamin.com\/wp-content\/uploads\/sites\/5\/2026\/04\/P329.911__S_0__cc3185e1b825410484f2f0a5a4647010.jpg","datePublished":"2026-04-16T00:07:00+00:00","dateModified":"2026-04-16T00:46:35+00:00","breadcrumb":{"@id":"https:\/\/urban-vitamin.com\/fr\/produit\/enceinte-etanche-ipx7-hayward-noir\/#breadcrumb"},"inLanguage":"fr-FR","potentialAction":[{"@type":"ReadAction","target":["https:\/\/urban-vitamin.com\/fr\/produit\/enceinte-etanche-ipx7-hayward-noir\/"]}]},{"@type":"ImageObject","inLanguage":"fr-FR","@id":"https:\/\/urban-vitamin.com\/fr\/produit\/enceinte-etanche-ipx7-hayward-noir\/#primaryimage","url":"https:\/\/urban-vitamin.com\/wp-content\/uploads\/sites\/5\/2026\/04\/P329.911__S_0__cc3185e1b825410484f2f0a5a4647010.jpg","contentUrl":"https:\/\/urban-vitamin.com\/wp-content\/uploads\/sites\/5\/2026\/04\/P329.911__S_0__cc3185e1b825410484f2f0a5a4647010.jpg","width":1024,"height":1024},{"@type":"BreadcrumbList","@id":"https:\/\/urban-vitamin.com\/fr\/produit\/enceinte-etanche-ipx7-hayward-noir\/#breadcrumb","itemListElement":[{"@type":"ListItem","position":1,"name":"Home","item":"https:\/\/urban-vitamin.com\/fr\/"},{"@type":"ListItem","position":2,"name":"Collection","item":"https:\/\/urban-vitamin.com\/fr\/collection\/"},{"@type":"ListItem","position":3,"name":"Enceinte \u00e9tanche IPX7 Hayward, noir"}]},{"@type":"WebSite","@id":"https:\/\/urban-vitamin.com\/fr\/#website","url":"https:\/\/urban-vitamin.com\/fr\/","name":"Urban Vitamin","description":"Enjoy your daily dose of Urban Vitamin!","potentialAction":[{"@type":"SearchAction","target":{"@type":"EntryPoint","urlTemplate":"https:\/\/urban-vitamin.com\/fr\/?s={search_term_string}"},"query-input":{"@type":"PropertyValueSpecification","valueRequired":true,"valueName":"search_term_string"}}],"inLanguage":"fr-FR"}]}},"_links":{"self":[{"href":"https:\/\/urban-vitamin.com\/fr\/wp-json\/wp\/v2\/product\/5325","targetHints":{"allow":["GET"]}}],"collection":[{"href":"https:\/\/urban-vitamin.com\/fr\/wp-json\/wp\/v2\/product"}],"about":[{"href":"https:\/\/urban-vitamin.com\/fr\/wp-json\/wp\/v2\/types\/product"}],"replies":[{"embeddable":true,"href":"https:\/\/urban-vitamin.com\/fr\/wp-json\/wp\/v2\/comments?post=5325"}],"wp:featuredmedia":[{"embeddable":true,"href":"https:\/\/urban-vitamin.com\/fr\/wp-json\/wp\/v2\/media\/27774"}],"wp:attachment":[{"href":"https:\/\/urban-vitamin.com\/fr\/wp-json\/wp\/v2\/media?parent=5325"}],"wp:term":[{"taxonomy":"product_cat","embeddable":true,"href":"https:\/\/urban-vitamin.com\/fr\/wp-json\/wp\/v2\/product_cat?post=5325"},{"taxonomy":"product_tag","embeddable":true,"href":"https:\/\/urban-vitamin.com\/fr\/wp-json\/wp\/v2\/product_tag?post=5325"}],"curies":[{"name":"wp","href":"https:\/\/api.w.org\/{rel}","templated":true}]}}