{"id":5324,"date":"2026-03-12T01:08:24","date_gmt":"2026-03-12T01:08:24","guid":{"rendered":"https:\/\/xdsomename.tempurl.host\/urban-vitamin\/product\/enceinte-etanche-ipx7-berkeley-noir\/"},"modified":"2026-03-12T01:47:03","modified_gmt":"2026-03-12T01:47:03","slug":"enceinte-etanche-ipx7-berkeley-noir","status":"publish","type":"product","link":"https:\/\/urban-vitamin.com\/fr\/produit\/enceinte-etanche-ipx7-berkeley-noir\/","title":{"rendered":"Enceinte \u00e9tanche IPX7 Berkeley, noir"},"content":{"rendered":"<p>Enceinte \u00e9tanche IPX7 jusqu&rsquo;\u00e0 1m de profondeur pendant 30 min, avec 2 caissons de basses aux extr\u00e9mit\u00e9 et avec une autonomie de 15 heures. Le tissu durable et le bo\u00eetier robuste prot\u00e9gera celle-ci des petits impacts. Microphone et une fonction pour r\u00e9pondre aux appels inclus. Les articles Urban Vitamin sont fabriqu\u00e9s sans PVC et emball\u00e9s dans des emballages \u00e0 faible teneur en plastique.<\/p>\n","protected":false},"excerpt":{"rendered":"<p>Enceinte \u00e9tanche IPX7 jusqu&rsquo;\u00e0 1m de profondeur pendant 30 min, avec 2 caissons de basses aux extr\u00e9mit\u00e9 et avec une autonomie de 15 heures. Le tissu durable et le bo\u00eetier robuste prot\u00e9gera celle-ci des petits impacts. Microphone et une fonction pour r\u00e9pondre aux appels inclus. Les articles Urban Vitamin sont fabriqu\u00e9s sans PVC et emball\u00e9s [&hellip;]<\/p>\n","protected":false},"featured_media":17434,"comment_status":"closed","ping_status":"closed","template":"","meta":{"_acf_changed":false,"om_disable_all_campaigns":false},"product_cat":[62],"product_tag":[],"class_list":["post-5324","product","type-product","status-publish","has-post-thumbnail","hentry","product_cat-hautparleurs","pa_color-black"],"acf":[],"yoast_head":"<!-- This site is optimized with the Yoast SEO plugin v27.0 - https:\/\/yoast.com\/product\/yoast-seo-wordpress\/ -->\n<title>Enceinte \u00e9tanche IPX7 Berkeley, noir - Urban Vitamin<\/title>\n<meta name=\"robots\" content=\"index, follow, max-snippet:-1, max-image-preview:large, max-video-preview:-1\" \/>\n<link rel=\"canonical\" href=\"https:\/\/urban-vitamin.com\/fr\/produit\/enceinte-etanche-ipx7-berkeley-noir\/\" \/>\n<meta property=\"og:locale\" content=\"fr_FR\" \/>\n<meta property=\"og:type\" content=\"article\" \/>\n<meta property=\"og:title\" content=\"Enceinte \u00e9tanche IPX7 Berkeley, noir - Urban Vitamin\" \/>\n<meta property=\"og:description\" content=\"Enceinte \u00e9tanche IPX7 jusqu&rsquo;\u00e0 1m de profondeur pendant 30 min, avec 2 caissons de basses aux extr\u00e9mit\u00e9 et avec une autonomie de 15 heures. Le tissu durable et le bo\u00eetier robuste prot\u00e9gera celle-ci des petits impacts. Microphone et une fonction pour r\u00e9pondre aux appels inclus. Les articles Urban Vitamin sont fabriqu\u00e9s sans PVC et emball\u00e9s [&hellip;]\" \/>\n<meta property=\"og:url\" content=\"https:\/\/urban-vitamin.com\/fr\/produit\/enceinte-etanche-ipx7-berkeley-noir\/\" \/>\n<meta property=\"og:site_name\" content=\"Urban Vitamin\" \/>\n<meta property=\"article:modified_time\" content=\"2026-03-12T01:47:03+00:00\" \/>\n<meta property=\"og:image\" content=\"https:\/\/urban-vitamin.com\/wp-content\/uploads\/sites\/5\/2024\/02\/P329.901__S_0__72b3fd8e2581422eb162618d8d855a54.jpg\" \/>\n\t<meta property=\"og:image:width\" content=\"1024\" \/>\n\t<meta property=\"og:image:height\" content=\"1024\" \/>\n\t<meta property=\"og:image:type\" content=\"image\/jpeg\" \/>\n<meta name=\"twitter:card\" content=\"summary_large_image\" \/>\n<script type=\"application\/ld+json\" class=\"yoast-schema-graph\">{\"@context\":\"https:\/\/schema.org\",\"@graph\":[{\"@type\":\"WebPage\",\"@id\":\"https:\/\/urban-vitamin.com\/fr\/produit\/enceinte-etanche-ipx7-berkeley-noir\/\",\"url\":\"https:\/\/urban-vitamin.com\/fr\/produit\/enceinte-etanche-ipx7-berkeley-noir\/\",\"name\":\"Enceinte \u00e9tanche IPX7 Berkeley, noir - Urban Vitamin\",\"isPartOf\":{\"@id\":\"https:\/\/urban-vitamin.com\/fr\/#website\"},\"primaryImageOfPage\":{\"@id\":\"https:\/\/urban-vitamin.com\/fr\/produit\/enceinte-etanche-ipx7-berkeley-noir\/#primaryimage\"},\"image\":{\"@id\":\"https:\/\/urban-vitamin.com\/fr\/produit\/enceinte-etanche-ipx7-berkeley-noir\/#primaryimage\"},\"thumbnailUrl\":\"https:\/\/urban-vitamin.com\/wp-content\/uploads\/sites\/5\/2024\/02\/P329.901__S_0__72b3fd8e2581422eb162618d8d855a54.jpg\",\"datePublished\":\"2026-03-12T01:08:24+00:00\",\"dateModified\":\"2026-03-12T01:47:03+00:00\",\"breadcrumb\":{\"@id\":\"https:\/\/urban-vitamin.com\/fr\/produit\/enceinte-etanche-ipx7-berkeley-noir\/#breadcrumb\"},\"inLanguage\":\"fr-FR\",\"potentialAction\":[{\"@type\":\"ReadAction\",\"target\":[\"https:\/\/urban-vitamin.com\/fr\/produit\/enceinte-etanche-ipx7-berkeley-noir\/\"]}]},{\"@type\":\"ImageObject\",\"inLanguage\":\"fr-FR\",\"@id\":\"https:\/\/urban-vitamin.com\/fr\/produit\/enceinte-etanche-ipx7-berkeley-noir\/#primaryimage\",\"url\":\"https:\/\/urban-vitamin.com\/wp-content\/uploads\/sites\/5\/2024\/02\/P329.901__S_0__72b3fd8e2581422eb162618d8d855a54.jpg\",\"contentUrl\":\"https:\/\/urban-vitamin.com\/wp-content\/uploads\/sites\/5\/2024\/02\/P329.901__S_0__72b3fd8e2581422eb162618d8d855a54.jpg\",\"width\":1024,\"height\":1024},{\"@type\":\"BreadcrumbList\",\"@id\":\"https:\/\/urban-vitamin.com\/fr\/produit\/enceinte-etanche-ipx7-berkeley-noir\/#breadcrumb\",\"itemListElement\":[{\"@type\":\"ListItem\",\"position\":1,\"name\":\"Home\",\"item\":\"https:\/\/urban-vitamin.com\/fr\/\"},{\"@type\":\"ListItem\",\"position\":2,\"name\":\"Collection\",\"item\":\"https:\/\/urban-vitamin.com\/fr\/collection\/\"},{\"@type\":\"ListItem\",\"position\":3,\"name\":\"Enceinte \u00e9tanche IPX7 Berkeley, noir\"}]},{\"@type\":\"WebSite\",\"@id\":\"https:\/\/urban-vitamin.com\/fr\/#website\",\"url\":\"https:\/\/urban-vitamin.com\/fr\/\",\"name\":\"Urban Vitamin\",\"description\":\"Enjoy your daily dose of Urban Vitamin!\",\"potentialAction\":[{\"@type\":\"SearchAction\",\"target\":{\"@type\":\"EntryPoint\",\"urlTemplate\":\"https:\/\/urban-vitamin.com\/fr\/?s={search_term_string}\"},\"query-input\":{\"@type\":\"PropertyValueSpecification\",\"valueRequired\":true,\"valueName\":\"search_term_string\"}}],\"inLanguage\":\"fr-FR\"}]}<\/script>\n<!-- \/ Yoast SEO plugin. -->","yoast_head_json":{"title":"Enceinte \u00e9tanche IPX7 Berkeley, noir - Urban Vitamin","robots":{"index":"index","follow":"follow","max-snippet":"max-snippet:-1","max-image-preview":"max-image-preview:large","max-video-preview":"max-video-preview:-1"},"canonical":"https:\/\/urban-vitamin.com\/fr\/produit\/enceinte-etanche-ipx7-berkeley-noir\/","og_locale":"fr_FR","og_type":"article","og_title":"Enceinte \u00e9tanche IPX7 Berkeley, noir - Urban Vitamin","og_description":"Enceinte \u00e9tanche IPX7 jusqu&rsquo;\u00e0 1m de profondeur pendant 30 min, avec 2 caissons de basses aux extr\u00e9mit\u00e9 et avec une autonomie de 15 heures. Le tissu durable et le bo\u00eetier robuste prot\u00e9gera celle-ci des petits impacts. Microphone et une fonction pour r\u00e9pondre aux appels inclus. Les articles Urban Vitamin sont fabriqu\u00e9s sans PVC et emball\u00e9s [&hellip;]","og_url":"https:\/\/urban-vitamin.com\/fr\/produit\/enceinte-etanche-ipx7-berkeley-noir\/","og_site_name":"Urban Vitamin","article_modified_time":"2026-03-12T01:47:03+00:00","og_image":[{"width":1024,"height":1024,"url":"https:\/\/urban-vitamin.com\/wp-content\/uploads\/sites\/5\/2024\/02\/P329.901__S_0__72b3fd8e2581422eb162618d8d855a54.jpg","type":"image\/jpeg"}],"twitter_card":"summary_large_image","schema":{"@context":"https:\/\/schema.org","@graph":[{"@type":"WebPage","@id":"https:\/\/urban-vitamin.com\/fr\/produit\/enceinte-etanche-ipx7-berkeley-noir\/","url":"https:\/\/urban-vitamin.com\/fr\/produit\/enceinte-etanche-ipx7-berkeley-noir\/","name":"Enceinte \u00e9tanche IPX7 Berkeley, noir - Urban Vitamin","isPartOf":{"@id":"https:\/\/urban-vitamin.com\/fr\/#website"},"primaryImageOfPage":{"@id":"https:\/\/urban-vitamin.com\/fr\/produit\/enceinte-etanche-ipx7-berkeley-noir\/#primaryimage"},"image":{"@id":"https:\/\/urban-vitamin.com\/fr\/produit\/enceinte-etanche-ipx7-berkeley-noir\/#primaryimage"},"thumbnailUrl":"https:\/\/urban-vitamin.com\/wp-content\/uploads\/sites\/5\/2024\/02\/P329.901__S_0__72b3fd8e2581422eb162618d8d855a54.jpg","datePublished":"2026-03-12T01:08:24+00:00","dateModified":"2026-03-12T01:47:03+00:00","breadcrumb":{"@id":"https:\/\/urban-vitamin.com\/fr\/produit\/enceinte-etanche-ipx7-berkeley-noir\/#breadcrumb"},"inLanguage":"fr-FR","potentialAction":[{"@type":"ReadAction","target":["https:\/\/urban-vitamin.com\/fr\/produit\/enceinte-etanche-ipx7-berkeley-noir\/"]}]},{"@type":"ImageObject","inLanguage":"fr-FR","@id":"https:\/\/urban-vitamin.com\/fr\/produit\/enceinte-etanche-ipx7-berkeley-noir\/#primaryimage","url":"https:\/\/urban-vitamin.com\/wp-content\/uploads\/sites\/5\/2024\/02\/P329.901__S_0__72b3fd8e2581422eb162618d8d855a54.jpg","contentUrl":"https:\/\/urban-vitamin.com\/wp-content\/uploads\/sites\/5\/2024\/02\/P329.901__S_0__72b3fd8e2581422eb162618d8d855a54.jpg","width":1024,"height":1024},{"@type":"BreadcrumbList","@id":"https:\/\/urban-vitamin.com\/fr\/produit\/enceinte-etanche-ipx7-berkeley-noir\/#breadcrumb","itemListElement":[{"@type":"ListItem","position":1,"name":"Home","item":"https:\/\/urban-vitamin.com\/fr\/"},{"@type":"ListItem","position":2,"name":"Collection","item":"https:\/\/urban-vitamin.com\/fr\/collection\/"},{"@type":"ListItem","position":3,"name":"Enceinte \u00e9tanche IPX7 Berkeley, noir"}]},{"@type":"WebSite","@id":"https:\/\/urban-vitamin.com\/fr\/#website","url":"https:\/\/urban-vitamin.com\/fr\/","name":"Urban Vitamin","description":"Enjoy your daily dose of Urban Vitamin!","potentialAction":[{"@type":"SearchAction","target":{"@type":"EntryPoint","urlTemplate":"https:\/\/urban-vitamin.com\/fr\/?s={search_term_string}"},"query-input":{"@type":"PropertyValueSpecification","valueRequired":true,"valueName":"search_term_string"}}],"inLanguage":"fr-FR"}]}},"_links":{"self":[{"href":"https:\/\/urban-vitamin.com\/fr\/wp-json\/wp\/v2\/product\/5324","targetHints":{"allow":["GET"]}}],"collection":[{"href":"https:\/\/urban-vitamin.com\/fr\/wp-json\/wp\/v2\/product"}],"about":[{"href":"https:\/\/urban-vitamin.com\/fr\/wp-json\/wp\/v2\/types\/product"}],"replies":[{"embeddable":true,"href":"https:\/\/urban-vitamin.com\/fr\/wp-json\/wp\/v2\/comments?post=5324"}],"wp:featuredmedia":[{"embeddable":true,"href":"https:\/\/urban-vitamin.com\/fr\/wp-json\/wp\/v2\/media\/17434"}],"wp:attachment":[{"href":"https:\/\/urban-vitamin.com\/fr\/wp-json\/wp\/v2\/media?parent=5324"}],"wp:term":[{"taxonomy":"product_cat","embeddable":true,"href":"https:\/\/urban-vitamin.com\/fr\/wp-json\/wp\/v2\/product_cat?post=5324"},{"taxonomy":"product_tag","embeddable":true,"href":"https:\/\/urban-vitamin.com\/fr\/wp-json\/wp\/v2\/product_tag?post=5324"}],"curies":[{"name":"wp","href":"https:\/\/api.w.org\/{rel}","templated":true}]}}