{"id":5321,"date":"2026-03-12T01:08:24","date_gmt":"2026-03-12T01:08:24","guid":{"rendered":"https:\/\/xdsomename.tempurl.host\/urban-vitamin\/product\/ecouteurs-enc-en-plastique-recycle-rcs-palm-springs-noir\/"},"modified":"2026-03-12T01:47:02","modified_gmt":"2026-03-12T01:47:02","slug":"ecouteurs-enc-en-plastique-recycle-rcs-palm-springs-noir","status":"publish","type":"product","link":"https:\/\/urban-vitamin.com\/fr\/produit\/ecouteurs-enc-en-plastique-recycle-rcs-palm-springs-noir\/","title":{"rendered":"Ecouteurs ENC en plastique recycl\u00e9 RCS Palm Springs, noir"},"content":{"rendered":"<p>Ecouteurs et boitier de charge con\u00e7us pour \u00eatre transporter facilement. Tr\u00e8s comfortables \u00e0 porter et avec jusqu&rsquo;\u00e0 6 heures d&rsquo;autonomie, le boitier de charge permet jusqu&rsquo;\u00e0 20 heures d&rsquo;autonomies. 1 micros ENC. L&rsquo;indice IPX 4 rend les \u00e9couteurs r\u00e9sistants aux intemp\u00e9ries. Ecouteurs et bo\u00eetier de charge fabriqu\u00e9es en ABS recycl\u00e9 certifi\u00e9 RCS. Teneur totale en mati\u00e8re recycl\u00e9es : 55% en fonction du poids total de l&rsquo;article. La certification RCS garantit une cha\u00eene d&rsquo;approvisionnement enti\u00e8rement des mat\u00e9riaux reycl\u00e9es. Les articles Urban Vitamin sont fabriqu\u00e9s sans PVC et emball\u00e9s dans des emballages \u00e0 faible teneur en plastique.<\/p>\n","protected":false},"excerpt":{"rendered":"<p>Ecouteurs et boitier de charge con\u00e7us pour \u00eatre transporter facilement. Tr\u00e8s comfortables \u00e0 porter et avec jusqu&rsquo;\u00e0 6 heures d&rsquo;autonomie, le boitier de charge permet jusqu&rsquo;\u00e0 20 heures d&rsquo;autonomies. 1 micros ENC. L&rsquo;indice IPX 4 rend les \u00e9couteurs r\u00e9sistants aux intemp\u00e9ries. Ecouteurs et bo\u00eetier de charge fabriqu\u00e9es en ABS recycl\u00e9 certifi\u00e9 RCS. Teneur totale en [&hellip;]<\/p>\n","protected":false},"featured_media":17014,"comment_status":"closed","ping_status":"closed","template":"","meta":{"_acf_changed":false,"om_disable_all_campaigns":false},"product_cat":[61],"product_tag":[],"class_list":["post-5321","product","type-product","status-publish","has-post-thumbnail","hentry","product_cat-ecouteurs-sans-fil","pa_color-black"],"acf":[],"yoast_head":"<!-- This site is optimized with the Yoast SEO plugin v27.0 - https:\/\/yoast.com\/product\/yoast-seo-wordpress\/ -->\n<title>Ecouteurs ENC en plastique recycl\u00e9 RCS Palm Springs, noir - Urban Vitamin<\/title>\n<meta name=\"robots\" content=\"index, follow, max-snippet:-1, max-image-preview:large, max-video-preview:-1\" \/>\n<link rel=\"canonical\" href=\"https:\/\/urban-vitamin.com\/fr\/produit\/ecouteurs-enc-en-plastique-recycle-rcs-palm-springs-noir\/\" \/>\n<meta property=\"og:locale\" content=\"fr_FR\" \/>\n<meta property=\"og:type\" content=\"article\" \/>\n<meta property=\"og:title\" content=\"Ecouteurs ENC en plastique recycl\u00e9 RCS Palm Springs, noir - Urban Vitamin\" \/>\n<meta property=\"og:description\" content=\"Ecouteurs et boitier de charge con\u00e7us pour \u00eatre transporter facilement. Tr\u00e8s comfortables \u00e0 porter et avec jusqu&rsquo;\u00e0 6 heures d&rsquo;autonomie, le boitier de charge permet jusqu&rsquo;\u00e0 20 heures d&rsquo;autonomies. 1 micros ENC. L&rsquo;indice IPX 4 rend les \u00e9couteurs r\u00e9sistants aux intemp\u00e9ries. Ecouteurs et bo\u00eetier de charge fabriqu\u00e9es en ABS recycl\u00e9 certifi\u00e9 RCS. Teneur totale en [&hellip;]\" \/>\n<meta property=\"og:url\" content=\"https:\/\/urban-vitamin.com\/fr\/produit\/ecouteurs-enc-en-plastique-recycle-rcs-palm-springs-noir\/\" \/>\n<meta property=\"og:site_name\" content=\"Urban Vitamin\" \/>\n<meta property=\"article:modified_time\" content=\"2026-03-12T01:47:02+00:00\" \/>\n<meta property=\"og:image\" content=\"https:\/\/urban-vitamin.com\/wp-content\/uploads\/sites\/5\/2024\/02\/P329.811__S_0__6229fc79f6de4bdcbaeedce3e32ec536.jpg\" \/>\n\t<meta property=\"og:image:width\" content=\"1024\" \/>\n\t<meta property=\"og:image:height\" content=\"1024\" \/>\n\t<meta property=\"og:image:type\" content=\"image\/jpeg\" \/>\n<meta name=\"twitter:card\" content=\"summary_large_image\" \/>\n<meta name=\"twitter:label1\" content=\"Dur\u00e9e de lecture estim\u00e9e\" \/>\n\t<meta name=\"twitter:data1\" content=\"1 minute\" \/>\n<script type=\"application\/ld+json\" class=\"yoast-schema-graph\">{\"@context\":\"https:\/\/schema.org\",\"@graph\":[{\"@type\":\"WebPage\",\"@id\":\"https:\/\/urban-vitamin.com\/fr\/produit\/ecouteurs-enc-en-plastique-recycle-rcs-palm-springs-noir\/\",\"url\":\"https:\/\/urban-vitamin.com\/fr\/produit\/ecouteurs-enc-en-plastique-recycle-rcs-palm-springs-noir\/\",\"name\":\"Ecouteurs ENC en plastique recycl\u00e9 RCS Palm Springs, noir - Urban Vitamin\",\"isPartOf\":{\"@id\":\"https:\/\/urban-vitamin.com\/fr\/#website\"},\"primaryImageOfPage\":{\"@id\":\"https:\/\/urban-vitamin.com\/fr\/produit\/ecouteurs-enc-en-plastique-recycle-rcs-palm-springs-noir\/#primaryimage\"},\"image\":{\"@id\":\"https:\/\/urban-vitamin.com\/fr\/produit\/ecouteurs-enc-en-plastique-recycle-rcs-palm-springs-noir\/#primaryimage\"},\"thumbnailUrl\":\"https:\/\/urban-vitamin.com\/wp-content\/uploads\/sites\/5\/2024\/02\/P329.811__S_0__6229fc79f6de4bdcbaeedce3e32ec536.jpg\",\"datePublished\":\"2026-03-12T01:08:24+00:00\",\"dateModified\":\"2026-03-12T01:47:02+00:00\",\"breadcrumb\":{\"@id\":\"https:\/\/urban-vitamin.com\/fr\/produit\/ecouteurs-enc-en-plastique-recycle-rcs-palm-springs-noir\/#breadcrumb\"},\"inLanguage\":\"fr-FR\",\"potentialAction\":[{\"@type\":\"ReadAction\",\"target\":[\"https:\/\/urban-vitamin.com\/fr\/produit\/ecouteurs-enc-en-plastique-recycle-rcs-palm-springs-noir\/\"]}]},{\"@type\":\"ImageObject\",\"inLanguage\":\"fr-FR\",\"@id\":\"https:\/\/urban-vitamin.com\/fr\/produit\/ecouteurs-enc-en-plastique-recycle-rcs-palm-springs-noir\/#primaryimage\",\"url\":\"https:\/\/urban-vitamin.com\/wp-content\/uploads\/sites\/5\/2024\/02\/P329.811__S_0__6229fc79f6de4bdcbaeedce3e32ec536.jpg\",\"contentUrl\":\"https:\/\/urban-vitamin.com\/wp-content\/uploads\/sites\/5\/2024\/02\/P329.811__S_0__6229fc79f6de4bdcbaeedce3e32ec536.jpg\",\"width\":1024,\"height\":1024},{\"@type\":\"BreadcrumbList\",\"@id\":\"https:\/\/urban-vitamin.com\/fr\/produit\/ecouteurs-enc-en-plastique-recycle-rcs-palm-springs-noir\/#breadcrumb\",\"itemListElement\":[{\"@type\":\"ListItem\",\"position\":1,\"name\":\"Home\",\"item\":\"https:\/\/urban-vitamin.com\/fr\/\"},{\"@type\":\"ListItem\",\"position\":2,\"name\":\"Collection\",\"item\":\"https:\/\/urban-vitamin.com\/fr\/collection\/\"},{\"@type\":\"ListItem\",\"position\":3,\"name\":\"Ecouteurs ENC en plastique recycl\u00e9 RCS Palm Springs, noir\"}]},{\"@type\":\"WebSite\",\"@id\":\"https:\/\/urban-vitamin.com\/fr\/#website\",\"url\":\"https:\/\/urban-vitamin.com\/fr\/\",\"name\":\"Urban Vitamin\",\"description\":\"Enjoy your daily dose of Urban Vitamin!\",\"potentialAction\":[{\"@type\":\"SearchAction\",\"target\":{\"@type\":\"EntryPoint\",\"urlTemplate\":\"https:\/\/urban-vitamin.com\/fr\/?s={search_term_string}\"},\"query-input\":{\"@type\":\"PropertyValueSpecification\",\"valueRequired\":true,\"valueName\":\"search_term_string\"}}],\"inLanguage\":\"fr-FR\"}]}<\/script>\n<!-- \/ Yoast SEO plugin. -->","yoast_head_json":{"title":"Ecouteurs ENC en plastique recycl\u00e9 RCS Palm Springs, noir - Urban Vitamin","robots":{"index":"index","follow":"follow","max-snippet":"max-snippet:-1","max-image-preview":"max-image-preview:large","max-video-preview":"max-video-preview:-1"},"canonical":"https:\/\/urban-vitamin.com\/fr\/produit\/ecouteurs-enc-en-plastique-recycle-rcs-palm-springs-noir\/","og_locale":"fr_FR","og_type":"article","og_title":"Ecouteurs ENC en plastique recycl\u00e9 RCS Palm Springs, noir - Urban Vitamin","og_description":"Ecouteurs et boitier de charge con\u00e7us pour \u00eatre transporter facilement. Tr\u00e8s comfortables \u00e0 porter et avec jusqu&rsquo;\u00e0 6 heures d&rsquo;autonomie, le boitier de charge permet jusqu&rsquo;\u00e0 20 heures d&rsquo;autonomies. 1 micros ENC. L&rsquo;indice IPX 4 rend les \u00e9couteurs r\u00e9sistants aux intemp\u00e9ries. Ecouteurs et bo\u00eetier de charge fabriqu\u00e9es en ABS recycl\u00e9 certifi\u00e9 RCS. Teneur totale en [&hellip;]","og_url":"https:\/\/urban-vitamin.com\/fr\/produit\/ecouteurs-enc-en-plastique-recycle-rcs-palm-springs-noir\/","og_site_name":"Urban Vitamin","article_modified_time":"2026-03-12T01:47:02+00:00","og_image":[{"width":1024,"height":1024,"url":"https:\/\/urban-vitamin.com\/wp-content\/uploads\/sites\/5\/2024\/02\/P329.811__S_0__6229fc79f6de4bdcbaeedce3e32ec536.jpg","type":"image\/jpeg"}],"twitter_card":"summary_large_image","twitter_misc":{"Dur\u00e9e de lecture estim\u00e9e":"1 minute"},"schema":{"@context":"https:\/\/schema.org","@graph":[{"@type":"WebPage","@id":"https:\/\/urban-vitamin.com\/fr\/produit\/ecouteurs-enc-en-plastique-recycle-rcs-palm-springs-noir\/","url":"https:\/\/urban-vitamin.com\/fr\/produit\/ecouteurs-enc-en-plastique-recycle-rcs-palm-springs-noir\/","name":"Ecouteurs ENC en plastique recycl\u00e9 RCS Palm Springs, noir - Urban Vitamin","isPartOf":{"@id":"https:\/\/urban-vitamin.com\/fr\/#website"},"primaryImageOfPage":{"@id":"https:\/\/urban-vitamin.com\/fr\/produit\/ecouteurs-enc-en-plastique-recycle-rcs-palm-springs-noir\/#primaryimage"},"image":{"@id":"https:\/\/urban-vitamin.com\/fr\/produit\/ecouteurs-enc-en-plastique-recycle-rcs-palm-springs-noir\/#primaryimage"},"thumbnailUrl":"https:\/\/urban-vitamin.com\/wp-content\/uploads\/sites\/5\/2024\/02\/P329.811__S_0__6229fc79f6de4bdcbaeedce3e32ec536.jpg","datePublished":"2026-03-12T01:08:24+00:00","dateModified":"2026-03-12T01:47:02+00:00","breadcrumb":{"@id":"https:\/\/urban-vitamin.com\/fr\/produit\/ecouteurs-enc-en-plastique-recycle-rcs-palm-springs-noir\/#breadcrumb"},"inLanguage":"fr-FR","potentialAction":[{"@type":"ReadAction","target":["https:\/\/urban-vitamin.com\/fr\/produit\/ecouteurs-enc-en-plastique-recycle-rcs-palm-springs-noir\/"]}]},{"@type":"ImageObject","inLanguage":"fr-FR","@id":"https:\/\/urban-vitamin.com\/fr\/produit\/ecouteurs-enc-en-plastique-recycle-rcs-palm-springs-noir\/#primaryimage","url":"https:\/\/urban-vitamin.com\/wp-content\/uploads\/sites\/5\/2024\/02\/P329.811__S_0__6229fc79f6de4bdcbaeedce3e32ec536.jpg","contentUrl":"https:\/\/urban-vitamin.com\/wp-content\/uploads\/sites\/5\/2024\/02\/P329.811__S_0__6229fc79f6de4bdcbaeedce3e32ec536.jpg","width":1024,"height":1024},{"@type":"BreadcrumbList","@id":"https:\/\/urban-vitamin.com\/fr\/produit\/ecouteurs-enc-en-plastique-recycle-rcs-palm-springs-noir\/#breadcrumb","itemListElement":[{"@type":"ListItem","position":1,"name":"Home","item":"https:\/\/urban-vitamin.com\/fr\/"},{"@type":"ListItem","position":2,"name":"Collection","item":"https:\/\/urban-vitamin.com\/fr\/collection\/"},{"@type":"ListItem","position":3,"name":"Ecouteurs ENC en plastique recycl\u00e9 RCS Palm Springs, noir"}]},{"@type":"WebSite","@id":"https:\/\/urban-vitamin.com\/fr\/#website","url":"https:\/\/urban-vitamin.com\/fr\/","name":"Urban Vitamin","description":"Enjoy your daily dose of Urban Vitamin!","potentialAction":[{"@type":"SearchAction","target":{"@type":"EntryPoint","urlTemplate":"https:\/\/urban-vitamin.com\/fr\/?s={search_term_string}"},"query-input":{"@type":"PropertyValueSpecification","valueRequired":true,"valueName":"search_term_string"}}],"inLanguage":"fr-FR"}]}},"_links":{"self":[{"href":"https:\/\/urban-vitamin.com\/fr\/wp-json\/wp\/v2\/product\/5321","targetHints":{"allow":["GET"]}}],"collection":[{"href":"https:\/\/urban-vitamin.com\/fr\/wp-json\/wp\/v2\/product"}],"about":[{"href":"https:\/\/urban-vitamin.com\/fr\/wp-json\/wp\/v2\/types\/product"}],"replies":[{"embeddable":true,"href":"https:\/\/urban-vitamin.com\/fr\/wp-json\/wp\/v2\/comments?post=5321"}],"wp:featuredmedia":[{"embeddable":true,"href":"https:\/\/urban-vitamin.com\/fr\/wp-json\/wp\/v2\/media\/17014"}],"wp:attachment":[{"href":"https:\/\/urban-vitamin.com\/fr\/wp-json\/wp\/v2\/media?parent=5321"}],"wp:term":[{"taxonomy":"product_cat","embeddable":true,"href":"https:\/\/urban-vitamin.com\/fr\/wp-json\/wp\/v2\/product_cat?post=5321"},{"taxonomy":"product_tag","embeddable":true,"href":"https:\/\/urban-vitamin.com\/fr\/wp-json\/wp\/v2\/product_tag?post=5321"}],"curies":[{"name":"wp","href":"https:\/\/api.w.org\/{rel}","templated":true}]}}