{"id":5317,"date":"2026-03-12T01:08:24","date_gmt":"2026-03-12T01:08:24","guid":{"rendered":"https:\/\/xdsomename.tempurl.host\/urban-vitamin\/product\/casque-sans-fil-belmont-noir\/"},"modified":"2026-03-12T01:46:59","modified_gmt":"2026-03-12T01:46:59","slug":"casque-sans-fil-belmont-noir","status":"publish","type":"product","link":"https:\/\/urban-vitamin.com\/fr\/produit\/casque-sans-fil-belmont-noir\/","title":{"rendered":"Casque sans fil Belmont, noir"},"content":{"rendered":"<p>Casque pliable avec une qualit\u00e9 sonore tr\u00e8s haute et possibilit\u00e9 d&rsquo;activer le mode \u00ab\u00a0basse\u00a0\u00bb pour un rendu sonore encore meilleur. Avec un microphone et une fonction pour r\u00e9pondre aux appels. Dur\u00e9e d&rsquo;autonomie de 35 heures. Les articles Urban Vitamin sont fabriqu\u00e9s sans PVC et emball\u00e9s dans des emballages \u00e0 faible teneur en plastique.<\/p>\n","protected":false},"excerpt":{"rendered":"<p>Casque pliable avec une qualit\u00e9 sonore tr\u00e8s haute et possibilit\u00e9 d&rsquo;activer le mode \u00ab\u00a0basse\u00a0\u00bb pour un rendu sonore encore meilleur. Avec un microphone et une fonction pour r\u00e9pondre aux appels. Dur\u00e9e d&rsquo;autonomie de 35 heures. Les articles Urban Vitamin sont fabriqu\u00e9s sans PVC et emball\u00e9s dans des emballages \u00e0 faible teneur en plastique.<\/p>\n","protected":false},"featured_media":16545,"comment_status":"closed","ping_status":"closed","template":"","meta":{"_acf_changed":false,"om_disable_all_campaigns":false},"product_cat":[60],"product_tag":[],"class_list":["post-5317","product","type-product","status-publish","has-post-thumbnail","hentry","product_cat-casque-sans-fil","pa_color-black"],"acf":[],"yoast_head":"<!-- This site is optimized with the Yoast SEO plugin v27.0 - https:\/\/yoast.com\/product\/yoast-seo-wordpress\/ -->\n<title>Casque sans fil Belmont, noir - Urban Vitamin<\/title>\n<meta name=\"robots\" content=\"index, follow, max-snippet:-1, max-image-preview:large, max-video-preview:-1\" \/>\n<link rel=\"canonical\" href=\"https:\/\/urban-vitamin.com\/fr\/produit\/casque-sans-fil-belmont-noir\/\" \/>\n<meta property=\"og:locale\" content=\"fr_FR\" \/>\n<meta property=\"og:type\" content=\"article\" \/>\n<meta property=\"og:title\" content=\"Casque sans fil Belmont, noir - Urban Vitamin\" \/>\n<meta property=\"og:description\" content=\"Casque pliable avec une qualit\u00e9 sonore tr\u00e8s haute et possibilit\u00e9 d&rsquo;activer le mode \u00ab\u00a0basse\u00a0\u00bb pour un rendu sonore encore meilleur. Avec un microphone et une fonction pour r\u00e9pondre aux appels. Dur\u00e9e d&rsquo;autonomie de 35 heures. Les articles Urban Vitamin sont fabriqu\u00e9s sans PVC et emball\u00e9s dans des emballages \u00e0 faible teneur en plastique.\" \/>\n<meta property=\"og:url\" content=\"https:\/\/urban-vitamin.com\/fr\/produit\/casque-sans-fil-belmont-noir\/\" \/>\n<meta property=\"og:site_name\" content=\"Urban Vitamin\" \/>\n<meta property=\"article:modified_time\" content=\"2026-03-12T01:46:59+00:00\" \/>\n<meta property=\"og:image\" content=\"https:\/\/urban-vitamin.com\/wp-content\/uploads\/sites\/5\/2024\/02\/P329.761__S_0__c9214089b06c45fdbc760a3d640bbc5e.jpg\" \/>\n\t<meta property=\"og:image:width\" content=\"1024\" \/>\n\t<meta property=\"og:image:height\" content=\"1024\" \/>\n\t<meta property=\"og:image:type\" content=\"image\/jpeg\" \/>\n<meta name=\"twitter:card\" content=\"summary_large_image\" \/>\n<script type=\"application\/ld+json\" class=\"yoast-schema-graph\">{\"@context\":\"https:\/\/schema.org\",\"@graph\":[{\"@type\":\"WebPage\",\"@id\":\"https:\/\/urban-vitamin.com\/fr\/produit\/casque-sans-fil-belmont-noir\/\",\"url\":\"https:\/\/urban-vitamin.com\/fr\/produit\/casque-sans-fil-belmont-noir\/\",\"name\":\"Casque sans fil Belmont, noir - Urban Vitamin\",\"isPartOf\":{\"@id\":\"https:\/\/urban-vitamin.com\/fr\/#website\"},\"primaryImageOfPage\":{\"@id\":\"https:\/\/urban-vitamin.com\/fr\/produit\/casque-sans-fil-belmont-noir\/#primaryimage\"},\"image\":{\"@id\":\"https:\/\/urban-vitamin.com\/fr\/produit\/casque-sans-fil-belmont-noir\/#primaryimage\"},\"thumbnailUrl\":\"https:\/\/urban-vitamin.com\/wp-content\/uploads\/sites\/5\/2024\/02\/P329.761__S_0__c9214089b06c45fdbc760a3d640bbc5e.jpg\",\"datePublished\":\"2026-03-12T01:08:24+00:00\",\"dateModified\":\"2026-03-12T01:46:59+00:00\",\"breadcrumb\":{\"@id\":\"https:\/\/urban-vitamin.com\/fr\/produit\/casque-sans-fil-belmont-noir\/#breadcrumb\"},\"inLanguage\":\"fr-FR\",\"potentialAction\":[{\"@type\":\"ReadAction\",\"target\":[\"https:\/\/urban-vitamin.com\/fr\/produit\/casque-sans-fil-belmont-noir\/\"]}]},{\"@type\":\"ImageObject\",\"inLanguage\":\"fr-FR\",\"@id\":\"https:\/\/urban-vitamin.com\/fr\/produit\/casque-sans-fil-belmont-noir\/#primaryimage\",\"url\":\"https:\/\/urban-vitamin.com\/wp-content\/uploads\/sites\/5\/2024\/02\/P329.761__S_0__c9214089b06c45fdbc760a3d640bbc5e.jpg\",\"contentUrl\":\"https:\/\/urban-vitamin.com\/wp-content\/uploads\/sites\/5\/2024\/02\/P329.761__S_0__c9214089b06c45fdbc760a3d640bbc5e.jpg\",\"width\":1024,\"height\":1024},{\"@type\":\"BreadcrumbList\",\"@id\":\"https:\/\/urban-vitamin.com\/fr\/produit\/casque-sans-fil-belmont-noir\/#breadcrumb\",\"itemListElement\":[{\"@type\":\"ListItem\",\"position\":1,\"name\":\"Home\",\"item\":\"https:\/\/urban-vitamin.com\/fr\/\"},{\"@type\":\"ListItem\",\"position\":2,\"name\":\"Collection\",\"item\":\"https:\/\/urban-vitamin.com\/fr\/collection\/\"},{\"@type\":\"ListItem\",\"position\":3,\"name\":\"Casque sans fil Belmont, noir\"}]},{\"@type\":\"WebSite\",\"@id\":\"https:\/\/urban-vitamin.com\/fr\/#website\",\"url\":\"https:\/\/urban-vitamin.com\/fr\/\",\"name\":\"Urban Vitamin\",\"description\":\"Enjoy your daily dose of Urban Vitamin!\",\"potentialAction\":[{\"@type\":\"SearchAction\",\"target\":{\"@type\":\"EntryPoint\",\"urlTemplate\":\"https:\/\/urban-vitamin.com\/fr\/?s={search_term_string}\"},\"query-input\":{\"@type\":\"PropertyValueSpecification\",\"valueRequired\":true,\"valueName\":\"search_term_string\"}}],\"inLanguage\":\"fr-FR\"}]}<\/script>\n<!-- \/ Yoast SEO plugin. -->","yoast_head_json":{"title":"Casque sans fil Belmont, noir - Urban Vitamin","robots":{"index":"index","follow":"follow","max-snippet":"max-snippet:-1","max-image-preview":"max-image-preview:large","max-video-preview":"max-video-preview:-1"},"canonical":"https:\/\/urban-vitamin.com\/fr\/produit\/casque-sans-fil-belmont-noir\/","og_locale":"fr_FR","og_type":"article","og_title":"Casque sans fil Belmont, noir - Urban Vitamin","og_description":"Casque pliable avec une qualit\u00e9 sonore tr\u00e8s haute et possibilit\u00e9 d&rsquo;activer le mode \u00ab\u00a0basse\u00a0\u00bb pour un rendu sonore encore meilleur. Avec un microphone et une fonction pour r\u00e9pondre aux appels. Dur\u00e9e d&rsquo;autonomie de 35 heures. Les articles Urban Vitamin sont fabriqu\u00e9s sans PVC et emball\u00e9s dans des emballages \u00e0 faible teneur en plastique.","og_url":"https:\/\/urban-vitamin.com\/fr\/produit\/casque-sans-fil-belmont-noir\/","og_site_name":"Urban Vitamin","article_modified_time":"2026-03-12T01:46:59+00:00","og_image":[{"width":1024,"height":1024,"url":"https:\/\/urban-vitamin.com\/wp-content\/uploads\/sites\/5\/2024\/02\/P329.761__S_0__c9214089b06c45fdbc760a3d640bbc5e.jpg","type":"image\/jpeg"}],"twitter_card":"summary_large_image","schema":{"@context":"https:\/\/schema.org","@graph":[{"@type":"WebPage","@id":"https:\/\/urban-vitamin.com\/fr\/produit\/casque-sans-fil-belmont-noir\/","url":"https:\/\/urban-vitamin.com\/fr\/produit\/casque-sans-fil-belmont-noir\/","name":"Casque sans fil Belmont, noir - Urban Vitamin","isPartOf":{"@id":"https:\/\/urban-vitamin.com\/fr\/#website"},"primaryImageOfPage":{"@id":"https:\/\/urban-vitamin.com\/fr\/produit\/casque-sans-fil-belmont-noir\/#primaryimage"},"image":{"@id":"https:\/\/urban-vitamin.com\/fr\/produit\/casque-sans-fil-belmont-noir\/#primaryimage"},"thumbnailUrl":"https:\/\/urban-vitamin.com\/wp-content\/uploads\/sites\/5\/2024\/02\/P329.761__S_0__c9214089b06c45fdbc760a3d640bbc5e.jpg","datePublished":"2026-03-12T01:08:24+00:00","dateModified":"2026-03-12T01:46:59+00:00","breadcrumb":{"@id":"https:\/\/urban-vitamin.com\/fr\/produit\/casque-sans-fil-belmont-noir\/#breadcrumb"},"inLanguage":"fr-FR","potentialAction":[{"@type":"ReadAction","target":["https:\/\/urban-vitamin.com\/fr\/produit\/casque-sans-fil-belmont-noir\/"]}]},{"@type":"ImageObject","inLanguage":"fr-FR","@id":"https:\/\/urban-vitamin.com\/fr\/produit\/casque-sans-fil-belmont-noir\/#primaryimage","url":"https:\/\/urban-vitamin.com\/wp-content\/uploads\/sites\/5\/2024\/02\/P329.761__S_0__c9214089b06c45fdbc760a3d640bbc5e.jpg","contentUrl":"https:\/\/urban-vitamin.com\/wp-content\/uploads\/sites\/5\/2024\/02\/P329.761__S_0__c9214089b06c45fdbc760a3d640bbc5e.jpg","width":1024,"height":1024},{"@type":"BreadcrumbList","@id":"https:\/\/urban-vitamin.com\/fr\/produit\/casque-sans-fil-belmont-noir\/#breadcrumb","itemListElement":[{"@type":"ListItem","position":1,"name":"Home","item":"https:\/\/urban-vitamin.com\/fr\/"},{"@type":"ListItem","position":2,"name":"Collection","item":"https:\/\/urban-vitamin.com\/fr\/collection\/"},{"@type":"ListItem","position":3,"name":"Casque sans fil Belmont, noir"}]},{"@type":"WebSite","@id":"https:\/\/urban-vitamin.com\/fr\/#website","url":"https:\/\/urban-vitamin.com\/fr\/","name":"Urban Vitamin","description":"Enjoy your daily dose of Urban Vitamin!","potentialAction":[{"@type":"SearchAction","target":{"@type":"EntryPoint","urlTemplate":"https:\/\/urban-vitamin.com\/fr\/?s={search_term_string}"},"query-input":{"@type":"PropertyValueSpecification","valueRequired":true,"valueName":"search_term_string"}}],"inLanguage":"fr-FR"}]}},"_links":{"self":[{"href":"https:\/\/urban-vitamin.com\/fr\/wp-json\/wp\/v2\/product\/5317","targetHints":{"allow":["GET"]}}],"collection":[{"href":"https:\/\/urban-vitamin.com\/fr\/wp-json\/wp\/v2\/product"}],"about":[{"href":"https:\/\/urban-vitamin.com\/fr\/wp-json\/wp\/v2\/types\/product"}],"replies":[{"embeddable":true,"href":"https:\/\/urban-vitamin.com\/fr\/wp-json\/wp\/v2\/comments?post=5317"}],"wp:featuredmedia":[{"embeddable":true,"href":"https:\/\/urban-vitamin.com\/fr\/wp-json\/wp\/v2\/media\/16545"}],"wp:attachment":[{"href":"https:\/\/urban-vitamin.com\/fr\/wp-json\/wp\/v2\/media?parent=5317"}],"wp:term":[{"taxonomy":"product_cat","embeddable":true,"href":"https:\/\/urban-vitamin.com\/fr\/wp-json\/wp\/v2\/product_cat?post=5317"},{"taxonomy":"product_tag","embeddable":true,"href":"https:\/\/urban-vitamin.com\/fr\/wp-json\/wp\/v2\/product_tag?post=5317"}],"curies":[{"name":"wp","href":"https:\/\/api.w.org\/{rel}","templated":true}]}}