{"id":5311,"date":"2026-03-12T01:08:24","date_gmt":"2026-03-12T01:08:24","guid":{"rendered":"https:\/\/xdsomename.tempurl.host\/urban-vitamin\/product\/ecouteurs-sans-fil-enc-byron-bleu\/"},"modified":"2026-03-12T01:46:58","modified_gmt":"2026-03-12T01:46:58","slug":"ecouteurs-sans-fil-enc-byron-bleu","status":"publish","type":"product","link":"https:\/\/urban-vitamin.com\/fr\/produit\/ecouteurs-sans-fil-enc-byron-bleu\/","title":{"rendered":"Ecouteurs sans fil ENC Byron, bleu"},"content":{"rendered":"<p>Ecouteurs sans fil compacts mais puissants. Dot\u00e9s d&rsquo;un mode de jeu \u00e0 faible latence (65ms) pour minimiser le retard sonore entre votre \u00e9cran et l&rsquo;audio lors des jeux. Gr\u00e2ce \u00e0 l&rsquo;ENC, vos appels t\u00e9l\u00e9phoniques sont limpides en filtrant le bruit ambiant. Gr\u00e2ce \u00e0 la fonction de commande tactile int\u00e9gr\u00e9e, il vous suffit d&rsquo;appuyer sur l&rsquo;oreillette pour r\u00e9pondre aux appels. Tr\u00e8s comfortables \u00e0 porter et avec jusqu&rsquo;\u00e0 5 heures d&rsquo;autonomie, le boitier de charge permet jusqu&rsquo;\u00e0 20 heures d&rsquo;autonomie. L&rsquo;indice IPX 4 rend les \u00e9couteurs r\u00e9sistants aux intemp\u00e9ries et \u00e0 la transpiration. Degr\u00e9 ANC : Jusqu&rsquo;\u00e0 25DB. Les articles Urban Vitamin sont fabriqu\u00e9s sans PVC et emball\u00e9s dans des emballages \u00e0 faible teneur en plastique.<\/p>\n","protected":false},"excerpt":{"rendered":"<p>Ecouteurs sans fil compacts mais puissants. Dot\u00e9s d&rsquo;un mode de jeu \u00e0 faible latence (65ms) pour minimiser le retard sonore entre votre \u00e9cran et l&rsquo;audio lors des jeux. Gr\u00e2ce \u00e0 l&rsquo;ENC, vos appels t\u00e9l\u00e9phoniques sont limpides en filtrant le bruit ambiant. Gr\u00e2ce \u00e0 la fonction de commande tactile int\u00e9gr\u00e9e, il vous suffit d&rsquo;appuyer sur l&rsquo;oreillette [&hellip;]<\/p>\n","protected":false},"featured_media":15908,"comment_status":"closed","ping_status":"closed","template":"","meta":{"_acf_changed":false,"om_disable_all_campaigns":false},"product_cat":[61],"product_tag":[],"class_list":["post-5311","product","type-product","status-publish","has-post-thumbnail","hentry","product_cat-ecouteurs-sans-fil","pa_color-blue"],"acf":[],"yoast_head":"<!-- This site is optimized with the Yoast SEO plugin v27.0 - https:\/\/yoast.com\/product\/yoast-seo-wordpress\/ -->\n<title>Ecouteurs sans fil ENC Byron, bleu - Urban Vitamin<\/title>\n<meta name=\"robots\" content=\"index, follow, max-snippet:-1, max-image-preview:large, max-video-preview:-1\" \/>\n<link rel=\"canonical\" href=\"https:\/\/urban-vitamin.com\/fr\/produit\/ecouteurs-sans-fil-enc-byron-bleu\/\" \/>\n<meta property=\"og:locale\" content=\"fr_FR\" \/>\n<meta property=\"og:type\" content=\"article\" \/>\n<meta property=\"og:title\" content=\"Ecouteurs sans fil ENC Byron, bleu - Urban Vitamin\" \/>\n<meta property=\"og:description\" content=\"Ecouteurs sans fil compacts mais puissants. Dot\u00e9s d&rsquo;un mode de jeu \u00e0 faible latence (65ms) pour minimiser le retard sonore entre votre \u00e9cran et l&rsquo;audio lors des jeux. Gr\u00e2ce \u00e0 l&rsquo;ENC, vos appels t\u00e9l\u00e9phoniques sont limpides en filtrant le bruit ambiant. Gr\u00e2ce \u00e0 la fonction de commande tactile int\u00e9gr\u00e9e, il vous suffit d&rsquo;appuyer sur l&rsquo;oreillette [&hellip;]\" \/>\n<meta property=\"og:url\" content=\"https:\/\/urban-vitamin.com\/fr\/produit\/ecouteurs-sans-fil-enc-byron-bleu\/\" \/>\n<meta property=\"og:site_name\" content=\"Urban Vitamin\" \/>\n<meta property=\"article:modified_time\" content=\"2026-03-12T01:46:58+00:00\" \/>\n<meta property=\"og:image\" content=\"https:\/\/urban-vitamin.com\/wp-content\/uploads\/sites\/5\/2024\/02\/P329.735__S_0__d661ca274fea4a529205252f3d142c67.jpg\" \/>\n\t<meta property=\"og:image:width\" content=\"1024\" \/>\n\t<meta property=\"og:image:height\" content=\"1024\" \/>\n\t<meta property=\"og:image:type\" content=\"image\/jpeg\" \/>\n<meta name=\"twitter:card\" content=\"summary_large_image\" \/>\n<meta name=\"twitter:label1\" content=\"Dur\u00e9e de lecture estim\u00e9e\" \/>\n\t<meta name=\"twitter:data1\" content=\"1 minute\" \/>\n<script type=\"application\/ld+json\" class=\"yoast-schema-graph\">{\"@context\":\"https:\/\/schema.org\",\"@graph\":[{\"@type\":\"WebPage\",\"@id\":\"https:\/\/urban-vitamin.com\/fr\/produit\/ecouteurs-sans-fil-enc-byron-bleu\/\",\"url\":\"https:\/\/urban-vitamin.com\/fr\/produit\/ecouteurs-sans-fil-enc-byron-bleu\/\",\"name\":\"Ecouteurs sans fil ENC Byron, bleu - Urban Vitamin\",\"isPartOf\":{\"@id\":\"https:\/\/urban-vitamin.com\/fr\/#website\"},\"primaryImageOfPage\":{\"@id\":\"https:\/\/urban-vitamin.com\/fr\/produit\/ecouteurs-sans-fil-enc-byron-bleu\/#primaryimage\"},\"image\":{\"@id\":\"https:\/\/urban-vitamin.com\/fr\/produit\/ecouteurs-sans-fil-enc-byron-bleu\/#primaryimage\"},\"thumbnailUrl\":\"https:\/\/urban-vitamin.com\/wp-content\/uploads\/sites\/5\/2024\/02\/P329.735__S_0__d661ca274fea4a529205252f3d142c67.jpg\",\"datePublished\":\"2026-03-12T01:08:24+00:00\",\"dateModified\":\"2026-03-12T01:46:58+00:00\",\"breadcrumb\":{\"@id\":\"https:\/\/urban-vitamin.com\/fr\/produit\/ecouteurs-sans-fil-enc-byron-bleu\/#breadcrumb\"},\"inLanguage\":\"fr-FR\",\"potentialAction\":[{\"@type\":\"ReadAction\",\"target\":[\"https:\/\/urban-vitamin.com\/fr\/produit\/ecouteurs-sans-fil-enc-byron-bleu\/\"]}]},{\"@type\":\"ImageObject\",\"inLanguage\":\"fr-FR\",\"@id\":\"https:\/\/urban-vitamin.com\/fr\/produit\/ecouteurs-sans-fil-enc-byron-bleu\/#primaryimage\",\"url\":\"https:\/\/urban-vitamin.com\/wp-content\/uploads\/sites\/5\/2024\/02\/P329.735__S_0__d661ca274fea4a529205252f3d142c67.jpg\",\"contentUrl\":\"https:\/\/urban-vitamin.com\/wp-content\/uploads\/sites\/5\/2024\/02\/P329.735__S_0__d661ca274fea4a529205252f3d142c67.jpg\",\"width\":1024,\"height\":1024},{\"@type\":\"BreadcrumbList\",\"@id\":\"https:\/\/urban-vitamin.com\/fr\/produit\/ecouteurs-sans-fil-enc-byron-bleu\/#breadcrumb\",\"itemListElement\":[{\"@type\":\"ListItem\",\"position\":1,\"name\":\"Home\",\"item\":\"https:\/\/urban-vitamin.com\/fr\/\"},{\"@type\":\"ListItem\",\"position\":2,\"name\":\"Collection\",\"item\":\"https:\/\/urban-vitamin.com\/fr\/collection\/\"},{\"@type\":\"ListItem\",\"position\":3,\"name\":\"Ecouteurs sans fil ENC Byron, bleu\"}]},{\"@type\":\"WebSite\",\"@id\":\"https:\/\/urban-vitamin.com\/fr\/#website\",\"url\":\"https:\/\/urban-vitamin.com\/fr\/\",\"name\":\"Urban Vitamin\",\"description\":\"Enjoy your daily dose of Urban Vitamin!\",\"potentialAction\":[{\"@type\":\"SearchAction\",\"target\":{\"@type\":\"EntryPoint\",\"urlTemplate\":\"https:\/\/urban-vitamin.com\/fr\/?s={search_term_string}\"},\"query-input\":{\"@type\":\"PropertyValueSpecification\",\"valueRequired\":true,\"valueName\":\"search_term_string\"}}],\"inLanguage\":\"fr-FR\"}]}<\/script>\n<!-- \/ Yoast SEO plugin. -->","yoast_head_json":{"title":"Ecouteurs sans fil ENC Byron, bleu - Urban Vitamin","robots":{"index":"index","follow":"follow","max-snippet":"max-snippet:-1","max-image-preview":"max-image-preview:large","max-video-preview":"max-video-preview:-1"},"canonical":"https:\/\/urban-vitamin.com\/fr\/produit\/ecouteurs-sans-fil-enc-byron-bleu\/","og_locale":"fr_FR","og_type":"article","og_title":"Ecouteurs sans fil ENC Byron, bleu - Urban Vitamin","og_description":"Ecouteurs sans fil compacts mais puissants. Dot\u00e9s d&rsquo;un mode de jeu \u00e0 faible latence (65ms) pour minimiser le retard sonore entre votre \u00e9cran et l&rsquo;audio lors des jeux. Gr\u00e2ce \u00e0 l&rsquo;ENC, vos appels t\u00e9l\u00e9phoniques sont limpides en filtrant le bruit ambiant. Gr\u00e2ce \u00e0 la fonction de commande tactile int\u00e9gr\u00e9e, il vous suffit d&rsquo;appuyer sur l&rsquo;oreillette [&hellip;]","og_url":"https:\/\/urban-vitamin.com\/fr\/produit\/ecouteurs-sans-fil-enc-byron-bleu\/","og_site_name":"Urban Vitamin","article_modified_time":"2026-03-12T01:46:58+00:00","og_image":[{"width":1024,"height":1024,"url":"https:\/\/urban-vitamin.com\/wp-content\/uploads\/sites\/5\/2024\/02\/P329.735__S_0__d661ca274fea4a529205252f3d142c67.jpg","type":"image\/jpeg"}],"twitter_card":"summary_large_image","twitter_misc":{"Dur\u00e9e de lecture estim\u00e9e":"1 minute"},"schema":{"@context":"https:\/\/schema.org","@graph":[{"@type":"WebPage","@id":"https:\/\/urban-vitamin.com\/fr\/produit\/ecouteurs-sans-fil-enc-byron-bleu\/","url":"https:\/\/urban-vitamin.com\/fr\/produit\/ecouteurs-sans-fil-enc-byron-bleu\/","name":"Ecouteurs sans fil ENC Byron, bleu - Urban Vitamin","isPartOf":{"@id":"https:\/\/urban-vitamin.com\/fr\/#website"},"primaryImageOfPage":{"@id":"https:\/\/urban-vitamin.com\/fr\/produit\/ecouteurs-sans-fil-enc-byron-bleu\/#primaryimage"},"image":{"@id":"https:\/\/urban-vitamin.com\/fr\/produit\/ecouteurs-sans-fil-enc-byron-bleu\/#primaryimage"},"thumbnailUrl":"https:\/\/urban-vitamin.com\/wp-content\/uploads\/sites\/5\/2024\/02\/P329.735__S_0__d661ca274fea4a529205252f3d142c67.jpg","datePublished":"2026-03-12T01:08:24+00:00","dateModified":"2026-03-12T01:46:58+00:00","breadcrumb":{"@id":"https:\/\/urban-vitamin.com\/fr\/produit\/ecouteurs-sans-fil-enc-byron-bleu\/#breadcrumb"},"inLanguage":"fr-FR","potentialAction":[{"@type":"ReadAction","target":["https:\/\/urban-vitamin.com\/fr\/produit\/ecouteurs-sans-fil-enc-byron-bleu\/"]}]},{"@type":"ImageObject","inLanguage":"fr-FR","@id":"https:\/\/urban-vitamin.com\/fr\/produit\/ecouteurs-sans-fil-enc-byron-bleu\/#primaryimage","url":"https:\/\/urban-vitamin.com\/wp-content\/uploads\/sites\/5\/2024\/02\/P329.735__S_0__d661ca274fea4a529205252f3d142c67.jpg","contentUrl":"https:\/\/urban-vitamin.com\/wp-content\/uploads\/sites\/5\/2024\/02\/P329.735__S_0__d661ca274fea4a529205252f3d142c67.jpg","width":1024,"height":1024},{"@type":"BreadcrumbList","@id":"https:\/\/urban-vitamin.com\/fr\/produit\/ecouteurs-sans-fil-enc-byron-bleu\/#breadcrumb","itemListElement":[{"@type":"ListItem","position":1,"name":"Home","item":"https:\/\/urban-vitamin.com\/fr\/"},{"@type":"ListItem","position":2,"name":"Collection","item":"https:\/\/urban-vitamin.com\/fr\/collection\/"},{"@type":"ListItem","position":3,"name":"Ecouteurs sans fil ENC Byron, bleu"}]},{"@type":"WebSite","@id":"https:\/\/urban-vitamin.com\/fr\/#website","url":"https:\/\/urban-vitamin.com\/fr\/","name":"Urban Vitamin","description":"Enjoy your daily dose of Urban Vitamin!","potentialAction":[{"@type":"SearchAction","target":{"@type":"EntryPoint","urlTemplate":"https:\/\/urban-vitamin.com\/fr\/?s={search_term_string}"},"query-input":{"@type":"PropertyValueSpecification","valueRequired":true,"valueName":"search_term_string"}}],"inLanguage":"fr-FR"}]}},"_links":{"self":[{"href":"https:\/\/urban-vitamin.com\/fr\/wp-json\/wp\/v2\/product\/5311","targetHints":{"allow":["GET"]}}],"collection":[{"href":"https:\/\/urban-vitamin.com\/fr\/wp-json\/wp\/v2\/product"}],"about":[{"href":"https:\/\/urban-vitamin.com\/fr\/wp-json\/wp\/v2\/types\/product"}],"replies":[{"embeddable":true,"href":"https:\/\/urban-vitamin.com\/fr\/wp-json\/wp\/v2\/comments?post=5311"}],"wp:featuredmedia":[{"embeddable":true,"href":"https:\/\/urban-vitamin.com\/fr\/wp-json\/wp\/v2\/media\/15908"}],"wp:attachment":[{"href":"https:\/\/urban-vitamin.com\/fr\/wp-json\/wp\/v2\/media?parent=5311"}],"wp:term":[{"taxonomy":"product_cat","embeddable":true,"href":"https:\/\/urban-vitamin.com\/fr\/wp-json\/wp\/v2\/product_cat?post=5311"},{"taxonomy":"product_tag","embeddable":true,"href":"https:\/\/urban-vitamin.com\/fr\/wp-json\/wp\/v2\/product_tag?post=5311"}],"curies":[{"name":"wp","href":"https:\/\/api.w.org\/{rel}","templated":true}]}}