{"id":5300,"date":"2026-03-12T01:08:06","date_gmt":"2026-03-12T01:08:06","guid":{"rendered":"https:\/\/xdsomename.tempurl.host\/urban-vitamin\/product\/casque-audio-en-plastique-recycle-rcs-palo-alto-noir\/"},"modified":"2026-03-12T01:46:53","modified_gmt":"2026-03-12T01:46:53","slug":"casque-audio-en-plastique-recycle-rcs-palo-alto-noir","status":"publish","type":"product","link":"https:\/\/urban-vitamin.com\/fr\/produit\/casque-audio-en-plastique-recycle-rcs-palo-alto-noir\/","title":{"rendered":"Casque audio en plastique recycl\u00e9 RCS Palo Alto, noir"},"content":{"rendered":"<p>Casque audio ajustable et souple qui s&rsquo;adaptera parfaitement \u00e0 vos oreilles pour une utilisation toute la journ\u00e9e. Qualit\u00e9 sonore tr\u00e8s nette. Dur\u00e9e d&rsquo;autonomie de 60 heures. Micro int\u00e9gr\u00e9. Le casque est fabriqu\u00e9 en ABS recycl\u00e9 certifi\u00e9 RCS. Teneur totale en mati\u00e8res recycl\u00e9es : 63%  selon le poids total de l&rsquo;article. La certification RCS garantit une cha\u00eene d&rsquo;approvisionnement enti\u00e8rement certifi\u00e9e des mat\u00e9riaux recycl\u00e9s. Les articles Urban Vitamin sont fabriqu\u00e9s sans PVC et emball\u00e9s dans des emballages \u00e0 faible teneur en plastique. Pochette \u00e0 cordon rPET fabriqu\u00e9e avec le traceur AWARE\u2122incluse.<\/p>\n","protected":false},"excerpt":{"rendered":"<p>Casque audio ajustable et souple qui s&rsquo;adaptera parfaitement \u00e0 vos oreilles pour une utilisation toute la journ\u00e9e. Qualit\u00e9 sonore tr\u00e8s nette. Dur\u00e9e d&rsquo;autonomie de 60 heures. Micro int\u00e9gr\u00e9. Le casque est fabriqu\u00e9 en ABS recycl\u00e9 certifi\u00e9 RCS. Teneur totale en mati\u00e8res recycl\u00e9es : 63% selon le poids total de l&rsquo;article. La certification RCS garantit une [&hellip;]<\/p>\n","protected":false},"featured_media":14263,"comment_status":"closed","ping_status":"closed","template":"","meta":{"_acf_changed":false,"om_disable_all_campaigns":false},"product_cat":[60],"product_tag":[],"class_list":["post-5300","product","type-product","status-publish","has-post-thumbnail","hentry","product_cat-casque-sans-fil","pa_color-black"],"acf":[],"yoast_head":"<!-- This site is optimized with the Yoast SEO plugin v27.0 - https:\/\/yoast.com\/product\/yoast-seo-wordpress\/ -->\n<title>Casque audio en plastique recycl\u00e9 RCS Palo Alto, noir - Urban Vitamin<\/title>\n<meta name=\"robots\" content=\"index, follow, max-snippet:-1, max-image-preview:large, max-video-preview:-1\" \/>\n<link rel=\"canonical\" href=\"https:\/\/urban-vitamin.com\/fr\/produit\/casque-audio-en-plastique-recycle-rcs-palo-alto-noir\/\" \/>\n<meta property=\"og:locale\" content=\"fr_FR\" \/>\n<meta property=\"og:type\" content=\"article\" \/>\n<meta property=\"og:title\" content=\"Casque audio en plastique recycl\u00e9 RCS Palo Alto, noir - Urban Vitamin\" \/>\n<meta property=\"og:description\" content=\"Casque audio ajustable et souple qui s&rsquo;adaptera parfaitement \u00e0 vos oreilles pour une utilisation toute la journ\u00e9e. Qualit\u00e9 sonore tr\u00e8s nette. Dur\u00e9e d&rsquo;autonomie de 60 heures. Micro int\u00e9gr\u00e9. Le casque est fabriqu\u00e9 en ABS recycl\u00e9 certifi\u00e9 RCS. Teneur totale en mati\u00e8res recycl\u00e9es : 63% selon le poids total de l&rsquo;article. La certification RCS garantit une [&hellip;]\" \/>\n<meta property=\"og:url\" content=\"https:\/\/urban-vitamin.com\/fr\/produit\/casque-audio-en-plastique-recycle-rcs-palo-alto-noir\/\" \/>\n<meta property=\"og:site_name\" content=\"Urban Vitamin\" \/>\n<meta property=\"article:modified_time\" content=\"2026-03-12T01:46:53+00:00\" \/>\n<meta property=\"og:image\" content=\"https:\/\/urban-vitamin.com\/wp-content\/uploads\/sites\/5\/2024\/02\/P329.491__S_0__904948e49160421ab6f5a5565260d46a.jpg\" \/>\n\t<meta property=\"og:image:width\" content=\"1024\" \/>\n\t<meta property=\"og:image:height\" content=\"1024\" \/>\n\t<meta property=\"og:image:type\" content=\"image\/jpeg\" \/>\n<meta name=\"twitter:card\" content=\"summary_large_image\" \/>\n<script type=\"application\/ld+json\" class=\"yoast-schema-graph\">{\"@context\":\"https:\/\/schema.org\",\"@graph\":[{\"@type\":\"WebPage\",\"@id\":\"https:\/\/urban-vitamin.com\/fr\/produit\/casque-audio-en-plastique-recycle-rcs-palo-alto-noir\/\",\"url\":\"https:\/\/urban-vitamin.com\/fr\/produit\/casque-audio-en-plastique-recycle-rcs-palo-alto-noir\/\",\"name\":\"Casque audio en plastique recycl\u00e9 RCS Palo Alto, noir - Urban Vitamin\",\"isPartOf\":{\"@id\":\"https:\/\/urban-vitamin.com\/fr\/#website\"},\"primaryImageOfPage\":{\"@id\":\"https:\/\/urban-vitamin.com\/fr\/produit\/casque-audio-en-plastique-recycle-rcs-palo-alto-noir\/#primaryimage\"},\"image\":{\"@id\":\"https:\/\/urban-vitamin.com\/fr\/produit\/casque-audio-en-plastique-recycle-rcs-palo-alto-noir\/#primaryimage\"},\"thumbnailUrl\":\"https:\/\/urban-vitamin.com\/wp-content\/uploads\/sites\/5\/2024\/02\/P329.491__S_0__904948e49160421ab6f5a5565260d46a.jpg\",\"datePublished\":\"2026-03-12T01:08:06+00:00\",\"dateModified\":\"2026-03-12T01:46:53+00:00\",\"breadcrumb\":{\"@id\":\"https:\/\/urban-vitamin.com\/fr\/produit\/casque-audio-en-plastique-recycle-rcs-palo-alto-noir\/#breadcrumb\"},\"inLanguage\":\"fr-FR\",\"potentialAction\":[{\"@type\":\"ReadAction\",\"target\":[\"https:\/\/urban-vitamin.com\/fr\/produit\/casque-audio-en-plastique-recycle-rcs-palo-alto-noir\/\"]}]},{\"@type\":\"ImageObject\",\"inLanguage\":\"fr-FR\",\"@id\":\"https:\/\/urban-vitamin.com\/fr\/produit\/casque-audio-en-plastique-recycle-rcs-palo-alto-noir\/#primaryimage\",\"url\":\"https:\/\/urban-vitamin.com\/wp-content\/uploads\/sites\/5\/2024\/02\/P329.491__S_0__904948e49160421ab6f5a5565260d46a.jpg\",\"contentUrl\":\"https:\/\/urban-vitamin.com\/wp-content\/uploads\/sites\/5\/2024\/02\/P329.491__S_0__904948e49160421ab6f5a5565260d46a.jpg\",\"width\":1024,\"height\":1024},{\"@type\":\"BreadcrumbList\",\"@id\":\"https:\/\/urban-vitamin.com\/fr\/produit\/casque-audio-en-plastique-recycle-rcs-palo-alto-noir\/#breadcrumb\",\"itemListElement\":[{\"@type\":\"ListItem\",\"position\":1,\"name\":\"Home\",\"item\":\"https:\/\/urban-vitamin.com\/fr\/\"},{\"@type\":\"ListItem\",\"position\":2,\"name\":\"Collection\",\"item\":\"https:\/\/urban-vitamin.com\/fr\/collection\/\"},{\"@type\":\"ListItem\",\"position\":3,\"name\":\"Casque audio en plastique recycl\u00e9 RCS Palo Alto, noir\"}]},{\"@type\":\"WebSite\",\"@id\":\"https:\/\/urban-vitamin.com\/fr\/#website\",\"url\":\"https:\/\/urban-vitamin.com\/fr\/\",\"name\":\"Urban Vitamin\",\"description\":\"Enjoy your daily dose of Urban Vitamin!\",\"potentialAction\":[{\"@type\":\"SearchAction\",\"target\":{\"@type\":\"EntryPoint\",\"urlTemplate\":\"https:\/\/urban-vitamin.com\/fr\/?s={search_term_string}\"},\"query-input\":{\"@type\":\"PropertyValueSpecification\",\"valueRequired\":true,\"valueName\":\"search_term_string\"}}],\"inLanguage\":\"fr-FR\"}]}<\/script>\n<!-- \/ Yoast SEO plugin. -->","yoast_head_json":{"title":"Casque audio en plastique recycl\u00e9 RCS Palo Alto, noir - Urban Vitamin","robots":{"index":"index","follow":"follow","max-snippet":"max-snippet:-1","max-image-preview":"max-image-preview:large","max-video-preview":"max-video-preview:-1"},"canonical":"https:\/\/urban-vitamin.com\/fr\/produit\/casque-audio-en-plastique-recycle-rcs-palo-alto-noir\/","og_locale":"fr_FR","og_type":"article","og_title":"Casque audio en plastique recycl\u00e9 RCS Palo Alto, noir - Urban Vitamin","og_description":"Casque audio ajustable et souple qui s&rsquo;adaptera parfaitement \u00e0 vos oreilles pour une utilisation toute la journ\u00e9e. Qualit\u00e9 sonore tr\u00e8s nette. Dur\u00e9e d&rsquo;autonomie de 60 heures. Micro int\u00e9gr\u00e9. Le casque est fabriqu\u00e9 en ABS recycl\u00e9 certifi\u00e9 RCS. Teneur totale en mati\u00e8res recycl\u00e9es : 63% selon le poids total de l&rsquo;article. La certification RCS garantit une [&hellip;]","og_url":"https:\/\/urban-vitamin.com\/fr\/produit\/casque-audio-en-plastique-recycle-rcs-palo-alto-noir\/","og_site_name":"Urban Vitamin","article_modified_time":"2026-03-12T01:46:53+00:00","og_image":[{"width":1024,"height":1024,"url":"https:\/\/urban-vitamin.com\/wp-content\/uploads\/sites\/5\/2024\/02\/P329.491__S_0__904948e49160421ab6f5a5565260d46a.jpg","type":"image\/jpeg"}],"twitter_card":"summary_large_image","schema":{"@context":"https:\/\/schema.org","@graph":[{"@type":"WebPage","@id":"https:\/\/urban-vitamin.com\/fr\/produit\/casque-audio-en-plastique-recycle-rcs-palo-alto-noir\/","url":"https:\/\/urban-vitamin.com\/fr\/produit\/casque-audio-en-plastique-recycle-rcs-palo-alto-noir\/","name":"Casque audio en plastique recycl\u00e9 RCS Palo Alto, noir - Urban Vitamin","isPartOf":{"@id":"https:\/\/urban-vitamin.com\/fr\/#website"},"primaryImageOfPage":{"@id":"https:\/\/urban-vitamin.com\/fr\/produit\/casque-audio-en-plastique-recycle-rcs-palo-alto-noir\/#primaryimage"},"image":{"@id":"https:\/\/urban-vitamin.com\/fr\/produit\/casque-audio-en-plastique-recycle-rcs-palo-alto-noir\/#primaryimage"},"thumbnailUrl":"https:\/\/urban-vitamin.com\/wp-content\/uploads\/sites\/5\/2024\/02\/P329.491__S_0__904948e49160421ab6f5a5565260d46a.jpg","datePublished":"2026-03-12T01:08:06+00:00","dateModified":"2026-03-12T01:46:53+00:00","breadcrumb":{"@id":"https:\/\/urban-vitamin.com\/fr\/produit\/casque-audio-en-plastique-recycle-rcs-palo-alto-noir\/#breadcrumb"},"inLanguage":"fr-FR","potentialAction":[{"@type":"ReadAction","target":["https:\/\/urban-vitamin.com\/fr\/produit\/casque-audio-en-plastique-recycle-rcs-palo-alto-noir\/"]}]},{"@type":"ImageObject","inLanguage":"fr-FR","@id":"https:\/\/urban-vitamin.com\/fr\/produit\/casque-audio-en-plastique-recycle-rcs-palo-alto-noir\/#primaryimage","url":"https:\/\/urban-vitamin.com\/wp-content\/uploads\/sites\/5\/2024\/02\/P329.491__S_0__904948e49160421ab6f5a5565260d46a.jpg","contentUrl":"https:\/\/urban-vitamin.com\/wp-content\/uploads\/sites\/5\/2024\/02\/P329.491__S_0__904948e49160421ab6f5a5565260d46a.jpg","width":1024,"height":1024},{"@type":"BreadcrumbList","@id":"https:\/\/urban-vitamin.com\/fr\/produit\/casque-audio-en-plastique-recycle-rcs-palo-alto-noir\/#breadcrumb","itemListElement":[{"@type":"ListItem","position":1,"name":"Home","item":"https:\/\/urban-vitamin.com\/fr\/"},{"@type":"ListItem","position":2,"name":"Collection","item":"https:\/\/urban-vitamin.com\/fr\/collection\/"},{"@type":"ListItem","position":3,"name":"Casque audio en plastique recycl\u00e9 RCS Palo Alto, noir"}]},{"@type":"WebSite","@id":"https:\/\/urban-vitamin.com\/fr\/#website","url":"https:\/\/urban-vitamin.com\/fr\/","name":"Urban Vitamin","description":"Enjoy your daily dose of Urban Vitamin!","potentialAction":[{"@type":"SearchAction","target":{"@type":"EntryPoint","urlTemplate":"https:\/\/urban-vitamin.com\/fr\/?s={search_term_string}"},"query-input":{"@type":"PropertyValueSpecification","valueRequired":true,"valueName":"search_term_string"}}],"inLanguage":"fr-FR"}]}},"_links":{"self":[{"href":"https:\/\/urban-vitamin.com\/fr\/wp-json\/wp\/v2\/product\/5300","targetHints":{"allow":["GET"]}}],"collection":[{"href":"https:\/\/urban-vitamin.com\/fr\/wp-json\/wp\/v2\/product"}],"about":[{"href":"https:\/\/urban-vitamin.com\/fr\/wp-json\/wp\/v2\/types\/product"}],"replies":[{"embeddable":true,"href":"https:\/\/urban-vitamin.com\/fr\/wp-json\/wp\/v2\/comments?post=5300"}],"wp:featuredmedia":[{"embeddable":true,"href":"https:\/\/urban-vitamin.com\/fr\/wp-json\/wp\/v2\/media\/14263"}],"wp:attachment":[{"href":"https:\/\/urban-vitamin.com\/fr\/wp-json\/wp\/v2\/media?parent=5300"}],"wp:term":[{"taxonomy":"product_cat","embeddable":true,"href":"https:\/\/urban-vitamin.com\/fr\/wp-json\/wp\/v2\/product_cat?post=5300"},{"taxonomy":"product_tag","embeddable":true,"href":"https:\/\/urban-vitamin.com\/fr\/wp-json\/wp\/v2\/product_tag?post=5300"}],"curies":[{"name":"wp","href":"https:\/\/api.w.org\/{rel}","templated":true}]}}