{"id":5295,"date":"2026-03-12T01:06:22","date_gmt":"2026-03-12T01:06:22","guid":{"rendered":"https:\/\/xdsomename.tempurl.host\/urban-vitamin\/product\/powerbank-10-000-mah-18w-pd-alameda-bleu\/"},"modified":"2026-03-12T01:46:25","modified_gmt":"2026-03-12T01:46:25","slug":"powerbank-10-000-mah-18w-pd-alameda-bleu","status":"publish","type":"product","link":"https:\/\/urban-vitamin.com\/fr\/produit\/powerbank-10-000-mah-18w-pd-alameda-bleu\/","title":{"rendered":"Powerbank 10.000 mAh 18W PD Alameda, bleu"},"content":{"rendered":"<p>Batterie de secours 10.000 mAh pour charger votre t\u00e9l\u00e9phone jusqu&rsquo;\u00e0 2,5 fois plus vite gr\u00e2ce au port PD de type C 18W. Chargez jusqu&rsquo;\u00e0 50% de votre t\u00e9l\u00e9phone en 30 minutes. Le double port USB A et type C vous permet de recharger jusqu&rsquo;\u00e0 3 appareils en m\u00eame temps. Les articles Urban Vitamin sont fabriqu\u00e9s sans PVC et emball\u00e9s dans des emballages \u00e0 faible teneur en plastique. Entr\u00e9e Type-C: 5V\/3A, 9V\/2A; Entr\u00e9e micro USB: 5V\/2A, 9V\/2A; Sortie Type-C: 5V\/3A, 9V\/2A, 12V\/1,5A; Sortie USB: 5V\/2.4A, 9V\/2A, 12V\/1,5A.<\/p>\n","protected":false},"excerpt":{"rendered":"<p>Batterie de secours 10.000 mAh pour charger votre t\u00e9l\u00e9phone jusqu&rsquo;\u00e0 2,5 fois plus vite gr\u00e2ce au port PD de type C 18W. Chargez jusqu&rsquo;\u00e0 50% de votre t\u00e9l\u00e9phone en 30 minutes. Le double port USB A et type C vous permet de recharger jusqu&rsquo;\u00e0 3 appareils en m\u00eame temps. Les articles Urban Vitamin sont fabriqu\u00e9s [&hellip;]<\/p>\n","protected":false},"featured_media":12905,"comment_status":"closed","ping_status":"closed","template":"","meta":{"_acf_changed":false,"om_disable_all_campaigns":false},"product_cat":[63],"product_tag":[],"class_list":["post-5295","product","type-product","status-publish","has-post-thumbnail","hentry","product_cat-powerbanks-fr","pa_color-blue"],"acf":[],"yoast_head":"<!-- This site is optimized with the Yoast SEO plugin v27.0 - https:\/\/yoast.com\/product\/yoast-seo-wordpress\/ -->\n<title>Powerbank 10.000 mAh 18W PD Alameda, bleu - Urban Vitamin<\/title>\n<meta name=\"robots\" content=\"index, follow, max-snippet:-1, max-image-preview:large, max-video-preview:-1\" \/>\n<link rel=\"canonical\" href=\"https:\/\/urban-vitamin.com\/fr\/produit\/powerbank-10-000-mah-18w-pd-alameda-bleu\/\" \/>\n<meta property=\"og:locale\" content=\"fr_FR\" \/>\n<meta property=\"og:type\" content=\"article\" \/>\n<meta property=\"og:title\" content=\"Powerbank 10.000 mAh 18W PD Alameda, bleu - Urban Vitamin\" \/>\n<meta property=\"og:description\" content=\"Batterie de secours 10.000 mAh pour charger votre t\u00e9l\u00e9phone jusqu&rsquo;\u00e0 2,5 fois plus vite gr\u00e2ce au port PD de type C 18W. Chargez jusqu&rsquo;\u00e0 50% de votre t\u00e9l\u00e9phone en 30 minutes. Le double port USB A et type C vous permet de recharger jusqu&rsquo;\u00e0 3 appareils en m\u00eame temps. Les articles Urban Vitamin sont fabriqu\u00e9s [&hellip;]\" \/>\n<meta property=\"og:url\" content=\"https:\/\/urban-vitamin.com\/fr\/produit\/powerbank-10-000-mah-18w-pd-alameda-bleu\/\" \/>\n<meta property=\"og:site_name\" content=\"Urban Vitamin\" \/>\n<meta property=\"article:modified_time\" content=\"2026-03-12T01:46:25+00:00\" \/>\n<meta property=\"og:image\" content=\"https:\/\/urban-vitamin.com\/wp-content\/uploads\/sites\/5\/2024\/02\/P322.705__S_0__33e9e89421214bde9e05d358c7a8278e.jpg\" \/>\n\t<meta property=\"og:image:width\" content=\"1024\" \/>\n\t<meta property=\"og:image:height\" content=\"1024\" \/>\n\t<meta property=\"og:image:type\" content=\"image\/jpeg\" \/>\n<meta name=\"twitter:card\" content=\"summary_large_image\" \/>\n<meta name=\"twitter:label1\" content=\"Dur\u00e9e de lecture estim\u00e9e\" \/>\n\t<meta name=\"twitter:data1\" content=\"1 minute\" \/>\n<script type=\"application\/ld+json\" class=\"yoast-schema-graph\">{\"@context\":\"https:\/\/schema.org\",\"@graph\":[{\"@type\":\"WebPage\",\"@id\":\"https:\/\/urban-vitamin.com\/fr\/produit\/powerbank-10-000-mah-18w-pd-alameda-bleu\/\",\"url\":\"https:\/\/urban-vitamin.com\/fr\/produit\/powerbank-10-000-mah-18w-pd-alameda-bleu\/\",\"name\":\"Powerbank 10.000 mAh 18W PD Alameda, bleu - Urban Vitamin\",\"isPartOf\":{\"@id\":\"https:\/\/urban-vitamin.com\/fr\/#website\"},\"primaryImageOfPage\":{\"@id\":\"https:\/\/urban-vitamin.com\/fr\/produit\/powerbank-10-000-mah-18w-pd-alameda-bleu\/#primaryimage\"},\"image\":{\"@id\":\"https:\/\/urban-vitamin.com\/fr\/produit\/powerbank-10-000-mah-18w-pd-alameda-bleu\/#primaryimage\"},\"thumbnailUrl\":\"https:\/\/urban-vitamin.com\/wp-content\/uploads\/sites\/5\/2024\/02\/P322.705__S_0__33e9e89421214bde9e05d358c7a8278e.jpg\",\"datePublished\":\"2026-03-12T01:06:22+00:00\",\"dateModified\":\"2026-03-12T01:46:25+00:00\",\"breadcrumb\":{\"@id\":\"https:\/\/urban-vitamin.com\/fr\/produit\/powerbank-10-000-mah-18w-pd-alameda-bleu\/#breadcrumb\"},\"inLanguage\":\"fr-FR\",\"potentialAction\":[{\"@type\":\"ReadAction\",\"target\":[\"https:\/\/urban-vitamin.com\/fr\/produit\/powerbank-10-000-mah-18w-pd-alameda-bleu\/\"]}]},{\"@type\":\"ImageObject\",\"inLanguage\":\"fr-FR\",\"@id\":\"https:\/\/urban-vitamin.com\/fr\/produit\/powerbank-10-000-mah-18w-pd-alameda-bleu\/#primaryimage\",\"url\":\"https:\/\/urban-vitamin.com\/wp-content\/uploads\/sites\/5\/2024\/02\/P322.705__S_0__33e9e89421214bde9e05d358c7a8278e.jpg\",\"contentUrl\":\"https:\/\/urban-vitamin.com\/wp-content\/uploads\/sites\/5\/2024\/02\/P322.705__S_0__33e9e89421214bde9e05d358c7a8278e.jpg\",\"width\":1024,\"height\":1024},{\"@type\":\"BreadcrumbList\",\"@id\":\"https:\/\/urban-vitamin.com\/fr\/produit\/powerbank-10-000-mah-18w-pd-alameda-bleu\/#breadcrumb\",\"itemListElement\":[{\"@type\":\"ListItem\",\"position\":1,\"name\":\"Home\",\"item\":\"https:\/\/urban-vitamin.com\/fr\/\"},{\"@type\":\"ListItem\",\"position\":2,\"name\":\"Collection\",\"item\":\"https:\/\/urban-vitamin.com\/fr\/collection\/\"},{\"@type\":\"ListItem\",\"position\":3,\"name\":\"Powerbank 10.000 mAh 18W PD Alameda, bleu\"}]},{\"@type\":\"WebSite\",\"@id\":\"https:\/\/urban-vitamin.com\/fr\/#website\",\"url\":\"https:\/\/urban-vitamin.com\/fr\/\",\"name\":\"Urban Vitamin\",\"description\":\"Enjoy your daily dose of Urban Vitamin!\",\"potentialAction\":[{\"@type\":\"SearchAction\",\"target\":{\"@type\":\"EntryPoint\",\"urlTemplate\":\"https:\/\/urban-vitamin.com\/fr\/?s={search_term_string}\"},\"query-input\":{\"@type\":\"PropertyValueSpecification\",\"valueRequired\":true,\"valueName\":\"search_term_string\"}}],\"inLanguage\":\"fr-FR\"}]}<\/script>\n<!-- \/ Yoast SEO plugin. -->","yoast_head_json":{"title":"Powerbank 10.000 mAh 18W PD Alameda, bleu - Urban Vitamin","robots":{"index":"index","follow":"follow","max-snippet":"max-snippet:-1","max-image-preview":"max-image-preview:large","max-video-preview":"max-video-preview:-1"},"canonical":"https:\/\/urban-vitamin.com\/fr\/produit\/powerbank-10-000-mah-18w-pd-alameda-bleu\/","og_locale":"fr_FR","og_type":"article","og_title":"Powerbank 10.000 mAh 18W PD Alameda, bleu - Urban Vitamin","og_description":"Batterie de secours 10.000 mAh pour charger votre t\u00e9l\u00e9phone jusqu&rsquo;\u00e0 2,5 fois plus vite gr\u00e2ce au port PD de type C 18W. Chargez jusqu&rsquo;\u00e0 50% de votre t\u00e9l\u00e9phone en 30 minutes. Le double port USB A et type C vous permet de recharger jusqu&rsquo;\u00e0 3 appareils en m\u00eame temps. Les articles Urban Vitamin sont fabriqu\u00e9s [&hellip;]","og_url":"https:\/\/urban-vitamin.com\/fr\/produit\/powerbank-10-000-mah-18w-pd-alameda-bleu\/","og_site_name":"Urban Vitamin","article_modified_time":"2026-03-12T01:46:25+00:00","og_image":[{"width":1024,"height":1024,"url":"https:\/\/urban-vitamin.com\/wp-content\/uploads\/sites\/5\/2024\/02\/P322.705__S_0__33e9e89421214bde9e05d358c7a8278e.jpg","type":"image\/jpeg"}],"twitter_card":"summary_large_image","twitter_misc":{"Dur\u00e9e de lecture estim\u00e9e":"1 minute"},"schema":{"@context":"https:\/\/schema.org","@graph":[{"@type":"WebPage","@id":"https:\/\/urban-vitamin.com\/fr\/produit\/powerbank-10-000-mah-18w-pd-alameda-bleu\/","url":"https:\/\/urban-vitamin.com\/fr\/produit\/powerbank-10-000-mah-18w-pd-alameda-bleu\/","name":"Powerbank 10.000 mAh 18W PD Alameda, bleu - Urban Vitamin","isPartOf":{"@id":"https:\/\/urban-vitamin.com\/fr\/#website"},"primaryImageOfPage":{"@id":"https:\/\/urban-vitamin.com\/fr\/produit\/powerbank-10-000-mah-18w-pd-alameda-bleu\/#primaryimage"},"image":{"@id":"https:\/\/urban-vitamin.com\/fr\/produit\/powerbank-10-000-mah-18w-pd-alameda-bleu\/#primaryimage"},"thumbnailUrl":"https:\/\/urban-vitamin.com\/wp-content\/uploads\/sites\/5\/2024\/02\/P322.705__S_0__33e9e89421214bde9e05d358c7a8278e.jpg","datePublished":"2026-03-12T01:06:22+00:00","dateModified":"2026-03-12T01:46:25+00:00","breadcrumb":{"@id":"https:\/\/urban-vitamin.com\/fr\/produit\/powerbank-10-000-mah-18w-pd-alameda-bleu\/#breadcrumb"},"inLanguage":"fr-FR","potentialAction":[{"@type":"ReadAction","target":["https:\/\/urban-vitamin.com\/fr\/produit\/powerbank-10-000-mah-18w-pd-alameda-bleu\/"]}]},{"@type":"ImageObject","inLanguage":"fr-FR","@id":"https:\/\/urban-vitamin.com\/fr\/produit\/powerbank-10-000-mah-18w-pd-alameda-bleu\/#primaryimage","url":"https:\/\/urban-vitamin.com\/wp-content\/uploads\/sites\/5\/2024\/02\/P322.705__S_0__33e9e89421214bde9e05d358c7a8278e.jpg","contentUrl":"https:\/\/urban-vitamin.com\/wp-content\/uploads\/sites\/5\/2024\/02\/P322.705__S_0__33e9e89421214bde9e05d358c7a8278e.jpg","width":1024,"height":1024},{"@type":"BreadcrumbList","@id":"https:\/\/urban-vitamin.com\/fr\/produit\/powerbank-10-000-mah-18w-pd-alameda-bleu\/#breadcrumb","itemListElement":[{"@type":"ListItem","position":1,"name":"Home","item":"https:\/\/urban-vitamin.com\/fr\/"},{"@type":"ListItem","position":2,"name":"Collection","item":"https:\/\/urban-vitamin.com\/fr\/collection\/"},{"@type":"ListItem","position":3,"name":"Powerbank 10.000 mAh 18W PD Alameda, bleu"}]},{"@type":"WebSite","@id":"https:\/\/urban-vitamin.com\/fr\/#website","url":"https:\/\/urban-vitamin.com\/fr\/","name":"Urban Vitamin","description":"Enjoy your daily dose of Urban Vitamin!","potentialAction":[{"@type":"SearchAction","target":{"@type":"EntryPoint","urlTemplate":"https:\/\/urban-vitamin.com\/fr\/?s={search_term_string}"},"query-input":{"@type":"PropertyValueSpecification","valueRequired":true,"valueName":"search_term_string"}}],"inLanguage":"fr-FR"}]}},"_links":{"self":[{"href":"https:\/\/urban-vitamin.com\/fr\/wp-json\/wp\/v2\/product\/5295","targetHints":{"allow":["GET"]}}],"collection":[{"href":"https:\/\/urban-vitamin.com\/fr\/wp-json\/wp\/v2\/product"}],"about":[{"href":"https:\/\/urban-vitamin.com\/fr\/wp-json\/wp\/v2\/types\/product"}],"replies":[{"embeddable":true,"href":"https:\/\/urban-vitamin.com\/fr\/wp-json\/wp\/v2\/comments?post=5295"}],"wp:featuredmedia":[{"embeddable":true,"href":"https:\/\/urban-vitamin.com\/fr\/wp-json\/wp\/v2\/media\/12905"}],"wp:attachment":[{"href":"https:\/\/urban-vitamin.com\/fr\/wp-json\/wp\/v2\/media?parent=5295"}],"wp:term":[{"taxonomy":"product_cat","embeddable":true,"href":"https:\/\/urban-vitamin.com\/fr\/wp-json\/wp\/v2\/product_cat?post=5295"},{"taxonomy":"product_tag","embeddable":true,"href":"https:\/\/urban-vitamin.com\/fr\/wp-json\/wp\/v2\/product_tag?post=5295"}],"curies":[{"name":"wp","href":"https:\/\/api.w.org\/{rel}","templated":true}]}}