{"id":5290,"date":"2026-03-12T01:06:22","date_gmt":"2026-03-12T01:06:22","guid":{"rendered":"https:\/\/xdsomename.tempurl.host\/urban-vitamin\/product\/station-de-charge-en-plastique-recycle-rcs-urban-v-fairfield-noir\/"},"modified":"2026-04-15T00:46:11","modified_gmt":"2026-04-15T00:46:11","slug":"station-de-charge-en-plastique-recycle-rcs-fairfield-noir","status":"publish","type":"product","link":"https:\/\/urban-vitamin.com\/fr\/produit\/station-de-charge-en-plastique-recycle-rcs-fairfield-noir\/","title":{"rendered":"Station de charge en plastique recycl\u00e9 RCS Fairfield, noir"},"content":{"rendered":"<p>Station de charge 3 en 1 sans fil 15W en ABS recycl\u00e9 certifi\u00e9 RCS. Teneur totale en mati\u00e8res recycl\u00e9es : 60% selon le poids total de l&rsquo;article. La certification RCS garantit une cha\u00eene d&rsquo;approvisionnement enti\u00e8rement des mat\u00e9riaux reycl\u00e9es. Cette station est \u00e9quip\u00e9e de 2 bobines de charges, un chargeur un induction \u00e0 l&rsquo;arri\u00e8re et un chargeur iWatch 3W sur le dessus. Contient un c\u00e2ble de charge de type C de 120cm fabriqu\u00e9 \u00e0 partir de TPE recycl\u00e9 certifi\u00e9 RCS. Les articles Urban Vitamin sont fabriqu\u00e9s sans PVC et emball\u00e9s dans des emballages \u00e0 faible teneur en plastique. Entr\u00e9es: 5V\/3A, 9V\/2A 5V\/1A, 9V\/1. 1A.<\/p>\n","protected":false},"excerpt":{"rendered":"<p>Station de charge 3 en 1 sans fil 15W en ABS recycl\u00e9 certifi\u00e9 RCS. Teneur totale en mati\u00e8res recycl\u00e9es : 60% selon le poids total de l&rsquo;article. La certification RCS garantit une cha\u00eene d&rsquo;approvisionnement enti\u00e8rement des mat\u00e9riaux reycl\u00e9es. Cette station est \u00e9quip\u00e9e de 2 bobines de charges, un chargeur un induction \u00e0 l&rsquo;arri\u00e8re et un [&hellip;]<\/p>\n","protected":false},"featured_media":12359,"comment_status":"closed","ping_status":"closed","template":"","meta":{"_acf_changed":false,"om_disable_all_campaigns":false},"product_cat":[64],"product_tag":[],"class_list":["post-5290","product","type-product","status-publish","has-post-thumbnail","hentry","product_cat-chargeurs","pa_color-black"],"acf":[],"yoast_head":"<!-- This site is optimized with the Yoast SEO plugin v27.0 - https:\/\/yoast.com\/product\/yoast-seo-wordpress\/ -->\n<title>Station de charge en plastique recycl\u00e9 RCS Fairfield, noir - Urban Vitamin<\/title>\n<meta name=\"robots\" content=\"index, follow, max-snippet:-1, max-image-preview:large, max-video-preview:-1\" \/>\n<link rel=\"canonical\" href=\"https:\/\/urban-vitamin.com\/fr\/produit\/station-de-charge-en-plastique-recycle-rcs-fairfield-noir\/\" \/>\n<meta property=\"og:locale\" content=\"fr_FR\" \/>\n<meta property=\"og:type\" content=\"article\" \/>\n<meta property=\"og:title\" content=\"Station de charge en plastique recycl\u00e9 RCS Fairfield, noir - Urban Vitamin\" \/>\n<meta property=\"og:description\" content=\"Station de charge 3 en 1 sans fil 15W en ABS recycl\u00e9 certifi\u00e9 RCS. Teneur totale en mati\u00e8res recycl\u00e9es : 60% selon le poids total de l&rsquo;article. La certification RCS garantit une cha\u00eene d&rsquo;approvisionnement enti\u00e8rement des mat\u00e9riaux reycl\u00e9es. Cette station est \u00e9quip\u00e9e de 2 bobines de charges, un chargeur un induction \u00e0 l&rsquo;arri\u00e8re et un [&hellip;]\" \/>\n<meta property=\"og:url\" content=\"https:\/\/urban-vitamin.com\/fr\/produit\/station-de-charge-en-plastique-recycle-rcs-fairfield-noir\/\" \/>\n<meta property=\"og:site_name\" content=\"Urban Vitamin\" \/>\n<meta property=\"article:modified_time\" content=\"2026-04-15T00:46:11+00:00\" \/>\n<meta property=\"og:image\" content=\"https:\/\/urban-vitamin.com\/wp-content\/uploads\/sites\/5\/2024\/02\/P308.361__S_0__ef80acabcb7147ad9ef0d7db47e00146-1.jpg\" \/>\n\t<meta property=\"og:image:width\" content=\"1024\" \/>\n\t<meta property=\"og:image:height\" content=\"1024\" \/>\n\t<meta property=\"og:image:type\" content=\"image\/jpeg\" \/>\n<meta name=\"twitter:card\" content=\"summary_large_image\" \/>\n<meta name=\"twitter:label1\" content=\"Dur\u00e9e de lecture estim\u00e9e\" \/>\n\t<meta name=\"twitter:data1\" content=\"1 minute\" \/>\n<script type=\"application\/ld+json\" class=\"yoast-schema-graph\">{\"@context\":\"https:\/\/schema.org\",\"@graph\":[{\"@type\":\"WebPage\",\"@id\":\"https:\/\/urban-vitamin.com\/fr\/produit\/station-de-charge-en-plastique-recycle-rcs-fairfield-noir\/\",\"url\":\"https:\/\/urban-vitamin.com\/fr\/produit\/station-de-charge-en-plastique-recycle-rcs-fairfield-noir\/\",\"name\":\"Station de charge en plastique recycl\u00e9 RCS Fairfield, noir - Urban Vitamin\",\"isPartOf\":{\"@id\":\"https:\/\/urban-vitamin.com\/fr\/#website\"},\"primaryImageOfPage\":{\"@id\":\"https:\/\/urban-vitamin.com\/fr\/produit\/station-de-charge-en-plastique-recycle-rcs-fairfield-noir\/#primaryimage\"},\"image\":{\"@id\":\"https:\/\/urban-vitamin.com\/fr\/produit\/station-de-charge-en-plastique-recycle-rcs-fairfield-noir\/#primaryimage\"},\"thumbnailUrl\":\"https:\/\/urban-vitamin.com\/wp-content\/uploads\/sites\/5\/2024\/02\/P308.361__S_0__ef80acabcb7147ad9ef0d7db47e00146-1.jpg\",\"datePublished\":\"2026-03-12T01:06:22+00:00\",\"dateModified\":\"2026-04-15T00:46:11+00:00\",\"breadcrumb\":{\"@id\":\"https:\/\/urban-vitamin.com\/fr\/produit\/station-de-charge-en-plastique-recycle-rcs-fairfield-noir\/#breadcrumb\"},\"inLanguage\":\"fr-FR\",\"potentialAction\":[{\"@type\":\"ReadAction\",\"target\":[\"https:\/\/urban-vitamin.com\/fr\/produit\/station-de-charge-en-plastique-recycle-rcs-fairfield-noir\/\"]}]},{\"@type\":\"ImageObject\",\"inLanguage\":\"fr-FR\",\"@id\":\"https:\/\/urban-vitamin.com\/fr\/produit\/station-de-charge-en-plastique-recycle-rcs-fairfield-noir\/#primaryimage\",\"url\":\"https:\/\/urban-vitamin.com\/wp-content\/uploads\/sites\/5\/2024\/02\/P308.361__S_0__ef80acabcb7147ad9ef0d7db47e00146-1.jpg\",\"contentUrl\":\"https:\/\/urban-vitamin.com\/wp-content\/uploads\/sites\/5\/2024\/02\/P308.361__S_0__ef80acabcb7147ad9ef0d7db47e00146-1.jpg\",\"width\":1024,\"height\":1024},{\"@type\":\"BreadcrumbList\",\"@id\":\"https:\/\/urban-vitamin.com\/fr\/produit\/station-de-charge-en-plastique-recycle-rcs-fairfield-noir\/#breadcrumb\",\"itemListElement\":[{\"@type\":\"ListItem\",\"position\":1,\"name\":\"Home\",\"item\":\"https:\/\/urban-vitamin.com\/fr\/\"},{\"@type\":\"ListItem\",\"position\":2,\"name\":\"Collection\",\"item\":\"https:\/\/urban-vitamin.com\/fr\/collection\/\"},{\"@type\":\"ListItem\",\"position\":3,\"name\":\"Station de charge en plastique recycl\u00e9 RCS Fairfield, noir\"}]},{\"@type\":\"WebSite\",\"@id\":\"https:\/\/urban-vitamin.com\/fr\/#website\",\"url\":\"https:\/\/urban-vitamin.com\/fr\/\",\"name\":\"Urban Vitamin\",\"description\":\"Enjoy your daily dose of Urban Vitamin!\",\"potentialAction\":[{\"@type\":\"SearchAction\",\"target\":{\"@type\":\"EntryPoint\",\"urlTemplate\":\"https:\/\/urban-vitamin.com\/fr\/?s={search_term_string}\"},\"query-input\":{\"@type\":\"PropertyValueSpecification\",\"valueRequired\":true,\"valueName\":\"search_term_string\"}}],\"inLanguage\":\"fr-FR\"}]}<\/script>\n<!-- \/ Yoast SEO plugin. -->","yoast_head_json":{"title":"Station de charge en plastique recycl\u00e9 RCS Fairfield, noir - Urban Vitamin","robots":{"index":"index","follow":"follow","max-snippet":"max-snippet:-1","max-image-preview":"max-image-preview:large","max-video-preview":"max-video-preview:-1"},"canonical":"https:\/\/urban-vitamin.com\/fr\/produit\/station-de-charge-en-plastique-recycle-rcs-fairfield-noir\/","og_locale":"fr_FR","og_type":"article","og_title":"Station de charge en plastique recycl\u00e9 RCS Fairfield, noir - Urban Vitamin","og_description":"Station de charge 3 en 1 sans fil 15W en ABS recycl\u00e9 certifi\u00e9 RCS. Teneur totale en mati\u00e8res recycl\u00e9es : 60% selon le poids total de l&rsquo;article. La certification RCS garantit une cha\u00eene d&rsquo;approvisionnement enti\u00e8rement des mat\u00e9riaux reycl\u00e9es. Cette station est \u00e9quip\u00e9e de 2 bobines de charges, un chargeur un induction \u00e0 l&rsquo;arri\u00e8re et un [&hellip;]","og_url":"https:\/\/urban-vitamin.com\/fr\/produit\/station-de-charge-en-plastique-recycle-rcs-fairfield-noir\/","og_site_name":"Urban Vitamin","article_modified_time":"2026-04-15T00:46:11+00:00","og_image":[{"width":1024,"height":1024,"url":"https:\/\/urban-vitamin.com\/wp-content\/uploads\/sites\/5\/2024\/02\/P308.361__S_0__ef80acabcb7147ad9ef0d7db47e00146-1.jpg","type":"image\/jpeg"}],"twitter_card":"summary_large_image","twitter_misc":{"Dur\u00e9e de lecture estim\u00e9e":"1 minute"},"schema":{"@context":"https:\/\/schema.org","@graph":[{"@type":"WebPage","@id":"https:\/\/urban-vitamin.com\/fr\/produit\/station-de-charge-en-plastique-recycle-rcs-fairfield-noir\/","url":"https:\/\/urban-vitamin.com\/fr\/produit\/station-de-charge-en-plastique-recycle-rcs-fairfield-noir\/","name":"Station de charge en plastique recycl\u00e9 RCS Fairfield, noir - Urban Vitamin","isPartOf":{"@id":"https:\/\/urban-vitamin.com\/fr\/#website"},"primaryImageOfPage":{"@id":"https:\/\/urban-vitamin.com\/fr\/produit\/station-de-charge-en-plastique-recycle-rcs-fairfield-noir\/#primaryimage"},"image":{"@id":"https:\/\/urban-vitamin.com\/fr\/produit\/station-de-charge-en-plastique-recycle-rcs-fairfield-noir\/#primaryimage"},"thumbnailUrl":"https:\/\/urban-vitamin.com\/wp-content\/uploads\/sites\/5\/2024\/02\/P308.361__S_0__ef80acabcb7147ad9ef0d7db47e00146-1.jpg","datePublished":"2026-03-12T01:06:22+00:00","dateModified":"2026-04-15T00:46:11+00:00","breadcrumb":{"@id":"https:\/\/urban-vitamin.com\/fr\/produit\/station-de-charge-en-plastique-recycle-rcs-fairfield-noir\/#breadcrumb"},"inLanguage":"fr-FR","potentialAction":[{"@type":"ReadAction","target":["https:\/\/urban-vitamin.com\/fr\/produit\/station-de-charge-en-plastique-recycle-rcs-fairfield-noir\/"]}]},{"@type":"ImageObject","inLanguage":"fr-FR","@id":"https:\/\/urban-vitamin.com\/fr\/produit\/station-de-charge-en-plastique-recycle-rcs-fairfield-noir\/#primaryimage","url":"https:\/\/urban-vitamin.com\/wp-content\/uploads\/sites\/5\/2024\/02\/P308.361__S_0__ef80acabcb7147ad9ef0d7db47e00146-1.jpg","contentUrl":"https:\/\/urban-vitamin.com\/wp-content\/uploads\/sites\/5\/2024\/02\/P308.361__S_0__ef80acabcb7147ad9ef0d7db47e00146-1.jpg","width":1024,"height":1024},{"@type":"BreadcrumbList","@id":"https:\/\/urban-vitamin.com\/fr\/produit\/station-de-charge-en-plastique-recycle-rcs-fairfield-noir\/#breadcrumb","itemListElement":[{"@type":"ListItem","position":1,"name":"Home","item":"https:\/\/urban-vitamin.com\/fr\/"},{"@type":"ListItem","position":2,"name":"Collection","item":"https:\/\/urban-vitamin.com\/fr\/collection\/"},{"@type":"ListItem","position":3,"name":"Station de charge en plastique recycl\u00e9 RCS Fairfield, noir"}]},{"@type":"WebSite","@id":"https:\/\/urban-vitamin.com\/fr\/#website","url":"https:\/\/urban-vitamin.com\/fr\/","name":"Urban Vitamin","description":"Enjoy your daily dose of Urban Vitamin!","potentialAction":[{"@type":"SearchAction","target":{"@type":"EntryPoint","urlTemplate":"https:\/\/urban-vitamin.com\/fr\/?s={search_term_string}"},"query-input":{"@type":"PropertyValueSpecification","valueRequired":true,"valueName":"search_term_string"}}],"inLanguage":"fr-FR"}]}},"_links":{"self":[{"href":"https:\/\/urban-vitamin.com\/fr\/wp-json\/wp\/v2\/product\/5290","targetHints":{"allow":["GET"]}}],"collection":[{"href":"https:\/\/urban-vitamin.com\/fr\/wp-json\/wp\/v2\/product"}],"about":[{"href":"https:\/\/urban-vitamin.com\/fr\/wp-json\/wp\/v2\/types\/product"}],"replies":[{"embeddable":true,"href":"https:\/\/urban-vitamin.com\/fr\/wp-json\/wp\/v2\/comments?post=5290"}],"wp:featuredmedia":[{"embeddable":true,"href":"https:\/\/urban-vitamin.com\/fr\/wp-json\/wp\/v2\/media\/12359"}],"wp:attachment":[{"href":"https:\/\/urban-vitamin.com\/fr\/wp-json\/wp\/v2\/media?parent=5290"}],"wp:term":[{"taxonomy":"product_cat","embeddable":true,"href":"https:\/\/urban-vitamin.com\/fr\/wp-json\/wp\/v2\/product_cat?post=5290"},{"taxonomy":"product_tag","embeddable":true,"href":"https:\/\/urban-vitamin.com\/fr\/wp-json\/wp\/v2\/product_tag?post=5290"}],"curies":[{"name":"wp","href":"https:\/\/api.w.org\/{rel}","templated":true}]}}