{"id":5289,"date":"2026-03-12T01:06:04","date_gmt":"2026-03-12T01:06:04","guid":{"rendered":"https:\/\/xdsomename.tempurl.host\/urban-vitamin\/product\/cable-oakland-6-in-1-a-charge-45w-en-plastique-recycle-rcs-bleu\/"},"modified":"2026-03-12T01:46:14","modified_gmt":"2026-03-12T01:46:14","slug":"cable-oakland-6-in-1-a-charge-45w-en-plastique-recycle-rcs-bleu","status":"publish","type":"product","link":"https:\/\/urban-vitamin.com\/fr\/produit\/cable-oakland-6-in-1-a-charge-45w-en-plastique-recycle-rcs-bleu\/","title":{"rendered":"C\u00e2ble Oakland 6-in-1 \u00e0 charge 45W en plastique recycl\u00e9 RCS, bleu"},"content":{"rendered":"<p>C\u00e2ble 6 en 1 avec boitier fabriqu\u00e9 \u00e0 partir de plastique TPE et aluminium recycl\u00e9 et certifi\u00e9 RCS, c\u00e2ble en TPE et couche externe en PET 100 % recycl\u00e9. RCS (Recycled Claim Standard) est une norme permettant de v\u00e9rifier le contenu recycl\u00e9 d&rsquo;un produit tout au long de la cha\u00eene d&rsquo;approvisionnement. Avec 5 connecteurs diff\u00e9rents : USB C in, USB A in, type C out, IOS out et micro USB out. Cela vous permet d&rsquo;utiliser le c\u00e2ble \u00e9galement avec des p\u00e9riph\u00e9riques de sortie de type C qui sont inclus dans la nouvelle g\u00e9n\u00e9ration de t\u00e9l\u00e9phones et d&rsquo;ordinateurs macbook. Le c\u00e2ble de 120cm dispose \u00e9galement d&rsquo;une option d&rsquo;entr\u00e9e de sortie USB A, ce qui lui permet de charger n&rsquo;importe quel appareil \u00e0 partir de n&rsquo;importe quelle source de sortie. Les articles Urban Vitamin sont fabriqu\u00e9s sans PVC et emball\u00e9s dans des emballages r\u00e9duits en plastique. Contenu recycl\u00e9 total : 52 % sur la base du poids total de l&rsquo;article. Convient pour le chargement et la synchronisation.<\/p>\n","protected":false},"excerpt":{"rendered":"<p>C\u00e2ble 6 en 1 avec boitier fabriqu\u00e9 \u00e0 partir de plastique TPE et aluminium recycl\u00e9 et certifi\u00e9 RCS, c\u00e2ble en TPE et couche externe en PET 100 % recycl\u00e9. RCS (Recycled Claim Standard) est une norme permettant de v\u00e9rifier le contenu recycl\u00e9 d&rsquo;un produit tout au long de la cha\u00eene d&rsquo;approvisionnement. Avec 5 connecteurs diff\u00e9rents [&hellip;]<\/p>\n","protected":false},"featured_media":12275,"comment_status":"closed","ping_status":"closed","template":"","meta":{"_acf_changed":false,"om_disable_all_campaigns":false},"product_cat":[65],"product_tag":[],"class_list":["post-5289","product","type-product","status-publish","has-post-thumbnail","hentry","product_cat-cables-fr","pa_color-blue"],"acf":[],"yoast_head":"<!-- This site is optimized with the Yoast SEO plugin v27.0 - https:\/\/yoast.com\/product\/yoast-seo-wordpress\/ -->\n<title>C\u00e2ble Oakland 6-in-1 \u00e0 charge 45W en plastique recycl\u00e9 RCS, bleu - Urban Vitamin<\/title>\n<meta name=\"robots\" content=\"index, follow, max-snippet:-1, max-image-preview:large, max-video-preview:-1\" \/>\n<link rel=\"canonical\" href=\"https:\/\/urban-vitamin.com\/fr\/produit\/cable-oakland-6-in-1-a-charge-45w-en-plastique-recycle-rcs-bleu\/\" \/>\n<meta property=\"og:locale\" content=\"fr_FR\" \/>\n<meta property=\"og:type\" content=\"article\" \/>\n<meta property=\"og:title\" content=\"C\u00e2ble Oakland 6-in-1 \u00e0 charge 45W en plastique recycl\u00e9 RCS, bleu - Urban Vitamin\" \/>\n<meta property=\"og:description\" content=\"C\u00e2ble 6 en 1 avec boitier fabriqu\u00e9 \u00e0 partir de plastique TPE et aluminium recycl\u00e9 et certifi\u00e9 RCS, c\u00e2ble en TPE et couche externe en PET 100 % recycl\u00e9. RCS (Recycled Claim Standard) est une norme permettant de v\u00e9rifier le contenu recycl\u00e9 d&rsquo;un produit tout au long de la cha\u00eene d&rsquo;approvisionnement. Avec 5 connecteurs diff\u00e9rents [&hellip;]\" \/>\n<meta property=\"og:url\" content=\"https:\/\/urban-vitamin.com\/fr\/produit\/cable-oakland-6-in-1-a-charge-45w-en-plastique-recycle-rcs-bleu\/\" \/>\n<meta property=\"og:site_name\" content=\"Urban Vitamin\" \/>\n<meta property=\"article:modified_time\" content=\"2026-03-12T01:46:14+00:00\" \/>\n<meta property=\"og:image\" content=\"https:\/\/urban-vitamin.com\/wp-content\/uploads\/sites\/5\/2024\/02\/P302.705__S_0__fa0f26b4cdd14e3592fa75ecf474a681.jpg\" \/>\n\t<meta property=\"og:image:width\" content=\"1024\" \/>\n\t<meta property=\"og:image:height\" content=\"1024\" \/>\n\t<meta property=\"og:image:type\" content=\"image\/jpeg\" \/>\n<meta name=\"twitter:card\" content=\"summary_large_image\" \/>\n<meta name=\"twitter:label1\" content=\"Dur\u00e9e de lecture estim\u00e9e\" \/>\n\t<meta name=\"twitter:data1\" content=\"1 minute\" \/>\n<script type=\"application\/ld+json\" class=\"yoast-schema-graph\">{\"@context\":\"https:\/\/schema.org\",\"@graph\":[{\"@type\":\"WebPage\",\"@id\":\"https:\/\/urban-vitamin.com\/fr\/produit\/cable-oakland-6-in-1-a-charge-45w-en-plastique-recycle-rcs-bleu\/\",\"url\":\"https:\/\/urban-vitamin.com\/fr\/produit\/cable-oakland-6-in-1-a-charge-45w-en-plastique-recycle-rcs-bleu\/\",\"name\":\"C\u00e2ble Oakland 6-in-1 \u00e0 charge 45W en plastique recycl\u00e9 RCS, bleu - Urban Vitamin\",\"isPartOf\":{\"@id\":\"https:\/\/urban-vitamin.com\/fr\/#website\"},\"primaryImageOfPage\":{\"@id\":\"https:\/\/urban-vitamin.com\/fr\/produit\/cable-oakland-6-in-1-a-charge-45w-en-plastique-recycle-rcs-bleu\/#primaryimage\"},\"image\":{\"@id\":\"https:\/\/urban-vitamin.com\/fr\/produit\/cable-oakland-6-in-1-a-charge-45w-en-plastique-recycle-rcs-bleu\/#primaryimage\"},\"thumbnailUrl\":\"https:\/\/urban-vitamin.com\/wp-content\/uploads\/sites\/5\/2024\/02\/P302.705__S_0__fa0f26b4cdd14e3592fa75ecf474a681.jpg\",\"datePublished\":\"2026-03-12T01:06:04+00:00\",\"dateModified\":\"2026-03-12T01:46:14+00:00\",\"breadcrumb\":{\"@id\":\"https:\/\/urban-vitamin.com\/fr\/produit\/cable-oakland-6-in-1-a-charge-45w-en-plastique-recycle-rcs-bleu\/#breadcrumb\"},\"inLanguage\":\"fr-FR\",\"potentialAction\":[{\"@type\":\"ReadAction\",\"target\":[\"https:\/\/urban-vitamin.com\/fr\/produit\/cable-oakland-6-in-1-a-charge-45w-en-plastique-recycle-rcs-bleu\/\"]}]},{\"@type\":\"ImageObject\",\"inLanguage\":\"fr-FR\",\"@id\":\"https:\/\/urban-vitamin.com\/fr\/produit\/cable-oakland-6-in-1-a-charge-45w-en-plastique-recycle-rcs-bleu\/#primaryimage\",\"url\":\"https:\/\/urban-vitamin.com\/wp-content\/uploads\/sites\/5\/2024\/02\/P302.705__S_0__fa0f26b4cdd14e3592fa75ecf474a681.jpg\",\"contentUrl\":\"https:\/\/urban-vitamin.com\/wp-content\/uploads\/sites\/5\/2024\/02\/P302.705__S_0__fa0f26b4cdd14e3592fa75ecf474a681.jpg\",\"width\":1024,\"height\":1024},{\"@type\":\"BreadcrumbList\",\"@id\":\"https:\/\/urban-vitamin.com\/fr\/produit\/cable-oakland-6-in-1-a-charge-45w-en-plastique-recycle-rcs-bleu\/#breadcrumb\",\"itemListElement\":[{\"@type\":\"ListItem\",\"position\":1,\"name\":\"Home\",\"item\":\"https:\/\/urban-vitamin.com\/fr\/\"},{\"@type\":\"ListItem\",\"position\":2,\"name\":\"Collection\",\"item\":\"https:\/\/urban-vitamin.com\/fr\/collection\/\"},{\"@type\":\"ListItem\",\"position\":3,\"name\":\"C\u00e2ble Oakland 6-in-1 \u00e0 charge 45W en plastique recycl\u00e9 RCS, bleu\"}]},{\"@type\":\"WebSite\",\"@id\":\"https:\/\/urban-vitamin.com\/fr\/#website\",\"url\":\"https:\/\/urban-vitamin.com\/fr\/\",\"name\":\"Urban Vitamin\",\"description\":\"Enjoy your daily dose of Urban Vitamin!\",\"potentialAction\":[{\"@type\":\"SearchAction\",\"target\":{\"@type\":\"EntryPoint\",\"urlTemplate\":\"https:\/\/urban-vitamin.com\/fr\/?s={search_term_string}\"},\"query-input\":{\"@type\":\"PropertyValueSpecification\",\"valueRequired\":true,\"valueName\":\"search_term_string\"}}],\"inLanguage\":\"fr-FR\"}]}<\/script>\n<!-- \/ Yoast SEO plugin. -->","yoast_head_json":{"title":"C\u00e2ble Oakland 6-in-1 \u00e0 charge 45W en plastique recycl\u00e9 RCS, bleu - Urban Vitamin","robots":{"index":"index","follow":"follow","max-snippet":"max-snippet:-1","max-image-preview":"max-image-preview:large","max-video-preview":"max-video-preview:-1"},"canonical":"https:\/\/urban-vitamin.com\/fr\/produit\/cable-oakland-6-in-1-a-charge-45w-en-plastique-recycle-rcs-bleu\/","og_locale":"fr_FR","og_type":"article","og_title":"C\u00e2ble Oakland 6-in-1 \u00e0 charge 45W en plastique recycl\u00e9 RCS, bleu - Urban Vitamin","og_description":"C\u00e2ble 6 en 1 avec boitier fabriqu\u00e9 \u00e0 partir de plastique TPE et aluminium recycl\u00e9 et certifi\u00e9 RCS, c\u00e2ble en TPE et couche externe en PET 100 % recycl\u00e9. RCS (Recycled Claim Standard) est une norme permettant de v\u00e9rifier le contenu recycl\u00e9 d&rsquo;un produit tout au long de la cha\u00eene d&rsquo;approvisionnement. Avec 5 connecteurs diff\u00e9rents [&hellip;]","og_url":"https:\/\/urban-vitamin.com\/fr\/produit\/cable-oakland-6-in-1-a-charge-45w-en-plastique-recycle-rcs-bleu\/","og_site_name":"Urban Vitamin","article_modified_time":"2026-03-12T01:46:14+00:00","og_image":[{"width":1024,"height":1024,"url":"https:\/\/urban-vitamin.com\/wp-content\/uploads\/sites\/5\/2024\/02\/P302.705__S_0__fa0f26b4cdd14e3592fa75ecf474a681.jpg","type":"image\/jpeg"}],"twitter_card":"summary_large_image","twitter_misc":{"Dur\u00e9e de lecture estim\u00e9e":"1 minute"},"schema":{"@context":"https:\/\/schema.org","@graph":[{"@type":"WebPage","@id":"https:\/\/urban-vitamin.com\/fr\/produit\/cable-oakland-6-in-1-a-charge-45w-en-plastique-recycle-rcs-bleu\/","url":"https:\/\/urban-vitamin.com\/fr\/produit\/cable-oakland-6-in-1-a-charge-45w-en-plastique-recycle-rcs-bleu\/","name":"C\u00e2ble Oakland 6-in-1 \u00e0 charge 45W en plastique recycl\u00e9 RCS, bleu - Urban Vitamin","isPartOf":{"@id":"https:\/\/urban-vitamin.com\/fr\/#website"},"primaryImageOfPage":{"@id":"https:\/\/urban-vitamin.com\/fr\/produit\/cable-oakland-6-in-1-a-charge-45w-en-plastique-recycle-rcs-bleu\/#primaryimage"},"image":{"@id":"https:\/\/urban-vitamin.com\/fr\/produit\/cable-oakland-6-in-1-a-charge-45w-en-plastique-recycle-rcs-bleu\/#primaryimage"},"thumbnailUrl":"https:\/\/urban-vitamin.com\/wp-content\/uploads\/sites\/5\/2024\/02\/P302.705__S_0__fa0f26b4cdd14e3592fa75ecf474a681.jpg","datePublished":"2026-03-12T01:06:04+00:00","dateModified":"2026-03-12T01:46:14+00:00","breadcrumb":{"@id":"https:\/\/urban-vitamin.com\/fr\/produit\/cable-oakland-6-in-1-a-charge-45w-en-plastique-recycle-rcs-bleu\/#breadcrumb"},"inLanguage":"fr-FR","potentialAction":[{"@type":"ReadAction","target":["https:\/\/urban-vitamin.com\/fr\/produit\/cable-oakland-6-in-1-a-charge-45w-en-plastique-recycle-rcs-bleu\/"]}]},{"@type":"ImageObject","inLanguage":"fr-FR","@id":"https:\/\/urban-vitamin.com\/fr\/produit\/cable-oakland-6-in-1-a-charge-45w-en-plastique-recycle-rcs-bleu\/#primaryimage","url":"https:\/\/urban-vitamin.com\/wp-content\/uploads\/sites\/5\/2024\/02\/P302.705__S_0__fa0f26b4cdd14e3592fa75ecf474a681.jpg","contentUrl":"https:\/\/urban-vitamin.com\/wp-content\/uploads\/sites\/5\/2024\/02\/P302.705__S_0__fa0f26b4cdd14e3592fa75ecf474a681.jpg","width":1024,"height":1024},{"@type":"BreadcrumbList","@id":"https:\/\/urban-vitamin.com\/fr\/produit\/cable-oakland-6-in-1-a-charge-45w-en-plastique-recycle-rcs-bleu\/#breadcrumb","itemListElement":[{"@type":"ListItem","position":1,"name":"Home","item":"https:\/\/urban-vitamin.com\/fr\/"},{"@type":"ListItem","position":2,"name":"Collection","item":"https:\/\/urban-vitamin.com\/fr\/collection\/"},{"@type":"ListItem","position":3,"name":"C\u00e2ble Oakland 6-in-1 \u00e0 charge 45W en plastique recycl\u00e9 RCS, bleu"}]},{"@type":"WebSite","@id":"https:\/\/urban-vitamin.com\/fr\/#website","url":"https:\/\/urban-vitamin.com\/fr\/","name":"Urban Vitamin","description":"Enjoy your daily dose of Urban Vitamin!","potentialAction":[{"@type":"SearchAction","target":{"@type":"EntryPoint","urlTemplate":"https:\/\/urban-vitamin.com\/fr\/?s={search_term_string}"},"query-input":{"@type":"PropertyValueSpecification","valueRequired":true,"valueName":"search_term_string"}}],"inLanguage":"fr-FR"}]}},"_links":{"self":[{"href":"https:\/\/urban-vitamin.com\/fr\/wp-json\/wp\/v2\/product\/5289","targetHints":{"allow":["GET"]}}],"collection":[{"href":"https:\/\/urban-vitamin.com\/fr\/wp-json\/wp\/v2\/product"}],"about":[{"href":"https:\/\/urban-vitamin.com\/fr\/wp-json\/wp\/v2\/types\/product"}],"replies":[{"embeddable":true,"href":"https:\/\/urban-vitamin.com\/fr\/wp-json\/wp\/v2\/comments?post=5289"}],"wp:featuredmedia":[{"embeddable":true,"href":"https:\/\/urban-vitamin.com\/fr\/wp-json\/wp\/v2\/media\/12275"}],"wp:attachment":[{"href":"https:\/\/urban-vitamin.com\/fr\/wp-json\/wp\/v2\/media?parent=5289"}],"wp:term":[{"taxonomy":"product_cat","embeddable":true,"href":"https:\/\/urban-vitamin.com\/fr\/wp-json\/wp\/v2\/product_cat?post=5289"},{"taxonomy":"product_tag","embeddable":true,"href":"https:\/\/urban-vitamin.com\/fr\/wp-json\/wp\/v2\/product_tag?post=5289"}],"curies":[{"name":"wp","href":"https:\/\/api.w.org\/{rel}","templated":true}]}}