{"id":27417,"date":"2026-04-30T00:06:11","date_gmt":"2026-04-30T00:06:11","guid":{"rendered":"https:\/\/urban-vitamin.com\/ecouteurs-enc-en-plastique-rcs-urban-vitamin-santa-clara-noir\/"},"modified":"2026-04-30T00:46:12","modified_gmt":"2026-04-30T00:46:12","slug":"ecouteurs-enc-en-plastique-rcs-santa-clara-noir","status":"publish","type":"product","link":"https:\/\/urban-vitamin.com\/fr\/produit\/ecouteurs-enc-en-plastique-rcs-santa-clara-noir\/","title":{"rendered":"\u00c9couteurs ENC en plastique RCS Santa Clara, noir"},"content":{"rendered":"<p>Plongez dans un son cristallin o\u00f9 que vous soyez. \u00c9quip\u00e9s d&rsquo;une double r\u00e9duction de bruit ENC, les \u00e9couteurs Santa Clara ENC offrent des appels d&rsquo;une clart\u00e9 cristalline en filtrant les bruits de fond ind\u00e9sirables, garantissant ainsi que votre voix et votre musique restent nettes et naturelles. Avec un indice de protection IPX4 contre les \u00e9claboussures. Aliment\u00e9s par la derni\u00e8re puce BT 6.0, ils offrent une connexion rapide et stable. Profitez de jusqu&rsquo;\u00e0 6 heures d&rsquo;autonomie, tandis que le bo\u00eetier de recharge compact prolonge la dur\u00e9e d&rsquo;\u00e9coute totale \u00e0 24 heures. Con\u00e7us pour un confort tout au long de la journ\u00e9e, ils pr\u00e9sentent des contours lisses, des commandes tactiles intuitives et une finition \u00e9pur\u00e9e, cr\u00e9\u00e9s pour une vie en mouvement. Fabriqu\u00e9s \u00e0 partir d&rsquo;ABS recycl\u00e9 certifi\u00e9 RCS (Recycled Claim Standard). Les produits Urban Vitamin sont sans PVC et sont emball\u00e9s dans des emballages \u00e0 faible teneur en plastique.<\/p>\n","protected":false},"excerpt":{"rendered":"<p>Plongez dans un son cristallin o\u00f9 que vous soyez. \u00c9quip\u00e9s d&rsquo;une double r\u00e9duction de bruit ENC, les \u00e9couteurs Santa Clara ENC offrent des appels d&rsquo;une clart\u00e9 cristalline en filtrant les bruits de fond ind\u00e9sirables, garantissant ainsi que votre voix et votre musique restent nettes et naturelles. Avec un indice de protection IPX4 contre les \u00e9claboussures. [&hellip;]<\/p>\n","protected":false},"featured_media":28041,"comment_status":"closed","ping_status":"closed","template":"","meta":{"_acf_changed":false,"om_disable_all_campaigns":false},"product_cat":[61],"product_tag":[],"class_list":["post-27417","product","type-product","status-publish","has-post-thumbnail","hentry","product_cat-ecouteurs-sans-fil","pa_color-black"],"acf":[],"yoast_head":"<!-- This site is optimized with the Yoast SEO plugin v27.0 - https:\/\/yoast.com\/product\/yoast-seo-wordpress\/ -->\n<title>\u00c9couteurs ENC en plastique RCS Santa Clara, noir - Urban Vitamin<\/title>\n<meta name=\"robots\" content=\"index, follow, max-snippet:-1, max-image-preview:large, max-video-preview:-1\" \/>\n<link rel=\"canonical\" href=\"https:\/\/urban-vitamin.com\/fr\/produit\/ecouteurs-enc-en-plastique-rcs-santa-clara-noir\/\" \/>\n<meta property=\"og:locale\" content=\"fr_FR\" \/>\n<meta property=\"og:type\" content=\"article\" \/>\n<meta property=\"og:title\" content=\"\u00c9couteurs ENC en plastique RCS Santa Clara, noir - Urban Vitamin\" \/>\n<meta property=\"og:description\" content=\"Plongez dans un son cristallin o\u00f9 que vous soyez. \u00c9quip\u00e9s d&rsquo;une double r\u00e9duction de bruit ENC, les \u00e9couteurs Santa Clara ENC offrent des appels d&rsquo;une clart\u00e9 cristalline en filtrant les bruits de fond ind\u00e9sirables, garantissant ainsi que votre voix et votre musique restent nettes et naturelles. Avec un indice de protection IPX4 contre les \u00e9claboussures. [&hellip;]\" \/>\n<meta property=\"og:url\" content=\"https:\/\/urban-vitamin.com\/fr\/produit\/ecouteurs-enc-en-plastique-rcs-santa-clara-noir\/\" \/>\n<meta property=\"og:site_name\" content=\"Urban Vitamin\" \/>\n<meta property=\"article:modified_time\" content=\"2026-04-30T00:46:12+00:00\" \/>\n<meta property=\"og:image\" content=\"https:\/\/urban-vitamin.com\/wp-content\/uploads\/sites\/5\/2026\/04\/P331.5901__S_0__193c02cc45934420bb3d13284054bae3.jpg\" \/>\n\t<meta property=\"og:image:width\" content=\"1024\" \/>\n\t<meta property=\"og:image:height\" content=\"1024\" \/>\n\t<meta property=\"og:image:type\" content=\"image\/jpeg\" \/>\n<meta name=\"twitter:card\" content=\"summary_large_image\" \/>\n<meta name=\"twitter:label1\" content=\"Dur\u00e9e de lecture estim\u00e9e\" \/>\n\t<meta name=\"twitter:data1\" content=\"1 minute\" \/>\n<script type=\"application\/ld+json\" class=\"yoast-schema-graph\">{\"@context\":\"https:\/\/schema.org\",\"@graph\":[{\"@type\":\"WebPage\",\"@id\":\"https:\/\/urban-vitamin.com\/fr\/produit\/ecouteurs-enc-en-plastique-rcs-santa-clara-noir\/\",\"url\":\"https:\/\/urban-vitamin.com\/fr\/produit\/ecouteurs-enc-en-plastique-rcs-santa-clara-noir\/\",\"name\":\"\u00c9couteurs ENC en plastique RCS Santa Clara, noir - Urban Vitamin\",\"isPartOf\":{\"@id\":\"https:\/\/urban-vitamin.com\/fr\/#website\"},\"primaryImageOfPage\":{\"@id\":\"https:\/\/urban-vitamin.com\/fr\/produit\/ecouteurs-enc-en-plastique-rcs-santa-clara-noir\/#primaryimage\"},\"image\":{\"@id\":\"https:\/\/urban-vitamin.com\/fr\/produit\/ecouteurs-enc-en-plastique-rcs-santa-clara-noir\/#primaryimage\"},\"thumbnailUrl\":\"https:\/\/urban-vitamin.com\/wp-content\/uploads\/sites\/5\/2026\/04\/P331.5901__S_0__193c02cc45934420bb3d13284054bae3.jpg\",\"datePublished\":\"2026-04-30T00:06:11+00:00\",\"dateModified\":\"2026-04-30T00:46:12+00:00\",\"breadcrumb\":{\"@id\":\"https:\/\/urban-vitamin.com\/fr\/produit\/ecouteurs-enc-en-plastique-rcs-santa-clara-noir\/#breadcrumb\"},\"inLanguage\":\"fr-FR\",\"potentialAction\":[{\"@type\":\"ReadAction\",\"target\":[\"https:\/\/urban-vitamin.com\/fr\/produit\/ecouteurs-enc-en-plastique-rcs-santa-clara-noir\/\"]}]},{\"@type\":\"ImageObject\",\"inLanguage\":\"fr-FR\",\"@id\":\"https:\/\/urban-vitamin.com\/fr\/produit\/ecouteurs-enc-en-plastique-rcs-santa-clara-noir\/#primaryimage\",\"url\":\"https:\/\/urban-vitamin.com\/wp-content\/uploads\/sites\/5\/2026\/04\/P331.5901__S_0__193c02cc45934420bb3d13284054bae3.jpg\",\"contentUrl\":\"https:\/\/urban-vitamin.com\/wp-content\/uploads\/sites\/5\/2026\/04\/P331.5901__S_0__193c02cc45934420bb3d13284054bae3.jpg\",\"width\":1024,\"height\":1024},{\"@type\":\"BreadcrumbList\",\"@id\":\"https:\/\/urban-vitamin.com\/fr\/produit\/ecouteurs-enc-en-plastique-rcs-santa-clara-noir\/#breadcrumb\",\"itemListElement\":[{\"@type\":\"ListItem\",\"position\":1,\"name\":\"Home\",\"item\":\"https:\/\/urban-vitamin.com\/fr\/\"},{\"@type\":\"ListItem\",\"position\":2,\"name\":\"Collection\",\"item\":\"https:\/\/urban-vitamin.com\/fr\/collection\/\"},{\"@type\":\"ListItem\",\"position\":3,\"name\":\"\u00c9couteurs ENC en plastique RCS Santa Clara, noir\"}]},{\"@type\":\"WebSite\",\"@id\":\"https:\/\/urban-vitamin.com\/fr\/#website\",\"url\":\"https:\/\/urban-vitamin.com\/fr\/\",\"name\":\"Urban Vitamin\",\"description\":\"Enjoy your daily dose of Urban Vitamin!\",\"potentialAction\":[{\"@type\":\"SearchAction\",\"target\":{\"@type\":\"EntryPoint\",\"urlTemplate\":\"https:\/\/urban-vitamin.com\/fr\/?s={search_term_string}\"},\"query-input\":{\"@type\":\"PropertyValueSpecification\",\"valueRequired\":true,\"valueName\":\"search_term_string\"}}],\"inLanguage\":\"fr-FR\"}]}<\/script>\n<!-- \/ Yoast SEO plugin. -->","yoast_head_json":{"title":"\u00c9couteurs ENC en plastique RCS Santa Clara, noir - Urban Vitamin","robots":{"index":"index","follow":"follow","max-snippet":"max-snippet:-1","max-image-preview":"max-image-preview:large","max-video-preview":"max-video-preview:-1"},"canonical":"https:\/\/urban-vitamin.com\/fr\/produit\/ecouteurs-enc-en-plastique-rcs-santa-clara-noir\/","og_locale":"fr_FR","og_type":"article","og_title":"\u00c9couteurs ENC en plastique RCS Santa Clara, noir - Urban Vitamin","og_description":"Plongez dans un son cristallin o\u00f9 que vous soyez. \u00c9quip\u00e9s d&rsquo;une double r\u00e9duction de bruit ENC, les \u00e9couteurs Santa Clara ENC offrent des appels d&rsquo;une clart\u00e9 cristalline en filtrant les bruits de fond ind\u00e9sirables, garantissant ainsi que votre voix et votre musique restent nettes et naturelles. Avec un indice de protection IPX4 contre les \u00e9claboussures. [&hellip;]","og_url":"https:\/\/urban-vitamin.com\/fr\/produit\/ecouteurs-enc-en-plastique-rcs-santa-clara-noir\/","og_site_name":"Urban Vitamin","article_modified_time":"2026-04-30T00:46:12+00:00","og_image":[{"width":1024,"height":1024,"url":"https:\/\/urban-vitamin.com\/wp-content\/uploads\/sites\/5\/2026\/04\/P331.5901__S_0__193c02cc45934420bb3d13284054bae3.jpg","type":"image\/jpeg"}],"twitter_card":"summary_large_image","twitter_misc":{"Dur\u00e9e de lecture estim\u00e9e":"1 minute"},"schema":{"@context":"https:\/\/schema.org","@graph":[{"@type":"WebPage","@id":"https:\/\/urban-vitamin.com\/fr\/produit\/ecouteurs-enc-en-plastique-rcs-santa-clara-noir\/","url":"https:\/\/urban-vitamin.com\/fr\/produit\/ecouteurs-enc-en-plastique-rcs-santa-clara-noir\/","name":"\u00c9couteurs ENC en plastique RCS Santa Clara, noir - Urban Vitamin","isPartOf":{"@id":"https:\/\/urban-vitamin.com\/fr\/#website"},"primaryImageOfPage":{"@id":"https:\/\/urban-vitamin.com\/fr\/produit\/ecouteurs-enc-en-plastique-rcs-santa-clara-noir\/#primaryimage"},"image":{"@id":"https:\/\/urban-vitamin.com\/fr\/produit\/ecouteurs-enc-en-plastique-rcs-santa-clara-noir\/#primaryimage"},"thumbnailUrl":"https:\/\/urban-vitamin.com\/wp-content\/uploads\/sites\/5\/2026\/04\/P331.5901__S_0__193c02cc45934420bb3d13284054bae3.jpg","datePublished":"2026-04-30T00:06:11+00:00","dateModified":"2026-04-30T00:46:12+00:00","breadcrumb":{"@id":"https:\/\/urban-vitamin.com\/fr\/produit\/ecouteurs-enc-en-plastique-rcs-santa-clara-noir\/#breadcrumb"},"inLanguage":"fr-FR","potentialAction":[{"@type":"ReadAction","target":["https:\/\/urban-vitamin.com\/fr\/produit\/ecouteurs-enc-en-plastique-rcs-santa-clara-noir\/"]}]},{"@type":"ImageObject","inLanguage":"fr-FR","@id":"https:\/\/urban-vitamin.com\/fr\/produit\/ecouteurs-enc-en-plastique-rcs-santa-clara-noir\/#primaryimage","url":"https:\/\/urban-vitamin.com\/wp-content\/uploads\/sites\/5\/2026\/04\/P331.5901__S_0__193c02cc45934420bb3d13284054bae3.jpg","contentUrl":"https:\/\/urban-vitamin.com\/wp-content\/uploads\/sites\/5\/2026\/04\/P331.5901__S_0__193c02cc45934420bb3d13284054bae3.jpg","width":1024,"height":1024},{"@type":"BreadcrumbList","@id":"https:\/\/urban-vitamin.com\/fr\/produit\/ecouteurs-enc-en-plastique-rcs-santa-clara-noir\/#breadcrumb","itemListElement":[{"@type":"ListItem","position":1,"name":"Home","item":"https:\/\/urban-vitamin.com\/fr\/"},{"@type":"ListItem","position":2,"name":"Collection","item":"https:\/\/urban-vitamin.com\/fr\/collection\/"},{"@type":"ListItem","position":3,"name":"\u00c9couteurs ENC en plastique RCS Santa Clara, noir"}]},{"@type":"WebSite","@id":"https:\/\/urban-vitamin.com\/fr\/#website","url":"https:\/\/urban-vitamin.com\/fr\/","name":"Urban Vitamin","description":"Enjoy your daily dose of Urban Vitamin!","potentialAction":[{"@type":"SearchAction","target":{"@type":"EntryPoint","urlTemplate":"https:\/\/urban-vitamin.com\/fr\/?s={search_term_string}"},"query-input":{"@type":"PropertyValueSpecification","valueRequired":true,"valueName":"search_term_string"}}],"inLanguage":"fr-FR"}]}},"_links":{"self":[{"href":"https:\/\/urban-vitamin.com\/fr\/wp-json\/wp\/v2\/product\/27417","targetHints":{"allow":["GET"]}}],"collection":[{"href":"https:\/\/urban-vitamin.com\/fr\/wp-json\/wp\/v2\/product"}],"about":[{"href":"https:\/\/urban-vitamin.com\/fr\/wp-json\/wp\/v2\/types\/product"}],"replies":[{"embeddable":true,"href":"https:\/\/urban-vitamin.com\/fr\/wp-json\/wp\/v2\/comments?post=27417"}],"wp:featuredmedia":[{"embeddable":true,"href":"https:\/\/urban-vitamin.com\/fr\/wp-json\/wp\/v2\/media\/28041"}],"wp:attachment":[{"href":"https:\/\/urban-vitamin.com\/fr\/wp-json\/wp\/v2\/media?parent=27417"}],"wp:term":[{"taxonomy":"product_cat","embeddable":true,"href":"https:\/\/urban-vitamin.com\/fr\/wp-json\/wp\/v2\/product_cat?post=27417"},{"taxonomy":"product_tag","embeddable":true,"href":"https:\/\/urban-vitamin.com\/fr\/wp-json\/wp\/v2\/product_tag?post=27417"}],"curies":[{"name":"wp","href":"https:\/\/api.w.org\/{rel}","templated":true}]}}