{"id":27414,"date":"2026-03-25T01:06:10","date_gmt":"2026-03-25T01:06:10","guid":{"rendered":"https:\/\/urban-vitamin.com\/powerbank-5000mah-qi2-2-25w-urban-vitamin-pomona-noir\/"},"modified":"2026-03-26T01:46:10","modified_gmt":"2026-03-26T01:46:10","slug":"powerbank-5000mah-qi2-2-25w-urban-vitamin-pomona-noir","status":"publish","type":"product","link":"https:\/\/urban-vitamin.com\/fr\/produit\/powerbank-5000mah-qi2-2-25w-urban-vitamin-pomona-noir\/","title":{"rendered":"Powerbank 5000mAh Qi2.2 25W Urban Vitamin Pomona, noir"},"content":{"rendered":"<p>La technologie magn\u00e9tique avanc\u00e9e QI2.2 de Pomona s&rsquo;adapte parfaitement \u00e0 tout appareil compatible QI2, offrant une recharge sans fil ultra-rapide de 25 W. Pour un coup de pouce suppl\u00e9mentaire, Pomona offre une sortie filaire USB-C de 30 W et une recharge rapide de 20 W.  La face en contact avec le t\u00e9l\u00e9phone est recouverte de silicone ultra-doux pour prot\u00e9ger votre appareil des rayures, tandis que la face arri\u00e8re en aluminium haut de gamme pr\u00e9sente un design \u00e9l\u00e9gant et ultra-fin de 8,3 mm, facile \u00e0 transporter. Sa batterie semi-solide 100 % cobalt de 5000 mAh de haute qualit\u00e9 offre une s\u00e9curit\u00e9 renforc\u00e9e, des performances stables et jusqu&rsquo;\u00e0 1000 cycles de recharge. Pomona est approuv\u00e9 pour le transport en cabine dans tous les avions. Fabriqu\u00e9 \u00e0 partir d&rsquo;aluminium recycl\u00e9 certifi\u00e9 RCS (Recycled Claim Standard), de silicone recycl\u00e9 et de PC recycl\u00e9. Les produits Urban Vitamin sont fabriqu\u00e9s sans PVC et sont conditionn\u00e9s dans des emballages \u00e0 faible teneur en plastique.<\/p>\n","protected":false},"excerpt":{"rendered":"<p>La technologie magn\u00e9tique avanc\u00e9e QI2.2 de Pomona s&rsquo;adapte parfaitement \u00e0 tout appareil compatible QI2, offrant une recharge sans fil ultra-rapide de 25 W. Pour un coup de pouce suppl\u00e9mentaire, Pomona offre une sortie filaire USB-C de 30 W et une recharge rapide de 20 W. La face en contact avec le t\u00e9l\u00e9phone est recouverte de [&hellip;]<\/p>\n","protected":false},"featured_media":27444,"comment_status":"closed","ping_status":"closed","template":"","meta":{"_acf_changed":false,"om_disable_all_campaigns":false},"product_cat":[88],"product_tag":[],"class_list":["post-27414","product","type-product","status-publish","has-post-thumbnail","hentry","product_cat-uncategorized","pa_color-black"],"acf":[],"yoast_head":"<!-- This site is optimized with the Yoast SEO plugin v27.0 - https:\/\/yoast.com\/product\/yoast-seo-wordpress\/ -->\n<title>Powerbank 5000mAh Qi2.2 25W Urban Vitamin Pomona, noir - Urban Vitamin<\/title>\n<meta name=\"robots\" content=\"index, follow, max-snippet:-1, max-image-preview:large, max-video-preview:-1\" \/>\n<link rel=\"canonical\" href=\"https:\/\/urban-vitamin.com\/fr\/produit\/powerbank-5000mah-qi2-2-25w-urban-vitamin-pomona-noir\/\" \/>\n<meta property=\"og:locale\" content=\"fr_FR\" \/>\n<meta property=\"og:type\" content=\"article\" \/>\n<meta property=\"og:title\" content=\"Powerbank 5000mAh Qi2.2 25W Urban Vitamin Pomona, noir - Urban Vitamin\" \/>\n<meta property=\"og:description\" content=\"La technologie magn\u00e9tique avanc\u00e9e QI2.2 de Pomona s&rsquo;adapte parfaitement \u00e0 tout appareil compatible QI2, offrant une recharge sans fil ultra-rapide de 25 W. Pour un coup de pouce suppl\u00e9mentaire, Pomona offre une sortie filaire USB-C de 30 W et une recharge rapide de 20 W. La face en contact avec le t\u00e9l\u00e9phone est recouverte de [&hellip;]\" \/>\n<meta property=\"og:url\" content=\"https:\/\/urban-vitamin.com\/fr\/produit\/powerbank-5000mah-qi2-2-25w-urban-vitamin-pomona-noir\/\" \/>\n<meta property=\"og:site_name\" content=\"Urban Vitamin\" \/>\n<meta property=\"article:modified_time\" content=\"2026-03-26T01:46:10+00:00\" \/>\n<meta property=\"og:image\" content=\"https:\/\/urban-vitamin.com\/wp-content\/uploads\/sites\/5\/2026\/03\/P322.9201__S_0__85064b311e28402abe358ef38d6999f3.jpg\" \/>\n\t<meta property=\"og:image:width\" content=\"1024\" \/>\n\t<meta property=\"og:image:height\" content=\"1024\" \/>\n\t<meta property=\"og:image:type\" content=\"image\/jpeg\" \/>\n<meta name=\"twitter:card\" content=\"summary_large_image\" \/>\n<meta name=\"twitter:label1\" content=\"Dur\u00e9e de lecture estim\u00e9e\" \/>\n\t<meta name=\"twitter:data1\" content=\"1 minute\" \/>\n<script type=\"application\/ld+json\" class=\"yoast-schema-graph\">{\"@context\":\"https:\/\/schema.org\",\"@graph\":[{\"@type\":\"WebPage\",\"@id\":\"https:\/\/urban-vitamin.com\/fr\/produit\/powerbank-5000mah-qi2-2-25w-urban-vitamin-pomona-noir\/\",\"url\":\"https:\/\/urban-vitamin.com\/fr\/produit\/powerbank-5000mah-qi2-2-25w-urban-vitamin-pomona-noir\/\",\"name\":\"Powerbank 5000mAh Qi2.2 25W Urban Vitamin Pomona, noir - Urban Vitamin\",\"isPartOf\":{\"@id\":\"https:\/\/urban-vitamin.com\/fr\/#website\"},\"primaryImageOfPage\":{\"@id\":\"https:\/\/urban-vitamin.com\/fr\/produit\/powerbank-5000mah-qi2-2-25w-urban-vitamin-pomona-noir\/#primaryimage\"},\"image\":{\"@id\":\"https:\/\/urban-vitamin.com\/fr\/produit\/powerbank-5000mah-qi2-2-25w-urban-vitamin-pomona-noir\/#primaryimage\"},\"thumbnailUrl\":\"https:\/\/urban-vitamin.com\/wp-content\/uploads\/sites\/5\/2026\/03\/P322.9201__S_0__85064b311e28402abe358ef38d6999f3.jpg\",\"datePublished\":\"2026-03-25T01:06:10+00:00\",\"dateModified\":\"2026-03-26T01:46:10+00:00\",\"breadcrumb\":{\"@id\":\"https:\/\/urban-vitamin.com\/fr\/produit\/powerbank-5000mah-qi2-2-25w-urban-vitamin-pomona-noir\/#breadcrumb\"},\"inLanguage\":\"fr-FR\",\"potentialAction\":[{\"@type\":\"ReadAction\",\"target\":[\"https:\/\/urban-vitamin.com\/fr\/produit\/powerbank-5000mah-qi2-2-25w-urban-vitamin-pomona-noir\/\"]}]},{\"@type\":\"ImageObject\",\"inLanguage\":\"fr-FR\",\"@id\":\"https:\/\/urban-vitamin.com\/fr\/produit\/powerbank-5000mah-qi2-2-25w-urban-vitamin-pomona-noir\/#primaryimage\",\"url\":\"https:\/\/urban-vitamin.com\/wp-content\/uploads\/sites\/5\/2026\/03\/P322.9201__S_0__85064b311e28402abe358ef38d6999f3.jpg\",\"contentUrl\":\"https:\/\/urban-vitamin.com\/wp-content\/uploads\/sites\/5\/2026\/03\/P322.9201__S_0__85064b311e28402abe358ef38d6999f3.jpg\",\"width\":1024,\"height\":1024},{\"@type\":\"BreadcrumbList\",\"@id\":\"https:\/\/urban-vitamin.com\/fr\/produit\/powerbank-5000mah-qi2-2-25w-urban-vitamin-pomona-noir\/#breadcrumb\",\"itemListElement\":[{\"@type\":\"ListItem\",\"position\":1,\"name\":\"Home\",\"item\":\"https:\/\/urban-vitamin.com\/fr\/\"},{\"@type\":\"ListItem\",\"position\":2,\"name\":\"Collection\",\"item\":\"https:\/\/urban-vitamin.com\/fr\/collection\/\"},{\"@type\":\"ListItem\",\"position\":3,\"name\":\"Powerbank 5000mAh Qi2.2 25W Urban Vitamin Pomona, noir\"}]},{\"@type\":\"WebSite\",\"@id\":\"https:\/\/urban-vitamin.com\/fr\/#website\",\"url\":\"https:\/\/urban-vitamin.com\/fr\/\",\"name\":\"Urban Vitamin\",\"description\":\"Enjoy your daily dose of Urban Vitamin!\",\"potentialAction\":[{\"@type\":\"SearchAction\",\"target\":{\"@type\":\"EntryPoint\",\"urlTemplate\":\"https:\/\/urban-vitamin.com\/fr\/?s={search_term_string}\"},\"query-input\":{\"@type\":\"PropertyValueSpecification\",\"valueRequired\":true,\"valueName\":\"search_term_string\"}}],\"inLanguage\":\"fr-FR\"}]}<\/script>\n<!-- \/ Yoast SEO plugin. -->","yoast_head_json":{"title":"Powerbank 5000mAh Qi2.2 25W Urban Vitamin Pomona, noir - Urban Vitamin","robots":{"index":"index","follow":"follow","max-snippet":"max-snippet:-1","max-image-preview":"max-image-preview:large","max-video-preview":"max-video-preview:-1"},"canonical":"https:\/\/urban-vitamin.com\/fr\/produit\/powerbank-5000mah-qi2-2-25w-urban-vitamin-pomona-noir\/","og_locale":"fr_FR","og_type":"article","og_title":"Powerbank 5000mAh Qi2.2 25W Urban Vitamin Pomona, noir - Urban Vitamin","og_description":"La technologie magn\u00e9tique avanc\u00e9e QI2.2 de Pomona s&rsquo;adapte parfaitement \u00e0 tout appareil compatible QI2, offrant une recharge sans fil ultra-rapide de 25 W. Pour un coup de pouce suppl\u00e9mentaire, Pomona offre une sortie filaire USB-C de 30 W et une recharge rapide de 20 W. La face en contact avec le t\u00e9l\u00e9phone est recouverte de [&hellip;]","og_url":"https:\/\/urban-vitamin.com\/fr\/produit\/powerbank-5000mah-qi2-2-25w-urban-vitamin-pomona-noir\/","og_site_name":"Urban Vitamin","article_modified_time":"2026-03-26T01:46:10+00:00","og_image":[{"width":1024,"height":1024,"url":"https:\/\/urban-vitamin.com\/wp-content\/uploads\/sites\/5\/2026\/03\/P322.9201__S_0__85064b311e28402abe358ef38d6999f3.jpg","type":"image\/jpeg"}],"twitter_card":"summary_large_image","twitter_misc":{"Dur\u00e9e de lecture estim\u00e9e":"1 minute"},"schema":{"@context":"https:\/\/schema.org","@graph":[{"@type":"WebPage","@id":"https:\/\/urban-vitamin.com\/fr\/produit\/powerbank-5000mah-qi2-2-25w-urban-vitamin-pomona-noir\/","url":"https:\/\/urban-vitamin.com\/fr\/produit\/powerbank-5000mah-qi2-2-25w-urban-vitamin-pomona-noir\/","name":"Powerbank 5000mAh Qi2.2 25W Urban Vitamin Pomona, noir - Urban Vitamin","isPartOf":{"@id":"https:\/\/urban-vitamin.com\/fr\/#website"},"primaryImageOfPage":{"@id":"https:\/\/urban-vitamin.com\/fr\/produit\/powerbank-5000mah-qi2-2-25w-urban-vitamin-pomona-noir\/#primaryimage"},"image":{"@id":"https:\/\/urban-vitamin.com\/fr\/produit\/powerbank-5000mah-qi2-2-25w-urban-vitamin-pomona-noir\/#primaryimage"},"thumbnailUrl":"https:\/\/urban-vitamin.com\/wp-content\/uploads\/sites\/5\/2026\/03\/P322.9201__S_0__85064b311e28402abe358ef38d6999f3.jpg","datePublished":"2026-03-25T01:06:10+00:00","dateModified":"2026-03-26T01:46:10+00:00","breadcrumb":{"@id":"https:\/\/urban-vitamin.com\/fr\/produit\/powerbank-5000mah-qi2-2-25w-urban-vitamin-pomona-noir\/#breadcrumb"},"inLanguage":"fr-FR","potentialAction":[{"@type":"ReadAction","target":["https:\/\/urban-vitamin.com\/fr\/produit\/powerbank-5000mah-qi2-2-25w-urban-vitamin-pomona-noir\/"]}]},{"@type":"ImageObject","inLanguage":"fr-FR","@id":"https:\/\/urban-vitamin.com\/fr\/produit\/powerbank-5000mah-qi2-2-25w-urban-vitamin-pomona-noir\/#primaryimage","url":"https:\/\/urban-vitamin.com\/wp-content\/uploads\/sites\/5\/2026\/03\/P322.9201__S_0__85064b311e28402abe358ef38d6999f3.jpg","contentUrl":"https:\/\/urban-vitamin.com\/wp-content\/uploads\/sites\/5\/2026\/03\/P322.9201__S_0__85064b311e28402abe358ef38d6999f3.jpg","width":1024,"height":1024},{"@type":"BreadcrumbList","@id":"https:\/\/urban-vitamin.com\/fr\/produit\/powerbank-5000mah-qi2-2-25w-urban-vitamin-pomona-noir\/#breadcrumb","itemListElement":[{"@type":"ListItem","position":1,"name":"Home","item":"https:\/\/urban-vitamin.com\/fr\/"},{"@type":"ListItem","position":2,"name":"Collection","item":"https:\/\/urban-vitamin.com\/fr\/collection\/"},{"@type":"ListItem","position":3,"name":"Powerbank 5000mAh Qi2.2 25W Urban Vitamin Pomona, noir"}]},{"@type":"WebSite","@id":"https:\/\/urban-vitamin.com\/fr\/#website","url":"https:\/\/urban-vitamin.com\/fr\/","name":"Urban Vitamin","description":"Enjoy your daily dose of Urban Vitamin!","potentialAction":[{"@type":"SearchAction","target":{"@type":"EntryPoint","urlTemplate":"https:\/\/urban-vitamin.com\/fr\/?s={search_term_string}"},"query-input":{"@type":"PropertyValueSpecification","valueRequired":true,"valueName":"search_term_string"}}],"inLanguage":"fr-FR"}]}},"_links":{"self":[{"href":"https:\/\/urban-vitamin.com\/fr\/wp-json\/wp\/v2\/product\/27414","targetHints":{"allow":["GET"]}}],"collection":[{"href":"https:\/\/urban-vitamin.com\/fr\/wp-json\/wp\/v2\/product"}],"about":[{"href":"https:\/\/urban-vitamin.com\/fr\/wp-json\/wp\/v2\/types\/product"}],"replies":[{"embeddable":true,"href":"https:\/\/urban-vitamin.com\/fr\/wp-json\/wp\/v2\/comments?post=27414"}],"wp:featuredmedia":[{"embeddable":true,"href":"https:\/\/urban-vitamin.com\/fr\/wp-json\/wp\/v2\/media\/27444"}],"wp:attachment":[{"href":"https:\/\/urban-vitamin.com\/fr\/wp-json\/wp\/v2\/media?parent=27414"}],"wp:term":[{"taxonomy":"product_cat","embeddable":true,"href":"https:\/\/urban-vitamin.com\/fr\/wp-json\/wp\/v2\/product_cat?post=27414"},{"taxonomy":"product_tag","embeddable":true,"href":"https:\/\/urban-vitamin.com\/fr\/wp-json\/wp\/v2\/product_tag?post=27414"}],"curies":[{"name":"wp","href":"https:\/\/api.w.org\/{rel}","templated":true}]}}