{"id":25648,"date":"2026-03-12T01:06:22","date_gmt":"2026-03-12T01:06:22","guid":{"rendered":"https:\/\/urban-vitamin.com\/chargeur-105w-avec-cables-urban-vitamin-sacramento-gris\/"},"modified":"2026-03-12T01:46:22","modified_gmt":"2026-03-12T01:46:22","slug":"chargeur-105w-avec-cables-sacramento-gris","status":"publish","type":"product","link":"https:\/\/urban-vitamin.com\/fr\/produit\/chargeur-105w-avec-cables-sacramento-gris\/","title":{"rendered":"Chargeur 105W avec c\u00e2bles Sacramento, gris"},"content":{"rendered":"<p>Sacramento est une station de charge GaN de 105 W , dot\u00e9e de deux c\u00e2bles USB-C 65W r\u00e9tractables int\u00e9gr\u00e9s, pour que vous ayez toujours une charge rapide \u00e0 port\u00e9e de main &#8211; aucun c\u00e2ble suppl\u00e9mentaire n&rsquo;est n\u00e9cessaire. Besoin de plus d&rsquo;options ? Sacramento comprend \u00e9galement un port USB-A et USB-C, ce qui vous donne un total de quatre options de sortie pour charger des ordinateurs portables, des tablettes, des smartphones et plus encore, le tout en m\u00eame temps. Et pour vos appareils sans fil, Sacramento est \u00e9quip\u00e9 d&rsquo;un puissant chargeur sans fil  de 15 W qui maintient votre t\u00e9l\u00e9phone en place en toute s\u00e9curit\u00e9, ainsi que d&rsquo;un pad sans fil s\u00e9par\u00e9 con\u00e7u sp\u00e9cifiquement pour les petits objets tels que les \u00e9couteurs ou les AirPods (5W max).Sacramento est fabriqu\u00e9 avec du PC ignifug\u00e9 recycl\u00e9 certifi\u00e9 RCS (Recycled Claim Standard). Contenu recycl\u00e9 total : 26 % sur la base du poids total de l&rsquo;article.<\/p>\n","protected":false},"excerpt":{"rendered":"<p>Sacramento est une station de charge GaN de 105 W , dot\u00e9e de deux c\u00e2bles USB-C 65W r\u00e9tractables int\u00e9gr\u00e9s, pour que vous ayez toujours une charge rapide \u00e0 port\u00e9e de main &#8211; aucun c\u00e2ble suppl\u00e9mentaire n&rsquo;est n\u00e9cessaire. Besoin de plus d&rsquo;options ? Sacramento comprend \u00e9galement un port USB-A et USB-C, ce qui vous donne un [&hellip;]<\/p>\n","protected":false},"featured_media":26737,"comment_status":"closed","ping_status":"closed","template":"","meta":{"_acf_changed":false,"om_disable_all_campaigns":false},"product_cat":[64],"product_tag":[],"class_list":["post-25648","product","type-product","status-publish","has-post-thumbnail","hentry","product_cat-chargeurs","pa_color-black","pa_color-grey"],"acf":[],"yoast_head":"<!-- This site is optimized with the Yoast SEO plugin v27.0 - https:\/\/yoast.com\/product\/yoast-seo-wordpress\/ -->\n<title>Chargeur 105W avec c\u00e2bles Sacramento, gris - Urban Vitamin<\/title>\n<meta name=\"robots\" content=\"index, follow, max-snippet:-1, max-image-preview:large, max-video-preview:-1\" \/>\n<link rel=\"canonical\" href=\"https:\/\/urban-vitamin.com\/fr\/produit\/chargeur-105w-avec-cables-sacramento-gris\/\" \/>\n<meta property=\"og:locale\" content=\"fr_FR\" \/>\n<meta property=\"og:type\" content=\"article\" \/>\n<meta property=\"og:title\" content=\"Chargeur 105W avec c\u00e2bles Sacramento, gris - Urban Vitamin\" \/>\n<meta property=\"og:description\" content=\"Sacramento est une station de charge GaN de 105 W , dot\u00e9e de deux c\u00e2bles USB-C 65W r\u00e9tractables int\u00e9gr\u00e9s, pour que vous ayez toujours une charge rapide \u00e0 port\u00e9e de main &#8211; aucun c\u00e2ble suppl\u00e9mentaire n&rsquo;est n\u00e9cessaire. Besoin de plus d&rsquo;options ? Sacramento comprend \u00e9galement un port USB-A et USB-C, ce qui vous donne un [&hellip;]\" \/>\n<meta property=\"og:url\" content=\"https:\/\/urban-vitamin.com\/fr\/produit\/chargeur-105w-avec-cables-sacramento-gris\/\" \/>\n<meta property=\"og:site_name\" content=\"Urban Vitamin\" \/>\n<meta property=\"article:modified_time\" content=\"2026-03-12T01:46:22+00:00\" \/>\n<meta property=\"og:image\" content=\"https:\/\/urban-vitamin.com\/wp-content\/uploads\/sites\/5\/2025\/10\/P309.5402__S_0__eb3eab99046e4ad6a903275685330dae.jpg\" \/>\n\t<meta property=\"og:image:width\" content=\"1024\" \/>\n\t<meta property=\"og:image:height\" content=\"1024\" \/>\n\t<meta property=\"og:image:type\" content=\"image\/jpeg\" \/>\n<meta name=\"twitter:card\" content=\"summary_large_image\" \/>\n<meta name=\"twitter:label1\" content=\"Dur\u00e9e de lecture estim\u00e9e\" \/>\n\t<meta name=\"twitter:data1\" content=\"1 minute\" \/>\n<script type=\"application\/ld+json\" class=\"yoast-schema-graph\">{\"@context\":\"https:\/\/schema.org\",\"@graph\":[{\"@type\":\"WebPage\",\"@id\":\"https:\/\/urban-vitamin.com\/fr\/produit\/chargeur-105w-avec-cables-sacramento-gris\/\",\"url\":\"https:\/\/urban-vitamin.com\/fr\/produit\/chargeur-105w-avec-cables-sacramento-gris\/\",\"name\":\"Chargeur 105W avec c\u00e2bles Sacramento, gris - Urban Vitamin\",\"isPartOf\":{\"@id\":\"https:\/\/urban-vitamin.com\/fr\/#website\"},\"primaryImageOfPage\":{\"@id\":\"https:\/\/urban-vitamin.com\/fr\/produit\/chargeur-105w-avec-cables-sacramento-gris\/#primaryimage\"},\"image\":{\"@id\":\"https:\/\/urban-vitamin.com\/fr\/produit\/chargeur-105w-avec-cables-sacramento-gris\/#primaryimage\"},\"thumbnailUrl\":\"https:\/\/urban-vitamin.com\/wp-content\/uploads\/sites\/5\/2025\/10\/P309.5402__S_0__eb3eab99046e4ad6a903275685330dae.jpg\",\"datePublished\":\"2026-03-12T01:06:22+00:00\",\"dateModified\":\"2026-03-12T01:46:22+00:00\",\"breadcrumb\":{\"@id\":\"https:\/\/urban-vitamin.com\/fr\/produit\/chargeur-105w-avec-cables-sacramento-gris\/#breadcrumb\"},\"inLanguage\":\"fr-FR\",\"potentialAction\":[{\"@type\":\"ReadAction\",\"target\":[\"https:\/\/urban-vitamin.com\/fr\/produit\/chargeur-105w-avec-cables-sacramento-gris\/\"]}]},{\"@type\":\"ImageObject\",\"inLanguage\":\"fr-FR\",\"@id\":\"https:\/\/urban-vitamin.com\/fr\/produit\/chargeur-105w-avec-cables-sacramento-gris\/#primaryimage\",\"url\":\"https:\/\/urban-vitamin.com\/wp-content\/uploads\/sites\/5\/2025\/10\/P309.5402__S_0__eb3eab99046e4ad6a903275685330dae.jpg\",\"contentUrl\":\"https:\/\/urban-vitamin.com\/wp-content\/uploads\/sites\/5\/2025\/10\/P309.5402__S_0__eb3eab99046e4ad6a903275685330dae.jpg\",\"width\":1024,\"height\":1024},{\"@type\":\"BreadcrumbList\",\"@id\":\"https:\/\/urban-vitamin.com\/fr\/produit\/chargeur-105w-avec-cables-sacramento-gris\/#breadcrumb\",\"itemListElement\":[{\"@type\":\"ListItem\",\"position\":1,\"name\":\"Home\",\"item\":\"https:\/\/urban-vitamin.com\/fr\/\"},{\"@type\":\"ListItem\",\"position\":2,\"name\":\"Collection\",\"item\":\"https:\/\/urban-vitamin.com\/fr\/collection\/\"},{\"@type\":\"ListItem\",\"position\":3,\"name\":\"Chargeur 105W avec c\u00e2bles Sacramento, gris\"}]},{\"@type\":\"WebSite\",\"@id\":\"https:\/\/urban-vitamin.com\/fr\/#website\",\"url\":\"https:\/\/urban-vitamin.com\/fr\/\",\"name\":\"Urban Vitamin\",\"description\":\"Enjoy your daily dose of Urban Vitamin!\",\"potentialAction\":[{\"@type\":\"SearchAction\",\"target\":{\"@type\":\"EntryPoint\",\"urlTemplate\":\"https:\/\/urban-vitamin.com\/fr\/?s={search_term_string}\"},\"query-input\":{\"@type\":\"PropertyValueSpecification\",\"valueRequired\":true,\"valueName\":\"search_term_string\"}}],\"inLanguage\":\"fr-FR\"}]}<\/script>\n<!-- \/ Yoast SEO plugin. -->","yoast_head_json":{"title":"Chargeur 105W avec c\u00e2bles Sacramento, gris - Urban Vitamin","robots":{"index":"index","follow":"follow","max-snippet":"max-snippet:-1","max-image-preview":"max-image-preview:large","max-video-preview":"max-video-preview:-1"},"canonical":"https:\/\/urban-vitamin.com\/fr\/produit\/chargeur-105w-avec-cables-sacramento-gris\/","og_locale":"fr_FR","og_type":"article","og_title":"Chargeur 105W avec c\u00e2bles Sacramento, gris - Urban Vitamin","og_description":"Sacramento est une station de charge GaN de 105 W , dot\u00e9e de deux c\u00e2bles USB-C 65W r\u00e9tractables int\u00e9gr\u00e9s, pour que vous ayez toujours une charge rapide \u00e0 port\u00e9e de main &#8211; aucun c\u00e2ble suppl\u00e9mentaire n&rsquo;est n\u00e9cessaire. Besoin de plus d&rsquo;options ? Sacramento comprend \u00e9galement un port USB-A et USB-C, ce qui vous donne un [&hellip;]","og_url":"https:\/\/urban-vitamin.com\/fr\/produit\/chargeur-105w-avec-cables-sacramento-gris\/","og_site_name":"Urban Vitamin","article_modified_time":"2026-03-12T01:46:22+00:00","og_image":[{"width":1024,"height":1024,"url":"https:\/\/urban-vitamin.com\/wp-content\/uploads\/sites\/5\/2025\/10\/P309.5402__S_0__eb3eab99046e4ad6a903275685330dae.jpg","type":"image\/jpeg"}],"twitter_card":"summary_large_image","twitter_misc":{"Dur\u00e9e de lecture estim\u00e9e":"1 minute"},"schema":{"@context":"https:\/\/schema.org","@graph":[{"@type":"WebPage","@id":"https:\/\/urban-vitamin.com\/fr\/produit\/chargeur-105w-avec-cables-sacramento-gris\/","url":"https:\/\/urban-vitamin.com\/fr\/produit\/chargeur-105w-avec-cables-sacramento-gris\/","name":"Chargeur 105W avec c\u00e2bles Sacramento, gris - Urban Vitamin","isPartOf":{"@id":"https:\/\/urban-vitamin.com\/fr\/#website"},"primaryImageOfPage":{"@id":"https:\/\/urban-vitamin.com\/fr\/produit\/chargeur-105w-avec-cables-sacramento-gris\/#primaryimage"},"image":{"@id":"https:\/\/urban-vitamin.com\/fr\/produit\/chargeur-105w-avec-cables-sacramento-gris\/#primaryimage"},"thumbnailUrl":"https:\/\/urban-vitamin.com\/wp-content\/uploads\/sites\/5\/2025\/10\/P309.5402__S_0__eb3eab99046e4ad6a903275685330dae.jpg","datePublished":"2026-03-12T01:06:22+00:00","dateModified":"2026-03-12T01:46:22+00:00","breadcrumb":{"@id":"https:\/\/urban-vitamin.com\/fr\/produit\/chargeur-105w-avec-cables-sacramento-gris\/#breadcrumb"},"inLanguage":"fr-FR","potentialAction":[{"@type":"ReadAction","target":["https:\/\/urban-vitamin.com\/fr\/produit\/chargeur-105w-avec-cables-sacramento-gris\/"]}]},{"@type":"ImageObject","inLanguage":"fr-FR","@id":"https:\/\/urban-vitamin.com\/fr\/produit\/chargeur-105w-avec-cables-sacramento-gris\/#primaryimage","url":"https:\/\/urban-vitamin.com\/wp-content\/uploads\/sites\/5\/2025\/10\/P309.5402__S_0__eb3eab99046e4ad6a903275685330dae.jpg","contentUrl":"https:\/\/urban-vitamin.com\/wp-content\/uploads\/sites\/5\/2025\/10\/P309.5402__S_0__eb3eab99046e4ad6a903275685330dae.jpg","width":1024,"height":1024},{"@type":"BreadcrumbList","@id":"https:\/\/urban-vitamin.com\/fr\/produit\/chargeur-105w-avec-cables-sacramento-gris\/#breadcrumb","itemListElement":[{"@type":"ListItem","position":1,"name":"Home","item":"https:\/\/urban-vitamin.com\/fr\/"},{"@type":"ListItem","position":2,"name":"Collection","item":"https:\/\/urban-vitamin.com\/fr\/collection\/"},{"@type":"ListItem","position":3,"name":"Chargeur 105W avec c\u00e2bles Sacramento, gris"}]},{"@type":"WebSite","@id":"https:\/\/urban-vitamin.com\/fr\/#website","url":"https:\/\/urban-vitamin.com\/fr\/","name":"Urban Vitamin","description":"Enjoy your daily dose of Urban Vitamin!","potentialAction":[{"@type":"SearchAction","target":{"@type":"EntryPoint","urlTemplate":"https:\/\/urban-vitamin.com\/fr\/?s={search_term_string}"},"query-input":{"@type":"PropertyValueSpecification","valueRequired":true,"valueName":"search_term_string"}}],"inLanguage":"fr-FR"}]}},"_links":{"self":[{"href":"https:\/\/urban-vitamin.com\/fr\/wp-json\/wp\/v2\/product\/25648","targetHints":{"allow":["GET"]}}],"collection":[{"href":"https:\/\/urban-vitamin.com\/fr\/wp-json\/wp\/v2\/product"}],"about":[{"href":"https:\/\/urban-vitamin.com\/fr\/wp-json\/wp\/v2\/types\/product"}],"replies":[{"embeddable":true,"href":"https:\/\/urban-vitamin.com\/fr\/wp-json\/wp\/v2\/comments?post=25648"}],"wp:featuredmedia":[{"embeddable":true,"href":"https:\/\/urban-vitamin.com\/fr\/wp-json\/wp\/v2\/media\/26737"}],"wp:attachment":[{"href":"https:\/\/urban-vitamin.com\/fr\/wp-json\/wp\/v2\/media?parent=25648"}],"wp:term":[{"taxonomy":"product_cat","embeddable":true,"href":"https:\/\/urban-vitamin.com\/fr\/wp-json\/wp\/v2\/product_cat?post=25648"},{"taxonomy":"product_tag","embeddable":true,"href":"https:\/\/urban-vitamin.com\/fr\/wp-json\/wp\/v2\/product_tag?post=25648"}],"curies":[{"name":"wp","href":"https:\/\/api.w.org\/{rel}","templated":true}]}}