{"id":25263,"date":"2026-03-12T01:06:37","date_gmt":"2026-03-12T01:06:37","guid":{"rendered":"https:\/\/urban-vitamin.com\/powerbank-20-000mah-165w-urban-vitamin-stanford-gris\/"},"modified":"2026-03-12T01:46:34","modified_gmt":"2026-03-12T01:46:34","slug":"powerbank-20-000mah-165w-stanford-gris","status":"publish","type":"product","link":"https:\/\/urban-vitamin.com\/fr\/produit\/powerbank-20-000mah-165w-stanford-gris\/","title":{"rendered":"Powerbank 20.000mAh\/165W Stanford, gris"},"content":{"rendered":"<p>La batterie de secours Urban Vitamin Stanford repr\u00e9sente le summum de la technologie de charge avanc\u00e9e. Avec une capacit\u00e9 de 20.000 mAh, la Stanford offre une charge ultra-rapide de 165 W, assurant une charge rapide et simultan\u00e9e de vos appareils, ordinateurs portables et MacBooks, \u00e0 la vitesse de l&rsquo;\u00e9clair. \u00c9quip\u00e9e de trois sorties\u00a0: deux USB-C et une USB-A, la Stanford est con\u00e7ue pour une polyvalence maximale. Elle est \u00e9galement \u00e9quip\u00e9e d&rsquo;un c\u00e2ble USB-C r\u00e9tractable rapide 100 W int\u00e9gr\u00e9 de 70\u00a0cm, r\u00e9duisant ainsi le besoin de transporter des accessoires suppl\u00e9mentaires. L&rsquo;\u00e9cran couleur TFT haute qualit\u00e9 affiche en temps r\u00e9el la vitesse de charge et l&rsquo;\u00e9tat de l&rsquo;appareil, vous tenant inform\u00e9 \u00e0 chaque charge. Construite dans un bo\u00eetier en aluminium robuste, la Stanford offre un design haut de gamme tout en conservant un design l\u00e9ger et portable. Les produits Urban Vitamin sont fabriqu\u00e9s sans PVC et conditionn\u00e9s dans un emballage \u00e0 faible teneur en plastique.<\/p>\n","protected":false},"excerpt":{"rendered":"<p>La batterie de secours Urban Vitamin Stanford repr\u00e9sente le summum de la technologie de charge avanc\u00e9e. Avec une capacit\u00e9 de 20.000 mAh, la Stanford offre une charge ultra-rapide de 165 W, assurant une charge rapide et simultan\u00e9e de vos appareils, ordinateurs portables et MacBooks, \u00e0 la vitesse de l&rsquo;\u00e9clair. \u00c9quip\u00e9e de trois sorties\u00a0: deux USB-C [&hellip;]<\/p>\n","protected":false},"featured_media":26760,"comment_status":"closed","ping_status":"closed","template":"","meta":{"_acf_changed":false,"om_disable_all_campaigns":false},"product_cat":[63],"product_tag":[],"class_list":["post-25263","product","type-product","status-publish","has-post-thumbnail","hentry","product_cat-powerbanks-fr","pa_color-grey"],"acf":[],"yoast_head":"<!-- This site is optimized with the Yoast SEO plugin v27.0 - https:\/\/yoast.com\/product\/yoast-seo-wordpress\/ -->\n<title>Powerbank 20.000mAh\/165W Stanford, gris - Urban Vitamin<\/title>\n<meta name=\"robots\" content=\"index, follow, max-snippet:-1, max-image-preview:large, max-video-preview:-1\" \/>\n<link rel=\"canonical\" href=\"https:\/\/urban-vitamin.com\/fr\/produit\/powerbank-20-000mah-165w-stanford-gris\/\" \/>\n<meta property=\"og:locale\" content=\"fr_FR\" \/>\n<meta property=\"og:type\" content=\"article\" \/>\n<meta property=\"og:title\" content=\"Powerbank 20.000mAh\/165W Stanford, gris - Urban Vitamin\" \/>\n<meta property=\"og:description\" content=\"La batterie de secours Urban Vitamin Stanford repr\u00e9sente le summum de la technologie de charge avanc\u00e9e. Avec une capacit\u00e9 de 20.000 mAh, la Stanford offre une charge ultra-rapide de 165 W, assurant une charge rapide et simultan\u00e9e de vos appareils, ordinateurs portables et MacBooks, \u00e0 la vitesse de l&rsquo;\u00e9clair. \u00c9quip\u00e9e de trois sorties\u00a0: deux USB-C [&hellip;]\" \/>\n<meta property=\"og:url\" content=\"https:\/\/urban-vitamin.com\/fr\/produit\/powerbank-20-000mah-165w-stanford-gris\/\" \/>\n<meta property=\"og:site_name\" content=\"Urban Vitamin\" \/>\n<meta property=\"article:modified_time\" content=\"2026-03-12T01:46:34+00:00\" \/>\n<meta property=\"og:image\" content=\"https:\/\/urban-vitamin.com\/wp-content\/uploads\/sites\/5\/2025\/10\/P322.7802__S_0__5cc27688b69241369b431cd93714361f.jpg\" \/>\n\t<meta property=\"og:image:width\" content=\"1024\" \/>\n\t<meta property=\"og:image:height\" content=\"1024\" \/>\n\t<meta property=\"og:image:type\" content=\"image\/jpeg\" \/>\n<meta name=\"twitter:card\" content=\"summary_large_image\" \/>\n<meta name=\"twitter:label1\" content=\"Dur\u00e9e de lecture estim\u00e9e\" \/>\n\t<meta name=\"twitter:data1\" content=\"1 minute\" \/>\n<script type=\"application\/ld+json\" class=\"yoast-schema-graph\">{\"@context\":\"https:\/\/schema.org\",\"@graph\":[{\"@type\":\"WebPage\",\"@id\":\"https:\/\/urban-vitamin.com\/fr\/produit\/powerbank-20-000mah-165w-stanford-gris\/\",\"url\":\"https:\/\/urban-vitamin.com\/fr\/produit\/powerbank-20-000mah-165w-stanford-gris\/\",\"name\":\"Powerbank 20.000mAh\/165W Stanford, gris - Urban Vitamin\",\"isPartOf\":{\"@id\":\"https:\/\/urban-vitamin.com\/fr\/#website\"},\"primaryImageOfPage\":{\"@id\":\"https:\/\/urban-vitamin.com\/fr\/produit\/powerbank-20-000mah-165w-stanford-gris\/#primaryimage\"},\"image\":{\"@id\":\"https:\/\/urban-vitamin.com\/fr\/produit\/powerbank-20-000mah-165w-stanford-gris\/#primaryimage\"},\"thumbnailUrl\":\"https:\/\/urban-vitamin.com\/wp-content\/uploads\/sites\/5\/2025\/10\/P322.7802__S_0__5cc27688b69241369b431cd93714361f.jpg\",\"datePublished\":\"2026-03-12T01:06:37+00:00\",\"dateModified\":\"2026-03-12T01:46:34+00:00\",\"breadcrumb\":{\"@id\":\"https:\/\/urban-vitamin.com\/fr\/produit\/powerbank-20-000mah-165w-stanford-gris\/#breadcrumb\"},\"inLanguage\":\"fr-FR\",\"potentialAction\":[{\"@type\":\"ReadAction\",\"target\":[\"https:\/\/urban-vitamin.com\/fr\/produit\/powerbank-20-000mah-165w-stanford-gris\/\"]}]},{\"@type\":\"ImageObject\",\"inLanguage\":\"fr-FR\",\"@id\":\"https:\/\/urban-vitamin.com\/fr\/produit\/powerbank-20-000mah-165w-stanford-gris\/#primaryimage\",\"url\":\"https:\/\/urban-vitamin.com\/wp-content\/uploads\/sites\/5\/2025\/10\/P322.7802__S_0__5cc27688b69241369b431cd93714361f.jpg\",\"contentUrl\":\"https:\/\/urban-vitamin.com\/wp-content\/uploads\/sites\/5\/2025\/10\/P322.7802__S_0__5cc27688b69241369b431cd93714361f.jpg\",\"width\":1024,\"height\":1024},{\"@type\":\"BreadcrumbList\",\"@id\":\"https:\/\/urban-vitamin.com\/fr\/produit\/powerbank-20-000mah-165w-stanford-gris\/#breadcrumb\",\"itemListElement\":[{\"@type\":\"ListItem\",\"position\":1,\"name\":\"Home\",\"item\":\"https:\/\/urban-vitamin.com\/fr\/\"},{\"@type\":\"ListItem\",\"position\":2,\"name\":\"Collection\",\"item\":\"https:\/\/urban-vitamin.com\/fr\/collection\/\"},{\"@type\":\"ListItem\",\"position\":3,\"name\":\"Powerbank 20.000mAh\/165W Stanford, gris\"}]},{\"@type\":\"WebSite\",\"@id\":\"https:\/\/urban-vitamin.com\/fr\/#website\",\"url\":\"https:\/\/urban-vitamin.com\/fr\/\",\"name\":\"Urban Vitamin\",\"description\":\"Enjoy your daily dose of Urban Vitamin!\",\"potentialAction\":[{\"@type\":\"SearchAction\",\"target\":{\"@type\":\"EntryPoint\",\"urlTemplate\":\"https:\/\/urban-vitamin.com\/fr\/?s={search_term_string}\"},\"query-input\":{\"@type\":\"PropertyValueSpecification\",\"valueRequired\":true,\"valueName\":\"search_term_string\"}}],\"inLanguage\":\"fr-FR\"}]}<\/script>\n<!-- \/ Yoast SEO plugin. -->","yoast_head_json":{"title":"Powerbank 20.000mAh\/165W Stanford, gris - Urban Vitamin","robots":{"index":"index","follow":"follow","max-snippet":"max-snippet:-1","max-image-preview":"max-image-preview:large","max-video-preview":"max-video-preview:-1"},"canonical":"https:\/\/urban-vitamin.com\/fr\/produit\/powerbank-20-000mah-165w-stanford-gris\/","og_locale":"fr_FR","og_type":"article","og_title":"Powerbank 20.000mAh\/165W Stanford, gris - Urban Vitamin","og_description":"La batterie de secours Urban Vitamin Stanford repr\u00e9sente le summum de la technologie de charge avanc\u00e9e. Avec une capacit\u00e9 de 20.000 mAh, la Stanford offre une charge ultra-rapide de 165 W, assurant une charge rapide et simultan\u00e9e de vos appareils, ordinateurs portables et MacBooks, \u00e0 la vitesse de l&rsquo;\u00e9clair. \u00c9quip\u00e9e de trois sorties\u00a0: deux USB-C [&hellip;]","og_url":"https:\/\/urban-vitamin.com\/fr\/produit\/powerbank-20-000mah-165w-stanford-gris\/","og_site_name":"Urban Vitamin","article_modified_time":"2026-03-12T01:46:34+00:00","og_image":[{"width":1024,"height":1024,"url":"https:\/\/urban-vitamin.com\/wp-content\/uploads\/sites\/5\/2025\/10\/P322.7802__S_0__5cc27688b69241369b431cd93714361f.jpg","type":"image\/jpeg"}],"twitter_card":"summary_large_image","twitter_misc":{"Dur\u00e9e de lecture estim\u00e9e":"1 minute"},"schema":{"@context":"https:\/\/schema.org","@graph":[{"@type":"WebPage","@id":"https:\/\/urban-vitamin.com\/fr\/produit\/powerbank-20-000mah-165w-stanford-gris\/","url":"https:\/\/urban-vitamin.com\/fr\/produit\/powerbank-20-000mah-165w-stanford-gris\/","name":"Powerbank 20.000mAh\/165W Stanford, gris - Urban Vitamin","isPartOf":{"@id":"https:\/\/urban-vitamin.com\/fr\/#website"},"primaryImageOfPage":{"@id":"https:\/\/urban-vitamin.com\/fr\/produit\/powerbank-20-000mah-165w-stanford-gris\/#primaryimage"},"image":{"@id":"https:\/\/urban-vitamin.com\/fr\/produit\/powerbank-20-000mah-165w-stanford-gris\/#primaryimage"},"thumbnailUrl":"https:\/\/urban-vitamin.com\/wp-content\/uploads\/sites\/5\/2025\/10\/P322.7802__S_0__5cc27688b69241369b431cd93714361f.jpg","datePublished":"2026-03-12T01:06:37+00:00","dateModified":"2026-03-12T01:46:34+00:00","breadcrumb":{"@id":"https:\/\/urban-vitamin.com\/fr\/produit\/powerbank-20-000mah-165w-stanford-gris\/#breadcrumb"},"inLanguage":"fr-FR","potentialAction":[{"@type":"ReadAction","target":["https:\/\/urban-vitamin.com\/fr\/produit\/powerbank-20-000mah-165w-stanford-gris\/"]}]},{"@type":"ImageObject","inLanguage":"fr-FR","@id":"https:\/\/urban-vitamin.com\/fr\/produit\/powerbank-20-000mah-165w-stanford-gris\/#primaryimage","url":"https:\/\/urban-vitamin.com\/wp-content\/uploads\/sites\/5\/2025\/10\/P322.7802__S_0__5cc27688b69241369b431cd93714361f.jpg","contentUrl":"https:\/\/urban-vitamin.com\/wp-content\/uploads\/sites\/5\/2025\/10\/P322.7802__S_0__5cc27688b69241369b431cd93714361f.jpg","width":1024,"height":1024},{"@type":"BreadcrumbList","@id":"https:\/\/urban-vitamin.com\/fr\/produit\/powerbank-20-000mah-165w-stanford-gris\/#breadcrumb","itemListElement":[{"@type":"ListItem","position":1,"name":"Home","item":"https:\/\/urban-vitamin.com\/fr\/"},{"@type":"ListItem","position":2,"name":"Collection","item":"https:\/\/urban-vitamin.com\/fr\/collection\/"},{"@type":"ListItem","position":3,"name":"Powerbank 20.000mAh\/165W Stanford, gris"}]},{"@type":"WebSite","@id":"https:\/\/urban-vitamin.com\/fr\/#website","url":"https:\/\/urban-vitamin.com\/fr\/","name":"Urban Vitamin","description":"Enjoy your daily dose of Urban Vitamin!","potentialAction":[{"@type":"SearchAction","target":{"@type":"EntryPoint","urlTemplate":"https:\/\/urban-vitamin.com\/fr\/?s={search_term_string}"},"query-input":{"@type":"PropertyValueSpecification","valueRequired":true,"valueName":"search_term_string"}}],"inLanguage":"fr-FR"}]}},"_links":{"self":[{"href":"https:\/\/urban-vitamin.com\/fr\/wp-json\/wp\/v2\/product\/25263","targetHints":{"allow":["GET"]}}],"collection":[{"href":"https:\/\/urban-vitamin.com\/fr\/wp-json\/wp\/v2\/product"}],"about":[{"href":"https:\/\/urban-vitamin.com\/fr\/wp-json\/wp\/v2\/types\/product"}],"replies":[{"embeddable":true,"href":"https:\/\/urban-vitamin.com\/fr\/wp-json\/wp\/v2\/comments?post=25263"}],"wp:featuredmedia":[{"embeddable":true,"href":"https:\/\/urban-vitamin.com\/fr\/wp-json\/wp\/v2\/media\/26760"}],"wp:attachment":[{"href":"https:\/\/urban-vitamin.com\/fr\/wp-json\/wp\/v2\/media?parent=25263"}],"wp:term":[{"taxonomy":"product_cat","embeddable":true,"href":"https:\/\/urban-vitamin.com\/fr\/wp-json\/wp\/v2\/product_cat?post=25263"},{"taxonomy":"product_tag","embeddable":true,"href":"https:\/\/urban-vitamin.com\/fr\/wp-json\/wp\/v2\/product_tag?post=25263"}],"curies":[{"name":"wp","href":"https:\/\/api.w.org\/{rel}","templated":true}]}}