{"id":25262,"date":"2026-03-12T01:06:37","date_gmt":"2026-03-12T01:06:37","guid":{"rendered":"https:\/\/urban-vitamin.com\/powerbank-magnetique-15-000mah-100w-urban-vitamin-sunnyvale-gris\/"},"modified":"2026-03-12T01:46:33","modified_gmt":"2026-03-12T01:46:33","slug":"powerbank-magnetique-15-000mah-100w-sunnyvale-gris","status":"publish","type":"product","link":"https:\/\/urban-vitamin.com\/fr\/produit\/powerbank-magnetique-15-000mah-100w-sunnyvale-gris\/","title":{"rendered":"Powerbank magn\u00e9tique 15.000mAh\/100W Sunnyvale, gris"},"content":{"rendered":"<p>La batterie de secours Urban Vitamin Sunnyvale est une solution de recharge de pointe con\u00e7ue pour r\u00e9pondre aux exigences de la vie moderne. Avec une capacit\u00e9 de 15.000 mAh et la prise en charge d&rsquo;une charge ultra-rapide de 100 W, ce powerbank garantit que tous vos appareils, ordinateurs portables et MacBooks, restent aliment\u00e9s \u00e0 la vitesse de l&rsquo;\u00e9clair. Il est dot\u00e9 d&rsquo;un \u00e9cran couleur TFT de haute qualit\u00e9 qui fournit des mises \u00e0 jour en temps r\u00e9el sur la vitesse de charge. Ce qui distingue le Sunnyvale, c&rsquo;est son support de t\u00e9l\u00e9phone magn\u00e9tique sans fil int\u00e9gr\u00e9 de 15 W, qui vous permet de charger votre t\u00e9l\u00e9phone sans fil tout en le maintenant parfaitement positionn\u00e9 pour une utilisation mains libres. Avec trois ports de sortie &#8211; deux USB-C et un USB-A &#8211; et l&rsquo;option de charge sans fil, le Sunnyvale peut charger jusqu&rsquo;\u00e0 quatre appareils simultan\u00e9ment. Fabriqu\u00e9 en aluminium durable, le Sunnyvale allie un aspect et une sensation haut de gamme \u00e0 un design compact et portable. Sans PVC.<\/p>\n","protected":false},"excerpt":{"rendered":"<p>La batterie de secours Urban Vitamin Sunnyvale est une solution de recharge de pointe con\u00e7ue pour r\u00e9pondre aux exigences de la vie moderne. Avec une capacit\u00e9 de 15.000 mAh et la prise en charge d&rsquo;une charge ultra-rapide de 100 W, ce powerbank garantit que tous vos appareils, ordinateurs portables et MacBooks, restent aliment\u00e9s \u00e0 la [&hellip;]<\/p>\n","protected":false},"featured_media":26753,"comment_status":"closed","ping_status":"closed","template":"","meta":{"_acf_changed":false,"om_disable_all_campaigns":false},"product_cat":[63],"product_tag":[],"class_list":["post-25262","product","type-product","status-publish","has-post-thumbnail","hentry","product_cat-powerbanks-fr","pa_color-grey"],"acf":[],"yoast_head":"<!-- This site is optimized with the Yoast SEO plugin v27.0 - https:\/\/yoast.com\/product\/yoast-seo-wordpress\/ -->\n<title>Powerbank magn\u00e9tique 15.000mAh\/100W Sunnyvale, gris - Urban Vitamin<\/title>\n<meta name=\"robots\" content=\"index, follow, max-snippet:-1, max-image-preview:large, max-video-preview:-1\" \/>\n<link rel=\"canonical\" href=\"https:\/\/urban-vitamin.com\/fr\/produit\/powerbank-magnetique-15-000mah-100w-sunnyvale-gris\/\" \/>\n<meta property=\"og:locale\" content=\"fr_FR\" \/>\n<meta property=\"og:type\" content=\"article\" \/>\n<meta property=\"og:title\" content=\"Powerbank magn\u00e9tique 15.000mAh\/100W Sunnyvale, gris - Urban Vitamin\" \/>\n<meta property=\"og:description\" content=\"La batterie de secours Urban Vitamin Sunnyvale est une solution de recharge de pointe con\u00e7ue pour r\u00e9pondre aux exigences de la vie moderne. Avec une capacit\u00e9 de 15.000 mAh et la prise en charge d&rsquo;une charge ultra-rapide de 100 W, ce powerbank garantit que tous vos appareils, ordinateurs portables et MacBooks, restent aliment\u00e9s \u00e0 la [&hellip;]\" \/>\n<meta property=\"og:url\" content=\"https:\/\/urban-vitamin.com\/fr\/produit\/powerbank-magnetique-15-000mah-100w-sunnyvale-gris\/\" \/>\n<meta property=\"og:site_name\" content=\"Urban Vitamin\" \/>\n<meta property=\"article:modified_time\" content=\"2026-03-12T01:46:33+00:00\" \/>\n<meta property=\"og:image\" content=\"https:\/\/urban-vitamin.com\/wp-content\/uploads\/sites\/5\/2025\/10\/P322.7702__S_0__7b0c6550970d4cccb55881e9dbdfa7ec.jpg\" \/>\n\t<meta property=\"og:image:width\" content=\"1024\" \/>\n\t<meta property=\"og:image:height\" content=\"1024\" \/>\n\t<meta property=\"og:image:type\" content=\"image\/jpeg\" \/>\n<meta name=\"twitter:card\" content=\"summary_large_image\" \/>\n<meta name=\"twitter:label1\" content=\"Dur\u00e9e de lecture estim\u00e9e\" \/>\n\t<meta name=\"twitter:data1\" content=\"1 minute\" \/>\n<script type=\"application\/ld+json\" class=\"yoast-schema-graph\">{\"@context\":\"https:\/\/schema.org\",\"@graph\":[{\"@type\":\"WebPage\",\"@id\":\"https:\/\/urban-vitamin.com\/fr\/produit\/powerbank-magnetique-15-000mah-100w-sunnyvale-gris\/\",\"url\":\"https:\/\/urban-vitamin.com\/fr\/produit\/powerbank-magnetique-15-000mah-100w-sunnyvale-gris\/\",\"name\":\"Powerbank magn\u00e9tique 15.000mAh\/100W Sunnyvale, gris - Urban Vitamin\",\"isPartOf\":{\"@id\":\"https:\/\/urban-vitamin.com\/fr\/#website\"},\"primaryImageOfPage\":{\"@id\":\"https:\/\/urban-vitamin.com\/fr\/produit\/powerbank-magnetique-15-000mah-100w-sunnyvale-gris\/#primaryimage\"},\"image\":{\"@id\":\"https:\/\/urban-vitamin.com\/fr\/produit\/powerbank-magnetique-15-000mah-100w-sunnyvale-gris\/#primaryimage\"},\"thumbnailUrl\":\"https:\/\/urban-vitamin.com\/wp-content\/uploads\/sites\/5\/2025\/10\/P322.7702__S_0__7b0c6550970d4cccb55881e9dbdfa7ec.jpg\",\"datePublished\":\"2026-03-12T01:06:37+00:00\",\"dateModified\":\"2026-03-12T01:46:33+00:00\",\"breadcrumb\":{\"@id\":\"https:\/\/urban-vitamin.com\/fr\/produit\/powerbank-magnetique-15-000mah-100w-sunnyvale-gris\/#breadcrumb\"},\"inLanguage\":\"fr-FR\",\"potentialAction\":[{\"@type\":\"ReadAction\",\"target\":[\"https:\/\/urban-vitamin.com\/fr\/produit\/powerbank-magnetique-15-000mah-100w-sunnyvale-gris\/\"]}]},{\"@type\":\"ImageObject\",\"inLanguage\":\"fr-FR\",\"@id\":\"https:\/\/urban-vitamin.com\/fr\/produit\/powerbank-magnetique-15-000mah-100w-sunnyvale-gris\/#primaryimage\",\"url\":\"https:\/\/urban-vitamin.com\/wp-content\/uploads\/sites\/5\/2025\/10\/P322.7702__S_0__7b0c6550970d4cccb55881e9dbdfa7ec.jpg\",\"contentUrl\":\"https:\/\/urban-vitamin.com\/wp-content\/uploads\/sites\/5\/2025\/10\/P322.7702__S_0__7b0c6550970d4cccb55881e9dbdfa7ec.jpg\",\"width\":1024,\"height\":1024},{\"@type\":\"BreadcrumbList\",\"@id\":\"https:\/\/urban-vitamin.com\/fr\/produit\/powerbank-magnetique-15-000mah-100w-sunnyvale-gris\/#breadcrumb\",\"itemListElement\":[{\"@type\":\"ListItem\",\"position\":1,\"name\":\"Home\",\"item\":\"https:\/\/urban-vitamin.com\/fr\/\"},{\"@type\":\"ListItem\",\"position\":2,\"name\":\"Collection\",\"item\":\"https:\/\/urban-vitamin.com\/fr\/collection\/\"},{\"@type\":\"ListItem\",\"position\":3,\"name\":\"Powerbank magn\u00e9tique 15.000mAh\/100W Sunnyvale, gris\"}]},{\"@type\":\"WebSite\",\"@id\":\"https:\/\/urban-vitamin.com\/fr\/#website\",\"url\":\"https:\/\/urban-vitamin.com\/fr\/\",\"name\":\"Urban Vitamin\",\"description\":\"Enjoy your daily dose of Urban Vitamin!\",\"potentialAction\":[{\"@type\":\"SearchAction\",\"target\":{\"@type\":\"EntryPoint\",\"urlTemplate\":\"https:\/\/urban-vitamin.com\/fr\/?s={search_term_string}\"},\"query-input\":{\"@type\":\"PropertyValueSpecification\",\"valueRequired\":true,\"valueName\":\"search_term_string\"}}],\"inLanguage\":\"fr-FR\"}]}<\/script>\n<!-- \/ Yoast SEO plugin. -->","yoast_head_json":{"title":"Powerbank magn\u00e9tique 15.000mAh\/100W Sunnyvale, gris - Urban Vitamin","robots":{"index":"index","follow":"follow","max-snippet":"max-snippet:-1","max-image-preview":"max-image-preview:large","max-video-preview":"max-video-preview:-1"},"canonical":"https:\/\/urban-vitamin.com\/fr\/produit\/powerbank-magnetique-15-000mah-100w-sunnyvale-gris\/","og_locale":"fr_FR","og_type":"article","og_title":"Powerbank magn\u00e9tique 15.000mAh\/100W Sunnyvale, gris - Urban Vitamin","og_description":"La batterie de secours Urban Vitamin Sunnyvale est une solution de recharge de pointe con\u00e7ue pour r\u00e9pondre aux exigences de la vie moderne. Avec une capacit\u00e9 de 15.000 mAh et la prise en charge d&rsquo;une charge ultra-rapide de 100 W, ce powerbank garantit que tous vos appareils, ordinateurs portables et MacBooks, restent aliment\u00e9s \u00e0 la [&hellip;]","og_url":"https:\/\/urban-vitamin.com\/fr\/produit\/powerbank-magnetique-15-000mah-100w-sunnyvale-gris\/","og_site_name":"Urban Vitamin","article_modified_time":"2026-03-12T01:46:33+00:00","og_image":[{"width":1024,"height":1024,"url":"https:\/\/urban-vitamin.com\/wp-content\/uploads\/sites\/5\/2025\/10\/P322.7702__S_0__7b0c6550970d4cccb55881e9dbdfa7ec.jpg","type":"image\/jpeg"}],"twitter_card":"summary_large_image","twitter_misc":{"Dur\u00e9e de lecture estim\u00e9e":"1 minute"},"schema":{"@context":"https:\/\/schema.org","@graph":[{"@type":"WebPage","@id":"https:\/\/urban-vitamin.com\/fr\/produit\/powerbank-magnetique-15-000mah-100w-sunnyvale-gris\/","url":"https:\/\/urban-vitamin.com\/fr\/produit\/powerbank-magnetique-15-000mah-100w-sunnyvale-gris\/","name":"Powerbank magn\u00e9tique 15.000mAh\/100W Sunnyvale, gris - Urban Vitamin","isPartOf":{"@id":"https:\/\/urban-vitamin.com\/fr\/#website"},"primaryImageOfPage":{"@id":"https:\/\/urban-vitamin.com\/fr\/produit\/powerbank-magnetique-15-000mah-100w-sunnyvale-gris\/#primaryimage"},"image":{"@id":"https:\/\/urban-vitamin.com\/fr\/produit\/powerbank-magnetique-15-000mah-100w-sunnyvale-gris\/#primaryimage"},"thumbnailUrl":"https:\/\/urban-vitamin.com\/wp-content\/uploads\/sites\/5\/2025\/10\/P322.7702__S_0__7b0c6550970d4cccb55881e9dbdfa7ec.jpg","datePublished":"2026-03-12T01:06:37+00:00","dateModified":"2026-03-12T01:46:33+00:00","breadcrumb":{"@id":"https:\/\/urban-vitamin.com\/fr\/produit\/powerbank-magnetique-15-000mah-100w-sunnyvale-gris\/#breadcrumb"},"inLanguage":"fr-FR","potentialAction":[{"@type":"ReadAction","target":["https:\/\/urban-vitamin.com\/fr\/produit\/powerbank-magnetique-15-000mah-100w-sunnyvale-gris\/"]}]},{"@type":"ImageObject","inLanguage":"fr-FR","@id":"https:\/\/urban-vitamin.com\/fr\/produit\/powerbank-magnetique-15-000mah-100w-sunnyvale-gris\/#primaryimage","url":"https:\/\/urban-vitamin.com\/wp-content\/uploads\/sites\/5\/2025\/10\/P322.7702__S_0__7b0c6550970d4cccb55881e9dbdfa7ec.jpg","contentUrl":"https:\/\/urban-vitamin.com\/wp-content\/uploads\/sites\/5\/2025\/10\/P322.7702__S_0__7b0c6550970d4cccb55881e9dbdfa7ec.jpg","width":1024,"height":1024},{"@type":"BreadcrumbList","@id":"https:\/\/urban-vitamin.com\/fr\/produit\/powerbank-magnetique-15-000mah-100w-sunnyvale-gris\/#breadcrumb","itemListElement":[{"@type":"ListItem","position":1,"name":"Home","item":"https:\/\/urban-vitamin.com\/fr\/"},{"@type":"ListItem","position":2,"name":"Collection","item":"https:\/\/urban-vitamin.com\/fr\/collection\/"},{"@type":"ListItem","position":3,"name":"Powerbank magn\u00e9tique 15.000mAh\/100W Sunnyvale, gris"}]},{"@type":"WebSite","@id":"https:\/\/urban-vitamin.com\/fr\/#website","url":"https:\/\/urban-vitamin.com\/fr\/","name":"Urban Vitamin","description":"Enjoy your daily dose of Urban Vitamin!","potentialAction":[{"@type":"SearchAction","target":{"@type":"EntryPoint","urlTemplate":"https:\/\/urban-vitamin.com\/fr\/?s={search_term_string}"},"query-input":{"@type":"PropertyValueSpecification","valueRequired":true,"valueName":"search_term_string"}}],"inLanguage":"fr-FR"}]}},"_links":{"self":[{"href":"https:\/\/urban-vitamin.com\/fr\/wp-json\/wp\/v2\/product\/25262","targetHints":{"allow":["GET"]}}],"collection":[{"href":"https:\/\/urban-vitamin.com\/fr\/wp-json\/wp\/v2\/product"}],"about":[{"href":"https:\/\/urban-vitamin.com\/fr\/wp-json\/wp\/v2\/types\/product"}],"replies":[{"embeddable":true,"href":"https:\/\/urban-vitamin.com\/fr\/wp-json\/wp\/v2\/comments?post=25262"}],"wp:featuredmedia":[{"embeddable":true,"href":"https:\/\/urban-vitamin.com\/fr\/wp-json\/wp\/v2\/media\/26753"}],"wp:attachment":[{"href":"https:\/\/urban-vitamin.com\/fr\/wp-json\/wp\/v2\/media?parent=25262"}],"wp:term":[{"taxonomy":"product_cat","embeddable":true,"href":"https:\/\/urban-vitamin.com\/fr\/wp-json\/wp\/v2\/product_cat?post=25262"},{"taxonomy":"product_tag","embeddable":true,"href":"https:\/\/urban-vitamin.com\/fr\/wp-json\/wp\/v2\/product_tag?post=25262"}],"curies":[{"name":"wp","href":"https:\/\/api.w.org\/{rel}","templated":true}]}}