{"id":25261,"date":"2026-03-12T01:06:37","date_gmt":"2026-03-12T01:06:37","guid":{"rendered":"https:\/\/urban-vitamin.com\/powerbank-de-poche-10-000mah-55w-urban-vitamin-campbell-gris\/"},"modified":"2026-03-12T01:46:32","modified_gmt":"2026-03-12T01:46:32","slug":"powerbank-de-poche-10-000mah-55w-campbell-gris","status":"publish","type":"product","link":"https:\/\/urban-vitamin.com\/fr\/produit\/powerbank-de-poche-10-000mah-55w-campbell-gris\/","title":{"rendered":"Powerbank de poche 10.000mAh\/55W Campbell, gris"},"content":{"rendered":"<p>Le powerbank Urban Vitamin Campbell est une solution de recharge \u00e0 la pointe de la technologie, con\u00e7ue pour vous permettre de rester aliment\u00e9 lors de vos d\u00e9placements. Avec une puissante capacit\u00e9 de 10.000 mAh dans un format de poche, ce chargeur garantit que vos appareils sont toujours pr\u00eats lorsque vous en avez besoin. Avec un \u00e9cran couleur TFT de qualit\u00e9,. \u00c9quip\u00e9 de trois ports de sortie, dont deux USB-C et un USB-A, il d\u00e9livre une puissance impressionnante de 55 W, capable de charger \u00e0 pleine vitesse smartphones, tablettes et m\u00eame ordinateurs portables et MacBooks. Fabriqu\u00e9 en aluminium durable, il combine une esth\u00e9tique premium avec une construction robuste, ce qui en fait un accessoire \u00e9l\u00e9gant et fiable pour les modes de vie modernes. Les produits Urban Vitamin sont fabriqu\u00e9s sans PVC et sont conditionn\u00e9s dans des emballages \u00e0 teneur r\u00e9duite en plastique.<\/p>\n","protected":false},"excerpt":{"rendered":"<p>Le powerbank Urban Vitamin Campbell est une solution de recharge \u00e0 la pointe de la technologie, con\u00e7ue pour vous permettre de rester aliment\u00e9 lors de vos d\u00e9placements. Avec une puissante capacit\u00e9 de 10.000 mAh dans un format de poche, ce chargeur garantit que vos appareils sont toujours pr\u00eats lorsque vous en avez besoin. Avec un [&hellip;]<\/p>\n","protected":false},"featured_media":26746,"comment_status":"closed","ping_status":"closed","template":"","meta":{"_acf_changed":false,"om_disable_all_campaigns":false},"product_cat":[63],"product_tag":[],"class_list":["post-25261","product","type-product","status-publish","has-post-thumbnail","hentry","product_cat-powerbanks-fr","pa_color-grey"],"acf":[],"yoast_head":"<!-- This site is optimized with the Yoast SEO plugin v27.0 - https:\/\/yoast.com\/product\/yoast-seo-wordpress\/ -->\n<title>Powerbank de poche 10.000mAh\/55W Campbell, gris - Urban Vitamin<\/title>\n<meta name=\"robots\" content=\"index, follow, max-snippet:-1, max-image-preview:large, max-video-preview:-1\" \/>\n<link rel=\"canonical\" href=\"https:\/\/urban-vitamin.com\/fr\/produit\/powerbank-de-poche-10-000mah-55w-campbell-gris\/\" \/>\n<meta property=\"og:locale\" content=\"fr_FR\" \/>\n<meta property=\"og:type\" content=\"article\" \/>\n<meta property=\"og:title\" content=\"Powerbank de poche 10.000mAh\/55W Campbell, gris - Urban Vitamin\" \/>\n<meta property=\"og:description\" content=\"Le powerbank Urban Vitamin Campbell est une solution de recharge \u00e0 la pointe de la technologie, con\u00e7ue pour vous permettre de rester aliment\u00e9 lors de vos d\u00e9placements. Avec une puissante capacit\u00e9 de 10.000 mAh dans un format de poche, ce chargeur garantit que vos appareils sont toujours pr\u00eats lorsque vous en avez besoin. Avec un [&hellip;]\" \/>\n<meta property=\"og:url\" content=\"https:\/\/urban-vitamin.com\/fr\/produit\/powerbank-de-poche-10-000mah-55w-campbell-gris\/\" \/>\n<meta property=\"og:site_name\" content=\"Urban Vitamin\" \/>\n<meta property=\"article:modified_time\" content=\"2026-03-12T01:46:32+00:00\" \/>\n<meta property=\"og:image\" content=\"https:\/\/urban-vitamin.com\/wp-content\/uploads\/sites\/5\/2025\/10\/P322.7602__S_0__22c56369d8224053a539ee70485895cc.jpg\" \/>\n\t<meta property=\"og:image:width\" content=\"1024\" \/>\n\t<meta property=\"og:image:height\" content=\"1024\" \/>\n\t<meta property=\"og:image:type\" content=\"image\/jpeg\" \/>\n<meta name=\"twitter:card\" content=\"summary_large_image\" \/>\n<meta name=\"twitter:label1\" content=\"Dur\u00e9e de lecture estim\u00e9e\" \/>\n\t<meta name=\"twitter:data1\" content=\"1 minute\" \/>\n<script type=\"application\/ld+json\" class=\"yoast-schema-graph\">{\"@context\":\"https:\/\/schema.org\",\"@graph\":[{\"@type\":\"WebPage\",\"@id\":\"https:\/\/urban-vitamin.com\/fr\/produit\/powerbank-de-poche-10-000mah-55w-campbell-gris\/\",\"url\":\"https:\/\/urban-vitamin.com\/fr\/produit\/powerbank-de-poche-10-000mah-55w-campbell-gris\/\",\"name\":\"Powerbank de poche 10.000mAh\/55W Campbell, gris - Urban Vitamin\",\"isPartOf\":{\"@id\":\"https:\/\/urban-vitamin.com\/fr\/#website\"},\"primaryImageOfPage\":{\"@id\":\"https:\/\/urban-vitamin.com\/fr\/produit\/powerbank-de-poche-10-000mah-55w-campbell-gris\/#primaryimage\"},\"image\":{\"@id\":\"https:\/\/urban-vitamin.com\/fr\/produit\/powerbank-de-poche-10-000mah-55w-campbell-gris\/#primaryimage\"},\"thumbnailUrl\":\"https:\/\/urban-vitamin.com\/wp-content\/uploads\/sites\/5\/2025\/10\/P322.7602__S_0__22c56369d8224053a539ee70485895cc.jpg\",\"datePublished\":\"2026-03-12T01:06:37+00:00\",\"dateModified\":\"2026-03-12T01:46:32+00:00\",\"breadcrumb\":{\"@id\":\"https:\/\/urban-vitamin.com\/fr\/produit\/powerbank-de-poche-10-000mah-55w-campbell-gris\/#breadcrumb\"},\"inLanguage\":\"fr-FR\",\"potentialAction\":[{\"@type\":\"ReadAction\",\"target\":[\"https:\/\/urban-vitamin.com\/fr\/produit\/powerbank-de-poche-10-000mah-55w-campbell-gris\/\"]}]},{\"@type\":\"ImageObject\",\"inLanguage\":\"fr-FR\",\"@id\":\"https:\/\/urban-vitamin.com\/fr\/produit\/powerbank-de-poche-10-000mah-55w-campbell-gris\/#primaryimage\",\"url\":\"https:\/\/urban-vitamin.com\/wp-content\/uploads\/sites\/5\/2025\/10\/P322.7602__S_0__22c56369d8224053a539ee70485895cc.jpg\",\"contentUrl\":\"https:\/\/urban-vitamin.com\/wp-content\/uploads\/sites\/5\/2025\/10\/P322.7602__S_0__22c56369d8224053a539ee70485895cc.jpg\",\"width\":1024,\"height\":1024},{\"@type\":\"BreadcrumbList\",\"@id\":\"https:\/\/urban-vitamin.com\/fr\/produit\/powerbank-de-poche-10-000mah-55w-campbell-gris\/#breadcrumb\",\"itemListElement\":[{\"@type\":\"ListItem\",\"position\":1,\"name\":\"Home\",\"item\":\"https:\/\/urban-vitamin.com\/fr\/\"},{\"@type\":\"ListItem\",\"position\":2,\"name\":\"Collection\",\"item\":\"https:\/\/urban-vitamin.com\/fr\/collection\/\"},{\"@type\":\"ListItem\",\"position\":3,\"name\":\"Powerbank de poche 10.000mAh\/55W Campbell, gris\"}]},{\"@type\":\"WebSite\",\"@id\":\"https:\/\/urban-vitamin.com\/fr\/#website\",\"url\":\"https:\/\/urban-vitamin.com\/fr\/\",\"name\":\"Urban Vitamin\",\"description\":\"Enjoy your daily dose of Urban Vitamin!\",\"potentialAction\":[{\"@type\":\"SearchAction\",\"target\":{\"@type\":\"EntryPoint\",\"urlTemplate\":\"https:\/\/urban-vitamin.com\/fr\/?s={search_term_string}\"},\"query-input\":{\"@type\":\"PropertyValueSpecification\",\"valueRequired\":true,\"valueName\":\"search_term_string\"}}],\"inLanguage\":\"fr-FR\"}]}<\/script>\n<!-- \/ Yoast SEO plugin. -->","yoast_head_json":{"title":"Powerbank de poche 10.000mAh\/55W Campbell, gris - Urban Vitamin","robots":{"index":"index","follow":"follow","max-snippet":"max-snippet:-1","max-image-preview":"max-image-preview:large","max-video-preview":"max-video-preview:-1"},"canonical":"https:\/\/urban-vitamin.com\/fr\/produit\/powerbank-de-poche-10-000mah-55w-campbell-gris\/","og_locale":"fr_FR","og_type":"article","og_title":"Powerbank de poche 10.000mAh\/55W Campbell, gris - Urban Vitamin","og_description":"Le powerbank Urban Vitamin Campbell est une solution de recharge \u00e0 la pointe de la technologie, con\u00e7ue pour vous permettre de rester aliment\u00e9 lors de vos d\u00e9placements. Avec une puissante capacit\u00e9 de 10.000 mAh dans un format de poche, ce chargeur garantit que vos appareils sont toujours pr\u00eats lorsque vous en avez besoin. Avec un [&hellip;]","og_url":"https:\/\/urban-vitamin.com\/fr\/produit\/powerbank-de-poche-10-000mah-55w-campbell-gris\/","og_site_name":"Urban Vitamin","article_modified_time":"2026-03-12T01:46:32+00:00","og_image":[{"width":1024,"height":1024,"url":"https:\/\/urban-vitamin.com\/wp-content\/uploads\/sites\/5\/2025\/10\/P322.7602__S_0__22c56369d8224053a539ee70485895cc.jpg","type":"image\/jpeg"}],"twitter_card":"summary_large_image","twitter_misc":{"Dur\u00e9e de lecture estim\u00e9e":"1 minute"},"schema":{"@context":"https:\/\/schema.org","@graph":[{"@type":"WebPage","@id":"https:\/\/urban-vitamin.com\/fr\/produit\/powerbank-de-poche-10-000mah-55w-campbell-gris\/","url":"https:\/\/urban-vitamin.com\/fr\/produit\/powerbank-de-poche-10-000mah-55w-campbell-gris\/","name":"Powerbank de poche 10.000mAh\/55W Campbell, gris - Urban Vitamin","isPartOf":{"@id":"https:\/\/urban-vitamin.com\/fr\/#website"},"primaryImageOfPage":{"@id":"https:\/\/urban-vitamin.com\/fr\/produit\/powerbank-de-poche-10-000mah-55w-campbell-gris\/#primaryimage"},"image":{"@id":"https:\/\/urban-vitamin.com\/fr\/produit\/powerbank-de-poche-10-000mah-55w-campbell-gris\/#primaryimage"},"thumbnailUrl":"https:\/\/urban-vitamin.com\/wp-content\/uploads\/sites\/5\/2025\/10\/P322.7602__S_0__22c56369d8224053a539ee70485895cc.jpg","datePublished":"2026-03-12T01:06:37+00:00","dateModified":"2026-03-12T01:46:32+00:00","breadcrumb":{"@id":"https:\/\/urban-vitamin.com\/fr\/produit\/powerbank-de-poche-10-000mah-55w-campbell-gris\/#breadcrumb"},"inLanguage":"fr-FR","potentialAction":[{"@type":"ReadAction","target":["https:\/\/urban-vitamin.com\/fr\/produit\/powerbank-de-poche-10-000mah-55w-campbell-gris\/"]}]},{"@type":"ImageObject","inLanguage":"fr-FR","@id":"https:\/\/urban-vitamin.com\/fr\/produit\/powerbank-de-poche-10-000mah-55w-campbell-gris\/#primaryimage","url":"https:\/\/urban-vitamin.com\/wp-content\/uploads\/sites\/5\/2025\/10\/P322.7602__S_0__22c56369d8224053a539ee70485895cc.jpg","contentUrl":"https:\/\/urban-vitamin.com\/wp-content\/uploads\/sites\/5\/2025\/10\/P322.7602__S_0__22c56369d8224053a539ee70485895cc.jpg","width":1024,"height":1024},{"@type":"BreadcrumbList","@id":"https:\/\/urban-vitamin.com\/fr\/produit\/powerbank-de-poche-10-000mah-55w-campbell-gris\/#breadcrumb","itemListElement":[{"@type":"ListItem","position":1,"name":"Home","item":"https:\/\/urban-vitamin.com\/fr\/"},{"@type":"ListItem","position":2,"name":"Collection","item":"https:\/\/urban-vitamin.com\/fr\/collection\/"},{"@type":"ListItem","position":3,"name":"Powerbank de poche 10.000mAh\/55W Campbell, gris"}]},{"@type":"WebSite","@id":"https:\/\/urban-vitamin.com\/fr\/#website","url":"https:\/\/urban-vitamin.com\/fr\/","name":"Urban Vitamin","description":"Enjoy your daily dose of Urban Vitamin!","potentialAction":[{"@type":"SearchAction","target":{"@type":"EntryPoint","urlTemplate":"https:\/\/urban-vitamin.com\/fr\/?s={search_term_string}"},"query-input":{"@type":"PropertyValueSpecification","valueRequired":true,"valueName":"search_term_string"}}],"inLanguage":"fr-FR"}]}},"_links":{"self":[{"href":"https:\/\/urban-vitamin.com\/fr\/wp-json\/wp\/v2\/product\/25261","targetHints":{"allow":["GET"]}}],"collection":[{"href":"https:\/\/urban-vitamin.com\/fr\/wp-json\/wp\/v2\/product"}],"about":[{"href":"https:\/\/urban-vitamin.com\/fr\/wp-json\/wp\/v2\/types\/product"}],"replies":[{"embeddable":true,"href":"https:\/\/urban-vitamin.com\/fr\/wp-json\/wp\/v2\/comments?post=25261"}],"wp:featuredmedia":[{"embeddable":true,"href":"https:\/\/urban-vitamin.com\/fr\/wp-json\/wp\/v2\/media\/26746"}],"wp:attachment":[{"href":"https:\/\/urban-vitamin.com\/fr\/wp-json\/wp\/v2\/media?parent=25261"}],"wp:term":[{"taxonomy":"product_cat","embeddable":true,"href":"https:\/\/urban-vitamin.com\/fr\/wp-json\/wp\/v2\/product_cat?post=25261"},{"taxonomy":"product_tag","embeddable":true,"href":"https:\/\/urban-vitamin.com\/fr\/wp-json\/wp\/v2\/product_tag?post=25261"}],"curies":[{"name":"wp","href":"https:\/\/api.w.org\/{rel}","templated":true}]}}