{"id":25260,"date":"2026-03-12T01:06:22","date_gmt":"2026-03-12T01:06:22","guid":{"rendered":"https:\/\/urban-vitamin.com\/chargeur-2-en-1-magnetique-15w-urban-vitamin-golet-noir\/"},"modified":"2026-03-12T01:46:21","modified_gmt":"2026-03-12T01:46:21","slug":"chargeur-2-en-1-magnetique-15w-golet-noir","status":"publish","type":"product","link":"https:\/\/urban-vitamin.com\/fr\/produit\/chargeur-2-en-1-magnetique-15w-golet-noir\/","title":{"rendered":"Chargeur  2-en-1 magn\u00e9tique 15W Golet, noir"},"content":{"rendered":"<p>La puissance pour charger, le tout dans un design \u00e9l\u00e9gant. Urban Vitamin Goleta est un chargeur sans fil magn\u00e9tique 2-en-1 de 15 W avec un c\u00e2ble USB-C r\u00e9tractable de 65 cm, combinant la charge sans fil et la commodit\u00e9 filaire en une seule solution compacte et portable. Que vous chargiez votre t\u00e9l\u00e9phone, votre iWatch ou les deux, Goleta vous offre la flexibilit\u00e9 et l&rsquo;efficacit\u00e9 dont vous avez besoin. Con\u00e7u avec une connexion magn\u00e9tique tr\u00e8s puissante, Goleta maintient votre t\u00e9l\u00e9phone en place en toute s\u00e9curit\u00e9 tout en offrant une charge sans fil allant jusqu&rsquo;\u00e0 15 W pour les t\u00e9l\u00e9phones, avec plusieurs options de sortie (10 W, 7,5 W, 5 W) en fonction de votre appareil. La sortie sans fil de 2,5 W pour l&rsquo;iWatch permet \u00e0 votre smartwatch de rester aliment\u00e9e. Le c\u00e2ble RTPE r\u00e9tractable garantit un rangement facile et sans enchev\u00eatrement pendant que vous chargez, et avec une entr\u00e9e de 9V\/3A USB-C, il fournit une alimentation efficace pour tous vos appareils. Goleta est fabriqu\u00e9 avec des mat\u00e9ri<\/p>\n","protected":false},"excerpt":{"rendered":"<p>La puissance pour charger, le tout dans un design \u00e9l\u00e9gant. Urban Vitamin Goleta est un chargeur sans fil magn\u00e9tique 2-en-1 de 15 W avec un c\u00e2ble USB-C r\u00e9tractable de 65 cm, combinant la charge sans fil et la commodit\u00e9 filaire en une seule solution compacte et portable. Que vous chargiez votre t\u00e9l\u00e9phone, votre iWatch ou [&hellip;]<\/p>\n","protected":false},"featured_media":26730,"comment_status":"closed","ping_status":"closed","template":"","meta":{"_acf_changed":false,"om_disable_all_campaigns":false},"product_cat":[64],"product_tag":[],"class_list":["post-25260","product","type-product","status-publish","has-post-thumbnail","hentry","product_cat-chargeurs","pa_color-black"],"acf":[],"yoast_head":"<!-- This site is optimized with the Yoast SEO plugin v27.0 - https:\/\/yoast.com\/product\/yoast-seo-wordpress\/ -->\n<title>Chargeur 2-en-1 magn\u00e9tique 15W Golet, noir - Urban Vitamin<\/title>\n<meta name=\"robots\" content=\"index, follow, max-snippet:-1, max-image-preview:large, max-video-preview:-1\" \/>\n<link rel=\"canonical\" href=\"https:\/\/urban-vitamin.com\/fr\/produit\/chargeur-2-en-1-magnetique-15w-golet-noir\/\" \/>\n<meta property=\"og:locale\" content=\"fr_FR\" \/>\n<meta property=\"og:type\" content=\"article\" \/>\n<meta property=\"og:title\" content=\"Chargeur 2-en-1 magn\u00e9tique 15W Golet, noir - Urban Vitamin\" \/>\n<meta property=\"og:description\" content=\"La puissance pour charger, le tout dans un design \u00e9l\u00e9gant. Urban Vitamin Goleta est un chargeur sans fil magn\u00e9tique 2-en-1 de 15 W avec un c\u00e2ble USB-C r\u00e9tractable de 65 cm, combinant la charge sans fil et la commodit\u00e9 filaire en une seule solution compacte et portable. Que vous chargiez votre t\u00e9l\u00e9phone, votre iWatch ou [&hellip;]\" \/>\n<meta property=\"og:url\" content=\"https:\/\/urban-vitamin.com\/fr\/produit\/chargeur-2-en-1-magnetique-15w-golet-noir\/\" \/>\n<meta property=\"og:site_name\" content=\"Urban Vitamin\" \/>\n<meta property=\"article:modified_time\" content=\"2026-03-12T01:46:21+00:00\" \/>\n<meta property=\"og:image\" content=\"https:\/\/urban-vitamin.com\/wp-content\/uploads\/sites\/5\/2025\/10\/P309.5301__S_0__d8a3702e2ccf46be92b682855798e42a.jpg\" \/>\n\t<meta property=\"og:image:width\" content=\"1024\" \/>\n\t<meta property=\"og:image:height\" content=\"1024\" \/>\n\t<meta property=\"og:image:type\" content=\"image\/jpeg\" \/>\n<meta name=\"twitter:card\" content=\"summary_large_image\" \/>\n<meta name=\"twitter:label1\" content=\"Dur\u00e9e de lecture estim\u00e9e\" \/>\n\t<meta name=\"twitter:data1\" content=\"1 minute\" \/>\n<script type=\"application\/ld+json\" class=\"yoast-schema-graph\">{\"@context\":\"https:\/\/schema.org\",\"@graph\":[{\"@type\":\"WebPage\",\"@id\":\"https:\/\/urban-vitamin.com\/fr\/produit\/chargeur-2-en-1-magnetique-15w-golet-noir\/\",\"url\":\"https:\/\/urban-vitamin.com\/fr\/produit\/chargeur-2-en-1-magnetique-15w-golet-noir\/\",\"name\":\"Chargeur 2-en-1 magn\u00e9tique 15W Golet, noir - Urban Vitamin\",\"isPartOf\":{\"@id\":\"https:\/\/urban-vitamin.com\/fr\/#website\"},\"primaryImageOfPage\":{\"@id\":\"https:\/\/urban-vitamin.com\/fr\/produit\/chargeur-2-en-1-magnetique-15w-golet-noir\/#primaryimage\"},\"image\":{\"@id\":\"https:\/\/urban-vitamin.com\/fr\/produit\/chargeur-2-en-1-magnetique-15w-golet-noir\/#primaryimage\"},\"thumbnailUrl\":\"https:\/\/urban-vitamin.com\/wp-content\/uploads\/sites\/5\/2025\/10\/P309.5301__S_0__d8a3702e2ccf46be92b682855798e42a.jpg\",\"datePublished\":\"2026-03-12T01:06:22+00:00\",\"dateModified\":\"2026-03-12T01:46:21+00:00\",\"breadcrumb\":{\"@id\":\"https:\/\/urban-vitamin.com\/fr\/produit\/chargeur-2-en-1-magnetique-15w-golet-noir\/#breadcrumb\"},\"inLanguage\":\"fr-FR\",\"potentialAction\":[{\"@type\":\"ReadAction\",\"target\":[\"https:\/\/urban-vitamin.com\/fr\/produit\/chargeur-2-en-1-magnetique-15w-golet-noir\/\"]}]},{\"@type\":\"ImageObject\",\"inLanguage\":\"fr-FR\",\"@id\":\"https:\/\/urban-vitamin.com\/fr\/produit\/chargeur-2-en-1-magnetique-15w-golet-noir\/#primaryimage\",\"url\":\"https:\/\/urban-vitamin.com\/wp-content\/uploads\/sites\/5\/2025\/10\/P309.5301__S_0__d8a3702e2ccf46be92b682855798e42a.jpg\",\"contentUrl\":\"https:\/\/urban-vitamin.com\/wp-content\/uploads\/sites\/5\/2025\/10\/P309.5301__S_0__d8a3702e2ccf46be92b682855798e42a.jpg\",\"width\":1024,\"height\":1024},{\"@type\":\"BreadcrumbList\",\"@id\":\"https:\/\/urban-vitamin.com\/fr\/produit\/chargeur-2-en-1-magnetique-15w-golet-noir\/#breadcrumb\",\"itemListElement\":[{\"@type\":\"ListItem\",\"position\":1,\"name\":\"Home\",\"item\":\"https:\/\/urban-vitamin.com\/fr\/\"},{\"@type\":\"ListItem\",\"position\":2,\"name\":\"Collection\",\"item\":\"https:\/\/urban-vitamin.com\/fr\/collection\/\"},{\"@type\":\"ListItem\",\"position\":3,\"name\":\"Chargeur 2-en-1 magn\u00e9tique 15W Golet, noir\"}]},{\"@type\":\"WebSite\",\"@id\":\"https:\/\/urban-vitamin.com\/fr\/#website\",\"url\":\"https:\/\/urban-vitamin.com\/fr\/\",\"name\":\"Urban Vitamin\",\"description\":\"Enjoy your daily dose of Urban Vitamin!\",\"potentialAction\":[{\"@type\":\"SearchAction\",\"target\":{\"@type\":\"EntryPoint\",\"urlTemplate\":\"https:\/\/urban-vitamin.com\/fr\/?s={search_term_string}\"},\"query-input\":{\"@type\":\"PropertyValueSpecification\",\"valueRequired\":true,\"valueName\":\"search_term_string\"}}],\"inLanguage\":\"fr-FR\"}]}<\/script>\n<!-- \/ Yoast SEO plugin. -->","yoast_head_json":{"title":"Chargeur 2-en-1 magn\u00e9tique 15W Golet, noir - Urban Vitamin","robots":{"index":"index","follow":"follow","max-snippet":"max-snippet:-1","max-image-preview":"max-image-preview:large","max-video-preview":"max-video-preview:-1"},"canonical":"https:\/\/urban-vitamin.com\/fr\/produit\/chargeur-2-en-1-magnetique-15w-golet-noir\/","og_locale":"fr_FR","og_type":"article","og_title":"Chargeur 2-en-1 magn\u00e9tique 15W Golet, noir - Urban Vitamin","og_description":"La puissance pour charger, le tout dans un design \u00e9l\u00e9gant. Urban Vitamin Goleta est un chargeur sans fil magn\u00e9tique 2-en-1 de 15 W avec un c\u00e2ble USB-C r\u00e9tractable de 65 cm, combinant la charge sans fil et la commodit\u00e9 filaire en une seule solution compacte et portable. Que vous chargiez votre t\u00e9l\u00e9phone, votre iWatch ou [&hellip;]","og_url":"https:\/\/urban-vitamin.com\/fr\/produit\/chargeur-2-en-1-magnetique-15w-golet-noir\/","og_site_name":"Urban Vitamin","article_modified_time":"2026-03-12T01:46:21+00:00","og_image":[{"width":1024,"height":1024,"url":"https:\/\/urban-vitamin.com\/wp-content\/uploads\/sites\/5\/2025\/10\/P309.5301__S_0__d8a3702e2ccf46be92b682855798e42a.jpg","type":"image\/jpeg"}],"twitter_card":"summary_large_image","twitter_misc":{"Dur\u00e9e de lecture estim\u00e9e":"1 minute"},"schema":{"@context":"https:\/\/schema.org","@graph":[{"@type":"WebPage","@id":"https:\/\/urban-vitamin.com\/fr\/produit\/chargeur-2-en-1-magnetique-15w-golet-noir\/","url":"https:\/\/urban-vitamin.com\/fr\/produit\/chargeur-2-en-1-magnetique-15w-golet-noir\/","name":"Chargeur 2-en-1 magn\u00e9tique 15W Golet, noir - Urban Vitamin","isPartOf":{"@id":"https:\/\/urban-vitamin.com\/fr\/#website"},"primaryImageOfPage":{"@id":"https:\/\/urban-vitamin.com\/fr\/produit\/chargeur-2-en-1-magnetique-15w-golet-noir\/#primaryimage"},"image":{"@id":"https:\/\/urban-vitamin.com\/fr\/produit\/chargeur-2-en-1-magnetique-15w-golet-noir\/#primaryimage"},"thumbnailUrl":"https:\/\/urban-vitamin.com\/wp-content\/uploads\/sites\/5\/2025\/10\/P309.5301__S_0__d8a3702e2ccf46be92b682855798e42a.jpg","datePublished":"2026-03-12T01:06:22+00:00","dateModified":"2026-03-12T01:46:21+00:00","breadcrumb":{"@id":"https:\/\/urban-vitamin.com\/fr\/produit\/chargeur-2-en-1-magnetique-15w-golet-noir\/#breadcrumb"},"inLanguage":"fr-FR","potentialAction":[{"@type":"ReadAction","target":["https:\/\/urban-vitamin.com\/fr\/produit\/chargeur-2-en-1-magnetique-15w-golet-noir\/"]}]},{"@type":"ImageObject","inLanguage":"fr-FR","@id":"https:\/\/urban-vitamin.com\/fr\/produit\/chargeur-2-en-1-magnetique-15w-golet-noir\/#primaryimage","url":"https:\/\/urban-vitamin.com\/wp-content\/uploads\/sites\/5\/2025\/10\/P309.5301__S_0__d8a3702e2ccf46be92b682855798e42a.jpg","contentUrl":"https:\/\/urban-vitamin.com\/wp-content\/uploads\/sites\/5\/2025\/10\/P309.5301__S_0__d8a3702e2ccf46be92b682855798e42a.jpg","width":1024,"height":1024},{"@type":"BreadcrumbList","@id":"https:\/\/urban-vitamin.com\/fr\/produit\/chargeur-2-en-1-magnetique-15w-golet-noir\/#breadcrumb","itemListElement":[{"@type":"ListItem","position":1,"name":"Home","item":"https:\/\/urban-vitamin.com\/fr\/"},{"@type":"ListItem","position":2,"name":"Collection","item":"https:\/\/urban-vitamin.com\/fr\/collection\/"},{"@type":"ListItem","position":3,"name":"Chargeur 2-en-1 magn\u00e9tique 15W Golet, noir"}]},{"@type":"WebSite","@id":"https:\/\/urban-vitamin.com\/fr\/#website","url":"https:\/\/urban-vitamin.com\/fr\/","name":"Urban Vitamin","description":"Enjoy your daily dose of Urban Vitamin!","potentialAction":[{"@type":"SearchAction","target":{"@type":"EntryPoint","urlTemplate":"https:\/\/urban-vitamin.com\/fr\/?s={search_term_string}"},"query-input":{"@type":"PropertyValueSpecification","valueRequired":true,"valueName":"search_term_string"}}],"inLanguage":"fr-FR"}]}},"_links":{"self":[{"href":"https:\/\/urban-vitamin.com\/fr\/wp-json\/wp\/v2\/product\/25260","targetHints":{"allow":["GET"]}}],"collection":[{"href":"https:\/\/urban-vitamin.com\/fr\/wp-json\/wp\/v2\/product"}],"about":[{"href":"https:\/\/urban-vitamin.com\/fr\/wp-json\/wp\/v2\/types\/product"}],"replies":[{"embeddable":true,"href":"https:\/\/urban-vitamin.com\/fr\/wp-json\/wp\/v2\/comments?post=25260"}],"wp:featuredmedia":[{"embeddable":true,"href":"https:\/\/urban-vitamin.com\/fr\/wp-json\/wp\/v2\/media\/26730"}],"wp:attachment":[{"href":"https:\/\/urban-vitamin.com\/fr\/wp-json\/wp\/v2\/media?parent=25260"}],"wp:term":[{"taxonomy":"product_cat","embeddable":true,"href":"https:\/\/urban-vitamin.com\/fr\/wp-json\/wp\/v2\/product_cat?post=25260"},{"taxonomy":"product_tag","embeddable":true,"href":"https:\/\/urban-vitamin.com\/fr\/wp-json\/wp\/v2\/product_tag?post=25260"}],"curies":[{"name":"wp","href":"https:\/\/api.w.org\/{rel}","templated":true}]}}