{"id":25259,"date":"2026-03-12T01:06:22","date_gmt":"2026-03-12T01:06:22","guid":{"rendered":"https:\/\/urban-vitamin.com\/chargeur-3-en1-en-plastique-rcs-urban-vitamin-arcadia-noir\/"},"modified":"2026-03-12T01:46:20","modified_gmt":"2026-03-12T01:46:20","slug":"chargeur-3-en1-en-plastique-rcs-arcadia-noir","status":"publish","type":"product","link":"https:\/\/urban-vitamin.com\/fr\/produit\/chargeur-3-en1-en-plastique-rcs-arcadia-noir\/","title":{"rendered":"Chargeur 3 en1 en plastique RCS Arcadia, noir"},"content":{"rendered":"<p>Vous avez besoin de charger tous vos appareils en m\u00eame temps et \u00e0 pleine vitesse ? Arcadia a tout pr\u00e9vu avec son chargeur magn\u00e9tique ultra-rapide de 15W. Ce chargeur sans fil compact peut \u00eatre utilis\u00e9 sur votre bureau, mais il est \u00e9galement tr\u00e8s facile \u00e0 plier pour l&#8217;emporter en voyage. L&rsquo;arri\u00e8re est \u00e9quip\u00e9 d&rsquo;un socle de chargement de 5 W qui vous permet de recharger un deuxi\u00e8me t\u00e9l\u00e9phone ou des \u00e9couteurs. Pour couronner le tout, utilisez le chargeur de montre pour alimenter les derni\u00e8res g\u00e9n\u00e9rations d&rsquo;iWatch. Arcadia est livr\u00e9 avec un c\u00e2ble TPE recycl\u00e9 de 120 cm pour une installation facile partout o\u00f9 vous le souhaitez. Il suffit de le connecter \u00e0 une source d&rsquo;alimentation \u00e0 charge rapide (minimum 9V\/2A) pour d\u00e9marrer. Il est fabriqu\u00e9 en ABS recycl\u00e9 certifi\u00e9 RCS (Recycled Claim Standard), avec 34 % de contenu recycl\u00e9 par rapport au poids total de l&rsquo;article. Les articles Urban Vitamin sont fabriqu\u00e9s sans PVC et emball\u00e9s dans des emballages \u00e0 teneur r\u00e9duite en plastique.<\/p>\n","protected":false},"excerpt":{"rendered":"<p>Vous avez besoin de charger tous vos appareils en m\u00eame temps et \u00e0 pleine vitesse ? Arcadia a tout pr\u00e9vu avec son chargeur magn\u00e9tique ultra-rapide de 15W. Ce chargeur sans fil compact peut \u00eatre utilis\u00e9 sur votre bureau, mais il est \u00e9galement tr\u00e8s facile \u00e0 plier pour l&#8217;emporter en voyage. L&rsquo;arri\u00e8re est \u00e9quip\u00e9 d&rsquo;un socle [&hellip;]<\/p>\n","protected":false},"featured_media":26723,"comment_status":"closed","ping_status":"closed","template":"","meta":{"_acf_changed":false,"om_disable_all_campaigns":false},"product_cat":[64],"product_tag":[],"class_list":["post-25259","product","type-product","status-publish","has-post-thumbnail","hentry","product_cat-chargeurs","pa_color-black"],"acf":[],"yoast_head":"<!-- This site is optimized with the Yoast SEO plugin v27.0 - https:\/\/yoast.com\/product\/yoast-seo-wordpress\/ -->\n<title>Chargeur 3 en1 en plastique RCS Arcadia, noir - Urban Vitamin<\/title>\n<meta name=\"robots\" content=\"index, follow, max-snippet:-1, max-image-preview:large, max-video-preview:-1\" \/>\n<link rel=\"canonical\" href=\"https:\/\/urban-vitamin.com\/fr\/produit\/chargeur-3-en1-en-plastique-rcs-arcadia-noir\/\" \/>\n<meta property=\"og:locale\" content=\"fr_FR\" \/>\n<meta property=\"og:type\" content=\"article\" \/>\n<meta property=\"og:title\" content=\"Chargeur 3 en1 en plastique RCS Arcadia, noir - Urban Vitamin\" \/>\n<meta property=\"og:description\" content=\"Vous avez besoin de charger tous vos appareils en m\u00eame temps et \u00e0 pleine vitesse ? Arcadia a tout pr\u00e9vu avec son chargeur magn\u00e9tique ultra-rapide de 15W. Ce chargeur sans fil compact peut \u00eatre utilis\u00e9 sur votre bureau, mais il est \u00e9galement tr\u00e8s facile \u00e0 plier pour l&#8217;emporter en voyage. L&rsquo;arri\u00e8re est \u00e9quip\u00e9 d&rsquo;un socle [&hellip;]\" \/>\n<meta property=\"og:url\" content=\"https:\/\/urban-vitamin.com\/fr\/produit\/chargeur-3-en1-en-plastique-rcs-arcadia-noir\/\" \/>\n<meta property=\"og:site_name\" content=\"Urban Vitamin\" \/>\n<meta property=\"article:modified_time\" content=\"2026-03-12T01:46:20+00:00\" \/>\n<meta property=\"og:image\" content=\"https:\/\/urban-vitamin.com\/wp-content\/uploads\/sites\/5\/2025\/10\/P309.5101__S_0__6c77397fa5004cc4980e50391c139e20.jpg\" \/>\n\t<meta property=\"og:image:width\" content=\"1024\" \/>\n\t<meta property=\"og:image:height\" content=\"1024\" \/>\n\t<meta property=\"og:image:type\" content=\"image\/jpeg\" \/>\n<meta name=\"twitter:card\" content=\"summary_large_image\" \/>\n<meta name=\"twitter:label1\" content=\"Dur\u00e9e de lecture estim\u00e9e\" \/>\n\t<meta name=\"twitter:data1\" content=\"1 minute\" \/>\n<script type=\"application\/ld+json\" class=\"yoast-schema-graph\">{\"@context\":\"https:\/\/schema.org\",\"@graph\":[{\"@type\":\"WebPage\",\"@id\":\"https:\/\/urban-vitamin.com\/fr\/produit\/chargeur-3-en1-en-plastique-rcs-arcadia-noir\/\",\"url\":\"https:\/\/urban-vitamin.com\/fr\/produit\/chargeur-3-en1-en-plastique-rcs-arcadia-noir\/\",\"name\":\"Chargeur 3 en1 en plastique RCS Arcadia, noir - Urban Vitamin\",\"isPartOf\":{\"@id\":\"https:\/\/urban-vitamin.com\/fr\/#website\"},\"primaryImageOfPage\":{\"@id\":\"https:\/\/urban-vitamin.com\/fr\/produit\/chargeur-3-en1-en-plastique-rcs-arcadia-noir\/#primaryimage\"},\"image\":{\"@id\":\"https:\/\/urban-vitamin.com\/fr\/produit\/chargeur-3-en1-en-plastique-rcs-arcadia-noir\/#primaryimage\"},\"thumbnailUrl\":\"https:\/\/urban-vitamin.com\/wp-content\/uploads\/sites\/5\/2025\/10\/P309.5101__S_0__6c77397fa5004cc4980e50391c139e20.jpg\",\"datePublished\":\"2026-03-12T01:06:22+00:00\",\"dateModified\":\"2026-03-12T01:46:20+00:00\",\"breadcrumb\":{\"@id\":\"https:\/\/urban-vitamin.com\/fr\/produit\/chargeur-3-en1-en-plastique-rcs-arcadia-noir\/#breadcrumb\"},\"inLanguage\":\"fr-FR\",\"potentialAction\":[{\"@type\":\"ReadAction\",\"target\":[\"https:\/\/urban-vitamin.com\/fr\/produit\/chargeur-3-en1-en-plastique-rcs-arcadia-noir\/\"]}]},{\"@type\":\"ImageObject\",\"inLanguage\":\"fr-FR\",\"@id\":\"https:\/\/urban-vitamin.com\/fr\/produit\/chargeur-3-en1-en-plastique-rcs-arcadia-noir\/#primaryimage\",\"url\":\"https:\/\/urban-vitamin.com\/wp-content\/uploads\/sites\/5\/2025\/10\/P309.5101__S_0__6c77397fa5004cc4980e50391c139e20.jpg\",\"contentUrl\":\"https:\/\/urban-vitamin.com\/wp-content\/uploads\/sites\/5\/2025\/10\/P309.5101__S_0__6c77397fa5004cc4980e50391c139e20.jpg\",\"width\":1024,\"height\":1024},{\"@type\":\"BreadcrumbList\",\"@id\":\"https:\/\/urban-vitamin.com\/fr\/produit\/chargeur-3-en1-en-plastique-rcs-arcadia-noir\/#breadcrumb\",\"itemListElement\":[{\"@type\":\"ListItem\",\"position\":1,\"name\":\"Home\",\"item\":\"https:\/\/urban-vitamin.com\/fr\/\"},{\"@type\":\"ListItem\",\"position\":2,\"name\":\"Collection\",\"item\":\"https:\/\/urban-vitamin.com\/fr\/collection\/\"},{\"@type\":\"ListItem\",\"position\":3,\"name\":\"Chargeur 3 en1 en plastique RCS Arcadia, noir\"}]},{\"@type\":\"WebSite\",\"@id\":\"https:\/\/urban-vitamin.com\/fr\/#website\",\"url\":\"https:\/\/urban-vitamin.com\/fr\/\",\"name\":\"Urban Vitamin\",\"description\":\"Enjoy your daily dose of Urban Vitamin!\",\"potentialAction\":[{\"@type\":\"SearchAction\",\"target\":{\"@type\":\"EntryPoint\",\"urlTemplate\":\"https:\/\/urban-vitamin.com\/fr\/?s={search_term_string}\"},\"query-input\":{\"@type\":\"PropertyValueSpecification\",\"valueRequired\":true,\"valueName\":\"search_term_string\"}}],\"inLanguage\":\"fr-FR\"}]}<\/script>\n<!-- \/ Yoast SEO plugin. -->","yoast_head_json":{"title":"Chargeur 3 en1 en plastique RCS Arcadia, noir - Urban Vitamin","robots":{"index":"index","follow":"follow","max-snippet":"max-snippet:-1","max-image-preview":"max-image-preview:large","max-video-preview":"max-video-preview:-1"},"canonical":"https:\/\/urban-vitamin.com\/fr\/produit\/chargeur-3-en1-en-plastique-rcs-arcadia-noir\/","og_locale":"fr_FR","og_type":"article","og_title":"Chargeur 3 en1 en plastique RCS Arcadia, noir - Urban Vitamin","og_description":"Vous avez besoin de charger tous vos appareils en m\u00eame temps et \u00e0 pleine vitesse ? Arcadia a tout pr\u00e9vu avec son chargeur magn\u00e9tique ultra-rapide de 15W. Ce chargeur sans fil compact peut \u00eatre utilis\u00e9 sur votre bureau, mais il est \u00e9galement tr\u00e8s facile \u00e0 plier pour l&#8217;emporter en voyage. L&rsquo;arri\u00e8re est \u00e9quip\u00e9 d&rsquo;un socle [&hellip;]","og_url":"https:\/\/urban-vitamin.com\/fr\/produit\/chargeur-3-en1-en-plastique-rcs-arcadia-noir\/","og_site_name":"Urban Vitamin","article_modified_time":"2026-03-12T01:46:20+00:00","og_image":[{"width":1024,"height":1024,"url":"https:\/\/urban-vitamin.com\/wp-content\/uploads\/sites\/5\/2025\/10\/P309.5101__S_0__6c77397fa5004cc4980e50391c139e20.jpg","type":"image\/jpeg"}],"twitter_card":"summary_large_image","twitter_misc":{"Dur\u00e9e de lecture estim\u00e9e":"1 minute"},"schema":{"@context":"https:\/\/schema.org","@graph":[{"@type":"WebPage","@id":"https:\/\/urban-vitamin.com\/fr\/produit\/chargeur-3-en1-en-plastique-rcs-arcadia-noir\/","url":"https:\/\/urban-vitamin.com\/fr\/produit\/chargeur-3-en1-en-plastique-rcs-arcadia-noir\/","name":"Chargeur 3 en1 en plastique RCS Arcadia, noir - Urban Vitamin","isPartOf":{"@id":"https:\/\/urban-vitamin.com\/fr\/#website"},"primaryImageOfPage":{"@id":"https:\/\/urban-vitamin.com\/fr\/produit\/chargeur-3-en1-en-plastique-rcs-arcadia-noir\/#primaryimage"},"image":{"@id":"https:\/\/urban-vitamin.com\/fr\/produit\/chargeur-3-en1-en-plastique-rcs-arcadia-noir\/#primaryimage"},"thumbnailUrl":"https:\/\/urban-vitamin.com\/wp-content\/uploads\/sites\/5\/2025\/10\/P309.5101__S_0__6c77397fa5004cc4980e50391c139e20.jpg","datePublished":"2026-03-12T01:06:22+00:00","dateModified":"2026-03-12T01:46:20+00:00","breadcrumb":{"@id":"https:\/\/urban-vitamin.com\/fr\/produit\/chargeur-3-en1-en-plastique-rcs-arcadia-noir\/#breadcrumb"},"inLanguage":"fr-FR","potentialAction":[{"@type":"ReadAction","target":["https:\/\/urban-vitamin.com\/fr\/produit\/chargeur-3-en1-en-plastique-rcs-arcadia-noir\/"]}]},{"@type":"ImageObject","inLanguage":"fr-FR","@id":"https:\/\/urban-vitamin.com\/fr\/produit\/chargeur-3-en1-en-plastique-rcs-arcadia-noir\/#primaryimage","url":"https:\/\/urban-vitamin.com\/wp-content\/uploads\/sites\/5\/2025\/10\/P309.5101__S_0__6c77397fa5004cc4980e50391c139e20.jpg","contentUrl":"https:\/\/urban-vitamin.com\/wp-content\/uploads\/sites\/5\/2025\/10\/P309.5101__S_0__6c77397fa5004cc4980e50391c139e20.jpg","width":1024,"height":1024},{"@type":"BreadcrumbList","@id":"https:\/\/urban-vitamin.com\/fr\/produit\/chargeur-3-en1-en-plastique-rcs-arcadia-noir\/#breadcrumb","itemListElement":[{"@type":"ListItem","position":1,"name":"Home","item":"https:\/\/urban-vitamin.com\/fr\/"},{"@type":"ListItem","position":2,"name":"Collection","item":"https:\/\/urban-vitamin.com\/fr\/collection\/"},{"@type":"ListItem","position":3,"name":"Chargeur 3 en1 en plastique RCS Arcadia, noir"}]},{"@type":"WebSite","@id":"https:\/\/urban-vitamin.com\/fr\/#website","url":"https:\/\/urban-vitamin.com\/fr\/","name":"Urban Vitamin","description":"Enjoy your daily dose of Urban Vitamin!","potentialAction":[{"@type":"SearchAction","target":{"@type":"EntryPoint","urlTemplate":"https:\/\/urban-vitamin.com\/fr\/?s={search_term_string}"},"query-input":{"@type":"PropertyValueSpecification","valueRequired":true,"valueName":"search_term_string"}}],"inLanguage":"fr-FR"}]}},"_links":{"self":[{"href":"https:\/\/urban-vitamin.com\/fr\/wp-json\/wp\/v2\/product\/25259","targetHints":{"allow":["GET"]}}],"collection":[{"href":"https:\/\/urban-vitamin.com\/fr\/wp-json\/wp\/v2\/product"}],"about":[{"href":"https:\/\/urban-vitamin.com\/fr\/wp-json\/wp\/v2\/types\/product"}],"replies":[{"embeddable":true,"href":"https:\/\/urban-vitamin.com\/fr\/wp-json\/wp\/v2\/comments?post=25259"}],"wp:featuredmedia":[{"embeddable":true,"href":"https:\/\/urban-vitamin.com\/fr\/wp-json\/wp\/v2\/media\/26723"}],"wp:attachment":[{"href":"https:\/\/urban-vitamin.com\/fr\/wp-json\/wp\/v2\/media?parent=25259"}],"wp:term":[{"taxonomy":"product_cat","embeddable":true,"href":"https:\/\/urban-vitamin.com\/fr\/wp-json\/wp\/v2\/product_cat?post=25259"},{"taxonomy":"product_tag","embeddable":true,"href":"https:\/\/urban-vitamin.com\/fr\/wp-json\/wp\/v2\/product_tag?post=25259"}],"curies":[{"name":"wp","href":"https:\/\/api.w.org\/{rel}","templated":true}]}}