{"id":25258,"date":"2026-03-12T01:06:22","date_gmt":"2026-03-12T01:06:22","guid":{"rendered":"https:\/\/urban-vitamin.com\/support-magnetique-100w-avec-cable-urban-vitamin-san-jose-noir\/"},"modified":"2026-03-12T01:46:17","modified_gmt":"2026-03-12T01:46:17","slug":"support-magnetique-100w-avec-cable-san-jose-noir","status":"publish","type":"product","link":"https:\/\/urban-vitamin.com\/fr\/produit\/support-magnetique-100w-avec-cable-san-jose-noir\/","title":{"rendered":"Support magn\u00e9tique 100W avec c\u00e2ble San Jose, noir"},"content":{"rendered":"<p>San Jose est un support de t\u00e9l\u00e9phone 100 W avec c\u00e2ble de charge r\u00e9tractable int\u00e9gr\u00e9. Gr\u00e2ce \u00e0 son support magn\u00e9tique et \u00e0 sa b\u00e9quille, San Jose maintient votre t\u00e9l\u00e9phone en toute s\u00e9curit\u00e9 et \u00e0 l&rsquo;angle id\u00e9al pour une utilisation mains libres. Le c\u00e2ble r\u00e9tractable s&rsquo;\u00e9tend jusqu&rsquo;\u00e0 100 cm et offre une charge ultra-rapide, prenant en charge jusqu&rsquo;\u00e0 100 W de puissance avec le c\u00e2ble USB-C vers USB-C. Il est \u00e9galement \u00e9quip\u00e9 de connecteurs USB-A vers USB-C et USB-A vers iOS, ce qui le rend suffisamment polyvalent pour recharger une large gamme d&rsquo;appareils. De plus, il prend en charge le transfert de donn\u00e9es pour une synchronisation fluide des fichiers pendant la charge. San Jose est fabriqu\u00e9 \u00e0 partir de mat\u00e9riaux ABS et TPE recycl\u00e9 certifi\u00e9s RCS (Recycled Claim Standard). Contenu recycl\u00e9 total\u00a0: 59\u00a0% du poids de l&rsquo;article. Les articles Urban Vitamin sont fabriqu\u00e9s sans PVC et conditionn\u00e9s dans des emballages \u00e0 faible teneur en plastique.<\/p>\n","protected":false},"excerpt":{"rendered":"<p>San Jose est un support de t\u00e9l\u00e9phone 100 W avec c\u00e2ble de charge r\u00e9tractable int\u00e9gr\u00e9. Gr\u00e2ce \u00e0 son support magn\u00e9tique et \u00e0 sa b\u00e9quille, San Jose maintient votre t\u00e9l\u00e9phone en toute s\u00e9curit\u00e9 et \u00e0 l&rsquo;angle id\u00e9al pour une utilisation mains libres. Le c\u00e2ble r\u00e9tractable s&rsquo;\u00e9tend jusqu&rsquo;\u00e0 100 cm et offre une charge ultra-rapide, prenant en [&hellip;]<\/p>\n","protected":false},"featured_media":26716,"comment_status":"closed","ping_status":"closed","template":"","meta":{"_acf_changed":false,"om_disable_all_campaigns":false},"product_cat":[64],"product_tag":[],"class_list":["post-25258","product","type-product","status-publish","has-post-thumbnail","hentry","product_cat-chargeurs","pa_color-black"],"acf":[],"yoast_head":"<!-- This site is optimized with the Yoast SEO plugin v27.0 - https:\/\/yoast.com\/product\/yoast-seo-wordpress\/ -->\n<title>Support magn\u00e9tique 100W avec c\u00e2ble San Jose, noir - Urban Vitamin<\/title>\n<meta name=\"robots\" content=\"index, follow, max-snippet:-1, max-image-preview:large, max-video-preview:-1\" \/>\n<link rel=\"canonical\" href=\"https:\/\/urban-vitamin.com\/fr\/produit\/support-magnetique-100w-avec-cable-san-jose-noir\/\" \/>\n<meta property=\"og:locale\" content=\"fr_FR\" \/>\n<meta property=\"og:type\" content=\"article\" \/>\n<meta property=\"og:title\" content=\"Support magn\u00e9tique 100W avec c\u00e2ble San Jose, noir - Urban Vitamin\" \/>\n<meta property=\"og:description\" content=\"San Jose est un support de t\u00e9l\u00e9phone 100 W avec c\u00e2ble de charge r\u00e9tractable int\u00e9gr\u00e9. Gr\u00e2ce \u00e0 son support magn\u00e9tique et \u00e0 sa b\u00e9quille, San Jose maintient votre t\u00e9l\u00e9phone en toute s\u00e9curit\u00e9 et \u00e0 l&rsquo;angle id\u00e9al pour une utilisation mains libres. Le c\u00e2ble r\u00e9tractable s&rsquo;\u00e9tend jusqu&rsquo;\u00e0 100 cm et offre une charge ultra-rapide, prenant en [&hellip;]\" \/>\n<meta property=\"og:url\" content=\"https:\/\/urban-vitamin.com\/fr\/produit\/support-magnetique-100w-avec-cable-san-jose-noir\/\" \/>\n<meta property=\"og:site_name\" content=\"Urban Vitamin\" \/>\n<meta property=\"article:modified_time\" content=\"2026-03-12T01:46:17+00:00\" \/>\n<meta property=\"og:image\" content=\"https:\/\/urban-vitamin.com\/wp-content\/uploads\/sites\/5\/2025\/10\/P302.7201__S_0__f5c83506e2e34851b1ba28dba518e332.jpg\" \/>\n\t<meta property=\"og:image:width\" content=\"1024\" \/>\n\t<meta property=\"og:image:height\" content=\"1024\" \/>\n\t<meta property=\"og:image:type\" content=\"image\/jpeg\" \/>\n<meta name=\"twitter:card\" content=\"summary_large_image\" \/>\n<meta name=\"twitter:label1\" content=\"Dur\u00e9e de lecture estim\u00e9e\" \/>\n\t<meta name=\"twitter:data1\" content=\"1 minute\" \/>\n<script type=\"application\/ld+json\" class=\"yoast-schema-graph\">{\"@context\":\"https:\/\/schema.org\",\"@graph\":[{\"@type\":\"WebPage\",\"@id\":\"https:\/\/urban-vitamin.com\/fr\/produit\/support-magnetique-100w-avec-cable-san-jose-noir\/\",\"url\":\"https:\/\/urban-vitamin.com\/fr\/produit\/support-magnetique-100w-avec-cable-san-jose-noir\/\",\"name\":\"Support magn\u00e9tique 100W avec c\u00e2ble San Jose, noir - Urban Vitamin\",\"isPartOf\":{\"@id\":\"https:\/\/urban-vitamin.com\/fr\/#website\"},\"primaryImageOfPage\":{\"@id\":\"https:\/\/urban-vitamin.com\/fr\/produit\/support-magnetique-100w-avec-cable-san-jose-noir\/#primaryimage\"},\"image\":{\"@id\":\"https:\/\/urban-vitamin.com\/fr\/produit\/support-magnetique-100w-avec-cable-san-jose-noir\/#primaryimage\"},\"thumbnailUrl\":\"https:\/\/urban-vitamin.com\/wp-content\/uploads\/sites\/5\/2025\/10\/P302.7201__S_0__f5c83506e2e34851b1ba28dba518e332.jpg\",\"datePublished\":\"2026-03-12T01:06:22+00:00\",\"dateModified\":\"2026-03-12T01:46:17+00:00\",\"breadcrumb\":{\"@id\":\"https:\/\/urban-vitamin.com\/fr\/produit\/support-magnetique-100w-avec-cable-san-jose-noir\/#breadcrumb\"},\"inLanguage\":\"fr-FR\",\"potentialAction\":[{\"@type\":\"ReadAction\",\"target\":[\"https:\/\/urban-vitamin.com\/fr\/produit\/support-magnetique-100w-avec-cable-san-jose-noir\/\"]}]},{\"@type\":\"ImageObject\",\"inLanguage\":\"fr-FR\",\"@id\":\"https:\/\/urban-vitamin.com\/fr\/produit\/support-magnetique-100w-avec-cable-san-jose-noir\/#primaryimage\",\"url\":\"https:\/\/urban-vitamin.com\/wp-content\/uploads\/sites\/5\/2025\/10\/P302.7201__S_0__f5c83506e2e34851b1ba28dba518e332.jpg\",\"contentUrl\":\"https:\/\/urban-vitamin.com\/wp-content\/uploads\/sites\/5\/2025\/10\/P302.7201__S_0__f5c83506e2e34851b1ba28dba518e332.jpg\",\"width\":1024,\"height\":1024},{\"@type\":\"BreadcrumbList\",\"@id\":\"https:\/\/urban-vitamin.com\/fr\/produit\/support-magnetique-100w-avec-cable-san-jose-noir\/#breadcrumb\",\"itemListElement\":[{\"@type\":\"ListItem\",\"position\":1,\"name\":\"Home\",\"item\":\"https:\/\/urban-vitamin.com\/fr\/\"},{\"@type\":\"ListItem\",\"position\":2,\"name\":\"Collection\",\"item\":\"https:\/\/urban-vitamin.com\/fr\/collection\/\"},{\"@type\":\"ListItem\",\"position\":3,\"name\":\"Support magn\u00e9tique 100W avec c\u00e2ble San Jose, noir\"}]},{\"@type\":\"WebSite\",\"@id\":\"https:\/\/urban-vitamin.com\/fr\/#website\",\"url\":\"https:\/\/urban-vitamin.com\/fr\/\",\"name\":\"Urban Vitamin\",\"description\":\"Enjoy your daily dose of Urban Vitamin!\",\"potentialAction\":[{\"@type\":\"SearchAction\",\"target\":{\"@type\":\"EntryPoint\",\"urlTemplate\":\"https:\/\/urban-vitamin.com\/fr\/?s={search_term_string}\"},\"query-input\":{\"@type\":\"PropertyValueSpecification\",\"valueRequired\":true,\"valueName\":\"search_term_string\"}}],\"inLanguage\":\"fr-FR\"}]}<\/script>\n<!-- \/ Yoast SEO plugin. -->","yoast_head_json":{"title":"Support magn\u00e9tique 100W avec c\u00e2ble San Jose, noir - Urban Vitamin","robots":{"index":"index","follow":"follow","max-snippet":"max-snippet:-1","max-image-preview":"max-image-preview:large","max-video-preview":"max-video-preview:-1"},"canonical":"https:\/\/urban-vitamin.com\/fr\/produit\/support-magnetique-100w-avec-cable-san-jose-noir\/","og_locale":"fr_FR","og_type":"article","og_title":"Support magn\u00e9tique 100W avec c\u00e2ble San Jose, noir - Urban Vitamin","og_description":"San Jose est un support de t\u00e9l\u00e9phone 100 W avec c\u00e2ble de charge r\u00e9tractable int\u00e9gr\u00e9. Gr\u00e2ce \u00e0 son support magn\u00e9tique et \u00e0 sa b\u00e9quille, San Jose maintient votre t\u00e9l\u00e9phone en toute s\u00e9curit\u00e9 et \u00e0 l&rsquo;angle id\u00e9al pour une utilisation mains libres. Le c\u00e2ble r\u00e9tractable s&rsquo;\u00e9tend jusqu&rsquo;\u00e0 100 cm et offre une charge ultra-rapide, prenant en [&hellip;]","og_url":"https:\/\/urban-vitamin.com\/fr\/produit\/support-magnetique-100w-avec-cable-san-jose-noir\/","og_site_name":"Urban Vitamin","article_modified_time":"2026-03-12T01:46:17+00:00","og_image":[{"width":1024,"height":1024,"url":"https:\/\/urban-vitamin.com\/wp-content\/uploads\/sites\/5\/2025\/10\/P302.7201__S_0__f5c83506e2e34851b1ba28dba518e332.jpg","type":"image\/jpeg"}],"twitter_card":"summary_large_image","twitter_misc":{"Dur\u00e9e de lecture estim\u00e9e":"1 minute"},"schema":{"@context":"https:\/\/schema.org","@graph":[{"@type":"WebPage","@id":"https:\/\/urban-vitamin.com\/fr\/produit\/support-magnetique-100w-avec-cable-san-jose-noir\/","url":"https:\/\/urban-vitamin.com\/fr\/produit\/support-magnetique-100w-avec-cable-san-jose-noir\/","name":"Support magn\u00e9tique 100W avec c\u00e2ble San Jose, noir - Urban Vitamin","isPartOf":{"@id":"https:\/\/urban-vitamin.com\/fr\/#website"},"primaryImageOfPage":{"@id":"https:\/\/urban-vitamin.com\/fr\/produit\/support-magnetique-100w-avec-cable-san-jose-noir\/#primaryimage"},"image":{"@id":"https:\/\/urban-vitamin.com\/fr\/produit\/support-magnetique-100w-avec-cable-san-jose-noir\/#primaryimage"},"thumbnailUrl":"https:\/\/urban-vitamin.com\/wp-content\/uploads\/sites\/5\/2025\/10\/P302.7201__S_0__f5c83506e2e34851b1ba28dba518e332.jpg","datePublished":"2026-03-12T01:06:22+00:00","dateModified":"2026-03-12T01:46:17+00:00","breadcrumb":{"@id":"https:\/\/urban-vitamin.com\/fr\/produit\/support-magnetique-100w-avec-cable-san-jose-noir\/#breadcrumb"},"inLanguage":"fr-FR","potentialAction":[{"@type":"ReadAction","target":["https:\/\/urban-vitamin.com\/fr\/produit\/support-magnetique-100w-avec-cable-san-jose-noir\/"]}]},{"@type":"ImageObject","inLanguage":"fr-FR","@id":"https:\/\/urban-vitamin.com\/fr\/produit\/support-magnetique-100w-avec-cable-san-jose-noir\/#primaryimage","url":"https:\/\/urban-vitamin.com\/wp-content\/uploads\/sites\/5\/2025\/10\/P302.7201__S_0__f5c83506e2e34851b1ba28dba518e332.jpg","contentUrl":"https:\/\/urban-vitamin.com\/wp-content\/uploads\/sites\/5\/2025\/10\/P302.7201__S_0__f5c83506e2e34851b1ba28dba518e332.jpg","width":1024,"height":1024},{"@type":"BreadcrumbList","@id":"https:\/\/urban-vitamin.com\/fr\/produit\/support-magnetique-100w-avec-cable-san-jose-noir\/#breadcrumb","itemListElement":[{"@type":"ListItem","position":1,"name":"Home","item":"https:\/\/urban-vitamin.com\/fr\/"},{"@type":"ListItem","position":2,"name":"Collection","item":"https:\/\/urban-vitamin.com\/fr\/collection\/"},{"@type":"ListItem","position":3,"name":"Support magn\u00e9tique 100W avec c\u00e2ble San Jose, noir"}]},{"@type":"WebSite","@id":"https:\/\/urban-vitamin.com\/fr\/#website","url":"https:\/\/urban-vitamin.com\/fr\/","name":"Urban Vitamin","description":"Enjoy your daily dose of Urban Vitamin!","potentialAction":[{"@type":"SearchAction","target":{"@type":"EntryPoint","urlTemplate":"https:\/\/urban-vitamin.com\/fr\/?s={search_term_string}"},"query-input":{"@type":"PropertyValueSpecification","valueRequired":true,"valueName":"search_term_string"}}],"inLanguage":"fr-FR"}]}},"_links":{"self":[{"href":"https:\/\/urban-vitamin.com\/fr\/wp-json\/wp\/v2\/product\/25258","targetHints":{"allow":["GET"]}}],"collection":[{"href":"https:\/\/urban-vitamin.com\/fr\/wp-json\/wp\/v2\/product"}],"about":[{"href":"https:\/\/urban-vitamin.com\/fr\/wp-json\/wp\/v2\/types\/product"}],"replies":[{"embeddable":true,"href":"https:\/\/urban-vitamin.com\/fr\/wp-json\/wp\/v2\/comments?post=25258"}],"wp:featuredmedia":[{"embeddable":true,"href":"https:\/\/urban-vitamin.com\/fr\/wp-json\/wp\/v2\/media\/26716"}],"wp:attachment":[{"href":"https:\/\/urban-vitamin.com\/fr\/wp-json\/wp\/v2\/media?parent=25258"}],"wp:term":[{"taxonomy":"product_cat","embeddable":true,"href":"https:\/\/urban-vitamin.com\/fr\/wp-json\/wp\/v2\/product_cat?post=25258"},{"taxonomy":"product_tag","embeddable":true,"href":"https:\/\/urban-vitamin.com\/fr\/wp-json\/wp\/v2\/product_tag?post=25258"}],"curies":[{"name":"wp","href":"https:\/\/api.w.org\/{rel}","templated":true}]}}