{"id":25257,"date":"2026-03-12T01:06:04","date_gmt":"2026-03-12T01:06:04","guid":{"rendered":"https:\/\/urban-vitamin.com\/chargeur-65w-gan-avec-cable-urban-vitamin-mendocino-noir\/"},"modified":"2026-03-12T01:46:07","modified_gmt":"2026-03-12T01:46:07","slug":"chargeur-65w-gan-avec-cable-mendocino-noir","status":"publish","type":"product","link":"https:\/\/urban-vitamin.com\/fr\/produit\/chargeur-65w-gan-avec-cable-mendocino-noir\/","title":{"rendered":"Chargeur 65W GaN avec c\u00e2ble Mendocino, noir"},"content":{"rendered":"<p>D\u00e9couvrez le chargeur 65W avec un c\u00e2ble qui est toujours l\u00e0 quand vous en avez besoin. Mendocino est un chargeur PD GaN de 65 W dot\u00e9 d&rsquo;un c\u00e2ble USB-C r\u00e9tractable int\u00e9gr\u00e9 de 80 cm &#8211; vous pouvez donc charger sans jamais chercher un c\u00e2ble s\u00e9par\u00e9. Il est \u00e9galement livr\u00e9 avec des prises UE et UK interchangeables, ce qui en fait le compagnon de voyage id\u00e9al. GaN est une technologie de charge de nouvelle g\u00e9n\u00e9ration qui permet une taille plus compacte, moins de chaleur et une plus grande efficacit\u00e9 \u00e9nerg\u00e9tique, et il peut alimenter jusqu&rsquo;\u00e0 trois appareils \u00e0 la fois gr\u00e2ce \u00e0 ses ports USB-C suppl\u00e9mentaires et \u00e0 sa sortie USB-A.Mendocino est fabriqu\u00e9 avec du PC ignifug\u00e9 recycl\u00e9 certifi\u00e9 RCS (Recycled Claim Standard). Contenu recycl\u00e9 total : 18 % sur la base du poids total de l&rsquo;article. Les articles Urban Vitamin sont fabriqu\u00e9s sans PVC et emball\u00e9s dans des emballages \u00e0 teneur r\u00e9duite en plastique.<\/p>\n","protected":false},"excerpt":{"rendered":"<p>D\u00e9couvrez le chargeur 65W avec un c\u00e2ble qui est toujours l\u00e0 quand vous en avez besoin. Mendocino est un chargeur PD GaN de 65 W dot\u00e9 d&rsquo;un c\u00e2ble USB-C r\u00e9tractable int\u00e9gr\u00e9 de 80 cm &#8211; vous pouvez donc charger sans jamais chercher un c\u00e2ble s\u00e9par\u00e9. Il est \u00e9galement livr\u00e9 avec des prises UE et UK [&hellip;]<\/p>\n","protected":false},"featured_media":26709,"comment_status":"closed","ping_status":"closed","template":"","meta":{"_acf_changed":false,"om_disable_all_campaigns":false},"product_cat":[64],"product_tag":[],"class_list":["post-25257","product","type-product","status-publish","has-post-thumbnail","hentry","product_cat-chargeurs","pa_color-black"],"acf":[],"yoast_head":"<!-- This site is optimized with the Yoast SEO plugin v27.0 - https:\/\/yoast.com\/product\/yoast-seo-wordpress\/ -->\n<title>Chargeur 65W GaN avec c\u00e2ble Mendocino, noir - Urban Vitamin<\/title>\n<meta name=\"robots\" content=\"index, follow, max-snippet:-1, max-image-preview:large, max-video-preview:-1\" \/>\n<link rel=\"canonical\" href=\"https:\/\/urban-vitamin.com\/fr\/produit\/chargeur-65w-gan-avec-cable-mendocino-noir\/\" \/>\n<meta property=\"og:locale\" content=\"fr_FR\" \/>\n<meta property=\"og:type\" content=\"article\" \/>\n<meta property=\"og:title\" content=\"Chargeur 65W GaN avec c\u00e2ble Mendocino, noir - Urban Vitamin\" \/>\n<meta property=\"og:description\" content=\"D\u00e9couvrez le chargeur 65W avec un c\u00e2ble qui est toujours l\u00e0 quand vous en avez besoin. Mendocino est un chargeur PD GaN de 65 W dot\u00e9 d&rsquo;un c\u00e2ble USB-C r\u00e9tractable int\u00e9gr\u00e9 de 80 cm &#8211; vous pouvez donc charger sans jamais chercher un c\u00e2ble s\u00e9par\u00e9. Il est \u00e9galement livr\u00e9 avec des prises UE et UK [&hellip;]\" \/>\n<meta property=\"og:url\" content=\"https:\/\/urban-vitamin.com\/fr\/produit\/chargeur-65w-gan-avec-cable-mendocino-noir\/\" \/>\n<meta property=\"og:site_name\" content=\"Urban Vitamin\" \/>\n<meta property=\"article:modified_time\" content=\"2026-03-12T01:46:07+00:00\" \/>\n<meta property=\"og:image\" content=\"https:\/\/urban-vitamin.com\/wp-content\/uploads\/sites\/5\/2025\/10\/P301.2701__S_0__73003593ba03419e88af5098c8cc9b26.jpg\" \/>\n\t<meta property=\"og:image:width\" content=\"1024\" \/>\n\t<meta property=\"og:image:height\" content=\"1024\" \/>\n\t<meta property=\"og:image:type\" content=\"image\/jpeg\" \/>\n<meta name=\"twitter:card\" content=\"summary_large_image\" \/>\n<meta name=\"twitter:label1\" content=\"Dur\u00e9e de lecture estim\u00e9e\" \/>\n\t<meta name=\"twitter:data1\" content=\"1 minute\" \/>\n<script type=\"application\/ld+json\" class=\"yoast-schema-graph\">{\"@context\":\"https:\/\/schema.org\",\"@graph\":[{\"@type\":\"WebPage\",\"@id\":\"https:\/\/urban-vitamin.com\/fr\/produit\/chargeur-65w-gan-avec-cable-mendocino-noir\/\",\"url\":\"https:\/\/urban-vitamin.com\/fr\/produit\/chargeur-65w-gan-avec-cable-mendocino-noir\/\",\"name\":\"Chargeur 65W GaN avec c\u00e2ble Mendocino, noir - Urban Vitamin\",\"isPartOf\":{\"@id\":\"https:\/\/urban-vitamin.com\/fr\/#website\"},\"primaryImageOfPage\":{\"@id\":\"https:\/\/urban-vitamin.com\/fr\/produit\/chargeur-65w-gan-avec-cable-mendocino-noir\/#primaryimage\"},\"image\":{\"@id\":\"https:\/\/urban-vitamin.com\/fr\/produit\/chargeur-65w-gan-avec-cable-mendocino-noir\/#primaryimage\"},\"thumbnailUrl\":\"https:\/\/urban-vitamin.com\/wp-content\/uploads\/sites\/5\/2025\/10\/P301.2701__S_0__73003593ba03419e88af5098c8cc9b26.jpg\",\"datePublished\":\"2026-03-12T01:06:04+00:00\",\"dateModified\":\"2026-03-12T01:46:07+00:00\",\"breadcrumb\":{\"@id\":\"https:\/\/urban-vitamin.com\/fr\/produit\/chargeur-65w-gan-avec-cable-mendocino-noir\/#breadcrumb\"},\"inLanguage\":\"fr-FR\",\"potentialAction\":[{\"@type\":\"ReadAction\",\"target\":[\"https:\/\/urban-vitamin.com\/fr\/produit\/chargeur-65w-gan-avec-cable-mendocino-noir\/\"]}]},{\"@type\":\"ImageObject\",\"inLanguage\":\"fr-FR\",\"@id\":\"https:\/\/urban-vitamin.com\/fr\/produit\/chargeur-65w-gan-avec-cable-mendocino-noir\/#primaryimage\",\"url\":\"https:\/\/urban-vitamin.com\/wp-content\/uploads\/sites\/5\/2025\/10\/P301.2701__S_0__73003593ba03419e88af5098c8cc9b26.jpg\",\"contentUrl\":\"https:\/\/urban-vitamin.com\/wp-content\/uploads\/sites\/5\/2025\/10\/P301.2701__S_0__73003593ba03419e88af5098c8cc9b26.jpg\",\"width\":1024,\"height\":1024},{\"@type\":\"BreadcrumbList\",\"@id\":\"https:\/\/urban-vitamin.com\/fr\/produit\/chargeur-65w-gan-avec-cable-mendocino-noir\/#breadcrumb\",\"itemListElement\":[{\"@type\":\"ListItem\",\"position\":1,\"name\":\"Home\",\"item\":\"https:\/\/urban-vitamin.com\/fr\/\"},{\"@type\":\"ListItem\",\"position\":2,\"name\":\"Collection\",\"item\":\"https:\/\/urban-vitamin.com\/fr\/collection\/\"},{\"@type\":\"ListItem\",\"position\":3,\"name\":\"Chargeur 65W GaN avec c\u00e2ble Mendocino, noir\"}]},{\"@type\":\"WebSite\",\"@id\":\"https:\/\/urban-vitamin.com\/fr\/#website\",\"url\":\"https:\/\/urban-vitamin.com\/fr\/\",\"name\":\"Urban Vitamin\",\"description\":\"Enjoy your daily dose of Urban Vitamin!\",\"potentialAction\":[{\"@type\":\"SearchAction\",\"target\":{\"@type\":\"EntryPoint\",\"urlTemplate\":\"https:\/\/urban-vitamin.com\/fr\/?s={search_term_string}\"},\"query-input\":{\"@type\":\"PropertyValueSpecification\",\"valueRequired\":true,\"valueName\":\"search_term_string\"}}],\"inLanguage\":\"fr-FR\"}]}<\/script>\n<!-- \/ Yoast SEO plugin. -->","yoast_head_json":{"title":"Chargeur 65W GaN avec c\u00e2ble Mendocino, noir - Urban Vitamin","robots":{"index":"index","follow":"follow","max-snippet":"max-snippet:-1","max-image-preview":"max-image-preview:large","max-video-preview":"max-video-preview:-1"},"canonical":"https:\/\/urban-vitamin.com\/fr\/produit\/chargeur-65w-gan-avec-cable-mendocino-noir\/","og_locale":"fr_FR","og_type":"article","og_title":"Chargeur 65W GaN avec c\u00e2ble Mendocino, noir - Urban Vitamin","og_description":"D\u00e9couvrez le chargeur 65W avec un c\u00e2ble qui est toujours l\u00e0 quand vous en avez besoin. Mendocino est un chargeur PD GaN de 65 W dot\u00e9 d&rsquo;un c\u00e2ble USB-C r\u00e9tractable int\u00e9gr\u00e9 de 80 cm &#8211; vous pouvez donc charger sans jamais chercher un c\u00e2ble s\u00e9par\u00e9. Il est \u00e9galement livr\u00e9 avec des prises UE et UK [&hellip;]","og_url":"https:\/\/urban-vitamin.com\/fr\/produit\/chargeur-65w-gan-avec-cable-mendocino-noir\/","og_site_name":"Urban Vitamin","article_modified_time":"2026-03-12T01:46:07+00:00","og_image":[{"width":1024,"height":1024,"url":"https:\/\/urban-vitamin.com\/wp-content\/uploads\/sites\/5\/2025\/10\/P301.2701__S_0__73003593ba03419e88af5098c8cc9b26.jpg","type":"image\/jpeg"}],"twitter_card":"summary_large_image","twitter_misc":{"Dur\u00e9e de lecture estim\u00e9e":"1 minute"},"schema":{"@context":"https:\/\/schema.org","@graph":[{"@type":"WebPage","@id":"https:\/\/urban-vitamin.com\/fr\/produit\/chargeur-65w-gan-avec-cable-mendocino-noir\/","url":"https:\/\/urban-vitamin.com\/fr\/produit\/chargeur-65w-gan-avec-cable-mendocino-noir\/","name":"Chargeur 65W GaN avec c\u00e2ble Mendocino, noir - Urban Vitamin","isPartOf":{"@id":"https:\/\/urban-vitamin.com\/fr\/#website"},"primaryImageOfPage":{"@id":"https:\/\/urban-vitamin.com\/fr\/produit\/chargeur-65w-gan-avec-cable-mendocino-noir\/#primaryimage"},"image":{"@id":"https:\/\/urban-vitamin.com\/fr\/produit\/chargeur-65w-gan-avec-cable-mendocino-noir\/#primaryimage"},"thumbnailUrl":"https:\/\/urban-vitamin.com\/wp-content\/uploads\/sites\/5\/2025\/10\/P301.2701__S_0__73003593ba03419e88af5098c8cc9b26.jpg","datePublished":"2026-03-12T01:06:04+00:00","dateModified":"2026-03-12T01:46:07+00:00","breadcrumb":{"@id":"https:\/\/urban-vitamin.com\/fr\/produit\/chargeur-65w-gan-avec-cable-mendocino-noir\/#breadcrumb"},"inLanguage":"fr-FR","potentialAction":[{"@type":"ReadAction","target":["https:\/\/urban-vitamin.com\/fr\/produit\/chargeur-65w-gan-avec-cable-mendocino-noir\/"]}]},{"@type":"ImageObject","inLanguage":"fr-FR","@id":"https:\/\/urban-vitamin.com\/fr\/produit\/chargeur-65w-gan-avec-cable-mendocino-noir\/#primaryimage","url":"https:\/\/urban-vitamin.com\/wp-content\/uploads\/sites\/5\/2025\/10\/P301.2701__S_0__73003593ba03419e88af5098c8cc9b26.jpg","contentUrl":"https:\/\/urban-vitamin.com\/wp-content\/uploads\/sites\/5\/2025\/10\/P301.2701__S_0__73003593ba03419e88af5098c8cc9b26.jpg","width":1024,"height":1024},{"@type":"BreadcrumbList","@id":"https:\/\/urban-vitamin.com\/fr\/produit\/chargeur-65w-gan-avec-cable-mendocino-noir\/#breadcrumb","itemListElement":[{"@type":"ListItem","position":1,"name":"Home","item":"https:\/\/urban-vitamin.com\/fr\/"},{"@type":"ListItem","position":2,"name":"Collection","item":"https:\/\/urban-vitamin.com\/fr\/collection\/"},{"@type":"ListItem","position":3,"name":"Chargeur 65W GaN avec c\u00e2ble Mendocino, noir"}]},{"@type":"WebSite","@id":"https:\/\/urban-vitamin.com\/fr\/#website","url":"https:\/\/urban-vitamin.com\/fr\/","name":"Urban Vitamin","description":"Enjoy your daily dose of Urban Vitamin!","potentialAction":[{"@type":"SearchAction","target":{"@type":"EntryPoint","urlTemplate":"https:\/\/urban-vitamin.com\/fr\/?s={search_term_string}"},"query-input":{"@type":"PropertyValueSpecification","valueRequired":true,"valueName":"search_term_string"}}],"inLanguage":"fr-FR"}]}},"_links":{"self":[{"href":"https:\/\/urban-vitamin.com\/fr\/wp-json\/wp\/v2\/product\/25257","targetHints":{"allow":["GET"]}}],"collection":[{"href":"https:\/\/urban-vitamin.com\/fr\/wp-json\/wp\/v2\/product"}],"about":[{"href":"https:\/\/urban-vitamin.com\/fr\/wp-json\/wp\/v2\/types\/product"}],"replies":[{"embeddable":true,"href":"https:\/\/urban-vitamin.com\/fr\/wp-json\/wp\/v2\/comments?post=25257"}],"wp:featuredmedia":[{"embeddable":true,"href":"https:\/\/urban-vitamin.com\/fr\/wp-json\/wp\/v2\/media\/26709"}],"wp:attachment":[{"href":"https:\/\/urban-vitamin.com\/fr\/wp-json\/wp\/v2\/media?parent=25257"}],"wp:term":[{"taxonomy":"product_cat","embeddable":true,"href":"https:\/\/urban-vitamin.com\/fr\/wp-json\/wp\/v2\/product_cat?post=25257"},{"taxonomy":"product_tag","embeddable":true,"href":"https:\/\/urban-vitamin.com\/fr\/wp-json\/wp\/v2\/product_tag?post=25257"}],"curies":[{"name":"wp","href":"https:\/\/api.w.org\/{rel}","templated":true}]}}