{"id":22366,"date":"2026-03-12T01:06:04","date_gmt":"2026-03-12T01:06:04","guid":{"rendered":"https:\/\/urban-vitamin.com\/chargeur-hybride-gan-65w-en-pc-rcs-eureka-noir\/"},"modified":"2026-03-12T01:46:12","modified_gmt":"2026-03-12T01:46:12","slug":"chargeur-hybride-gan-65w-en-pc-rcs-eureka-noir","status":"publish","type":"product","link":"https:\/\/urban-vitamin.com\/fr\/produit\/chargeur-hybride-gan-65w-en-pc-rcs-eureka-noir\/","title":{"rendered":"Chargeur hybride GaN 65W en PC RCS Eureka, noir"},"content":{"rendered":"<p>La charge hybride est arriv\u00e9e avec le chargeur GAN ultime qui vous offre une charge hyper rapide de 65W.  Branchez-le sur une prise murale \u00e0 la maison ou en voyage et chargez n&rsquo;importe quel appareil, m\u00eame un ordinateur portable, \u00e0 une vitesse incroyable. Pendant que vous chargez vos appareils, le powerbank lui-m\u00eame se charge. Retirez-le de la prise pour quitter la maison avec un 10.000 mah powerbank compl\u00e8tement charg\u00e9. GAN est une nouvelle technologie de charge qui permet une taille beaucoup plus petite pour les adaptateurs puissants, moins de chaleur donc plus s\u00fbr. Eureka est livr\u00e9 avec 1 port USB A, 1 port de type C et 1 c\u00e2ble de type C int\u00e9gr\u00e9. L&rsquo;adaptateur USA, UE, UK permet de l&#8217;emporter partout o\u00f9 vous allez. Eureka est fabriqu\u00e9 en PC recycl\u00e9 ignifug\u00e9 certifi\u00e9 RCS (Recycled Claim Standard). Contenu recycl\u00e9 total : 22 % sur la base du poids total de l&rsquo;article. Les articles Urban Vitamin sont fabriqu\u00e9s sans PVC et emball\u00e9s dans des emballages \u00e0 teneur r\u00e9duite en plastique.<\/p>\n","protected":false},"excerpt":{"rendered":"<p>La charge hybride est arriv\u00e9e avec le chargeur GAN ultime qui vous offre une charge hyper rapide de 65W. Branchez-le sur une prise murale \u00e0 la maison ou en voyage et chargez n&rsquo;importe quel appareil, m\u00eame un ordinateur portable, \u00e0 une vitesse incroyable. Pendant que vous chargez vos appareils, le powerbank lui-m\u00eame se charge. Retirez-le [&hellip;]<\/p>\n","protected":false},"featured_media":23338,"comment_status":"closed","ping_status":"closed","template":"","meta":{"_acf_changed":false,"om_disable_all_campaigns":false},"product_cat":[88],"product_tag":[],"class_list":["post-22366","product","type-product","status-publish","has-post-thumbnail","hentry","product_cat-uncategorized","pa_color-black"],"acf":[],"yoast_head":"<!-- This site is optimized with the Yoast SEO plugin v27.0 - https:\/\/yoast.com\/product\/yoast-seo-wordpress\/ -->\n<title>Chargeur hybride GaN 65W en PC RCS Eureka, noir - Urban Vitamin<\/title>\n<meta name=\"robots\" content=\"index, follow, max-snippet:-1, max-image-preview:large, max-video-preview:-1\" \/>\n<link rel=\"canonical\" href=\"https:\/\/urban-vitamin.com\/fr\/produit\/chargeur-hybride-gan-65w-en-pc-rcs-eureka-noir\/\" \/>\n<meta property=\"og:locale\" content=\"fr_FR\" \/>\n<meta property=\"og:type\" content=\"article\" \/>\n<meta property=\"og:title\" content=\"Chargeur hybride GaN 65W en PC RCS Eureka, noir - Urban Vitamin\" \/>\n<meta property=\"og:description\" content=\"La charge hybride est arriv\u00e9e avec le chargeur GAN ultime qui vous offre une charge hyper rapide de 65W. Branchez-le sur une prise murale \u00e0 la maison ou en voyage et chargez n&rsquo;importe quel appareil, m\u00eame un ordinateur portable, \u00e0 une vitesse incroyable. Pendant que vous chargez vos appareils, le powerbank lui-m\u00eame se charge. Retirez-le [&hellip;]\" \/>\n<meta property=\"og:url\" content=\"https:\/\/urban-vitamin.com\/fr\/produit\/chargeur-hybride-gan-65w-en-pc-rcs-eureka-noir\/\" \/>\n<meta property=\"og:site_name\" content=\"Urban Vitamin\" \/>\n<meta property=\"article:modified_time\" content=\"2026-03-12T01:46:12+00:00\" \/>\n<meta property=\"og:image\" content=\"https:\/\/urban-vitamin.com\/wp-content\/uploads\/sites\/5\/2025\/02\/P301.9901__S_0__17a61adf10cf4575856b67f5326988cf.jpg\" \/>\n\t<meta property=\"og:image:width\" content=\"1024\" \/>\n\t<meta property=\"og:image:height\" content=\"1024\" \/>\n\t<meta property=\"og:image:type\" content=\"image\/jpeg\" \/>\n<meta name=\"twitter:card\" content=\"summary_large_image\" \/>\n<meta name=\"twitter:label1\" content=\"Dur\u00e9e de lecture estim\u00e9e\" \/>\n\t<meta name=\"twitter:data1\" content=\"1 minute\" \/>\n<script type=\"application\/ld+json\" class=\"yoast-schema-graph\">{\"@context\":\"https:\/\/schema.org\",\"@graph\":[{\"@type\":\"WebPage\",\"@id\":\"https:\/\/urban-vitamin.com\/fr\/produit\/chargeur-hybride-gan-65w-en-pc-rcs-eureka-noir\/\",\"url\":\"https:\/\/urban-vitamin.com\/fr\/produit\/chargeur-hybride-gan-65w-en-pc-rcs-eureka-noir\/\",\"name\":\"Chargeur hybride GaN 65W en PC RCS Eureka, noir - Urban Vitamin\",\"isPartOf\":{\"@id\":\"https:\/\/urban-vitamin.com\/fr\/#website\"},\"primaryImageOfPage\":{\"@id\":\"https:\/\/urban-vitamin.com\/fr\/produit\/chargeur-hybride-gan-65w-en-pc-rcs-eureka-noir\/#primaryimage\"},\"image\":{\"@id\":\"https:\/\/urban-vitamin.com\/fr\/produit\/chargeur-hybride-gan-65w-en-pc-rcs-eureka-noir\/#primaryimage\"},\"thumbnailUrl\":\"https:\/\/urban-vitamin.com\/wp-content\/uploads\/sites\/5\/2025\/02\/P301.9901__S_0__17a61adf10cf4575856b67f5326988cf.jpg\",\"datePublished\":\"2026-03-12T01:06:04+00:00\",\"dateModified\":\"2026-03-12T01:46:12+00:00\",\"breadcrumb\":{\"@id\":\"https:\/\/urban-vitamin.com\/fr\/produit\/chargeur-hybride-gan-65w-en-pc-rcs-eureka-noir\/#breadcrumb\"},\"inLanguage\":\"fr-FR\",\"potentialAction\":[{\"@type\":\"ReadAction\",\"target\":[\"https:\/\/urban-vitamin.com\/fr\/produit\/chargeur-hybride-gan-65w-en-pc-rcs-eureka-noir\/\"]}]},{\"@type\":\"ImageObject\",\"inLanguage\":\"fr-FR\",\"@id\":\"https:\/\/urban-vitamin.com\/fr\/produit\/chargeur-hybride-gan-65w-en-pc-rcs-eureka-noir\/#primaryimage\",\"url\":\"https:\/\/urban-vitamin.com\/wp-content\/uploads\/sites\/5\/2025\/02\/P301.9901__S_0__17a61adf10cf4575856b67f5326988cf.jpg\",\"contentUrl\":\"https:\/\/urban-vitamin.com\/wp-content\/uploads\/sites\/5\/2025\/02\/P301.9901__S_0__17a61adf10cf4575856b67f5326988cf.jpg\",\"width\":1024,\"height\":1024},{\"@type\":\"BreadcrumbList\",\"@id\":\"https:\/\/urban-vitamin.com\/fr\/produit\/chargeur-hybride-gan-65w-en-pc-rcs-eureka-noir\/#breadcrumb\",\"itemListElement\":[{\"@type\":\"ListItem\",\"position\":1,\"name\":\"Home\",\"item\":\"https:\/\/urban-vitamin.com\/fr\/\"},{\"@type\":\"ListItem\",\"position\":2,\"name\":\"Collection\",\"item\":\"https:\/\/urban-vitamin.com\/fr\/collection\/\"},{\"@type\":\"ListItem\",\"position\":3,\"name\":\"Chargeur hybride GaN 65W en PC RCS Eureka, noir\"}]},{\"@type\":\"WebSite\",\"@id\":\"https:\/\/urban-vitamin.com\/fr\/#website\",\"url\":\"https:\/\/urban-vitamin.com\/fr\/\",\"name\":\"Urban Vitamin\",\"description\":\"Enjoy your daily dose of Urban Vitamin!\",\"potentialAction\":[{\"@type\":\"SearchAction\",\"target\":{\"@type\":\"EntryPoint\",\"urlTemplate\":\"https:\/\/urban-vitamin.com\/fr\/?s={search_term_string}\"},\"query-input\":{\"@type\":\"PropertyValueSpecification\",\"valueRequired\":true,\"valueName\":\"search_term_string\"}}],\"inLanguage\":\"fr-FR\"}]}<\/script>\n<!-- \/ Yoast SEO plugin. -->","yoast_head_json":{"title":"Chargeur hybride GaN 65W en PC RCS Eureka, noir - Urban Vitamin","robots":{"index":"index","follow":"follow","max-snippet":"max-snippet:-1","max-image-preview":"max-image-preview:large","max-video-preview":"max-video-preview:-1"},"canonical":"https:\/\/urban-vitamin.com\/fr\/produit\/chargeur-hybride-gan-65w-en-pc-rcs-eureka-noir\/","og_locale":"fr_FR","og_type":"article","og_title":"Chargeur hybride GaN 65W en PC RCS Eureka, noir - Urban Vitamin","og_description":"La charge hybride est arriv\u00e9e avec le chargeur GAN ultime qui vous offre une charge hyper rapide de 65W. Branchez-le sur une prise murale \u00e0 la maison ou en voyage et chargez n&rsquo;importe quel appareil, m\u00eame un ordinateur portable, \u00e0 une vitesse incroyable. Pendant que vous chargez vos appareils, le powerbank lui-m\u00eame se charge. Retirez-le [&hellip;]","og_url":"https:\/\/urban-vitamin.com\/fr\/produit\/chargeur-hybride-gan-65w-en-pc-rcs-eureka-noir\/","og_site_name":"Urban Vitamin","article_modified_time":"2026-03-12T01:46:12+00:00","og_image":[{"width":1024,"height":1024,"url":"https:\/\/urban-vitamin.com\/wp-content\/uploads\/sites\/5\/2025\/02\/P301.9901__S_0__17a61adf10cf4575856b67f5326988cf.jpg","type":"image\/jpeg"}],"twitter_card":"summary_large_image","twitter_misc":{"Dur\u00e9e de lecture estim\u00e9e":"1 minute"},"schema":{"@context":"https:\/\/schema.org","@graph":[{"@type":"WebPage","@id":"https:\/\/urban-vitamin.com\/fr\/produit\/chargeur-hybride-gan-65w-en-pc-rcs-eureka-noir\/","url":"https:\/\/urban-vitamin.com\/fr\/produit\/chargeur-hybride-gan-65w-en-pc-rcs-eureka-noir\/","name":"Chargeur hybride GaN 65W en PC RCS Eureka, noir - Urban Vitamin","isPartOf":{"@id":"https:\/\/urban-vitamin.com\/fr\/#website"},"primaryImageOfPage":{"@id":"https:\/\/urban-vitamin.com\/fr\/produit\/chargeur-hybride-gan-65w-en-pc-rcs-eureka-noir\/#primaryimage"},"image":{"@id":"https:\/\/urban-vitamin.com\/fr\/produit\/chargeur-hybride-gan-65w-en-pc-rcs-eureka-noir\/#primaryimage"},"thumbnailUrl":"https:\/\/urban-vitamin.com\/wp-content\/uploads\/sites\/5\/2025\/02\/P301.9901__S_0__17a61adf10cf4575856b67f5326988cf.jpg","datePublished":"2026-03-12T01:06:04+00:00","dateModified":"2026-03-12T01:46:12+00:00","breadcrumb":{"@id":"https:\/\/urban-vitamin.com\/fr\/produit\/chargeur-hybride-gan-65w-en-pc-rcs-eureka-noir\/#breadcrumb"},"inLanguage":"fr-FR","potentialAction":[{"@type":"ReadAction","target":["https:\/\/urban-vitamin.com\/fr\/produit\/chargeur-hybride-gan-65w-en-pc-rcs-eureka-noir\/"]}]},{"@type":"ImageObject","inLanguage":"fr-FR","@id":"https:\/\/urban-vitamin.com\/fr\/produit\/chargeur-hybride-gan-65w-en-pc-rcs-eureka-noir\/#primaryimage","url":"https:\/\/urban-vitamin.com\/wp-content\/uploads\/sites\/5\/2025\/02\/P301.9901__S_0__17a61adf10cf4575856b67f5326988cf.jpg","contentUrl":"https:\/\/urban-vitamin.com\/wp-content\/uploads\/sites\/5\/2025\/02\/P301.9901__S_0__17a61adf10cf4575856b67f5326988cf.jpg","width":1024,"height":1024},{"@type":"BreadcrumbList","@id":"https:\/\/urban-vitamin.com\/fr\/produit\/chargeur-hybride-gan-65w-en-pc-rcs-eureka-noir\/#breadcrumb","itemListElement":[{"@type":"ListItem","position":1,"name":"Home","item":"https:\/\/urban-vitamin.com\/fr\/"},{"@type":"ListItem","position":2,"name":"Collection","item":"https:\/\/urban-vitamin.com\/fr\/collection\/"},{"@type":"ListItem","position":3,"name":"Chargeur hybride GaN 65W en PC RCS Eureka, noir"}]},{"@type":"WebSite","@id":"https:\/\/urban-vitamin.com\/fr\/#website","url":"https:\/\/urban-vitamin.com\/fr\/","name":"Urban Vitamin","description":"Enjoy your daily dose of Urban Vitamin!","potentialAction":[{"@type":"SearchAction","target":{"@type":"EntryPoint","urlTemplate":"https:\/\/urban-vitamin.com\/fr\/?s={search_term_string}"},"query-input":{"@type":"PropertyValueSpecification","valueRequired":true,"valueName":"search_term_string"}}],"inLanguage":"fr-FR"}]}},"_links":{"self":[{"href":"https:\/\/urban-vitamin.com\/fr\/wp-json\/wp\/v2\/product\/22366","targetHints":{"allow":["GET"]}}],"collection":[{"href":"https:\/\/urban-vitamin.com\/fr\/wp-json\/wp\/v2\/product"}],"about":[{"href":"https:\/\/urban-vitamin.com\/fr\/wp-json\/wp\/v2\/types\/product"}],"replies":[{"embeddable":true,"href":"https:\/\/urban-vitamin.com\/fr\/wp-json\/wp\/v2\/comments?post=22366"}],"wp:featuredmedia":[{"embeddable":true,"href":"https:\/\/urban-vitamin.com\/fr\/wp-json\/wp\/v2\/media\/23338"}],"wp:attachment":[{"href":"https:\/\/urban-vitamin.com\/fr\/wp-json\/wp\/v2\/media?parent=22366"}],"wp:term":[{"taxonomy":"product_cat","embeddable":true,"href":"https:\/\/urban-vitamin.com\/fr\/wp-json\/wp\/v2\/product_cat?post=22366"},{"taxonomy":"product_tag","embeddable":true,"href":"https:\/\/urban-vitamin.com\/fr\/wp-json\/wp\/v2\/product_tag?post=22366"}],"curies":[{"name":"wp","href":"https:\/\/api.w.org\/{rel}","templated":true}]}}