{"id":22131,"date":"2026-03-12T01:08:40","date_gmt":"2026-03-12T01:08:40","guid":{"rendered":"https:\/\/urban-vitamin.com\/ecouteurs-sans-fil-enc-en-abs-rcs-long-beach-noir\/"},"modified":"2026-03-12T01:48:11","modified_gmt":"2026-03-12T01:48:11","slug":"ecouteurs-sans-fil-enc-en-abs-rcs-long-beach-noir","status":"publish","type":"product","link":"https:\/\/urban-vitamin.com\/fr\/produit\/ecouteurs-sans-fil-enc-en-abs-rcs-long-beach-noir\/","title":{"rendered":"Ecouteurs sans fil ENC en ABS RCS Long Beach, noir"},"content":{"rendered":"<p>D\u00e9couvrez une nouvelle g\u00e9n\u00e9ration d&rsquo;\u00e9couteurs \u00e9l\u00e9gants avec les \u00e9couteurs sans fil ouverts Long Beach. Ces \u00e9couteurs ne s&rsquo;ins\u00e8rent pas dans l&rsquo;oreille, mais s&rsquo;y accrochent pour rester parfaitement en place. Vous pouvez ainsi profiter de votre musique pr\u00e9f\u00e9r\u00e9e tout en entendant le monde qui vous entoure.  \u00c9coutez la musique et la vie en m\u00eame temps dans un son riche et priv\u00e9. Comme les \u00e9couteurs ne p\u00e9n\u00e8trent pas dans l&rsquo;oreille, ils sont tr\u00e8s confortables \u00e0 porter. Avec une commande souple pour une utilisation facile. Autonomie de 6,5 heures pour les \u00e9couteurs et de 20 heures pour l&rsquo;\u00e9tui. Avec ENC pour s&rsquo;assurer que tous vos appels sont d&rsquo;une qualit\u00e9 cristalline. \u00c9tanch\u00e9it\u00e9 IPX 4. Les \u00e9couteurs ouverts Long Beach sont fabriqu\u00e9s en ABS recycl\u00e9 certifi\u00e9 RCS (Recycled Claim Standard). Contenu recycl\u00e9 total : 15 % sur la base du poids total de l&rsquo;article. Les articles Urban Vitamin sont fabriqu\u00e9s sans PVC et emball\u00e9s dans des emballages \u00e0 teneur r\u00e9duite en plastique.<\/p>\n","protected":false},"excerpt":{"rendered":"<p>D\u00e9couvrez une nouvelle g\u00e9n\u00e9ration d&rsquo;\u00e9couteurs \u00e9l\u00e9gants avec les \u00e9couteurs sans fil ouverts Long Beach. Ces \u00e9couteurs ne s&rsquo;ins\u00e8rent pas dans l&rsquo;oreille, mais s&rsquo;y accrochent pour rester parfaitement en place. Vous pouvez ainsi profiter de votre musique pr\u00e9f\u00e9r\u00e9e tout en entendant le monde qui vous entoure. \u00c9coutez la musique et la vie en m\u00eame temps dans [&hellip;]<\/p>\n","protected":false},"featured_media":23366,"comment_status":"closed","ping_status":"closed","template":"","meta":{"_acf_changed":false,"om_disable_all_campaigns":false},"product_cat":[61],"product_tag":[],"class_list":["post-22131","product","type-product","status-publish","has-post-thumbnail","hentry","product_cat-ecouteurs-sans-fil","pa_color-black"],"acf":[],"yoast_head":"<!-- This site is optimized with the Yoast SEO plugin v27.0 - https:\/\/yoast.com\/product\/yoast-seo-wordpress\/ -->\n<title>Ecouteurs sans fil ENC en ABS RCS Long Beach, noir - Urban Vitamin<\/title>\n<meta name=\"robots\" content=\"index, follow, max-snippet:-1, max-image-preview:large, max-video-preview:-1\" \/>\n<link rel=\"canonical\" href=\"https:\/\/urban-vitamin.com\/fr\/produit\/ecouteurs-sans-fil-enc-en-abs-rcs-long-beach-noir\/\" \/>\n<meta property=\"og:locale\" content=\"fr_FR\" \/>\n<meta property=\"og:type\" content=\"article\" \/>\n<meta property=\"og:title\" content=\"Ecouteurs sans fil ENC en ABS RCS Long Beach, noir - Urban Vitamin\" \/>\n<meta property=\"og:description\" content=\"D\u00e9couvrez une nouvelle g\u00e9n\u00e9ration d&rsquo;\u00e9couteurs \u00e9l\u00e9gants avec les \u00e9couteurs sans fil ouverts Long Beach. Ces \u00e9couteurs ne s&rsquo;ins\u00e8rent pas dans l&rsquo;oreille, mais s&rsquo;y accrochent pour rester parfaitement en place. Vous pouvez ainsi profiter de votre musique pr\u00e9f\u00e9r\u00e9e tout en entendant le monde qui vous entoure. \u00c9coutez la musique et la vie en m\u00eame temps dans [&hellip;]\" \/>\n<meta property=\"og:url\" content=\"https:\/\/urban-vitamin.com\/fr\/produit\/ecouteurs-sans-fil-enc-en-abs-rcs-long-beach-noir\/\" \/>\n<meta property=\"og:site_name\" content=\"Urban Vitamin\" \/>\n<meta property=\"article:modified_time\" content=\"2026-03-12T01:48:11+00:00\" \/>\n<meta property=\"og:image\" content=\"https:\/\/urban-vitamin.com\/wp-content\/uploads\/sites\/5\/2025\/02\/P331.5601__S_0__2d8a9028a0c34affa25c3778ab6822f6.jpg\" \/>\n\t<meta property=\"og:image:width\" content=\"1024\" \/>\n\t<meta property=\"og:image:height\" content=\"1024\" \/>\n\t<meta property=\"og:image:type\" content=\"image\/jpeg\" \/>\n<meta name=\"twitter:card\" content=\"summary_large_image\" \/>\n<meta name=\"twitter:label1\" content=\"Dur\u00e9e de lecture estim\u00e9e\" \/>\n\t<meta name=\"twitter:data1\" content=\"1 minute\" \/>\n<script type=\"application\/ld+json\" class=\"yoast-schema-graph\">{\"@context\":\"https:\/\/schema.org\",\"@graph\":[{\"@type\":\"WebPage\",\"@id\":\"https:\/\/urban-vitamin.com\/fr\/produit\/ecouteurs-sans-fil-enc-en-abs-rcs-long-beach-noir\/\",\"url\":\"https:\/\/urban-vitamin.com\/fr\/produit\/ecouteurs-sans-fil-enc-en-abs-rcs-long-beach-noir\/\",\"name\":\"Ecouteurs sans fil ENC en ABS RCS Long Beach, noir - Urban Vitamin\",\"isPartOf\":{\"@id\":\"https:\/\/urban-vitamin.com\/fr\/#website\"},\"primaryImageOfPage\":{\"@id\":\"https:\/\/urban-vitamin.com\/fr\/produit\/ecouteurs-sans-fil-enc-en-abs-rcs-long-beach-noir\/#primaryimage\"},\"image\":{\"@id\":\"https:\/\/urban-vitamin.com\/fr\/produit\/ecouteurs-sans-fil-enc-en-abs-rcs-long-beach-noir\/#primaryimage\"},\"thumbnailUrl\":\"https:\/\/urban-vitamin.com\/wp-content\/uploads\/sites\/5\/2025\/02\/P331.5601__S_0__2d8a9028a0c34affa25c3778ab6822f6.jpg\",\"datePublished\":\"2026-03-12T01:08:40+00:00\",\"dateModified\":\"2026-03-12T01:48:11+00:00\",\"breadcrumb\":{\"@id\":\"https:\/\/urban-vitamin.com\/fr\/produit\/ecouteurs-sans-fil-enc-en-abs-rcs-long-beach-noir\/#breadcrumb\"},\"inLanguage\":\"fr-FR\",\"potentialAction\":[{\"@type\":\"ReadAction\",\"target\":[\"https:\/\/urban-vitamin.com\/fr\/produit\/ecouteurs-sans-fil-enc-en-abs-rcs-long-beach-noir\/\"]}]},{\"@type\":\"ImageObject\",\"inLanguage\":\"fr-FR\",\"@id\":\"https:\/\/urban-vitamin.com\/fr\/produit\/ecouteurs-sans-fil-enc-en-abs-rcs-long-beach-noir\/#primaryimage\",\"url\":\"https:\/\/urban-vitamin.com\/wp-content\/uploads\/sites\/5\/2025\/02\/P331.5601__S_0__2d8a9028a0c34affa25c3778ab6822f6.jpg\",\"contentUrl\":\"https:\/\/urban-vitamin.com\/wp-content\/uploads\/sites\/5\/2025\/02\/P331.5601__S_0__2d8a9028a0c34affa25c3778ab6822f6.jpg\",\"width\":1024,\"height\":1024},{\"@type\":\"BreadcrumbList\",\"@id\":\"https:\/\/urban-vitamin.com\/fr\/produit\/ecouteurs-sans-fil-enc-en-abs-rcs-long-beach-noir\/#breadcrumb\",\"itemListElement\":[{\"@type\":\"ListItem\",\"position\":1,\"name\":\"Home\",\"item\":\"https:\/\/urban-vitamin.com\/fr\/\"},{\"@type\":\"ListItem\",\"position\":2,\"name\":\"Collection\",\"item\":\"https:\/\/urban-vitamin.com\/fr\/collection\/\"},{\"@type\":\"ListItem\",\"position\":3,\"name\":\"Ecouteurs sans fil ENC en ABS RCS Long Beach, noir\"}]},{\"@type\":\"WebSite\",\"@id\":\"https:\/\/urban-vitamin.com\/fr\/#website\",\"url\":\"https:\/\/urban-vitamin.com\/fr\/\",\"name\":\"Urban Vitamin\",\"description\":\"Enjoy your daily dose of Urban Vitamin!\",\"potentialAction\":[{\"@type\":\"SearchAction\",\"target\":{\"@type\":\"EntryPoint\",\"urlTemplate\":\"https:\/\/urban-vitamin.com\/fr\/?s={search_term_string}\"},\"query-input\":{\"@type\":\"PropertyValueSpecification\",\"valueRequired\":true,\"valueName\":\"search_term_string\"}}],\"inLanguage\":\"fr-FR\"}]}<\/script>\n<!-- \/ Yoast SEO plugin. -->","yoast_head_json":{"title":"Ecouteurs sans fil ENC en ABS RCS Long Beach, noir - Urban Vitamin","robots":{"index":"index","follow":"follow","max-snippet":"max-snippet:-1","max-image-preview":"max-image-preview:large","max-video-preview":"max-video-preview:-1"},"canonical":"https:\/\/urban-vitamin.com\/fr\/produit\/ecouteurs-sans-fil-enc-en-abs-rcs-long-beach-noir\/","og_locale":"fr_FR","og_type":"article","og_title":"Ecouteurs sans fil ENC en ABS RCS Long Beach, noir - Urban Vitamin","og_description":"D\u00e9couvrez une nouvelle g\u00e9n\u00e9ration d&rsquo;\u00e9couteurs \u00e9l\u00e9gants avec les \u00e9couteurs sans fil ouverts Long Beach. Ces \u00e9couteurs ne s&rsquo;ins\u00e8rent pas dans l&rsquo;oreille, mais s&rsquo;y accrochent pour rester parfaitement en place. Vous pouvez ainsi profiter de votre musique pr\u00e9f\u00e9r\u00e9e tout en entendant le monde qui vous entoure. \u00c9coutez la musique et la vie en m\u00eame temps dans [&hellip;]","og_url":"https:\/\/urban-vitamin.com\/fr\/produit\/ecouteurs-sans-fil-enc-en-abs-rcs-long-beach-noir\/","og_site_name":"Urban Vitamin","article_modified_time":"2026-03-12T01:48:11+00:00","og_image":[{"width":1024,"height":1024,"url":"https:\/\/urban-vitamin.com\/wp-content\/uploads\/sites\/5\/2025\/02\/P331.5601__S_0__2d8a9028a0c34affa25c3778ab6822f6.jpg","type":"image\/jpeg"}],"twitter_card":"summary_large_image","twitter_misc":{"Dur\u00e9e de lecture estim\u00e9e":"1 minute"},"schema":{"@context":"https:\/\/schema.org","@graph":[{"@type":"WebPage","@id":"https:\/\/urban-vitamin.com\/fr\/produit\/ecouteurs-sans-fil-enc-en-abs-rcs-long-beach-noir\/","url":"https:\/\/urban-vitamin.com\/fr\/produit\/ecouteurs-sans-fil-enc-en-abs-rcs-long-beach-noir\/","name":"Ecouteurs sans fil ENC en ABS RCS Long Beach, noir - Urban Vitamin","isPartOf":{"@id":"https:\/\/urban-vitamin.com\/fr\/#website"},"primaryImageOfPage":{"@id":"https:\/\/urban-vitamin.com\/fr\/produit\/ecouteurs-sans-fil-enc-en-abs-rcs-long-beach-noir\/#primaryimage"},"image":{"@id":"https:\/\/urban-vitamin.com\/fr\/produit\/ecouteurs-sans-fil-enc-en-abs-rcs-long-beach-noir\/#primaryimage"},"thumbnailUrl":"https:\/\/urban-vitamin.com\/wp-content\/uploads\/sites\/5\/2025\/02\/P331.5601__S_0__2d8a9028a0c34affa25c3778ab6822f6.jpg","datePublished":"2026-03-12T01:08:40+00:00","dateModified":"2026-03-12T01:48:11+00:00","breadcrumb":{"@id":"https:\/\/urban-vitamin.com\/fr\/produit\/ecouteurs-sans-fil-enc-en-abs-rcs-long-beach-noir\/#breadcrumb"},"inLanguage":"fr-FR","potentialAction":[{"@type":"ReadAction","target":["https:\/\/urban-vitamin.com\/fr\/produit\/ecouteurs-sans-fil-enc-en-abs-rcs-long-beach-noir\/"]}]},{"@type":"ImageObject","inLanguage":"fr-FR","@id":"https:\/\/urban-vitamin.com\/fr\/produit\/ecouteurs-sans-fil-enc-en-abs-rcs-long-beach-noir\/#primaryimage","url":"https:\/\/urban-vitamin.com\/wp-content\/uploads\/sites\/5\/2025\/02\/P331.5601__S_0__2d8a9028a0c34affa25c3778ab6822f6.jpg","contentUrl":"https:\/\/urban-vitamin.com\/wp-content\/uploads\/sites\/5\/2025\/02\/P331.5601__S_0__2d8a9028a0c34affa25c3778ab6822f6.jpg","width":1024,"height":1024},{"@type":"BreadcrumbList","@id":"https:\/\/urban-vitamin.com\/fr\/produit\/ecouteurs-sans-fil-enc-en-abs-rcs-long-beach-noir\/#breadcrumb","itemListElement":[{"@type":"ListItem","position":1,"name":"Home","item":"https:\/\/urban-vitamin.com\/fr\/"},{"@type":"ListItem","position":2,"name":"Collection","item":"https:\/\/urban-vitamin.com\/fr\/collection\/"},{"@type":"ListItem","position":3,"name":"Ecouteurs sans fil ENC en ABS RCS Long Beach, noir"}]},{"@type":"WebSite","@id":"https:\/\/urban-vitamin.com\/fr\/#website","url":"https:\/\/urban-vitamin.com\/fr\/","name":"Urban Vitamin","description":"Enjoy your daily dose of Urban Vitamin!","potentialAction":[{"@type":"SearchAction","target":{"@type":"EntryPoint","urlTemplate":"https:\/\/urban-vitamin.com\/fr\/?s={search_term_string}"},"query-input":{"@type":"PropertyValueSpecification","valueRequired":true,"valueName":"search_term_string"}}],"inLanguage":"fr-FR"}]}},"_links":{"self":[{"href":"https:\/\/urban-vitamin.com\/fr\/wp-json\/wp\/v2\/product\/22131","targetHints":{"allow":["GET"]}}],"collection":[{"href":"https:\/\/urban-vitamin.com\/fr\/wp-json\/wp\/v2\/product"}],"about":[{"href":"https:\/\/urban-vitamin.com\/fr\/wp-json\/wp\/v2\/types\/product"}],"replies":[{"embeddable":true,"href":"https:\/\/urban-vitamin.com\/fr\/wp-json\/wp\/v2\/comments?post=22131"}],"wp:featuredmedia":[{"embeddable":true,"href":"https:\/\/urban-vitamin.com\/fr\/wp-json\/wp\/v2\/media\/23366"}],"wp:attachment":[{"href":"https:\/\/urban-vitamin.com\/fr\/wp-json\/wp\/v2\/media?parent=22131"}],"wp:term":[{"taxonomy":"product_cat","embeddable":true,"href":"https:\/\/urban-vitamin.com\/fr\/wp-json\/wp\/v2\/product_cat?post=22131"},{"taxonomy":"product_tag","embeddable":true,"href":"https:\/\/urban-vitamin.com\/fr\/wp-json\/wp\/v2\/product_tag?post=22131"}],"curies":[{"name":"wp","href":"https:\/\/api.w.org\/{rel}","templated":true}]}}