{"id":22130,"date":"2026-03-12T01:08:06","date_gmt":"2026-03-12T01:08:06","guid":{"rendered":"https:\/\/urban-vitamin.com\/powerbank-20-000mah-20w-en-abs-rcs-menlo-park-noir\/"},"modified":"2026-03-12T01:46:48","modified_gmt":"2026-03-12T01:46:48","slug":"powerbank-20-000mah-20w-en-abs-rcs-menlo-park-noir","status":"publish","type":"product","link":"https:\/\/urban-vitamin.com\/fr\/produit\/powerbank-20-000mah-20w-en-abs-rcs-menlo-park-noir\/","title":{"rendered":"Powerbank 20.000mAh\/20W en ABS RCS Menlo Park, noir"},"content":{"rendered":"<p>D\u00e9couvrez la nouvelle norme en mati\u00e8re de charge portable. Menlo Park est un powerbank de 20.000 mAh qui vous permet de charger tous vos appareils mobiles \u00e0 la vitesse maximale. Menlo Park ne se contente pas de charger \u00e0 grande vitesse, il offre \u00e9galement le moyen le plus rapide de recharger le powerbank. Menlo Park est dot\u00e9 d&rsquo;une double sortie USB qui vous permet de recharger deux appareils en m\u00eame temps. L&rsquo;un via le port de type C et l&rsquo;autre \u00e0 l&rsquo;aide d&rsquo;un c\u00e2ble de type C. Les deux offrent une charge PD ultra-rapide jusqu&rsquo;\u00e0 20W. Menlo Park est fabriqu\u00e9 \u00e0 partir d&rsquo;ABS et de PC recycl\u00e9s certifi\u00e9s RCS (Recycled Claim Standard). Contenu recycl\u00e9 total : 20 % sur la base du poids total de l&rsquo;article. Les articles Urban Vitamin sont fabriqu\u00e9s sans PVC et emball\u00e9s dans des emballages \u00e0 teneur r\u00e9duite en plastique.<\/p>\n","protected":false},"excerpt":{"rendered":"<p>D\u00e9couvrez la nouvelle norme en mati\u00e8re de charge portable. Menlo Park est un powerbank de 20.000 mAh qui vous permet de charger tous vos appareils mobiles \u00e0 la vitesse maximale. Menlo Park ne se contente pas de charger \u00e0 grande vitesse, il offre \u00e9galement le moyen le plus rapide de recharger le powerbank. Menlo Park [&hellip;]<\/p>\n","protected":false},"featured_media":23359,"comment_status":"closed","ping_status":"closed","template":"","meta":{"_acf_changed":false,"om_disable_all_campaigns":false},"product_cat":[63],"product_tag":[],"class_list":["post-22130","product","type-product","status-publish","has-post-thumbnail","hentry","product_cat-powerbanks-fr","pa_color-black"],"acf":[],"yoast_head":"<!-- This site is optimized with the Yoast SEO plugin v27.0 - https:\/\/yoast.com\/product\/yoast-seo-wordpress\/ -->\n<title>Powerbank 20.000mAh\/20W en ABS RCS Menlo Park, noir - Urban Vitamin<\/title>\n<meta name=\"robots\" content=\"index, follow, max-snippet:-1, max-image-preview:large, max-video-preview:-1\" \/>\n<link rel=\"canonical\" href=\"https:\/\/urban-vitamin.com\/fr\/produit\/powerbank-20-000mah-20w-en-abs-rcs-menlo-park-noir\/\" \/>\n<meta property=\"og:locale\" content=\"fr_FR\" \/>\n<meta property=\"og:type\" content=\"article\" \/>\n<meta property=\"og:title\" content=\"Powerbank 20.000mAh\/20W en ABS RCS Menlo Park, noir - Urban Vitamin\" \/>\n<meta property=\"og:description\" content=\"D\u00e9couvrez la nouvelle norme en mati\u00e8re de charge portable. Menlo Park est un powerbank de 20.000 mAh qui vous permet de charger tous vos appareils mobiles \u00e0 la vitesse maximale. Menlo Park ne se contente pas de charger \u00e0 grande vitesse, il offre \u00e9galement le moyen le plus rapide de recharger le powerbank. Menlo Park [&hellip;]\" \/>\n<meta property=\"og:url\" content=\"https:\/\/urban-vitamin.com\/fr\/produit\/powerbank-20-000mah-20w-en-abs-rcs-menlo-park-noir\/\" \/>\n<meta property=\"og:site_name\" content=\"Urban Vitamin\" \/>\n<meta property=\"article:modified_time\" content=\"2026-03-12T01:46:48+00:00\" \/>\n<meta property=\"og:image\" content=\"https:\/\/urban-vitamin.com\/wp-content\/uploads\/sites\/5\/2025\/02\/P322.8801__S_0__a0af84d8d40041d18ab35029cfaf621a.jpg\" \/>\n\t<meta property=\"og:image:width\" content=\"1024\" \/>\n\t<meta property=\"og:image:height\" content=\"1024\" \/>\n\t<meta property=\"og:image:type\" content=\"image\/jpeg\" \/>\n<meta name=\"twitter:card\" content=\"summary_large_image\" \/>\n<meta name=\"twitter:label1\" content=\"Dur\u00e9e de lecture estim\u00e9e\" \/>\n\t<meta name=\"twitter:data1\" content=\"1 minute\" \/>\n<script type=\"application\/ld+json\" class=\"yoast-schema-graph\">{\"@context\":\"https:\/\/schema.org\",\"@graph\":[{\"@type\":\"WebPage\",\"@id\":\"https:\/\/urban-vitamin.com\/fr\/produit\/powerbank-20-000mah-20w-en-abs-rcs-menlo-park-noir\/\",\"url\":\"https:\/\/urban-vitamin.com\/fr\/produit\/powerbank-20-000mah-20w-en-abs-rcs-menlo-park-noir\/\",\"name\":\"Powerbank 20.000mAh\/20W en ABS RCS Menlo Park, noir - Urban Vitamin\",\"isPartOf\":{\"@id\":\"https:\/\/urban-vitamin.com\/fr\/#website\"},\"primaryImageOfPage\":{\"@id\":\"https:\/\/urban-vitamin.com\/fr\/produit\/powerbank-20-000mah-20w-en-abs-rcs-menlo-park-noir\/#primaryimage\"},\"image\":{\"@id\":\"https:\/\/urban-vitamin.com\/fr\/produit\/powerbank-20-000mah-20w-en-abs-rcs-menlo-park-noir\/#primaryimage\"},\"thumbnailUrl\":\"https:\/\/urban-vitamin.com\/wp-content\/uploads\/sites\/5\/2025\/02\/P322.8801__S_0__a0af84d8d40041d18ab35029cfaf621a.jpg\",\"datePublished\":\"2026-03-12T01:08:06+00:00\",\"dateModified\":\"2026-03-12T01:46:48+00:00\",\"breadcrumb\":{\"@id\":\"https:\/\/urban-vitamin.com\/fr\/produit\/powerbank-20-000mah-20w-en-abs-rcs-menlo-park-noir\/#breadcrumb\"},\"inLanguage\":\"fr-FR\",\"potentialAction\":[{\"@type\":\"ReadAction\",\"target\":[\"https:\/\/urban-vitamin.com\/fr\/produit\/powerbank-20-000mah-20w-en-abs-rcs-menlo-park-noir\/\"]}]},{\"@type\":\"ImageObject\",\"inLanguage\":\"fr-FR\",\"@id\":\"https:\/\/urban-vitamin.com\/fr\/produit\/powerbank-20-000mah-20w-en-abs-rcs-menlo-park-noir\/#primaryimage\",\"url\":\"https:\/\/urban-vitamin.com\/wp-content\/uploads\/sites\/5\/2025\/02\/P322.8801__S_0__a0af84d8d40041d18ab35029cfaf621a.jpg\",\"contentUrl\":\"https:\/\/urban-vitamin.com\/wp-content\/uploads\/sites\/5\/2025\/02\/P322.8801__S_0__a0af84d8d40041d18ab35029cfaf621a.jpg\",\"width\":1024,\"height\":1024},{\"@type\":\"BreadcrumbList\",\"@id\":\"https:\/\/urban-vitamin.com\/fr\/produit\/powerbank-20-000mah-20w-en-abs-rcs-menlo-park-noir\/#breadcrumb\",\"itemListElement\":[{\"@type\":\"ListItem\",\"position\":1,\"name\":\"Home\",\"item\":\"https:\/\/urban-vitamin.com\/fr\/\"},{\"@type\":\"ListItem\",\"position\":2,\"name\":\"Collection\",\"item\":\"https:\/\/urban-vitamin.com\/fr\/collection\/\"},{\"@type\":\"ListItem\",\"position\":3,\"name\":\"Powerbank 20.000mAh\/20W en ABS RCS Menlo Park, noir\"}]},{\"@type\":\"WebSite\",\"@id\":\"https:\/\/urban-vitamin.com\/fr\/#website\",\"url\":\"https:\/\/urban-vitamin.com\/fr\/\",\"name\":\"Urban Vitamin\",\"description\":\"Enjoy your daily dose of Urban Vitamin!\",\"potentialAction\":[{\"@type\":\"SearchAction\",\"target\":{\"@type\":\"EntryPoint\",\"urlTemplate\":\"https:\/\/urban-vitamin.com\/fr\/?s={search_term_string}\"},\"query-input\":{\"@type\":\"PropertyValueSpecification\",\"valueRequired\":true,\"valueName\":\"search_term_string\"}}],\"inLanguage\":\"fr-FR\"}]}<\/script>\n<!-- \/ Yoast SEO plugin. -->","yoast_head_json":{"title":"Powerbank 20.000mAh\/20W en ABS RCS Menlo Park, noir - Urban Vitamin","robots":{"index":"index","follow":"follow","max-snippet":"max-snippet:-1","max-image-preview":"max-image-preview:large","max-video-preview":"max-video-preview:-1"},"canonical":"https:\/\/urban-vitamin.com\/fr\/produit\/powerbank-20-000mah-20w-en-abs-rcs-menlo-park-noir\/","og_locale":"fr_FR","og_type":"article","og_title":"Powerbank 20.000mAh\/20W en ABS RCS Menlo Park, noir - Urban Vitamin","og_description":"D\u00e9couvrez la nouvelle norme en mati\u00e8re de charge portable. Menlo Park est un powerbank de 20.000 mAh qui vous permet de charger tous vos appareils mobiles \u00e0 la vitesse maximale. Menlo Park ne se contente pas de charger \u00e0 grande vitesse, il offre \u00e9galement le moyen le plus rapide de recharger le powerbank. Menlo Park [&hellip;]","og_url":"https:\/\/urban-vitamin.com\/fr\/produit\/powerbank-20-000mah-20w-en-abs-rcs-menlo-park-noir\/","og_site_name":"Urban Vitamin","article_modified_time":"2026-03-12T01:46:48+00:00","og_image":[{"width":1024,"height":1024,"url":"https:\/\/urban-vitamin.com\/wp-content\/uploads\/sites\/5\/2025\/02\/P322.8801__S_0__a0af84d8d40041d18ab35029cfaf621a.jpg","type":"image\/jpeg"}],"twitter_card":"summary_large_image","twitter_misc":{"Dur\u00e9e de lecture estim\u00e9e":"1 minute"},"schema":{"@context":"https:\/\/schema.org","@graph":[{"@type":"WebPage","@id":"https:\/\/urban-vitamin.com\/fr\/produit\/powerbank-20-000mah-20w-en-abs-rcs-menlo-park-noir\/","url":"https:\/\/urban-vitamin.com\/fr\/produit\/powerbank-20-000mah-20w-en-abs-rcs-menlo-park-noir\/","name":"Powerbank 20.000mAh\/20W en ABS RCS Menlo Park, noir - Urban Vitamin","isPartOf":{"@id":"https:\/\/urban-vitamin.com\/fr\/#website"},"primaryImageOfPage":{"@id":"https:\/\/urban-vitamin.com\/fr\/produit\/powerbank-20-000mah-20w-en-abs-rcs-menlo-park-noir\/#primaryimage"},"image":{"@id":"https:\/\/urban-vitamin.com\/fr\/produit\/powerbank-20-000mah-20w-en-abs-rcs-menlo-park-noir\/#primaryimage"},"thumbnailUrl":"https:\/\/urban-vitamin.com\/wp-content\/uploads\/sites\/5\/2025\/02\/P322.8801__S_0__a0af84d8d40041d18ab35029cfaf621a.jpg","datePublished":"2026-03-12T01:08:06+00:00","dateModified":"2026-03-12T01:46:48+00:00","breadcrumb":{"@id":"https:\/\/urban-vitamin.com\/fr\/produit\/powerbank-20-000mah-20w-en-abs-rcs-menlo-park-noir\/#breadcrumb"},"inLanguage":"fr-FR","potentialAction":[{"@type":"ReadAction","target":["https:\/\/urban-vitamin.com\/fr\/produit\/powerbank-20-000mah-20w-en-abs-rcs-menlo-park-noir\/"]}]},{"@type":"ImageObject","inLanguage":"fr-FR","@id":"https:\/\/urban-vitamin.com\/fr\/produit\/powerbank-20-000mah-20w-en-abs-rcs-menlo-park-noir\/#primaryimage","url":"https:\/\/urban-vitamin.com\/wp-content\/uploads\/sites\/5\/2025\/02\/P322.8801__S_0__a0af84d8d40041d18ab35029cfaf621a.jpg","contentUrl":"https:\/\/urban-vitamin.com\/wp-content\/uploads\/sites\/5\/2025\/02\/P322.8801__S_0__a0af84d8d40041d18ab35029cfaf621a.jpg","width":1024,"height":1024},{"@type":"BreadcrumbList","@id":"https:\/\/urban-vitamin.com\/fr\/produit\/powerbank-20-000mah-20w-en-abs-rcs-menlo-park-noir\/#breadcrumb","itemListElement":[{"@type":"ListItem","position":1,"name":"Home","item":"https:\/\/urban-vitamin.com\/fr\/"},{"@type":"ListItem","position":2,"name":"Collection","item":"https:\/\/urban-vitamin.com\/fr\/collection\/"},{"@type":"ListItem","position":3,"name":"Powerbank 20.000mAh\/20W en ABS RCS Menlo Park, noir"}]},{"@type":"WebSite","@id":"https:\/\/urban-vitamin.com\/fr\/#website","url":"https:\/\/urban-vitamin.com\/fr\/","name":"Urban Vitamin","description":"Enjoy your daily dose of Urban Vitamin!","potentialAction":[{"@type":"SearchAction","target":{"@type":"EntryPoint","urlTemplate":"https:\/\/urban-vitamin.com\/fr\/?s={search_term_string}"},"query-input":{"@type":"PropertyValueSpecification","valueRequired":true,"valueName":"search_term_string"}}],"inLanguage":"fr-FR"}]}},"_links":{"self":[{"href":"https:\/\/urban-vitamin.com\/fr\/wp-json\/wp\/v2\/product\/22130","targetHints":{"allow":["GET"]}}],"collection":[{"href":"https:\/\/urban-vitamin.com\/fr\/wp-json\/wp\/v2\/product"}],"about":[{"href":"https:\/\/urban-vitamin.com\/fr\/wp-json\/wp\/v2\/types\/product"}],"replies":[{"embeddable":true,"href":"https:\/\/urban-vitamin.com\/fr\/wp-json\/wp\/v2\/comments?post=22130"}],"wp:featuredmedia":[{"embeddable":true,"href":"https:\/\/urban-vitamin.com\/fr\/wp-json\/wp\/v2\/media\/23359"}],"wp:attachment":[{"href":"https:\/\/urban-vitamin.com\/fr\/wp-json\/wp\/v2\/media?parent=22130"}],"wp:term":[{"taxonomy":"product_cat","embeddable":true,"href":"https:\/\/urban-vitamin.com\/fr\/wp-json\/wp\/v2\/product_cat?post=22130"},{"taxonomy":"product_tag","embeddable":true,"href":"https:\/\/urban-vitamin.com\/fr\/wp-json\/wp\/v2\/product_tag?post=22130"}],"curies":[{"name":"wp","href":"https:\/\/api.w.org\/{rel}","templated":true}]}}