{"id":22128,"date":"2026-03-12T01:06:22","date_gmt":"2026-03-12T01:06:22","guid":{"rendered":"https:\/\/urban-vitamin.com\/chargeur-3-en-1-magnetique-15w-torrance-noir\/"},"modified":"2026-03-12T01:46:19","modified_gmt":"2026-03-12T01:46:19","slug":"chargeur-3-en-1-magnetique-15w-torrance-noir","status":"publish","type":"product","link":"https:\/\/urban-vitamin.com\/fr\/produit\/chargeur-3-en-1-magnetique-15w-torrance-noir\/","title":{"rendered":"Chargeur 3 en 1 magn\u00e9tique 15W  Torrance, noir"},"content":{"rendered":"<p>Chargeur magn\u00e9tique ultra-rapide de 15 qui peut \u00eatre utilis\u00e9 comme support pour charger les t\u00e9l\u00e9phones \u00e0 chargement magn\u00e9tique ou \u00e0 plat pour tout autre t\u00e9l\u00e9phone sans fil. Utilisez le socle de charge central de 5 W pour charger un deuxi\u00e8me t\u00e9l\u00e9phone ou des \u00e9couteurs. Enfin, le chargeur de montre permet de recharger les derni\u00e8res g\u00e9n\u00e9rations d&rsquo;iWatch. Torrance est livr\u00e9 avec un c\u00e2ble TPE recycl\u00e9 de 120 cm pour une installation facile sur votre bureau ou votre table de chevet. Il suffit de le connecter \u00e0 une source d&rsquo;alimentation \u00e0 charge rapide (minimum 9V\/2A) pour d\u00e9marrer. Torrance est fabriqu\u00e9 en ABS recycl\u00e9 certifi\u00e9 RCS (Recycled Claim Standard). Contenu recycl\u00e9 total : 37 % sur la base du poids total de l&rsquo;article. Les articles Urban Vitamin sont fabriqu\u00e9s sans PVC et emball\u00e9s dans des emballages \u00e0 teneur r\u00e9duite en plastique.<\/p>\n","protected":false},"excerpt":{"rendered":"<p>Chargeur magn\u00e9tique ultra-rapide de 15 qui peut \u00eatre utilis\u00e9 comme support pour charger les t\u00e9l\u00e9phones \u00e0 chargement magn\u00e9tique ou \u00e0 plat pour tout autre t\u00e9l\u00e9phone sans fil. Utilisez le socle de charge central de 5 W pour charger un deuxi\u00e8me t\u00e9l\u00e9phone ou des \u00e9couteurs. Enfin, le chargeur de montre permet de recharger les derni\u00e8res g\u00e9n\u00e9rations [&hellip;]<\/p>\n","protected":false},"featured_media":23345,"comment_status":"closed","ping_status":"closed","template":"","meta":{"_acf_changed":false,"om_disable_all_campaigns":false},"product_cat":[64],"product_tag":[],"class_list":["post-22128","product","type-product","status-publish","has-post-thumbnail","hentry","product_cat-chargeurs","pa_color-black"],"acf":[],"yoast_head":"<!-- This site is optimized with the Yoast SEO plugin v27.0 - https:\/\/yoast.com\/product\/yoast-seo-wordpress\/ -->\n<title>Chargeur 3 en 1 magn\u00e9tique 15W Torrance, noir - Urban Vitamin<\/title>\n<meta name=\"robots\" content=\"index, follow, max-snippet:-1, max-image-preview:large, max-video-preview:-1\" \/>\n<link rel=\"canonical\" href=\"https:\/\/urban-vitamin.com\/fr\/produit\/chargeur-3-en-1-magnetique-15w-torrance-noir\/\" \/>\n<meta property=\"og:locale\" content=\"fr_FR\" \/>\n<meta property=\"og:type\" content=\"article\" \/>\n<meta property=\"og:title\" content=\"Chargeur 3 en 1 magn\u00e9tique 15W Torrance, noir - Urban Vitamin\" \/>\n<meta property=\"og:description\" content=\"Chargeur magn\u00e9tique ultra-rapide de 15 qui peut \u00eatre utilis\u00e9 comme support pour charger les t\u00e9l\u00e9phones \u00e0 chargement magn\u00e9tique ou \u00e0 plat pour tout autre t\u00e9l\u00e9phone sans fil. Utilisez le socle de charge central de 5 W pour charger un deuxi\u00e8me t\u00e9l\u00e9phone ou des \u00e9couteurs. Enfin, le chargeur de montre permet de recharger les derni\u00e8res g\u00e9n\u00e9rations [&hellip;]\" \/>\n<meta property=\"og:url\" content=\"https:\/\/urban-vitamin.com\/fr\/produit\/chargeur-3-en-1-magnetique-15w-torrance-noir\/\" \/>\n<meta property=\"og:site_name\" content=\"Urban Vitamin\" \/>\n<meta property=\"article:modified_time\" content=\"2026-03-12T01:46:19+00:00\" \/>\n<meta property=\"og:image\" content=\"https:\/\/urban-vitamin.com\/wp-content\/uploads\/sites\/5\/2025\/02\/P309.5001__S_0__4408df0962104331a5cef513a00424ff.jpg\" \/>\n\t<meta property=\"og:image:width\" content=\"1024\" \/>\n\t<meta property=\"og:image:height\" content=\"1024\" \/>\n\t<meta property=\"og:image:type\" content=\"image\/jpeg\" \/>\n<meta name=\"twitter:card\" content=\"summary_large_image\" \/>\n<meta name=\"twitter:label1\" content=\"Dur\u00e9e de lecture estim\u00e9e\" \/>\n\t<meta name=\"twitter:data1\" content=\"1 minute\" \/>\n<script type=\"application\/ld+json\" class=\"yoast-schema-graph\">{\"@context\":\"https:\/\/schema.org\",\"@graph\":[{\"@type\":\"WebPage\",\"@id\":\"https:\/\/urban-vitamin.com\/fr\/produit\/chargeur-3-en-1-magnetique-15w-torrance-noir\/\",\"url\":\"https:\/\/urban-vitamin.com\/fr\/produit\/chargeur-3-en-1-magnetique-15w-torrance-noir\/\",\"name\":\"Chargeur 3 en 1 magn\u00e9tique 15W Torrance, noir - Urban Vitamin\",\"isPartOf\":{\"@id\":\"https:\/\/urban-vitamin.com\/fr\/#website\"},\"primaryImageOfPage\":{\"@id\":\"https:\/\/urban-vitamin.com\/fr\/produit\/chargeur-3-en-1-magnetique-15w-torrance-noir\/#primaryimage\"},\"image\":{\"@id\":\"https:\/\/urban-vitamin.com\/fr\/produit\/chargeur-3-en-1-magnetique-15w-torrance-noir\/#primaryimage\"},\"thumbnailUrl\":\"https:\/\/urban-vitamin.com\/wp-content\/uploads\/sites\/5\/2025\/02\/P309.5001__S_0__4408df0962104331a5cef513a00424ff.jpg\",\"datePublished\":\"2026-03-12T01:06:22+00:00\",\"dateModified\":\"2026-03-12T01:46:19+00:00\",\"breadcrumb\":{\"@id\":\"https:\/\/urban-vitamin.com\/fr\/produit\/chargeur-3-en-1-magnetique-15w-torrance-noir\/#breadcrumb\"},\"inLanguage\":\"fr-FR\",\"potentialAction\":[{\"@type\":\"ReadAction\",\"target\":[\"https:\/\/urban-vitamin.com\/fr\/produit\/chargeur-3-en-1-magnetique-15w-torrance-noir\/\"]}]},{\"@type\":\"ImageObject\",\"inLanguage\":\"fr-FR\",\"@id\":\"https:\/\/urban-vitamin.com\/fr\/produit\/chargeur-3-en-1-magnetique-15w-torrance-noir\/#primaryimage\",\"url\":\"https:\/\/urban-vitamin.com\/wp-content\/uploads\/sites\/5\/2025\/02\/P309.5001__S_0__4408df0962104331a5cef513a00424ff.jpg\",\"contentUrl\":\"https:\/\/urban-vitamin.com\/wp-content\/uploads\/sites\/5\/2025\/02\/P309.5001__S_0__4408df0962104331a5cef513a00424ff.jpg\",\"width\":1024,\"height\":1024},{\"@type\":\"BreadcrumbList\",\"@id\":\"https:\/\/urban-vitamin.com\/fr\/produit\/chargeur-3-en-1-magnetique-15w-torrance-noir\/#breadcrumb\",\"itemListElement\":[{\"@type\":\"ListItem\",\"position\":1,\"name\":\"Home\",\"item\":\"https:\/\/urban-vitamin.com\/fr\/\"},{\"@type\":\"ListItem\",\"position\":2,\"name\":\"Collection\",\"item\":\"https:\/\/urban-vitamin.com\/fr\/collection\/\"},{\"@type\":\"ListItem\",\"position\":3,\"name\":\"Chargeur 3 en 1 magn\u00e9tique 15W Torrance, noir\"}]},{\"@type\":\"WebSite\",\"@id\":\"https:\/\/urban-vitamin.com\/fr\/#website\",\"url\":\"https:\/\/urban-vitamin.com\/fr\/\",\"name\":\"Urban Vitamin\",\"description\":\"Enjoy your daily dose of Urban Vitamin!\",\"potentialAction\":[{\"@type\":\"SearchAction\",\"target\":{\"@type\":\"EntryPoint\",\"urlTemplate\":\"https:\/\/urban-vitamin.com\/fr\/?s={search_term_string}\"},\"query-input\":{\"@type\":\"PropertyValueSpecification\",\"valueRequired\":true,\"valueName\":\"search_term_string\"}}],\"inLanguage\":\"fr-FR\"}]}<\/script>\n<!-- \/ Yoast SEO plugin. -->","yoast_head_json":{"title":"Chargeur 3 en 1 magn\u00e9tique 15W Torrance, noir - Urban Vitamin","robots":{"index":"index","follow":"follow","max-snippet":"max-snippet:-1","max-image-preview":"max-image-preview:large","max-video-preview":"max-video-preview:-1"},"canonical":"https:\/\/urban-vitamin.com\/fr\/produit\/chargeur-3-en-1-magnetique-15w-torrance-noir\/","og_locale":"fr_FR","og_type":"article","og_title":"Chargeur 3 en 1 magn\u00e9tique 15W Torrance, noir - Urban Vitamin","og_description":"Chargeur magn\u00e9tique ultra-rapide de 15 qui peut \u00eatre utilis\u00e9 comme support pour charger les t\u00e9l\u00e9phones \u00e0 chargement magn\u00e9tique ou \u00e0 plat pour tout autre t\u00e9l\u00e9phone sans fil. Utilisez le socle de charge central de 5 W pour charger un deuxi\u00e8me t\u00e9l\u00e9phone ou des \u00e9couteurs. Enfin, le chargeur de montre permet de recharger les derni\u00e8res g\u00e9n\u00e9rations [&hellip;]","og_url":"https:\/\/urban-vitamin.com\/fr\/produit\/chargeur-3-en-1-magnetique-15w-torrance-noir\/","og_site_name":"Urban Vitamin","article_modified_time":"2026-03-12T01:46:19+00:00","og_image":[{"width":1024,"height":1024,"url":"https:\/\/urban-vitamin.com\/wp-content\/uploads\/sites\/5\/2025\/02\/P309.5001__S_0__4408df0962104331a5cef513a00424ff.jpg","type":"image\/jpeg"}],"twitter_card":"summary_large_image","twitter_misc":{"Dur\u00e9e de lecture estim\u00e9e":"1 minute"},"schema":{"@context":"https:\/\/schema.org","@graph":[{"@type":"WebPage","@id":"https:\/\/urban-vitamin.com\/fr\/produit\/chargeur-3-en-1-magnetique-15w-torrance-noir\/","url":"https:\/\/urban-vitamin.com\/fr\/produit\/chargeur-3-en-1-magnetique-15w-torrance-noir\/","name":"Chargeur 3 en 1 magn\u00e9tique 15W Torrance, noir - Urban Vitamin","isPartOf":{"@id":"https:\/\/urban-vitamin.com\/fr\/#website"},"primaryImageOfPage":{"@id":"https:\/\/urban-vitamin.com\/fr\/produit\/chargeur-3-en-1-magnetique-15w-torrance-noir\/#primaryimage"},"image":{"@id":"https:\/\/urban-vitamin.com\/fr\/produit\/chargeur-3-en-1-magnetique-15w-torrance-noir\/#primaryimage"},"thumbnailUrl":"https:\/\/urban-vitamin.com\/wp-content\/uploads\/sites\/5\/2025\/02\/P309.5001__S_0__4408df0962104331a5cef513a00424ff.jpg","datePublished":"2026-03-12T01:06:22+00:00","dateModified":"2026-03-12T01:46:19+00:00","breadcrumb":{"@id":"https:\/\/urban-vitamin.com\/fr\/produit\/chargeur-3-en-1-magnetique-15w-torrance-noir\/#breadcrumb"},"inLanguage":"fr-FR","potentialAction":[{"@type":"ReadAction","target":["https:\/\/urban-vitamin.com\/fr\/produit\/chargeur-3-en-1-magnetique-15w-torrance-noir\/"]}]},{"@type":"ImageObject","inLanguage":"fr-FR","@id":"https:\/\/urban-vitamin.com\/fr\/produit\/chargeur-3-en-1-magnetique-15w-torrance-noir\/#primaryimage","url":"https:\/\/urban-vitamin.com\/wp-content\/uploads\/sites\/5\/2025\/02\/P309.5001__S_0__4408df0962104331a5cef513a00424ff.jpg","contentUrl":"https:\/\/urban-vitamin.com\/wp-content\/uploads\/sites\/5\/2025\/02\/P309.5001__S_0__4408df0962104331a5cef513a00424ff.jpg","width":1024,"height":1024},{"@type":"BreadcrumbList","@id":"https:\/\/urban-vitamin.com\/fr\/produit\/chargeur-3-en-1-magnetique-15w-torrance-noir\/#breadcrumb","itemListElement":[{"@type":"ListItem","position":1,"name":"Home","item":"https:\/\/urban-vitamin.com\/fr\/"},{"@type":"ListItem","position":2,"name":"Collection","item":"https:\/\/urban-vitamin.com\/fr\/collection\/"},{"@type":"ListItem","position":3,"name":"Chargeur 3 en 1 magn\u00e9tique 15W Torrance, noir"}]},{"@type":"WebSite","@id":"https:\/\/urban-vitamin.com\/fr\/#website","url":"https:\/\/urban-vitamin.com\/fr\/","name":"Urban Vitamin","description":"Enjoy your daily dose of Urban Vitamin!","potentialAction":[{"@type":"SearchAction","target":{"@type":"EntryPoint","urlTemplate":"https:\/\/urban-vitamin.com\/fr\/?s={search_term_string}"},"query-input":{"@type":"PropertyValueSpecification","valueRequired":true,"valueName":"search_term_string"}}],"inLanguage":"fr-FR"}]}},"_links":{"self":[{"href":"https:\/\/urban-vitamin.com\/fr\/wp-json\/wp\/v2\/product\/22128","targetHints":{"allow":["GET"]}}],"collection":[{"href":"https:\/\/urban-vitamin.com\/fr\/wp-json\/wp\/v2\/product"}],"about":[{"href":"https:\/\/urban-vitamin.com\/fr\/wp-json\/wp\/v2\/types\/product"}],"replies":[{"embeddable":true,"href":"https:\/\/urban-vitamin.com\/fr\/wp-json\/wp\/v2\/comments?post=22128"}],"wp:featuredmedia":[{"embeddable":true,"href":"https:\/\/urban-vitamin.com\/fr\/wp-json\/wp\/v2\/media\/23345"}],"wp:attachment":[{"href":"https:\/\/urban-vitamin.com\/fr\/wp-json\/wp\/v2\/media?parent=22128"}],"wp:term":[{"taxonomy":"product_cat","embeddable":true,"href":"https:\/\/urban-vitamin.com\/fr\/wp-json\/wp\/v2\/product_cat?post=22128"},{"taxonomy":"product_tag","embeddable":true,"href":"https:\/\/urban-vitamin.com\/fr\/wp-json\/wp\/v2\/product_tag?post=22128"}],"curies":[{"name":"wp","href":"https:\/\/api.w.org\/{rel}","templated":true}]}}