{"id":22126,"date":"2026-03-12T01:06:04","date_gmt":"2026-03-12T01:06:04","guid":{"rendered":"https:\/\/urban-vitamin.com\/chargeur-20w-gan-en-plastique-rcs-monterey-noir\/"},"modified":"2026-03-12T01:46:10","modified_gmt":"2026-03-12T01:46:10","slug":"chargeur-20w-gan-en-plastique-rcs-monterey-noir","status":"publish","type":"product","link":"https:\/\/urban-vitamin.com\/fr\/produit\/chargeur-20w-gan-en-plastique-rcs-monterey-noir\/","title":{"rendered":"Chargeur 20W GaN en plastique RCS Monterey, noir"},"content":{"rendered":"<p>Voici le meilleur chargeur USB que vous puissiez trouver. Monterey est un chargeur PD GaN de 20 W avec une prise UE, dot\u00e9 d&rsquo;un port de type C ultrarapide et d&rsquo;un port USB A suppl\u00e9mentaire pour une polyvalence optimale. GAN est une nouvelle technologie de charge qui permet une taille beaucoup plus petite pour les adaptateurs puissants, moins de chaleur, donc plus s\u00fbr et une efficacit\u00e9 \u00e9nerg\u00e9tique plus \u00e9lev\u00e9e, donc moins d&rsquo;\u00e9nergie perdue dans le processus de charge.  Monterey est fabriqu\u00e9 en PC recycl\u00e9 ignifug\u00e9 certifi\u00e9 RCS (Recycled Claim Standard). Contenu recycl\u00e9 total : 38 % sur la base du poids total de l&rsquo;article. Les articles Urban Vitamin sont fabriqu\u00e9s sans PVC et emball\u00e9s dans des emballages \u00e0 teneur r\u00e9duite en plastique.<\/p>\n","protected":false},"excerpt":{"rendered":"<p>Voici le meilleur chargeur USB que vous puissiez trouver. Monterey est un chargeur PD GaN de 20 W avec une prise UE, dot\u00e9 d&rsquo;un port de type C ultrarapide et d&rsquo;un port USB A suppl\u00e9mentaire pour une polyvalence optimale. GAN est une nouvelle technologie de charge qui permet une taille beaucoup plus petite pour les [&hellip;]<\/p>\n","protected":false},"featured_media":23324,"comment_status":"closed","ping_status":"closed","template":"","meta":{"_acf_changed":false,"om_disable_all_campaigns":false},"product_cat":[64],"product_tag":[],"class_list":["post-22126","product","type-product","status-publish","has-post-thumbnail","hentry","product_cat-chargeurs","pa_color-black"],"acf":[],"yoast_head":"<!-- This site is optimized with the Yoast SEO plugin v27.0 - https:\/\/yoast.com\/product\/yoast-seo-wordpress\/ -->\n<title>Chargeur 20W GaN en plastique RCS Monterey, noir - Urban Vitamin<\/title>\n<meta name=\"robots\" content=\"index, follow, max-snippet:-1, max-image-preview:large, max-video-preview:-1\" \/>\n<link rel=\"canonical\" href=\"https:\/\/urban-vitamin.com\/fr\/produit\/chargeur-20w-gan-en-plastique-rcs-monterey-noir\/\" \/>\n<meta property=\"og:locale\" content=\"fr_FR\" \/>\n<meta property=\"og:type\" content=\"article\" \/>\n<meta property=\"og:title\" content=\"Chargeur 20W GaN en plastique RCS Monterey, noir - Urban Vitamin\" \/>\n<meta property=\"og:description\" content=\"Voici le meilleur chargeur USB que vous puissiez trouver. Monterey est un chargeur PD GaN de 20 W avec une prise UE, dot\u00e9 d&rsquo;un port de type C ultrarapide et d&rsquo;un port USB A suppl\u00e9mentaire pour une polyvalence optimale. GAN est une nouvelle technologie de charge qui permet une taille beaucoup plus petite pour les [&hellip;]\" \/>\n<meta property=\"og:url\" content=\"https:\/\/urban-vitamin.com\/fr\/produit\/chargeur-20w-gan-en-plastique-rcs-monterey-noir\/\" \/>\n<meta property=\"og:site_name\" content=\"Urban Vitamin\" \/>\n<meta property=\"article:modified_time\" content=\"2026-03-12T01:46:10+00:00\" \/>\n<meta property=\"og:image\" content=\"https:\/\/urban-vitamin.com\/wp-content\/uploads\/sites\/5\/2025\/02\/P301.9701__S_0__3cce3100844042f2b4572e5042b7eae6.jpg\" \/>\n\t<meta property=\"og:image:width\" content=\"1024\" \/>\n\t<meta property=\"og:image:height\" content=\"1024\" \/>\n\t<meta property=\"og:image:type\" content=\"image\/jpeg\" \/>\n<meta name=\"twitter:card\" content=\"summary_large_image\" \/>\n<meta name=\"twitter:label1\" content=\"Dur\u00e9e de lecture estim\u00e9e\" \/>\n\t<meta name=\"twitter:data1\" content=\"1 minute\" \/>\n<script type=\"application\/ld+json\" class=\"yoast-schema-graph\">{\"@context\":\"https:\/\/schema.org\",\"@graph\":[{\"@type\":\"WebPage\",\"@id\":\"https:\/\/urban-vitamin.com\/fr\/produit\/chargeur-20w-gan-en-plastique-rcs-monterey-noir\/\",\"url\":\"https:\/\/urban-vitamin.com\/fr\/produit\/chargeur-20w-gan-en-plastique-rcs-monterey-noir\/\",\"name\":\"Chargeur 20W GaN en plastique RCS Monterey, noir - Urban Vitamin\",\"isPartOf\":{\"@id\":\"https:\/\/urban-vitamin.com\/fr\/#website\"},\"primaryImageOfPage\":{\"@id\":\"https:\/\/urban-vitamin.com\/fr\/produit\/chargeur-20w-gan-en-plastique-rcs-monterey-noir\/#primaryimage\"},\"image\":{\"@id\":\"https:\/\/urban-vitamin.com\/fr\/produit\/chargeur-20w-gan-en-plastique-rcs-monterey-noir\/#primaryimage\"},\"thumbnailUrl\":\"https:\/\/urban-vitamin.com\/wp-content\/uploads\/sites\/5\/2025\/02\/P301.9701__S_0__3cce3100844042f2b4572e5042b7eae6.jpg\",\"datePublished\":\"2026-03-12T01:06:04+00:00\",\"dateModified\":\"2026-03-12T01:46:10+00:00\",\"breadcrumb\":{\"@id\":\"https:\/\/urban-vitamin.com\/fr\/produit\/chargeur-20w-gan-en-plastique-rcs-monterey-noir\/#breadcrumb\"},\"inLanguage\":\"fr-FR\",\"potentialAction\":[{\"@type\":\"ReadAction\",\"target\":[\"https:\/\/urban-vitamin.com\/fr\/produit\/chargeur-20w-gan-en-plastique-rcs-monterey-noir\/\"]}]},{\"@type\":\"ImageObject\",\"inLanguage\":\"fr-FR\",\"@id\":\"https:\/\/urban-vitamin.com\/fr\/produit\/chargeur-20w-gan-en-plastique-rcs-monterey-noir\/#primaryimage\",\"url\":\"https:\/\/urban-vitamin.com\/wp-content\/uploads\/sites\/5\/2025\/02\/P301.9701__S_0__3cce3100844042f2b4572e5042b7eae6.jpg\",\"contentUrl\":\"https:\/\/urban-vitamin.com\/wp-content\/uploads\/sites\/5\/2025\/02\/P301.9701__S_0__3cce3100844042f2b4572e5042b7eae6.jpg\",\"width\":1024,\"height\":1024},{\"@type\":\"BreadcrumbList\",\"@id\":\"https:\/\/urban-vitamin.com\/fr\/produit\/chargeur-20w-gan-en-plastique-rcs-monterey-noir\/#breadcrumb\",\"itemListElement\":[{\"@type\":\"ListItem\",\"position\":1,\"name\":\"Home\",\"item\":\"https:\/\/urban-vitamin.com\/fr\/\"},{\"@type\":\"ListItem\",\"position\":2,\"name\":\"Collection\",\"item\":\"https:\/\/urban-vitamin.com\/fr\/collection\/\"},{\"@type\":\"ListItem\",\"position\":3,\"name\":\"Chargeur 20W GaN en plastique RCS Monterey, noir\"}]},{\"@type\":\"WebSite\",\"@id\":\"https:\/\/urban-vitamin.com\/fr\/#website\",\"url\":\"https:\/\/urban-vitamin.com\/fr\/\",\"name\":\"Urban Vitamin\",\"description\":\"Enjoy your daily dose of Urban Vitamin!\",\"potentialAction\":[{\"@type\":\"SearchAction\",\"target\":{\"@type\":\"EntryPoint\",\"urlTemplate\":\"https:\/\/urban-vitamin.com\/fr\/?s={search_term_string}\"},\"query-input\":{\"@type\":\"PropertyValueSpecification\",\"valueRequired\":true,\"valueName\":\"search_term_string\"}}],\"inLanguage\":\"fr-FR\"}]}<\/script>\n<!-- \/ Yoast SEO plugin. -->","yoast_head_json":{"title":"Chargeur 20W GaN en plastique RCS Monterey, noir - Urban Vitamin","robots":{"index":"index","follow":"follow","max-snippet":"max-snippet:-1","max-image-preview":"max-image-preview:large","max-video-preview":"max-video-preview:-1"},"canonical":"https:\/\/urban-vitamin.com\/fr\/produit\/chargeur-20w-gan-en-plastique-rcs-monterey-noir\/","og_locale":"fr_FR","og_type":"article","og_title":"Chargeur 20W GaN en plastique RCS Monterey, noir - Urban Vitamin","og_description":"Voici le meilleur chargeur USB que vous puissiez trouver. Monterey est un chargeur PD GaN de 20 W avec une prise UE, dot\u00e9 d&rsquo;un port de type C ultrarapide et d&rsquo;un port USB A suppl\u00e9mentaire pour une polyvalence optimale. GAN est une nouvelle technologie de charge qui permet une taille beaucoup plus petite pour les [&hellip;]","og_url":"https:\/\/urban-vitamin.com\/fr\/produit\/chargeur-20w-gan-en-plastique-rcs-monterey-noir\/","og_site_name":"Urban Vitamin","article_modified_time":"2026-03-12T01:46:10+00:00","og_image":[{"width":1024,"height":1024,"url":"https:\/\/urban-vitamin.com\/wp-content\/uploads\/sites\/5\/2025\/02\/P301.9701__S_0__3cce3100844042f2b4572e5042b7eae6.jpg","type":"image\/jpeg"}],"twitter_card":"summary_large_image","twitter_misc":{"Dur\u00e9e de lecture estim\u00e9e":"1 minute"},"schema":{"@context":"https:\/\/schema.org","@graph":[{"@type":"WebPage","@id":"https:\/\/urban-vitamin.com\/fr\/produit\/chargeur-20w-gan-en-plastique-rcs-monterey-noir\/","url":"https:\/\/urban-vitamin.com\/fr\/produit\/chargeur-20w-gan-en-plastique-rcs-monterey-noir\/","name":"Chargeur 20W GaN en plastique RCS Monterey, noir - Urban Vitamin","isPartOf":{"@id":"https:\/\/urban-vitamin.com\/fr\/#website"},"primaryImageOfPage":{"@id":"https:\/\/urban-vitamin.com\/fr\/produit\/chargeur-20w-gan-en-plastique-rcs-monterey-noir\/#primaryimage"},"image":{"@id":"https:\/\/urban-vitamin.com\/fr\/produit\/chargeur-20w-gan-en-plastique-rcs-monterey-noir\/#primaryimage"},"thumbnailUrl":"https:\/\/urban-vitamin.com\/wp-content\/uploads\/sites\/5\/2025\/02\/P301.9701__S_0__3cce3100844042f2b4572e5042b7eae6.jpg","datePublished":"2026-03-12T01:06:04+00:00","dateModified":"2026-03-12T01:46:10+00:00","breadcrumb":{"@id":"https:\/\/urban-vitamin.com\/fr\/produit\/chargeur-20w-gan-en-plastique-rcs-monterey-noir\/#breadcrumb"},"inLanguage":"fr-FR","potentialAction":[{"@type":"ReadAction","target":["https:\/\/urban-vitamin.com\/fr\/produit\/chargeur-20w-gan-en-plastique-rcs-monterey-noir\/"]}]},{"@type":"ImageObject","inLanguage":"fr-FR","@id":"https:\/\/urban-vitamin.com\/fr\/produit\/chargeur-20w-gan-en-plastique-rcs-monterey-noir\/#primaryimage","url":"https:\/\/urban-vitamin.com\/wp-content\/uploads\/sites\/5\/2025\/02\/P301.9701__S_0__3cce3100844042f2b4572e5042b7eae6.jpg","contentUrl":"https:\/\/urban-vitamin.com\/wp-content\/uploads\/sites\/5\/2025\/02\/P301.9701__S_0__3cce3100844042f2b4572e5042b7eae6.jpg","width":1024,"height":1024},{"@type":"BreadcrumbList","@id":"https:\/\/urban-vitamin.com\/fr\/produit\/chargeur-20w-gan-en-plastique-rcs-monterey-noir\/#breadcrumb","itemListElement":[{"@type":"ListItem","position":1,"name":"Home","item":"https:\/\/urban-vitamin.com\/fr\/"},{"@type":"ListItem","position":2,"name":"Collection","item":"https:\/\/urban-vitamin.com\/fr\/collection\/"},{"@type":"ListItem","position":3,"name":"Chargeur 20W GaN en plastique RCS Monterey, noir"}]},{"@type":"WebSite","@id":"https:\/\/urban-vitamin.com\/fr\/#website","url":"https:\/\/urban-vitamin.com\/fr\/","name":"Urban Vitamin","description":"Enjoy your daily dose of Urban Vitamin!","potentialAction":[{"@type":"SearchAction","target":{"@type":"EntryPoint","urlTemplate":"https:\/\/urban-vitamin.com\/fr\/?s={search_term_string}"},"query-input":{"@type":"PropertyValueSpecification","valueRequired":true,"valueName":"search_term_string"}}],"inLanguage":"fr-FR"}]}},"_links":{"self":[{"href":"https:\/\/urban-vitamin.com\/fr\/wp-json\/wp\/v2\/product\/22126","targetHints":{"allow":["GET"]}}],"collection":[{"href":"https:\/\/urban-vitamin.com\/fr\/wp-json\/wp\/v2\/product"}],"about":[{"href":"https:\/\/urban-vitamin.com\/fr\/wp-json\/wp\/v2\/types\/product"}],"replies":[{"embeddable":true,"href":"https:\/\/urban-vitamin.com\/fr\/wp-json\/wp\/v2\/comments?post=22126"}],"wp:featuredmedia":[{"embeddable":true,"href":"https:\/\/urban-vitamin.com\/fr\/wp-json\/wp\/v2\/media\/23324"}],"wp:attachment":[{"href":"https:\/\/urban-vitamin.com\/fr\/wp-json\/wp\/v2\/media?parent=22126"}],"wp:term":[{"taxonomy":"product_cat","embeddable":true,"href":"https:\/\/urban-vitamin.com\/fr\/wp-json\/wp\/v2\/product_cat?post=22126"},{"taxonomy":"product_tag","embeddable":true,"href":"https:\/\/urban-vitamin.com\/fr\/wp-json\/wp\/v2\/product_tag?post=22126"}],"curies":[{"name":"wp","href":"https:\/\/api.w.org\/{rel}","templated":true}]}}