{"id":21229,"date":"2026-03-12T01:06:52","date_gmt":"2026-03-12T01:06:52","guid":{"rendered":"https:\/\/urban-vitamin.com\/powerbank-20w-pd-en-plastique-rcs-urban-vitamin-los-angeles-noir\/"},"modified":"2026-03-12T01:46:42","modified_gmt":"2026-03-12T01:46:42","slug":"powerbank-20w-pd-en-plastique-rcs-los-angeles-noir","status":"publish","type":"product","link":"https:\/\/urban-vitamin.com\/fr\/produit\/powerbank-20w-pd-en-plastique-rcs-los-angeles-noir\/","title":{"rendered":"Powerbank 20W PD en plastique RCS Los Angeles, noir"},"content":{"rendered":"<p>Urban Vitamin Los Angeles est une banque d&rsquo;alimentation l\u00e9g\u00e8re mais puissante de 5000mAh. Avec deux options de charge rapide pour recharger via le connecteur iOS int\u00e9gr\u00e9 (pour iPhone 14 et plus) et la sortie Type-C de pointe, vous pouvez charger votre t\u00e9l\u00e9phone sans avoir besoin d&#8217;emporter de c\u00e2bles ! Vous pouvez m\u00eame recharger deux appareils en m\u00eame temps. Toutes les sorties offrent une charge ultra-rapide de 20 W pour recharger jusqu&rsquo;\u00e0 50 % en moins de 30 minutes. En plus des deux connecteurs int\u00e9gr\u00e9s, l&rsquo;article dispose \u00e9galement d&rsquo;une sortie USB C. Il dispose \u00e9galement d&rsquo;un support int\u00e9gr\u00e9 pour recharger votre t\u00e9l\u00e9phone tout en regardant des films ou en \u00e9coutant de la musique. Fabriqu\u00e9 avec de l&rsquo;ABS recycl\u00e9 RCS et du PC recycl\u00e9, le contenu recycl\u00e9 total est de 24 % sur la base du poids total de l&rsquo;article.Les articles Urban Vitamin sont fabriqu\u00e9s sans PVC et emball\u00e9s dans des emballages \u00e0 teneur r\u00e9duite en plastique.<\/p>\n","protected":false},"excerpt":{"rendered":"<p>Urban Vitamin Los Angeles est une banque d&rsquo;alimentation l\u00e9g\u00e8re mais puissante de 5000mAh. Avec deux options de charge rapide pour recharger via le connecteur iOS int\u00e9gr\u00e9 (pour iPhone 14 et plus) et la sortie Type-C de pointe, vous pouvez charger votre t\u00e9l\u00e9phone sans avoir besoin d&#8217;emporter de c\u00e2bles ! Vous pouvez m\u00eame recharger deux appareils [&hellip;]<\/p>\n","protected":false},"featured_media":22717,"comment_status":"closed","ping_status":"closed","template":"","meta":{"_acf_changed":false,"om_disable_all_campaigns":false},"product_cat":[63],"product_tag":[],"class_list":["post-21229","product","type-product","status-publish","has-post-thumbnail","hentry","product_cat-powerbanks-fr","pa_color-black"],"acf":[],"yoast_head":"<!-- This site is optimized with the Yoast SEO plugin v27.0 - https:\/\/yoast.com\/product\/yoast-seo-wordpress\/ -->\n<title>Powerbank 20W PD en plastique RCS Los Angeles, noir - Urban Vitamin<\/title>\n<meta name=\"robots\" content=\"index, follow, max-snippet:-1, max-image-preview:large, max-video-preview:-1\" \/>\n<link rel=\"canonical\" href=\"https:\/\/urban-vitamin.com\/fr\/produit\/powerbank-20w-pd-en-plastique-rcs-los-angeles-noir\/\" \/>\n<meta property=\"og:locale\" content=\"fr_FR\" \/>\n<meta property=\"og:type\" content=\"article\" \/>\n<meta property=\"og:title\" content=\"Powerbank 20W PD en plastique RCS Los Angeles, noir - Urban Vitamin\" \/>\n<meta property=\"og:description\" content=\"Urban Vitamin Los Angeles est une banque d&rsquo;alimentation l\u00e9g\u00e8re mais puissante de 5000mAh. Avec deux options de charge rapide pour recharger via le connecteur iOS int\u00e9gr\u00e9 (pour iPhone 14 et plus) et la sortie Type-C de pointe, vous pouvez charger votre t\u00e9l\u00e9phone sans avoir besoin d&#8217;emporter de c\u00e2bles ! Vous pouvez m\u00eame recharger deux appareils [&hellip;]\" \/>\n<meta property=\"og:url\" content=\"https:\/\/urban-vitamin.com\/fr\/produit\/powerbank-20w-pd-en-plastique-rcs-los-angeles-noir\/\" \/>\n<meta property=\"og:site_name\" content=\"Urban Vitamin\" \/>\n<meta property=\"article:modified_time\" content=\"2026-03-12T01:46:42+00:00\" \/>\n<meta property=\"og:image\" content=\"https:\/\/urban-vitamin.com\/wp-content\/uploads\/sites\/5\/2025\/01\/P322.8501__S_0__a4af2cc3d56b44d8aefafcf522626ae6.jpg\" \/>\n\t<meta property=\"og:image:width\" content=\"1024\" \/>\n\t<meta property=\"og:image:height\" content=\"1024\" \/>\n\t<meta property=\"og:image:type\" content=\"image\/jpeg\" \/>\n<meta name=\"twitter:card\" content=\"summary_large_image\" \/>\n<meta name=\"twitter:label1\" content=\"Dur\u00e9e de lecture estim\u00e9e\" \/>\n\t<meta name=\"twitter:data1\" content=\"1 minute\" \/>\n<script type=\"application\/ld+json\" class=\"yoast-schema-graph\">{\"@context\":\"https:\/\/schema.org\",\"@graph\":[{\"@type\":\"WebPage\",\"@id\":\"https:\/\/urban-vitamin.com\/fr\/produit\/powerbank-20w-pd-en-plastique-rcs-los-angeles-noir\/\",\"url\":\"https:\/\/urban-vitamin.com\/fr\/produit\/powerbank-20w-pd-en-plastique-rcs-los-angeles-noir\/\",\"name\":\"Powerbank 20W PD en plastique RCS Los Angeles, noir - Urban Vitamin\",\"isPartOf\":{\"@id\":\"https:\/\/urban-vitamin.com\/fr\/#website\"},\"primaryImageOfPage\":{\"@id\":\"https:\/\/urban-vitamin.com\/fr\/produit\/powerbank-20w-pd-en-plastique-rcs-los-angeles-noir\/#primaryimage\"},\"image\":{\"@id\":\"https:\/\/urban-vitamin.com\/fr\/produit\/powerbank-20w-pd-en-plastique-rcs-los-angeles-noir\/#primaryimage\"},\"thumbnailUrl\":\"https:\/\/urban-vitamin.com\/wp-content\/uploads\/sites\/5\/2025\/01\/P322.8501__S_0__a4af2cc3d56b44d8aefafcf522626ae6.jpg\",\"datePublished\":\"2026-03-12T01:06:52+00:00\",\"dateModified\":\"2026-03-12T01:46:42+00:00\",\"breadcrumb\":{\"@id\":\"https:\/\/urban-vitamin.com\/fr\/produit\/powerbank-20w-pd-en-plastique-rcs-los-angeles-noir\/#breadcrumb\"},\"inLanguage\":\"fr-FR\",\"potentialAction\":[{\"@type\":\"ReadAction\",\"target\":[\"https:\/\/urban-vitamin.com\/fr\/produit\/powerbank-20w-pd-en-plastique-rcs-los-angeles-noir\/\"]}]},{\"@type\":\"ImageObject\",\"inLanguage\":\"fr-FR\",\"@id\":\"https:\/\/urban-vitamin.com\/fr\/produit\/powerbank-20w-pd-en-plastique-rcs-los-angeles-noir\/#primaryimage\",\"url\":\"https:\/\/urban-vitamin.com\/wp-content\/uploads\/sites\/5\/2025\/01\/P322.8501__S_0__a4af2cc3d56b44d8aefafcf522626ae6.jpg\",\"contentUrl\":\"https:\/\/urban-vitamin.com\/wp-content\/uploads\/sites\/5\/2025\/01\/P322.8501__S_0__a4af2cc3d56b44d8aefafcf522626ae6.jpg\",\"width\":1024,\"height\":1024},{\"@type\":\"BreadcrumbList\",\"@id\":\"https:\/\/urban-vitamin.com\/fr\/produit\/powerbank-20w-pd-en-plastique-rcs-los-angeles-noir\/#breadcrumb\",\"itemListElement\":[{\"@type\":\"ListItem\",\"position\":1,\"name\":\"Home\",\"item\":\"https:\/\/urban-vitamin.com\/fr\/\"},{\"@type\":\"ListItem\",\"position\":2,\"name\":\"Collection\",\"item\":\"https:\/\/urban-vitamin.com\/fr\/collection\/\"},{\"@type\":\"ListItem\",\"position\":3,\"name\":\"Powerbank 20W PD en plastique RCS Los Angeles, noir\"}]},{\"@type\":\"WebSite\",\"@id\":\"https:\/\/urban-vitamin.com\/fr\/#website\",\"url\":\"https:\/\/urban-vitamin.com\/fr\/\",\"name\":\"Urban Vitamin\",\"description\":\"Enjoy your daily dose of Urban Vitamin!\",\"potentialAction\":[{\"@type\":\"SearchAction\",\"target\":{\"@type\":\"EntryPoint\",\"urlTemplate\":\"https:\/\/urban-vitamin.com\/fr\/?s={search_term_string}\"},\"query-input\":{\"@type\":\"PropertyValueSpecification\",\"valueRequired\":true,\"valueName\":\"search_term_string\"}}],\"inLanguage\":\"fr-FR\"}]}<\/script>\n<!-- \/ Yoast SEO plugin. -->","yoast_head_json":{"title":"Powerbank 20W PD en plastique RCS Los Angeles, noir - Urban Vitamin","robots":{"index":"index","follow":"follow","max-snippet":"max-snippet:-1","max-image-preview":"max-image-preview:large","max-video-preview":"max-video-preview:-1"},"canonical":"https:\/\/urban-vitamin.com\/fr\/produit\/powerbank-20w-pd-en-plastique-rcs-los-angeles-noir\/","og_locale":"fr_FR","og_type":"article","og_title":"Powerbank 20W PD en plastique RCS Los Angeles, noir - Urban Vitamin","og_description":"Urban Vitamin Los Angeles est une banque d&rsquo;alimentation l\u00e9g\u00e8re mais puissante de 5000mAh. Avec deux options de charge rapide pour recharger via le connecteur iOS int\u00e9gr\u00e9 (pour iPhone 14 et plus) et la sortie Type-C de pointe, vous pouvez charger votre t\u00e9l\u00e9phone sans avoir besoin d&#8217;emporter de c\u00e2bles ! Vous pouvez m\u00eame recharger deux appareils [&hellip;]","og_url":"https:\/\/urban-vitamin.com\/fr\/produit\/powerbank-20w-pd-en-plastique-rcs-los-angeles-noir\/","og_site_name":"Urban Vitamin","article_modified_time":"2026-03-12T01:46:42+00:00","og_image":[{"width":1024,"height":1024,"url":"https:\/\/urban-vitamin.com\/wp-content\/uploads\/sites\/5\/2025\/01\/P322.8501__S_0__a4af2cc3d56b44d8aefafcf522626ae6.jpg","type":"image\/jpeg"}],"twitter_card":"summary_large_image","twitter_misc":{"Dur\u00e9e de lecture estim\u00e9e":"1 minute"},"schema":{"@context":"https:\/\/schema.org","@graph":[{"@type":"WebPage","@id":"https:\/\/urban-vitamin.com\/fr\/produit\/powerbank-20w-pd-en-plastique-rcs-los-angeles-noir\/","url":"https:\/\/urban-vitamin.com\/fr\/produit\/powerbank-20w-pd-en-plastique-rcs-los-angeles-noir\/","name":"Powerbank 20W PD en plastique RCS Los Angeles, noir - Urban Vitamin","isPartOf":{"@id":"https:\/\/urban-vitamin.com\/fr\/#website"},"primaryImageOfPage":{"@id":"https:\/\/urban-vitamin.com\/fr\/produit\/powerbank-20w-pd-en-plastique-rcs-los-angeles-noir\/#primaryimage"},"image":{"@id":"https:\/\/urban-vitamin.com\/fr\/produit\/powerbank-20w-pd-en-plastique-rcs-los-angeles-noir\/#primaryimage"},"thumbnailUrl":"https:\/\/urban-vitamin.com\/wp-content\/uploads\/sites\/5\/2025\/01\/P322.8501__S_0__a4af2cc3d56b44d8aefafcf522626ae6.jpg","datePublished":"2026-03-12T01:06:52+00:00","dateModified":"2026-03-12T01:46:42+00:00","breadcrumb":{"@id":"https:\/\/urban-vitamin.com\/fr\/produit\/powerbank-20w-pd-en-plastique-rcs-los-angeles-noir\/#breadcrumb"},"inLanguage":"fr-FR","potentialAction":[{"@type":"ReadAction","target":["https:\/\/urban-vitamin.com\/fr\/produit\/powerbank-20w-pd-en-plastique-rcs-los-angeles-noir\/"]}]},{"@type":"ImageObject","inLanguage":"fr-FR","@id":"https:\/\/urban-vitamin.com\/fr\/produit\/powerbank-20w-pd-en-plastique-rcs-los-angeles-noir\/#primaryimage","url":"https:\/\/urban-vitamin.com\/wp-content\/uploads\/sites\/5\/2025\/01\/P322.8501__S_0__a4af2cc3d56b44d8aefafcf522626ae6.jpg","contentUrl":"https:\/\/urban-vitamin.com\/wp-content\/uploads\/sites\/5\/2025\/01\/P322.8501__S_0__a4af2cc3d56b44d8aefafcf522626ae6.jpg","width":1024,"height":1024},{"@type":"BreadcrumbList","@id":"https:\/\/urban-vitamin.com\/fr\/produit\/powerbank-20w-pd-en-plastique-rcs-los-angeles-noir\/#breadcrumb","itemListElement":[{"@type":"ListItem","position":1,"name":"Home","item":"https:\/\/urban-vitamin.com\/fr\/"},{"@type":"ListItem","position":2,"name":"Collection","item":"https:\/\/urban-vitamin.com\/fr\/collection\/"},{"@type":"ListItem","position":3,"name":"Powerbank 20W PD en plastique RCS Los Angeles, noir"}]},{"@type":"WebSite","@id":"https:\/\/urban-vitamin.com\/fr\/#website","url":"https:\/\/urban-vitamin.com\/fr\/","name":"Urban Vitamin","description":"Enjoy your daily dose of Urban Vitamin!","potentialAction":[{"@type":"SearchAction","target":{"@type":"EntryPoint","urlTemplate":"https:\/\/urban-vitamin.com\/fr\/?s={search_term_string}"},"query-input":{"@type":"PropertyValueSpecification","valueRequired":true,"valueName":"search_term_string"}}],"inLanguage":"fr-FR"}]}},"_links":{"self":[{"href":"https:\/\/urban-vitamin.com\/fr\/wp-json\/wp\/v2\/product\/21229","targetHints":{"allow":["GET"]}}],"collection":[{"href":"https:\/\/urban-vitamin.com\/fr\/wp-json\/wp\/v2\/product"}],"about":[{"href":"https:\/\/urban-vitamin.com\/fr\/wp-json\/wp\/v2\/types\/product"}],"replies":[{"embeddable":true,"href":"https:\/\/urban-vitamin.com\/fr\/wp-json\/wp\/v2\/comments?post=21229"}],"wp:featuredmedia":[{"embeddable":true,"href":"https:\/\/urban-vitamin.com\/fr\/wp-json\/wp\/v2\/media\/22717"}],"wp:attachment":[{"href":"https:\/\/urban-vitamin.com\/fr\/wp-json\/wp\/v2\/media?parent=21229"}],"wp:term":[{"taxonomy":"product_cat","embeddable":true,"href":"https:\/\/urban-vitamin.com\/fr\/wp-json\/wp\/v2\/product_cat?post=21229"},{"taxonomy":"product_tag","embeddable":true,"href":"https:\/\/urban-vitamin.com\/fr\/wp-json\/wp\/v2\/product_tag?post=21229"}],"curies":[{"name":"wp","href":"https:\/\/api.w.org\/{rel}","templated":true}]}}