{"id":20007,"date":"2026-03-12T01:08:40","date_gmt":"2026-03-12T01:08:40","guid":{"rendered":"https:\/\/urban-vitamin.com\/ecouteurs-sans-fil-reparables-en-plastique-rcs-lakewood-noir\/"},"modified":"2026-03-12T01:48:10","modified_gmt":"2026-03-12T01:48:10","slug":"ecouteurs-sans-fil-reparables-en-plastique-rcs-lakewood-noir","status":"publish","type":"product","link":"https:\/\/urban-vitamin.com\/fr\/produit\/ecouteurs-sans-fil-reparables-en-plastique-rcs-lakewood-noir\/","title":{"rendered":"\u00c9couteurs sans fil r\u00e9parables en plastique RCS Lakewood, noir"},"content":{"rendered":"<p>Rencontrez le futur. Un avenir o\u00f9 les objets sont faits pour durer plus longtemps et con\u00e7us de mani\u00e8re \u00e0 pouvoir \u00eatre r\u00e9par\u00e9s facilement. Les \u00e9couteurs Lakewood offrent une qualit\u00e9 sonore haut de gamme. Avec une superbe qualit\u00e9 ANC (32 DB) et un mode ENC pour avoir des appels clairs. Avec 6 microphones et d&rsquo;une assistance vocale pour am\u00e9liorer encore plus la qualit\u00e9 des appels. La fonction ANC peut \u00e9galement \u00eatre d\u00e9sactiv\u00e9e. Dans le bo\u00eetier se trouve une batterie amovible qui peut \u00eatre facilement remplac\u00e9e si vous souhaitez rallonger la dur\u00e9e de vie des \u00e9couteurs. Dur\u00e9e d&rsquo;autonomie de 6 heures  avec un seule charge et 20 heures suppl\u00e9mentaires par bo\u00eetier? Les \u00e9couteurs sont IPX5 donc r\u00e9sistants aux intemp\u00e9ries et adapt\u00e9s au sport. Les \u00e9couteurs sont fabriqu\u00e9s en plastique PC recycl\u00e9e. Contenu recycl\u00e9 total: 36 % sur la base du poids total de l&rsquo;article. La certification RCS garantit une cha\u00eene d&rsquo;approvisionnement enti\u00e8rement certifi\u00e9e pour les mat\u00e9riaux recycl\u00e9s. Sans PVC.<\/p>\n","protected":false},"excerpt":{"rendered":"<p>Rencontrez le futur. Un avenir o\u00f9 les objets sont faits pour durer plus longtemps et con\u00e7us de mani\u00e8re \u00e0 pouvoir \u00eatre r\u00e9par\u00e9s facilement. Les \u00e9couteurs Lakewood offrent une qualit\u00e9 sonore haut de gamme. Avec une superbe qualit\u00e9 ANC (32 DB) et un mode ENC pour avoir des appels clairs. Avec 6 microphones et d&rsquo;une assistance [&hellip;]<\/p>\n","protected":false},"featured_media":22182,"comment_status":"closed","ping_status":"closed","template":"","meta":{"_acf_changed":false,"om_disable_all_campaigns":false},"product_cat":[101,61,110,112,114],"product_tag":[],"class_list":["post-20007","product","type-product","status-publish","has-post-thumbnail","hentry","product_cat-auricolari-wireless","product_cat-ecouteurs-sans-fil","product_cat-repairables","product_cat-repairables-fr","product_cat-repairables-it","pa_color-black"],"acf":[],"yoast_head":"<!-- This site is optimized with the Yoast SEO plugin v27.0 - https:\/\/yoast.com\/product\/yoast-seo-wordpress\/ -->\n<title>\u00c9couteurs sans fil r\u00e9parables en plastique RCS Lakewood, noir - Urban Vitamin<\/title>\n<meta name=\"robots\" content=\"index, follow, max-snippet:-1, max-image-preview:large, max-video-preview:-1\" \/>\n<link rel=\"canonical\" href=\"https:\/\/urban-vitamin.com\/fr\/produit\/ecouteurs-sans-fil-reparables-en-plastique-rcs-lakewood-noir\/\" \/>\n<meta property=\"og:locale\" content=\"fr_FR\" \/>\n<meta property=\"og:type\" content=\"article\" \/>\n<meta property=\"og:title\" content=\"\u00c9couteurs sans fil r\u00e9parables en plastique RCS Lakewood, noir - Urban Vitamin\" \/>\n<meta property=\"og:description\" content=\"Rencontrez le futur. Un avenir o\u00f9 les objets sont faits pour durer plus longtemps et con\u00e7us de mani\u00e8re \u00e0 pouvoir \u00eatre r\u00e9par\u00e9s facilement. Les \u00e9couteurs Lakewood offrent une qualit\u00e9 sonore haut de gamme. Avec une superbe qualit\u00e9 ANC (32 DB) et un mode ENC pour avoir des appels clairs. Avec 6 microphones et d&rsquo;une assistance [&hellip;]\" \/>\n<meta property=\"og:url\" content=\"https:\/\/urban-vitamin.com\/fr\/produit\/ecouteurs-sans-fil-reparables-en-plastique-rcs-lakewood-noir\/\" \/>\n<meta property=\"og:site_name\" content=\"Urban Vitamin\" \/>\n<meta property=\"article:modified_time\" content=\"2026-03-12T01:48:10+00:00\" \/>\n<meta property=\"og:image\" content=\"https:\/\/urban-vitamin.com\/wp-content\/uploads\/sites\/5\/2025\/01\/P331.5401__S_0__11ab462f68f0444e8d97114079137294.jpg\" \/>\n\t<meta property=\"og:image:width\" content=\"1024\" \/>\n\t<meta property=\"og:image:height\" content=\"1024\" \/>\n\t<meta property=\"og:image:type\" content=\"image\/jpeg\" \/>\n<meta name=\"twitter:card\" content=\"summary_large_image\" \/>\n<meta name=\"twitter:label1\" content=\"Dur\u00e9e de lecture estim\u00e9e\" \/>\n\t<meta name=\"twitter:data1\" content=\"1 minute\" \/>\n<script type=\"application\/ld+json\" class=\"yoast-schema-graph\">{\"@context\":\"https:\/\/schema.org\",\"@graph\":[{\"@type\":\"WebPage\",\"@id\":\"https:\/\/urban-vitamin.com\/fr\/produit\/ecouteurs-sans-fil-reparables-en-plastique-rcs-lakewood-noir\/\",\"url\":\"https:\/\/urban-vitamin.com\/fr\/produit\/ecouteurs-sans-fil-reparables-en-plastique-rcs-lakewood-noir\/\",\"name\":\"\u00c9couteurs sans fil r\u00e9parables en plastique RCS Lakewood, noir - Urban Vitamin\",\"isPartOf\":{\"@id\":\"https:\/\/urban-vitamin.com\/fr\/#website\"},\"primaryImageOfPage\":{\"@id\":\"https:\/\/urban-vitamin.com\/fr\/produit\/ecouteurs-sans-fil-reparables-en-plastique-rcs-lakewood-noir\/#primaryimage\"},\"image\":{\"@id\":\"https:\/\/urban-vitamin.com\/fr\/produit\/ecouteurs-sans-fil-reparables-en-plastique-rcs-lakewood-noir\/#primaryimage\"},\"thumbnailUrl\":\"https:\/\/urban-vitamin.com\/wp-content\/uploads\/sites\/5\/2025\/01\/P331.5401__S_0__11ab462f68f0444e8d97114079137294.jpg\",\"datePublished\":\"2026-03-12T01:08:40+00:00\",\"dateModified\":\"2026-03-12T01:48:10+00:00\",\"breadcrumb\":{\"@id\":\"https:\/\/urban-vitamin.com\/fr\/produit\/ecouteurs-sans-fil-reparables-en-plastique-rcs-lakewood-noir\/#breadcrumb\"},\"inLanguage\":\"fr-FR\",\"potentialAction\":[{\"@type\":\"ReadAction\",\"target\":[\"https:\/\/urban-vitamin.com\/fr\/produit\/ecouteurs-sans-fil-reparables-en-plastique-rcs-lakewood-noir\/\"]}]},{\"@type\":\"ImageObject\",\"inLanguage\":\"fr-FR\",\"@id\":\"https:\/\/urban-vitamin.com\/fr\/produit\/ecouteurs-sans-fil-reparables-en-plastique-rcs-lakewood-noir\/#primaryimage\",\"url\":\"https:\/\/urban-vitamin.com\/wp-content\/uploads\/sites\/5\/2025\/01\/P331.5401__S_0__11ab462f68f0444e8d97114079137294.jpg\",\"contentUrl\":\"https:\/\/urban-vitamin.com\/wp-content\/uploads\/sites\/5\/2025\/01\/P331.5401__S_0__11ab462f68f0444e8d97114079137294.jpg\",\"width\":1024,\"height\":1024},{\"@type\":\"BreadcrumbList\",\"@id\":\"https:\/\/urban-vitamin.com\/fr\/produit\/ecouteurs-sans-fil-reparables-en-plastique-rcs-lakewood-noir\/#breadcrumb\",\"itemListElement\":[{\"@type\":\"ListItem\",\"position\":1,\"name\":\"Home\",\"item\":\"https:\/\/urban-vitamin.com\/fr\/\"},{\"@type\":\"ListItem\",\"position\":2,\"name\":\"Collection\",\"item\":\"https:\/\/urban-vitamin.com\/fr\/collection\/\"},{\"@type\":\"ListItem\",\"position\":3,\"name\":\"\u00c9couteurs sans fil r\u00e9parables en plastique RCS Lakewood, noir\"}]},{\"@type\":\"WebSite\",\"@id\":\"https:\/\/urban-vitamin.com\/fr\/#website\",\"url\":\"https:\/\/urban-vitamin.com\/fr\/\",\"name\":\"Urban Vitamin\",\"description\":\"Enjoy your daily dose of Urban Vitamin!\",\"potentialAction\":[{\"@type\":\"SearchAction\",\"target\":{\"@type\":\"EntryPoint\",\"urlTemplate\":\"https:\/\/urban-vitamin.com\/fr\/?s={search_term_string}\"},\"query-input\":{\"@type\":\"PropertyValueSpecification\",\"valueRequired\":true,\"valueName\":\"search_term_string\"}}],\"inLanguage\":\"fr-FR\"}]}<\/script>\n<!-- \/ Yoast SEO plugin. -->","yoast_head_json":{"title":"\u00c9couteurs sans fil r\u00e9parables en plastique RCS Lakewood, noir - Urban Vitamin","robots":{"index":"index","follow":"follow","max-snippet":"max-snippet:-1","max-image-preview":"max-image-preview:large","max-video-preview":"max-video-preview:-1"},"canonical":"https:\/\/urban-vitamin.com\/fr\/produit\/ecouteurs-sans-fil-reparables-en-plastique-rcs-lakewood-noir\/","og_locale":"fr_FR","og_type":"article","og_title":"\u00c9couteurs sans fil r\u00e9parables en plastique RCS Lakewood, noir - Urban Vitamin","og_description":"Rencontrez le futur. Un avenir o\u00f9 les objets sont faits pour durer plus longtemps et con\u00e7us de mani\u00e8re \u00e0 pouvoir \u00eatre r\u00e9par\u00e9s facilement. Les \u00e9couteurs Lakewood offrent une qualit\u00e9 sonore haut de gamme. Avec une superbe qualit\u00e9 ANC (32 DB) et un mode ENC pour avoir des appels clairs. Avec 6 microphones et d&rsquo;une assistance [&hellip;]","og_url":"https:\/\/urban-vitamin.com\/fr\/produit\/ecouteurs-sans-fil-reparables-en-plastique-rcs-lakewood-noir\/","og_site_name":"Urban Vitamin","article_modified_time":"2026-03-12T01:48:10+00:00","og_image":[{"width":1024,"height":1024,"url":"https:\/\/urban-vitamin.com\/wp-content\/uploads\/sites\/5\/2025\/01\/P331.5401__S_0__11ab462f68f0444e8d97114079137294.jpg","type":"image\/jpeg"}],"twitter_card":"summary_large_image","twitter_misc":{"Dur\u00e9e de lecture estim\u00e9e":"1 minute"},"schema":{"@context":"https:\/\/schema.org","@graph":[{"@type":"WebPage","@id":"https:\/\/urban-vitamin.com\/fr\/produit\/ecouteurs-sans-fil-reparables-en-plastique-rcs-lakewood-noir\/","url":"https:\/\/urban-vitamin.com\/fr\/produit\/ecouteurs-sans-fil-reparables-en-plastique-rcs-lakewood-noir\/","name":"\u00c9couteurs sans fil r\u00e9parables en plastique RCS Lakewood, noir - Urban Vitamin","isPartOf":{"@id":"https:\/\/urban-vitamin.com\/fr\/#website"},"primaryImageOfPage":{"@id":"https:\/\/urban-vitamin.com\/fr\/produit\/ecouteurs-sans-fil-reparables-en-plastique-rcs-lakewood-noir\/#primaryimage"},"image":{"@id":"https:\/\/urban-vitamin.com\/fr\/produit\/ecouteurs-sans-fil-reparables-en-plastique-rcs-lakewood-noir\/#primaryimage"},"thumbnailUrl":"https:\/\/urban-vitamin.com\/wp-content\/uploads\/sites\/5\/2025\/01\/P331.5401__S_0__11ab462f68f0444e8d97114079137294.jpg","datePublished":"2026-03-12T01:08:40+00:00","dateModified":"2026-03-12T01:48:10+00:00","breadcrumb":{"@id":"https:\/\/urban-vitamin.com\/fr\/produit\/ecouteurs-sans-fil-reparables-en-plastique-rcs-lakewood-noir\/#breadcrumb"},"inLanguage":"fr-FR","potentialAction":[{"@type":"ReadAction","target":["https:\/\/urban-vitamin.com\/fr\/produit\/ecouteurs-sans-fil-reparables-en-plastique-rcs-lakewood-noir\/"]}]},{"@type":"ImageObject","inLanguage":"fr-FR","@id":"https:\/\/urban-vitamin.com\/fr\/produit\/ecouteurs-sans-fil-reparables-en-plastique-rcs-lakewood-noir\/#primaryimage","url":"https:\/\/urban-vitamin.com\/wp-content\/uploads\/sites\/5\/2025\/01\/P331.5401__S_0__11ab462f68f0444e8d97114079137294.jpg","contentUrl":"https:\/\/urban-vitamin.com\/wp-content\/uploads\/sites\/5\/2025\/01\/P331.5401__S_0__11ab462f68f0444e8d97114079137294.jpg","width":1024,"height":1024},{"@type":"BreadcrumbList","@id":"https:\/\/urban-vitamin.com\/fr\/produit\/ecouteurs-sans-fil-reparables-en-plastique-rcs-lakewood-noir\/#breadcrumb","itemListElement":[{"@type":"ListItem","position":1,"name":"Home","item":"https:\/\/urban-vitamin.com\/fr\/"},{"@type":"ListItem","position":2,"name":"Collection","item":"https:\/\/urban-vitamin.com\/fr\/collection\/"},{"@type":"ListItem","position":3,"name":"\u00c9couteurs sans fil r\u00e9parables en plastique RCS Lakewood, noir"}]},{"@type":"WebSite","@id":"https:\/\/urban-vitamin.com\/fr\/#website","url":"https:\/\/urban-vitamin.com\/fr\/","name":"Urban Vitamin","description":"Enjoy your daily dose of Urban Vitamin!","potentialAction":[{"@type":"SearchAction","target":{"@type":"EntryPoint","urlTemplate":"https:\/\/urban-vitamin.com\/fr\/?s={search_term_string}"},"query-input":{"@type":"PropertyValueSpecification","valueRequired":true,"valueName":"search_term_string"}}],"inLanguage":"fr-FR"}]}},"_links":{"self":[{"href":"https:\/\/urban-vitamin.com\/fr\/wp-json\/wp\/v2\/product\/20007","targetHints":{"allow":["GET"]}}],"collection":[{"href":"https:\/\/urban-vitamin.com\/fr\/wp-json\/wp\/v2\/product"}],"about":[{"href":"https:\/\/urban-vitamin.com\/fr\/wp-json\/wp\/v2\/types\/product"}],"replies":[{"embeddable":true,"href":"https:\/\/urban-vitamin.com\/fr\/wp-json\/wp\/v2\/comments?post=20007"}],"wp:featuredmedia":[{"embeddable":true,"href":"https:\/\/urban-vitamin.com\/fr\/wp-json\/wp\/v2\/media\/22182"}],"wp:attachment":[{"href":"https:\/\/urban-vitamin.com\/fr\/wp-json\/wp\/v2\/media?parent=20007"}],"wp:term":[{"taxonomy":"product_cat","embeddable":true,"href":"https:\/\/urban-vitamin.com\/fr\/wp-json\/wp\/v2\/product_cat?post=20007"},{"taxonomy":"product_tag","embeddable":true,"href":"https:\/\/urban-vitamin.com\/fr\/wp-json\/wp\/v2\/product_tag?post=20007"}],"curies":[{"name":"wp","href":"https:\/\/api.w.org\/{rel}","templated":true}]}}