{"id":20006,"date":"2026-03-12T01:08:40","date_gmt":"2026-03-12T01:08:40","guid":{"rendered":"https:\/\/urban-vitamin.com\/p331-53-product-variation\/"},"modified":"2026-03-12T01:48:09","modified_gmt":"2026-03-12T01:48:09","slug":"casque-anc-sans-fil-reparable-plastique-recycle-rcs-irvine-noir","status":"publish","type":"product","link":"https:\/\/urban-vitamin.com\/fr\/produit\/casque-anc-sans-fil-reparable-plastique-recycle-rcs-irvine-noir\/","title":{"rendered":"Casque ANC sans fil r\u00e9parable plastique recycl\u00e9 RCS Irvine, noir"},"content":{"rendered":"<p>Une qualit\u00e9 sonore incroyable, un concept durable et reparable se rencontrent dans le casque audio Irvine. Irvine est un casque haut de gamme con\u00e7u pour durer plus longtemps que votre casque ordinaire. Avec une r\u00e9paration facile, vous pouvez facilement remplacer les coussinets, l&rsquo;arceau et m\u00eame la batterie si n\u00e9cessaire.  Avec technologie ANC qui peut se d\u00e9sactiver en un simple clic. \u00c9quip\u00e9 de 5 microphones ENC et d&rsquo;une assistance vocale pour am\u00e9liorer encore plus la qualit\u00e9 des appels. Mode double connection pour se connecter \u00e0 plusieurs appareils \u00e0 la fois. Dur\u00e9e d&rsquo;autonomie de 40 heures  avec une seule charge. Les \u00e9couteurs sont fabriqu\u00e9s en plastique PC recycl\u00e9e. Contenu recycl\u00e9 total: 32 % sur la base du poids total de l&rsquo;article. La certification RCS garantit une cha\u00eene d&rsquo;approvisionnement enti\u00e8rement certifi\u00e9e pour les mat\u00e9riaux recycl\u00e9s. Sans PVC. Emball\u00e9 dans un emballage r\u00e9duit en plastique.<\/p>\n","protected":false},"excerpt":{"rendered":"<p>Une qualit\u00e9 sonore incroyable, un concept durable et reparable se rencontrent dans le casque audio Irvine. Irvine est un casque haut de gamme con\u00e7u pour durer plus longtemps que votre casque ordinaire. Avec une r\u00e9paration facile, vous pouvez facilement remplacer les coussinets, l&rsquo;arceau et m\u00eame la batterie si n\u00e9cessaire. Avec technologie ANC qui peut se [&hellip;]<\/p>\n","protected":false},"featured_media":19657,"comment_status":"closed","ping_status":"closed","template":"","meta":{"_acf_changed":false,"om_disable_all_campaigns":false},"product_cat":[60,112],"product_tag":[],"class_list":["post-20006","product","type-product","status-publish","has-post-thumbnail","hentry","product_cat-casque-sans-fil","product_cat-repairables-fr","pa_color-black"],"acf":[],"yoast_head":"<!-- This site is optimized with the Yoast SEO plugin v27.0 - https:\/\/yoast.com\/product\/yoast-seo-wordpress\/ -->\n<title>Casque ANC sans fil r\u00e9parable plastique recycl\u00e9 RCS Irvine, noir - Urban Vitamin<\/title>\n<meta name=\"robots\" content=\"index, follow, max-snippet:-1, max-image-preview:large, max-video-preview:-1\" \/>\n<link rel=\"canonical\" href=\"https:\/\/urban-vitamin.com\/fr\/produit\/casque-anc-sans-fil-reparable-plastique-recycle-rcs-irvine-noir\/\" \/>\n<meta property=\"og:locale\" content=\"fr_FR\" \/>\n<meta property=\"og:type\" content=\"article\" \/>\n<meta property=\"og:title\" content=\"Casque ANC sans fil r\u00e9parable plastique recycl\u00e9 RCS Irvine, noir - Urban Vitamin\" \/>\n<meta property=\"og:description\" content=\"Une qualit\u00e9 sonore incroyable, un concept durable et reparable se rencontrent dans le casque audio Irvine. Irvine est un casque haut de gamme con\u00e7u pour durer plus longtemps que votre casque ordinaire. Avec une r\u00e9paration facile, vous pouvez facilement remplacer les coussinets, l&rsquo;arceau et m\u00eame la batterie si n\u00e9cessaire. Avec technologie ANC qui peut se [&hellip;]\" \/>\n<meta property=\"og:url\" content=\"https:\/\/urban-vitamin.com\/fr\/produit\/casque-anc-sans-fil-reparable-plastique-recycle-rcs-irvine-noir\/\" \/>\n<meta property=\"og:site_name\" content=\"Urban Vitamin\" \/>\n<meta property=\"article:modified_time\" content=\"2026-03-12T01:48:09+00:00\" \/>\n<meta property=\"og:image\" content=\"https:\/\/urban-vitamin.com\/wp-content\/uploads\/sites\/5\/2024\/08\/P331.5301__S_0__774454a96d384ed183d22a8cafbb874d.jpg\" \/>\n\t<meta property=\"og:image:width\" content=\"1024\" \/>\n\t<meta property=\"og:image:height\" content=\"1024\" \/>\n\t<meta property=\"og:image:type\" content=\"image\/jpeg\" \/>\n<meta name=\"twitter:card\" content=\"summary_large_image\" \/>\n<meta name=\"twitter:label1\" content=\"Dur\u00e9e de lecture estim\u00e9e\" \/>\n\t<meta name=\"twitter:data1\" content=\"1 minute\" \/>\n<script type=\"application\/ld+json\" class=\"yoast-schema-graph\">{\"@context\":\"https:\/\/schema.org\",\"@graph\":[{\"@type\":\"WebPage\",\"@id\":\"https:\/\/urban-vitamin.com\/fr\/produit\/casque-anc-sans-fil-reparable-plastique-recycle-rcs-irvine-noir\/\",\"url\":\"https:\/\/urban-vitamin.com\/fr\/produit\/casque-anc-sans-fil-reparable-plastique-recycle-rcs-irvine-noir\/\",\"name\":\"Casque ANC sans fil r\u00e9parable plastique recycl\u00e9 RCS Irvine, noir - Urban Vitamin\",\"isPartOf\":{\"@id\":\"https:\/\/urban-vitamin.com\/fr\/#website\"},\"primaryImageOfPage\":{\"@id\":\"https:\/\/urban-vitamin.com\/fr\/produit\/casque-anc-sans-fil-reparable-plastique-recycle-rcs-irvine-noir\/#primaryimage\"},\"image\":{\"@id\":\"https:\/\/urban-vitamin.com\/fr\/produit\/casque-anc-sans-fil-reparable-plastique-recycle-rcs-irvine-noir\/#primaryimage\"},\"thumbnailUrl\":\"https:\/\/urban-vitamin.com\/wp-content\/uploads\/sites\/5\/2024\/08\/P331.5301__S_0__774454a96d384ed183d22a8cafbb874d.jpg\",\"datePublished\":\"2026-03-12T01:08:40+00:00\",\"dateModified\":\"2026-03-12T01:48:09+00:00\",\"breadcrumb\":{\"@id\":\"https:\/\/urban-vitamin.com\/fr\/produit\/casque-anc-sans-fil-reparable-plastique-recycle-rcs-irvine-noir\/#breadcrumb\"},\"inLanguage\":\"fr-FR\",\"potentialAction\":[{\"@type\":\"ReadAction\",\"target\":[\"https:\/\/urban-vitamin.com\/fr\/produit\/casque-anc-sans-fil-reparable-plastique-recycle-rcs-irvine-noir\/\"]}]},{\"@type\":\"ImageObject\",\"inLanguage\":\"fr-FR\",\"@id\":\"https:\/\/urban-vitamin.com\/fr\/produit\/casque-anc-sans-fil-reparable-plastique-recycle-rcs-irvine-noir\/#primaryimage\",\"url\":\"https:\/\/urban-vitamin.com\/wp-content\/uploads\/sites\/5\/2024\/08\/P331.5301__S_0__774454a96d384ed183d22a8cafbb874d.jpg\",\"contentUrl\":\"https:\/\/urban-vitamin.com\/wp-content\/uploads\/sites\/5\/2024\/08\/P331.5301__S_0__774454a96d384ed183d22a8cafbb874d.jpg\",\"width\":1024,\"height\":1024},{\"@type\":\"BreadcrumbList\",\"@id\":\"https:\/\/urban-vitamin.com\/fr\/produit\/casque-anc-sans-fil-reparable-plastique-recycle-rcs-irvine-noir\/#breadcrumb\",\"itemListElement\":[{\"@type\":\"ListItem\",\"position\":1,\"name\":\"Home\",\"item\":\"https:\/\/urban-vitamin.com\/fr\/\"},{\"@type\":\"ListItem\",\"position\":2,\"name\":\"Collection\",\"item\":\"https:\/\/urban-vitamin.com\/fr\/collection\/\"},{\"@type\":\"ListItem\",\"position\":3,\"name\":\"Casque ANC sans fil r\u00e9parable plastique recycl\u00e9 RCS Irvine, noir\"}]},{\"@type\":\"WebSite\",\"@id\":\"https:\/\/urban-vitamin.com\/fr\/#website\",\"url\":\"https:\/\/urban-vitamin.com\/fr\/\",\"name\":\"Urban Vitamin\",\"description\":\"Enjoy your daily dose of Urban Vitamin!\",\"potentialAction\":[{\"@type\":\"SearchAction\",\"target\":{\"@type\":\"EntryPoint\",\"urlTemplate\":\"https:\/\/urban-vitamin.com\/fr\/?s={search_term_string}\"},\"query-input\":{\"@type\":\"PropertyValueSpecification\",\"valueRequired\":true,\"valueName\":\"search_term_string\"}}],\"inLanguage\":\"fr-FR\"}]}<\/script>\n<!-- \/ Yoast SEO plugin. -->","yoast_head_json":{"title":"Casque ANC sans fil r\u00e9parable plastique recycl\u00e9 RCS Irvine, noir - Urban Vitamin","robots":{"index":"index","follow":"follow","max-snippet":"max-snippet:-1","max-image-preview":"max-image-preview:large","max-video-preview":"max-video-preview:-1"},"canonical":"https:\/\/urban-vitamin.com\/fr\/produit\/casque-anc-sans-fil-reparable-plastique-recycle-rcs-irvine-noir\/","og_locale":"fr_FR","og_type":"article","og_title":"Casque ANC sans fil r\u00e9parable plastique recycl\u00e9 RCS Irvine, noir - Urban Vitamin","og_description":"Une qualit\u00e9 sonore incroyable, un concept durable et reparable se rencontrent dans le casque audio Irvine. Irvine est un casque haut de gamme con\u00e7u pour durer plus longtemps que votre casque ordinaire. Avec une r\u00e9paration facile, vous pouvez facilement remplacer les coussinets, l&rsquo;arceau et m\u00eame la batterie si n\u00e9cessaire. Avec technologie ANC qui peut se [&hellip;]","og_url":"https:\/\/urban-vitamin.com\/fr\/produit\/casque-anc-sans-fil-reparable-plastique-recycle-rcs-irvine-noir\/","og_site_name":"Urban Vitamin","article_modified_time":"2026-03-12T01:48:09+00:00","og_image":[{"width":1024,"height":1024,"url":"https:\/\/urban-vitamin.com\/wp-content\/uploads\/sites\/5\/2024\/08\/P331.5301__S_0__774454a96d384ed183d22a8cafbb874d.jpg","type":"image\/jpeg"}],"twitter_card":"summary_large_image","twitter_misc":{"Dur\u00e9e de lecture estim\u00e9e":"1 minute"},"schema":{"@context":"https:\/\/schema.org","@graph":[{"@type":"WebPage","@id":"https:\/\/urban-vitamin.com\/fr\/produit\/casque-anc-sans-fil-reparable-plastique-recycle-rcs-irvine-noir\/","url":"https:\/\/urban-vitamin.com\/fr\/produit\/casque-anc-sans-fil-reparable-plastique-recycle-rcs-irvine-noir\/","name":"Casque ANC sans fil r\u00e9parable plastique recycl\u00e9 RCS Irvine, noir - Urban Vitamin","isPartOf":{"@id":"https:\/\/urban-vitamin.com\/fr\/#website"},"primaryImageOfPage":{"@id":"https:\/\/urban-vitamin.com\/fr\/produit\/casque-anc-sans-fil-reparable-plastique-recycle-rcs-irvine-noir\/#primaryimage"},"image":{"@id":"https:\/\/urban-vitamin.com\/fr\/produit\/casque-anc-sans-fil-reparable-plastique-recycle-rcs-irvine-noir\/#primaryimage"},"thumbnailUrl":"https:\/\/urban-vitamin.com\/wp-content\/uploads\/sites\/5\/2024\/08\/P331.5301__S_0__774454a96d384ed183d22a8cafbb874d.jpg","datePublished":"2026-03-12T01:08:40+00:00","dateModified":"2026-03-12T01:48:09+00:00","breadcrumb":{"@id":"https:\/\/urban-vitamin.com\/fr\/produit\/casque-anc-sans-fil-reparable-plastique-recycle-rcs-irvine-noir\/#breadcrumb"},"inLanguage":"fr-FR","potentialAction":[{"@type":"ReadAction","target":["https:\/\/urban-vitamin.com\/fr\/produit\/casque-anc-sans-fil-reparable-plastique-recycle-rcs-irvine-noir\/"]}]},{"@type":"ImageObject","inLanguage":"fr-FR","@id":"https:\/\/urban-vitamin.com\/fr\/produit\/casque-anc-sans-fil-reparable-plastique-recycle-rcs-irvine-noir\/#primaryimage","url":"https:\/\/urban-vitamin.com\/wp-content\/uploads\/sites\/5\/2024\/08\/P331.5301__S_0__774454a96d384ed183d22a8cafbb874d.jpg","contentUrl":"https:\/\/urban-vitamin.com\/wp-content\/uploads\/sites\/5\/2024\/08\/P331.5301__S_0__774454a96d384ed183d22a8cafbb874d.jpg","width":1024,"height":1024},{"@type":"BreadcrumbList","@id":"https:\/\/urban-vitamin.com\/fr\/produit\/casque-anc-sans-fil-reparable-plastique-recycle-rcs-irvine-noir\/#breadcrumb","itemListElement":[{"@type":"ListItem","position":1,"name":"Home","item":"https:\/\/urban-vitamin.com\/fr\/"},{"@type":"ListItem","position":2,"name":"Collection","item":"https:\/\/urban-vitamin.com\/fr\/collection\/"},{"@type":"ListItem","position":3,"name":"Casque ANC sans fil r\u00e9parable plastique recycl\u00e9 RCS Irvine, noir"}]},{"@type":"WebSite","@id":"https:\/\/urban-vitamin.com\/fr\/#website","url":"https:\/\/urban-vitamin.com\/fr\/","name":"Urban Vitamin","description":"Enjoy your daily dose of Urban Vitamin!","potentialAction":[{"@type":"SearchAction","target":{"@type":"EntryPoint","urlTemplate":"https:\/\/urban-vitamin.com\/fr\/?s={search_term_string}"},"query-input":{"@type":"PropertyValueSpecification","valueRequired":true,"valueName":"search_term_string"}}],"inLanguage":"fr-FR"}]}},"_links":{"self":[{"href":"https:\/\/urban-vitamin.com\/fr\/wp-json\/wp\/v2\/product\/20006","targetHints":{"allow":["GET"]}}],"collection":[{"href":"https:\/\/urban-vitamin.com\/fr\/wp-json\/wp\/v2\/product"}],"about":[{"href":"https:\/\/urban-vitamin.com\/fr\/wp-json\/wp\/v2\/types\/product"}],"replies":[{"embeddable":true,"href":"https:\/\/urban-vitamin.com\/fr\/wp-json\/wp\/v2\/comments?post=20006"}],"wp:featuredmedia":[{"embeddable":true,"href":"https:\/\/urban-vitamin.com\/fr\/wp-json\/wp\/v2\/media\/19657"}],"wp:attachment":[{"href":"https:\/\/urban-vitamin.com\/fr\/wp-json\/wp\/v2\/media?parent=20006"}],"wp:term":[{"taxonomy":"product_cat","embeddable":true,"href":"https:\/\/urban-vitamin.com\/fr\/wp-json\/wp\/v2\/product_cat?post=20006"},{"taxonomy":"product_tag","embeddable":true,"href":"https:\/\/urban-vitamin.com\/fr\/wp-json\/wp\/v2\/product_tag?post=20006"}],"curies":[{"name":"wp","href":"https:\/\/api.w.org\/{rel}","templated":true}]}}