{"id":19408,"date":"2026-03-12T01:06:04","date_gmt":"2026-03-12T01:06:04","guid":{"rendered":"https:\/\/urban-vitamin.com\/chargeur-65w-universel-5-en-1-urban-vitamin-oxnard-noir\/"},"modified":"2026-03-12T01:46:09","modified_gmt":"2026-03-12T01:46:09","slug":"chargeur-65w-universel-5-en-1-oxnard-noir","status":"publish","type":"product","link":"https:\/\/urban-vitamin.com\/fr\/produit\/chargeur-65w-universel-5-en-1-oxnard-noir\/","title":{"rendered":"Chargeur 65W universel 5 en 1 Oxnard, noir"},"content":{"rendered":"<p>Chargeur 65W universel 5 en 1 Oxnard est un appareil portable et puissant qui \u00e9l\u00e8vera votre exp\u00e9rience de charge \u00e0 de nouveaux sommets. Avec un chargeur magn\u00e9tique de 15W compatible avec les derniers t\u00e9l\u00e9phones iOS et Android. La batterie a une capacit\u00e9 de 15.000 mAh et une sortie PD 65 W Type-C ce qui permet de charger vos appareils avec une vitesse impressionante, m\u00eame les laptops avec une puissance \u00e9lev\u00e9e. Avec un port d&rsquo;entr\u00e9e\/sortie de charge rapide  type C et d&rsquo;un port de sortie USB A. Avec 4 prises AC vous seriez capable de charger vos appareils dans plus de 150 pays dans le monde entier. Il ets \u00e9galement possible de charger 4 appareils simultan\u00e9ment  tout en chargeant le chargeur lui-m\u00eame lorsqu&rsquo;il est connect\u00e9 \u00e0 une prise de courant. Avec ces dimenions compactes ce chargeur ets parfait pour une utilisation en d\u00e9placement.<\/p>\n","protected":false},"excerpt":{"rendered":"<p>Chargeur 65W universel 5 en 1 Oxnard est un appareil portable et puissant qui \u00e9l\u00e8vera votre exp\u00e9rience de charge \u00e0 de nouveaux sommets. Avec un chargeur magn\u00e9tique de 15W compatible avec les derniers t\u00e9l\u00e9phones iOS et Android. La batterie a une capacit\u00e9 de 15.000 mAh et une sortie PD 65 W Type-C ce qui permet [&hellip;]<\/p>\n","protected":false},"featured_media":19550,"comment_status":"closed","ping_status":"closed","template":"","meta":{"_acf_changed":false,"om_disable_all_campaigns":false},"product_cat":[88,64],"product_tag":[],"class_list":["post-19408","product","type-product","status-publish","has-post-thumbnail","hentry","product_cat-uncategorized","product_cat-chargeurs","pa_color-black"],"acf":[],"yoast_head":"<!-- This site is optimized with the Yoast SEO plugin v27.0 - https:\/\/yoast.com\/product\/yoast-seo-wordpress\/ -->\n<title>Chargeur 65W universel 5 en 1 Oxnard, noir - Urban Vitamin<\/title>\n<meta name=\"robots\" content=\"index, follow, max-snippet:-1, max-image-preview:large, max-video-preview:-1\" \/>\n<link rel=\"canonical\" href=\"https:\/\/urban-vitamin.com\/fr\/produit\/chargeur-65w-universel-5-en-1-oxnard-noir\/\" \/>\n<meta property=\"og:locale\" content=\"fr_FR\" \/>\n<meta property=\"og:type\" content=\"article\" \/>\n<meta property=\"og:title\" content=\"Chargeur 65W universel 5 en 1 Oxnard, noir - Urban Vitamin\" \/>\n<meta property=\"og:description\" content=\"Chargeur 65W universel 5 en 1 Oxnard est un appareil portable et puissant qui \u00e9l\u00e8vera votre exp\u00e9rience de charge \u00e0 de nouveaux sommets. Avec un chargeur magn\u00e9tique de 15W compatible avec les derniers t\u00e9l\u00e9phones iOS et Android. La batterie a une capacit\u00e9 de 15.000 mAh et une sortie PD 65 W Type-C ce qui permet [&hellip;]\" \/>\n<meta property=\"og:url\" content=\"https:\/\/urban-vitamin.com\/fr\/produit\/chargeur-65w-universel-5-en-1-oxnard-noir\/\" \/>\n<meta property=\"og:site_name\" content=\"Urban Vitamin\" \/>\n<meta property=\"article:modified_time\" content=\"2026-03-12T01:46:09+00:00\" \/>\n<meta property=\"og:image\" content=\"https:\/\/urban-vitamin.com\/wp-content\/uploads\/sites\/5\/2024\/08\/P301.9601__S_0__ac694fe27d0c4dc9989af3de0a4ab7cf.jpg\" \/>\n\t<meta property=\"og:image:width\" content=\"1024\" \/>\n\t<meta property=\"og:image:height\" content=\"1024\" \/>\n\t<meta property=\"og:image:type\" content=\"image\/jpeg\" \/>\n<meta name=\"twitter:card\" content=\"summary_large_image\" \/>\n<meta name=\"twitter:label1\" content=\"Dur\u00e9e de lecture estim\u00e9e\" \/>\n\t<meta name=\"twitter:data1\" content=\"1 minute\" \/>\n<script type=\"application\/ld+json\" class=\"yoast-schema-graph\">{\"@context\":\"https:\/\/schema.org\",\"@graph\":[{\"@type\":\"WebPage\",\"@id\":\"https:\/\/urban-vitamin.com\/fr\/produit\/chargeur-65w-universel-5-en-1-oxnard-noir\/\",\"url\":\"https:\/\/urban-vitamin.com\/fr\/produit\/chargeur-65w-universel-5-en-1-oxnard-noir\/\",\"name\":\"Chargeur 65W universel 5 en 1 Oxnard, noir - Urban Vitamin\",\"isPartOf\":{\"@id\":\"https:\/\/urban-vitamin.com\/fr\/#website\"},\"primaryImageOfPage\":{\"@id\":\"https:\/\/urban-vitamin.com\/fr\/produit\/chargeur-65w-universel-5-en-1-oxnard-noir\/#primaryimage\"},\"image\":{\"@id\":\"https:\/\/urban-vitamin.com\/fr\/produit\/chargeur-65w-universel-5-en-1-oxnard-noir\/#primaryimage\"},\"thumbnailUrl\":\"https:\/\/urban-vitamin.com\/wp-content\/uploads\/sites\/5\/2024\/08\/P301.9601__S_0__ac694fe27d0c4dc9989af3de0a4ab7cf.jpg\",\"datePublished\":\"2026-03-12T01:06:04+00:00\",\"dateModified\":\"2026-03-12T01:46:09+00:00\",\"breadcrumb\":{\"@id\":\"https:\/\/urban-vitamin.com\/fr\/produit\/chargeur-65w-universel-5-en-1-oxnard-noir\/#breadcrumb\"},\"inLanguage\":\"fr-FR\",\"potentialAction\":[{\"@type\":\"ReadAction\",\"target\":[\"https:\/\/urban-vitamin.com\/fr\/produit\/chargeur-65w-universel-5-en-1-oxnard-noir\/\"]}]},{\"@type\":\"ImageObject\",\"inLanguage\":\"fr-FR\",\"@id\":\"https:\/\/urban-vitamin.com\/fr\/produit\/chargeur-65w-universel-5-en-1-oxnard-noir\/#primaryimage\",\"url\":\"https:\/\/urban-vitamin.com\/wp-content\/uploads\/sites\/5\/2024\/08\/P301.9601__S_0__ac694fe27d0c4dc9989af3de0a4ab7cf.jpg\",\"contentUrl\":\"https:\/\/urban-vitamin.com\/wp-content\/uploads\/sites\/5\/2024\/08\/P301.9601__S_0__ac694fe27d0c4dc9989af3de0a4ab7cf.jpg\",\"width\":1024,\"height\":1024},{\"@type\":\"BreadcrumbList\",\"@id\":\"https:\/\/urban-vitamin.com\/fr\/produit\/chargeur-65w-universel-5-en-1-oxnard-noir\/#breadcrumb\",\"itemListElement\":[{\"@type\":\"ListItem\",\"position\":1,\"name\":\"Home\",\"item\":\"https:\/\/urban-vitamin.com\/fr\/\"},{\"@type\":\"ListItem\",\"position\":2,\"name\":\"Collection\",\"item\":\"https:\/\/urban-vitamin.com\/fr\/collection\/\"},{\"@type\":\"ListItem\",\"position\":3,\"name\":\"Chargeur 65W universel 5 en 1 Oxnard, noir\"}]},{\"@type\":\"WebSite\",\"@id\":\"https:\/\/urban-vitamin.com\/fr\/#website\",\"url\":\"https:\/\/urban-vitamin.com\/fr\/\",\"name\":\"Urban Vitamin\",\"description\":\"Enjoy your daily dose of Urban Vitamin!\",\"potentialAction\":[{\"@type\":\"SearchAction\",\"target\":{\"@type\":\"EntryPoint\",\"urlTemplate\":\"https:\/\/urban-vitamin.com\/fr\/?s={search_term_string}\"},\"query-input\":{\"@type\":\"PropertyValueSpecification\",\"valueRequired\":true,\"valueName\":\"search_term_string\"}}],\"inLanguage\":\"fr-FR\"}]}<\/script>\n<!-- \/ Yoast SEO plugin. -->","yoast_head_json":{"title":"Chargeur 65W universel 5 en 1 Oxnard, noir - Urban Vitamin","robots":{"index":"index","follow":"follow","max-snippet":"max-snippet:-1","max-image-preview":"max-image-preview:large","max-video-preview":"max-video-preview:-1"},"canonical":"https:\/\/urban-vitamin.com\/fr\/produit\/chargeur-65w-universel-5-en-1-oxnard-noir\/","og_locale":"fr_FR","og_type":"article","og_title":"Chargeur 65W universel 5 en 1 Oxnard, noir - Urban Vitamin","og_description":"Chargeur 65W universel 5 en 1 Oxnard est un appareil portable et puissant qui \u00e9l\u00e8vera votre exp\u00e9rience de charge \u00e0 de nouveaux sommets. Avec un chargeur magn\u00e9tique de 15W compatible avec les derniers t\u00e9l\u00e9phones iOS et Android. La batterie a une capacit\u00e9 de 15.000 mAh et une sortie PD 65 W Type-C ce qui permet [&hellip;]","og_url":"https:\/\/urban-vitamin.com\/fr\/produit\/chargeur-65w-universel-5-en-1-oxnard-noir\/","og_site_name":"Urban Vitamin","article_modified_time":"2026-03-12T01:46:09+00:00","og_image":[{"width":1024,"height":1024,"url":"https:\/\/urban-vitamin.com\/wp-content\/uploads\/sites\/5\/2024\/08\/P301.9601__S_0__ac694fe27d0c4dc9989af3de0a4ab7cf.jpg","type":"image\/jpeg"}],"twitter_card":"summary_large_image","twitter_misc":{"Dur\u00e9e de lecture estim\u00e9e":"1 minute"},"schema":{"@context":"https:\/\/schema.org","@graph":[{"@type":"WebPage","@id":"https:\/\/urban-vitamin.com\/fr\/produit\/chargeur-65w-universel-5-en-1-oxnard-noir\/","url":"https:\/\/urban-vitamin.com\/fr\/produit\/chargeur-65w-universel-5-en-1-oxnard-noir\/","name":"Chargeur 65W universel 5 en 1 Oxnard, noir - Urban Vitamin","isPartOf":{"@id":"https:\/\/urban-vitamin.com\/fr\/#website"},"primaryImageOfPage":{"@id":"https:\/\/urban-vitamin.com\/fr\/produit\/chargeur-65w-universel-5-en-1-oxnard-noir\/#primaryimage"},"image":{"@id":"https:\/\/urban-vitamin.com\/fr\/produit\/chargeur-65w-universel-5-en-1-oxnard-noir\/#primaryimage"},"thumbnailUrl":"https:\/\/urban-vitamin.com\/wp-content\/uploads\/sites\/5\/2024\/08\/P301.9601__S_0__ac694fe27d0c4dc9989af3de0a4ab7cf.jpg","datePublished":"2026-03-12T01:06:04+00:00","dateModified":"2026-03-12T01:46:09+00:00","breadcrumb":{"@id":"https:\/\/urban-vitamin.com\/fr\/produit\/chargeur-65w-universel-5-en-1-oxnard-noir\/#breadcrumb"},"inLanguage":"fr-FR","potentialAction":[{"@type":"ReadAction","target":["https:\/\/urban-vitamin.com\/fr\/produit\/chargeur-65w-universel-5-en-1-oxnard-noir\/"]}]},{"@type":"ImageObject","inLanguage":"fr-FR","@id":"https:\/\/urban-vitamin.com\/fr\/produit\/chargeur-65w-universel-5-en-1-oxnard-noir\/#primaryimage","url":"https:\/\/urban-vitamin.com\/wp-content\/uploads\/sites\/5\/2024\/08\/P301.9601__S_0__ac694fe27d0c4dc9989af3de0a4ab7cf.jpg","contentUrl":"https:\/\/urban-vitamin.com\/wp-content\/uploads\/sites\/5\/2024\/08\/P301.9601__S_0__ac694fe27d0c4dc9989af3de0a4ab7cf.jpg","width":1024,"height":1024},{"@type":"BreadcrumbList","@id":"https:\/\/urban-vitamin.com\/fr\/produit\/chargeur-65w-universel-5-en-1-oxnard-noir\/#breadcrumb","itemListElement":[{"@type":"ListItem","position":1,"name":"Home","item":"https:\/\/urban-vitamin.com\/fr\/"},{"@type":"ListItem","position":2,"name":"Collection","item":"https:\/\/urban-vitamin.com\/fr\/collection\/"},{"@type":"ListItem","position":3,"name":"Chargeur 65W universel 5 en 1 Oxnard, noir"}]},{"@type":"WebSite","@id":"https:\/\/urban-vitamin.com\/fr\/#website","url":"https:\/\/urban-vitamin.com\/fr\/","name":"Urban Vitamin","description":"Enjoy your daily dose of Urban Vitamin!","potentialAction":[{"@type":"SearchAction","target":{"@type":"EntryPoint","urlTemplate":"https:\/\/urban-vitamin.com\/fr\/?s={search_term_string}"},"query-input":{"@type":"PropertyValueSpecification","valueRequired":true,"valueName":"search_term_string"}}],"inLanguage":"fr-FR"}]}},"_links":{"self":[{"href":"https:\/\/urban-vitamin.com\/fr\/wp-json\/wp\/v2\/product\/19408","targetHints":{"allow":["GET"]}}],"collection":[{"href":"https:\/\/urban-vitamin.com\/fr\/wp-json\/wp\/v2\/product"}],"about":[{"href":"https:\/\/urban-vitamin.com\/fr\/wp-json\/wp\/v2\/types\/product"}],"replies":[{"embeddable":true,"href":"https:\/\/urban-vitamin.com\/fr\/wp-json\/wp\/v2\/comments?post=19408"}],"wp:featuredmedia":[{"embeddable":true,"href":"https:\/\/urban-vitamin.com\/fr\/wp-json\/wp\/v2\/media\/19550"}],"wp:attachment":[{"href":"https:\/\/urban-vitamin.com\/fr\/wp-json\/wp\/v2\/media?parent=19408"}],"wp:term":[{"taxonomy":"product_cat","embeddable":true,"href":"https:\/\/urban-vitamin.com\/fr\/wp-json\/wp\/v2\/product_cat?post=19408"},{"taxonomy":"product_tag","embeddable":true,"href":"https:\/\/urban-vitamin.com\/fr\/wp-json\/wp\/v2\/product_tag?post=19408"}],"curies":[{"name":"wp","href":"https:\/\/api.w.org\/{rel}","templated":true}]}}