{"id":18872,"date":"2026-03-12T01:06:04","date_gmt":"2026-03-12T01:06:04","guid":{"rendered":"https:\/\/urban-vitamin.com\/cable-65w-en-tpe-pet-rcs-recycle-urban-vitamin-stockton-noir\/"},"modified":"2026-03-12T01:46:15","modified_gmt":"2026-03-12T01:46:15","slug":"cable-65w-en-tpe-pet-rcs-recycle-stockton-noir","status":"publish","type":"product","link":"https:\/\/urban-vitamin.com\/fr\/produit\/cable-65w-en-tpe-pet-rcs-recycle-stockton-noir\/","title":{"rendered":"C\u00e2ble 65W en TPE\/PET RCS recycl\u00e9 Stockton, noir"},"content":{"rendered":"<p>Stockton, con\u00e7u pour r\u00e9volutionner votre exp\u00e9rience de charge. Sa conception magn\u00e9tique simplifie l&rsquo;organisation des c\u00e2bles et \u00e9vite les enchev\u00eatrements. Stockton r\u00e9pond \u00e0 votre mode de vie nomade, offrant \u00e0 la fois des entr\u00e9es USB Type-C et USB-A, assurant la compatibilit\u00e9 avec divers appareils. Avec les sorties iOS et Type-C, il est suffisamment polyvalent pour charger votre iPhone, votre appareil Android ou votre ordinateur portable ! Stockton n&rsquo;est pas qu&rsquo;un simple c\u00e2ble de charge ; c&rsquo;est aussi votre compagnon pour un transfert de donn\u00e9es fluide, la synchronisation des fichiers, des photos et de la musique. Avec une capacit\u00e9 de charge de 65 W, il change la donne pour les appareils mobiles et les ordinateurs portables. Le Stockton est fabriqu\u00e9 en ABS recycl\u00e9 certifi\u00e9 RCS (Recycled Claim Standard). Contenu recycl\u00e9 total : 30 % sur la base du poids total de l&rsquo;article. Les articles Urban Vitamin sont fabriqu\u00e9s sans PVC et emball\u00e9s dans des emballages \u00e0 teneur r\u00e9duite en plastique.<\/p>\n","protected":false},"excerpt":{"rendered":"<p>Stockton, con\u00e7u pour r\u00e9volutionner votre exp\u00e9rience de charge. Sa conception magn\u00e9tique simplifie l&rsquo;organisation des c\u00e2bles et \u00e9vite les enchev\u00eatrements. Stockton r\u00e9pond \u00e0 votre mode de vie nomade, offrant \u00e0 la fois des entr\u00e9es USB Type-C et USB-A, assurant la compatibilit\u00e9 avec divers appareils. Avec les sorties iOS et Type-C, il est suffisamment polyvalent pour charger [&hellip;]<\/p>\n","protected":false},"featured_media":19165,"comment_status":"closed","ping_status":"closed","template":"","meta":{"_acf_changed":false,"om_disable_all_campaigns":false},"product_cat":[65],"product_tag":[],"class_list":["post-18872","product","type-product","status-publish","has-post-thumbnail","hentry","product_cat-cables-fr","pa_color-black"],"acf":[],"yoast_head":"<!-- This site is optimized with the Yoast SEO plugin v27.0 - https:\/\/yoast.com\/product\/yoast-seo-wordpress\/ -->\n<title>C\u00e2ble 65W en TPE\/PET RCS recycl\u00e9 Stockton, noir - Urban Vitamin<\/title>\n<meta name=\"robots\" content=\"index, follow, max-snippet:-1, max-image-preview:large, max-video-preview:-1\" \/>\n<link rel=\"canonical\" href=\"https:\/\/urban-vitamin.com\/fr\/produit\/cable-65w-en-tpe-pet-rcs-recycle-stockton-noir\/\" \/>\n<meta property=\"og:locale\" content=\"fr_FR\" \/>\n<meta property=\"og:type\" content=\"article\" \/>\n<meta property=\"og:title\" content=\"C\u00e2ble 65W en TPE\/PET RCS recycl\u00e9 Stockton, noir - Urban Vitamin\" \/>\n<meta property=\"og:description\" content=\"Stockton, con\u00e7u pour r\u00e9volutionner votre exp\u00e9rience de charge. Sa conception magn\u00e9tique simplifie l&rsquo;organisation des c\u00e2bles et \u00e9vite les enchev\u00eatrements. Stockton r\u00e9pond \u00e0 votre mode de vie nomade, offrant \u00e0 la fois des entr\u00e9es USB Type-C et USB-A, assurant la compatibilit\u00e9 avec divers appareils. Avec les sorties iOS et Type-C, il est suffisamment polyvalent pour charger [&hellip;]\" \/>\n<meta property=\"og:url\" content=\"https:\/\/urban-vitamin.com\/fr\/produit\/cable-65w-en-tpe-pet-rcs-recycle-stockton-noir\/\" \/>\n<meta property=\"og:site_name\" content=\"Urban Vitamin\" \/>\n<meta property=\"article:modified_time\" content=\"2026-03-12T01:46:15+00:00\" \/>\n<meta property=\"og:image\" content=\"https:\/\/urban-vitamin.com\/wp-content\/uploads\/sites\/5\/2024\/05\/P302.7101__S_0__f8852696b58a435d983d158180f36c5d.jpg\" \/>\n\t<meta property=\"og:image:width\" content=\"1024\" \/>\n\t<meta property=\"og:image:height\" content=\"1024\" \/>\n\t<meta property=\"og:image:type\" content=\"image\/jpeg\" \/>\n<meta name=\"twitter:card\" content=\"summary_large_image\" \/>\n<meta name=\"twitter:label1\" content=\"Dur\u00e9e de lecture estim\u00e9e\" \/>\n\t<meta name=\"twitter:data1\" content=\"1 minute\" \/>\n<script type=\"application\/ld+json\" class=\"yoast-schema-graph\">{\"@context\":\"https:\/\/schema.org\",\"@graph\":[{\"@type\":\"WebPage\",\"@id\":\"https:\/\/urban-vitamin.com\/fr\/produit\/cable-65w-en-tpe-pet-rcs-recycle-stockton-noir\/\",\"url\":\"https:\/\/urban-vitamin.com\/fr\/produit\/cable-65w-en-tpe-pet-rcs-recycle-stockton-noir\/\",\"name\":\"C\u00e2ble 65W en TPE\/PET RCS recycl\u00e9 Stockton, noir - Urban Vitamin\",\"isPartOf\":{\"@id\":\"https:\/\/urban-vitamin.com\/fr\/#website\"},\"primaryImageOfPage\":{\"@id\":\"https:\/\/urban-vitamin.com\/fr\/produit\/cable-65w-en-tpe-pet-rcs-recycle-stockton-noir\/#primaryimage\"},\"image\":{\"@id\":\"https:\/\/urban-vitamin.com\/fr\/produit\/cable-65w-en-tpe-pet-rcs-recycle-stockton-noir\/#primaryimage\"},\"thumbnailUrl\":\"https:\/\/urban-vitamin.com\/wp-content\/uploads\/sites\/5\/2024\/05\/P302.7101__S_0__f8852696b58a435d983d158180f36c5d.jpg\",\"datePublished\":\"2026-03-12T01:06:04+00:00\",\"dateModified\":\"2026-03-12T01:46:15+00:00\",\"breadcrumb\":{\"@id\":\"https:\/\/urban-vitamin.com\/fr\/produit\/cable-65w-en-tpe-pet-rcs-recycle-stockton-noir\/#breadcrumb\"},\"inLanguage\":\"fr-FR\",\"potentialAction\":[{\"@type\":\"ReadAction\",\"target\":[\"https:\/\/urban-vitamin.com\/fr\/produit\/cable-65w-en-tpe-pet-rcs-recycle-stockton-noir\/\"]}]},{\"@type\":\"ImageObject\",\"inLanguage\":\"fr-FR\",\"@id\":\"https:\/\/urban-vitamin.com\/fr\/produit\/cable-65w-en-tpe-pet-rcs-recycle-stockton-noir\/#primaryimage\",\"url\":\"https:\/\/urban-vitamin.com\/wp-content\/uploads\/sites\/5\/2024\/05\/P302.7101__S_0__f8852696b58a435d983d158180f36c5d.jpg\",\"contentUrl\":\"https:\/\/urban-vitamin.com\/wp-content\/uploads\/sites\/5\/2024\/05\/P302.7101__S_0__f8852696b58a435d983d158180f36c5d.jpg\",\"width\":1024,\"height\":1024},{\"@type\":\"BreadcrumbList\",\"@id\":\"https:\/\/urban-vitamin.com\/fr\/produit\/cable-65w-en-tpe-pet-rcs-recycle-stockton-noir\/#breadcrumb\",\"itemListElement\":[{\"@type\":\"ListItem\",\"position\":1,\"name\":\"Home\",\"item\":\"https:\/\/urban-vitamin.com\/fr\/\"},{\"@type\":\"ListItem\",\"position\":2,\"name\":\"Collection\",\"item\":\"https:\/\/urban-vitamin.com\/fr\/collection\/\"},{\"@type\":\"ListItem\",\"position\":3,\"name\":\"C\u00e2ble 65W en TPE\/PET RCS recycl\u00e9 Stockton, noir\"}]},{\"@type\":\"WebSite\",\"@id\":\"https:\/\/urban-vitamin.com\/fr\/#website\",\"url\":\"https:\/\/urban-vitamin.com\/fr\/\",\"name\":\"Urban Vitamin\",\"description\":\"Enjoy your daily dose of Urban Vitamin!\",\"potentialAction\":[{\"@type\":\"SearchAction\",\"target\":{\"@type\":\"EntryPoint\",\"urlTemplate\":\"https:\/\/urban-vitamin.com\/fr\/?s={search_term_string}\"},\"query-input\":{\"@type\":\"PropertyValueSpecification\",\"valueRequired\":true,\"valueName\":\"search_term_string\"}}],\"inLanguage\":\"fr-FR\"}]}<\/script>\n<!-- \/ Yoast SEO plugin. -->","yoast_head_json":{"title":"C\u00e2ble 65W en TPE\/PET RCS recycl\u00e9 Stockton, noir - Urban Vitamin","robots":{"index":"index","follow":"follow","max-snippet":"max-snippet:-1","max-image-preview":"max-image-preview:large","max-video-preview":"max-video-preview:-1"},"canonical":"https:\/\/urban-vitamin.com\/fr\/produit\/cable-65w-en-tpe-pet-rcs-recycle-stockton-noir\/","og_locale":"fr_FR","og_type":"article","og_title":"C\u00e2ble 65W en TPE\/PET RCS recycl\u00e9 Stockton, noir - Urban Vitamin","og_description":"Stockton, con\u00e7u pour r\u00e9volutionner votre exp\u00e9rience de charge. Sa conception magn\u00e9tique simplifie l&rsquo;organisation des c\u00e2bles et \u00e9vite les enchev\u00eatrements. Stockton r\u00e9pond \u00e0 votre mode de vie nomade, offrant \u00e0 la fois des entr\u00e9es USB Type-C et USB-A, assurant la compatibilit\u00e9 avec divers appareils. Avec les sorties iOS et Type-C, il est suffisamment polyvalent pour charger [&hellip;]","og_url":"https:\/\/urban-vitamin.com\/fr\/produit\/cable-65w-en-tpe-pet-rcs-recycle-stockton-noir\/","og_site_name":"Urban Vitamin","article_modified_time":"2026-03-12T01:46:15+00:00","og_image":[{"width":1024,"height":1024,"url":"https:\/\/urban-vitamin.com\/wp-content\/uploads\/sites\/5\/2024\/05\/P302.7101__S_0__f8852696b58a435d983d158180f36c5d.jpg","type":"image\/jpeg"}],"twitter_card":"summary_large_image","twitter_misc":{"Dur\u00e9e de lecture estim\u00e9e":"1 minute"},"schema":{"@context":"https:\/\/schema.org","@graph":[{"@type":"WebPage","@id":"https:\/\/urban-vitamin.com\/fr\/produit\/cable-65w-en-tpe-pet-rcs-recycle-stockton-noir\/","url":"https:\/\/urban-vitamin.com\/fr\/produit\/cable-65w-en-tpe-pet-rcs-recycle-stockton-noir\/","name":"C\u00e2ble 65W en TPE\/PET RCS recycl\u00e9 Stockton, noir - Urban Vitamin","isPartOf":{"@id":"https:\/\/urban-vitamin.com\/fr\/#website"},"primaryImageOfPage":{"@id":"https:\/\/urban-vitamin.com\/fr\/produit\/cable-65w-en-tpe-pet-rcs-recycle-stockton-noir\/#primaryimage"},"image":{"@id":"https:\/\/urban-vitamin.com\/fr\/produit\/cable-65w-en-tpe-pet-rcs-recycle-stockton-noir\/#primaryimage"},"thumbnailUrl":"https:\/\/urban-vitamin.com\/wp-content\/uploads\/sites\/5\/2024\/05\/P302.7101__S_0__f8852696b58a435d983d158180f36c5d.jpg","datePublished":"2026-03-12T01:06:04+00:00","dateModified":"2026-03-12T01:46:15+00:00","breadcrumb":{"@id":"https:\/\/urban-vitamin.com\/fr\/produit\/cable-65w-en-tpe-pet-rcs-recycle-stockton-noir\/#breadcrumb"},"inLanguage":"fr-FR","potentialAction":[{"@type":"ReadAction","target":["https:\/\/urban-vitamin.com\/fr\/produit\/cable-65w-en-tpe-pet-rcs-recycle-stockton-noir\/"]}]},{"@type":"ImageObject","inLanguage":"fr-FR","@id":"https:\/\/urban-vitamin.com\/fr\/produit\/cable-65w-en-tpe-pet-rcs-recycle-stockton-noir\/#primaryimage","url":"https:\/\/urban-vitamin.com\/wp-content\/uploads\/sites\/5\/2024\/05\/P302.7101__S_0__f8852696b58a435d983d158180f36c5d.jpg","contentUrl":"https:\/\/urban-vitamin.com\/wp-content\/uploads\/sites\/5\/2024\/05\/P302.7101__S_0__f8852696b58a435d983d158180f36c5d.jpg","width":1024,"height":1024},{"@type":"BreadcrumbList","@id":"https:\/\/urban-vitamin.com\/fr\/produit\/cable-65w-en-tpe-pet-rcs-recycle-stockton-noir\/#breadcrumb","itemListElement":[{"@type":"ListItem","position":1,"name":"Home","item":"https:\/\/urban-vitamin.com\/fr\/"},{"@type":"ListItem","position":2,"name":"Collection","item":"https:\/\/urban-vitamin.com\/fr\/collection\/"},{"@type":"ListItem","position":3,"name":"C\u00e2ble 65W en TPE\/PET RCS recycl\u00e9 Stockton, noir"}]},{"@type":"WebSite","@id":"https:\/\/urban-vitamin.com\/fr\/#website","url":"https:\/\/urban-vitamin.com\/fr\/","name":"Urban Vitamin","description":"Enjoy your daily dose of Urban Vitamin!","potentialAction":[{"@type":"SearchAction","target":{"@type":"EntryPoint","urlTemplate":"https:\/\/urban-vitamin.com\/fr\/?s={search_term_string}"},"query-input":{"@type":"PropertyValueSpecification","valueRequired":true,"valueName":"search_term_string"}}],"inLanguage":"fr-FR"}]}},"_links":{"self":[{"href":"https:\/\/urban-vitamin.com\/fr\/wp-json\/wp\/v2\/product\/18872","targetHints":{"allow":["GET"]}}],"collection":[{"href":"https:\/\/urban-vitamin.com\/fr\/wp-json\/wp\/v2\/product"}],"about":[{"href":"https:\/\/urban-vitamin.com\/fr\/wp-json\/wp\/v2\/types\/product"}],"replies":[{"embeddable":true,"href":"https:\/\/urban-vitamin.com\/fr\/wp-json\/wp\/v2\/comments?post=18872"}],"wp:featuredmedia":[{"embeddable":true,"href":"https:\/\/urban-vitamin.com\/fr\/wp-json\/wp\/v2\/media\/19165"}],"wp:attachment":[{"href":"https:\/\/urban-vitamin.com\/fr\/wp-json\/wp\/v2\/media?parent=18872"}],"wp:term":[{"taxonomy":"product_cat","embeddable":true,"href":"https:\/\/urban-vitamin.com\/fr\/wp-json\/wp\/v2\/product_cat?post=18872"},{"taxonomy":"product_tag","embeddable":true,"href":"https:\/\/urban-vitamin.com\/fr\/wp-json\/wp\/v2\/product_tag?post=18872"}],"curies":[{"name":"wp","href":"https:\/\/api.w.org\/{rel}","templated":true}]}}