{"id":11457,"date":"2026-03-12T01:08:24","date_gmt":"2026-03-12T01:08:24","guid":{"rendered":"https:\/\/urban-vitamin.com\/enceinte-30w-en-plastique-rcs-urban-vitamin-pacific-grove-noir\/"},"modified":"2026-03-12T01:47:06","modified_gmt":"2026-03-12T01:47:06","slug":"enceinte-30w-en-plastique-rcs-pacific-grove-noir","status":"publish","type":"product","link":"https:\/\/urban-vitamin.com\/fr\/produit\/enceinte-30w-en-plastique-rcs-pacific-grove-noir\/","title":{"rendered":"Enceinte 30W en plastique RCS Pacific Grove, noir"},"content":{"rendered":"<p>Haut-parleur 30W sans fil Pacific Grove fabriqu\u00e9e \u00e0 partir d&rsquo;ABS et de PET recycl\u00e9s certifi\u00e9s RCS (Recycled Claim Standard). Son cordon int\u00e9gr\u00e9 pratique et sa conception durable, r\u00e9sistante \u00e0 l&rsquo;eau IPX 7, vous permettent d&#8217;emporter vos morceaux pr\u00e9f\u00e9r\u00e9s o\u00f9 que vous alliez. En outre, vous avez la possibilit\u00e9 de connecter deux haut-parleurs ensemble \u00e0 l&rsquo;aide de la fonction de couplage st\u00e9r\u00e9o, cr\u00e9ant ainsi une exp\u00e9rience sonore st\u00e9r\u00e9o authentique. Une charge compl\u00e8te vous permet d&rsquo;\u00e9couter de la musique jusqu&rsquo;\u00e0 8 heures avec une seule charge. Le double subwoofer vous offre une exp\u00e9rience in\u00e9gal\u00e9e en mati\u00e8re de basses. Contenu recycl\u00e9 total : 36 % sur la base du poids total de l&rsquo;article. La certification RCS garantit une cha\u00eene d&rsquo;approvisionnement enti\u00e8rement certifi\u00e9e pour les mat\u00e9riaux recycl\u00e9s. Les articles Urban Vitamin sont fabriqu\u00e9s sans PVC et emball\u00e9s dans des emballages \u00e0 teneur r\u00e9duite en plastique.<\/p>\n","protected":false},"excerpt":{"rendered":"<p>Haut-parleur 30W sans fil Pacific Grove fabriqu\u00e9e \u00e0 partir d&rsquo;ABS et de PET recycl\u00e9s certifi\u00e9s RCS (Recycled Claim Standard). Son cordon int\u00e9gr\u00e9 pratique et sa conception durable, r\u00e9sistante \u00e0 l&rsquo;eau IPX 7, vous permettent d&#8217;emporter vos morceaux pr\u00e9f\u00e9r\u00e9s o\u00f9 que vous alliez. En outre, vous avez la possibilit\u00e9 de connecter deux haut-parleurs ensemble \u00e0 l&rsquo;aide [&hellip;]<\/p>\n","protected":false},"featured_media":19074,"comment_status":"closed","ping_status":"closed","template":"","meta":{"_acf_changed":false,"om_disable_all_campaigns":false},"product_cat":[62],"product_tag":[],"class_list":["post-11457","product","type-product","status-publish","has-post-thumbnail","hentry","product_cat-hautparleurs","pa_color-black"],"acf":[],"yoast_head":"<!-- This site is optimized with the Yoast SEO plugin v27.0 - https:\/\/yoast.com\/product\/yoast-seo-wordpress\/ -->\n<title>Enceinte 30W en plastique RCS Pacific Grove, noir - Urban Vitamin<\/title>\n<meta name=\"robots\" content=\"index, follow, max-snippet:-1, max-image-preview:large, max-video-preview:-1\" \/>\n<link rel=\"canonical\" href=\"https:\/\/urban-vitamin.com\/fr\/produit\/enceinte-30w-en-plastique-rcs-pacific-grove-noir\/\" \/>\n<meta property=\"og:locale\" content=\"fr_FR\" \/>\n<meta property=\"og:type\" content=\"article\" \/>\n<meta property=\"og:title\" content=\"Enceinte 30W en plastique RCS Pacific Grove, noir - Urban Vitamin\" \/>\n<meta property=\"og:description\" content=\"Haut-parleur 30W sans fil Pacific Grove fabriqu\u00e9e \u00e0 partir d&rsquo;ABS et de PET recycl\u00e9s certifi\u00e9s RCS (Recycled Claim Standard). Son cordon int\u00e9gr\u00e9 pratique et sa conception durable, r\u00e9sistante \u00e0 l&rsquo;eau IPX 7, vous permettent d&#8217;emporter vos morceaux pr\u00e9f\u00e9r\u00e9s o\u00f9 que vous alliez. En outre, vous avez la possibilit\u00e9 de connecter deux haut-parleurs ensemble \u00e0 l&rsquo;aide [&hellip;]\" \/>\n<meta property=\"og:url\" content=\"https:\/\/urban-vitamin.com\/fr\/produit\/enceinte-30w-en-plastique-rcs-pacific-grove-noir\/\" \/>\n<meta property=\"og:site_name\" content=\"Urban Vitamin\" \/>\n<meta property=\"article:modified_time\" content=\"2026-03-12T01:47:06+00:00\" \/>\n<meta property=\"og:image\" content=\"https:\/\/urban-vitamin.com\/wp-content\/uploads\/sites\/5\/2024\/05\/P331.511__S_0__9014c4827f1741c1a45384ab5761777d.jpg\" \/>\n\t<meta property=\"og:image:width\" content=\"1024\" \/>\n\t<meta property=\"og:image:height\" content=\"1024\" \/>\n\t<meta property=\"og:image:type\" content=\"image\/jpeg\" \/>\n<meta name=\"twitter:card\" content=\"summary_large_image\" \/>\n<meta name=\"twitter:label1\" content=\"Dur\u00e9e de lecture estim\u00e9e\" \/>\n\t<meta name=\"twitter:data1\" content=\"1 minute\" \/>\n<script type=\"application\/ld+json\" class=\"yoast-schema-graph\">{\"@context\":\"https:\/\/schema.org\",\"@graph\":[{\"@type\":\"WebPage\",\"@id\":\"https:\/\/urban-vitamin.com\/fr\/produit\/enceinte-30w-en-plastique-rcs-pacific-grove-noir\/\",\"url\":\"https:\/\/urban-vitamin.com\/fr\/produit\/enceinte-30w-en-plastique-rcs-pacific-grove-noir\/\",\"name\":\"Enceinte 30W en plastique RCS Pacific Grove, noir - Urban Vitamin\",\"isPartOf\":{\"@id\":\"https:\/\/urban-vitamin.com\/fr\/#website\"},\"primaryImageOfPage\":{\"@id\":\"https:\/\/urban-vitamin.com\/fr\/produit\/enceinte-30w-en-plastique-rcs-pacific-grove-noir\/#primaryimage\"},\"image\":{\"@id\":\"https:\/\/urban-vitamin.com\/fr\/produit\/enceinte-30w-en-plastique-rcs-pacific-grove-noir\/#primaryimage\"},\"thumbnailUrl\":\"https:\/\/urban-vitamin.com\/wp-content\/uploads\/sites\/5\/2024\/05\/P331.511__S_0__9014c4827f1741c1a45384ab5761777d.jpg\",\"datePublished\":\"2026-03-12T01:08:24+00:00\",\"dateModified\":\"2026-03-12T01:47:06+00:00\",\"breadcrumb\":{\"@id\":\"https:\/\/urban-vitamin.com\/fr\/produit\/enceinte-30w-en-plastique-rcs-pacific-grove-noir\/#breadcrumb\"},\"inLanguage\":\"fr-FR\",\"potentialAction\":[{\"@type\":\"ReadAction\",\"target\":[\"https:\/\/urban-vitamin.com\/fr\/produit\/enceinte-30w-en-plastique-rcs-pacific-grove-noir\/\"]}]},{\"@type\":\"ImageObject\",\"inLanguage\":\"fr-FR\",\"@id\":\"https:\/\/urban-vitamin.com\/fr\/produit\/enceinte-30w-en-plastique-rcs-pacific-grove-noir\/#primaryimage\",\"url\":\"https:\/\/urban-vitamin.com\/wp-content\/uploads\/sites\/5\/2024\/05\/P331.511__S_0__9014c4827f1741c1a45384ab5761777d.jpg\",\"contentUrl\":\"https:\/\/urban-vitamin.com\/wp-content\/uploads\/sites\/5\/2024\/05\/P331.511__S_0__9014c4827f1741c1a45384ab5761777d.jpg\",\"width\":1024,\"height\":1024},{\"@type\":\"BreadcrumbList\",\"@id\":\"https:\/\/urban-vitamin.com\/fr\/produit\/enceinte-30w-en-plastique-rcs-pacific-grove-noir\/#breadcrumb\",\"itemListElement\":[{\"@type\":\"ListItem\",\"position\":1,\"name\":\"Home\",\"item\":\"https:\/\/urban-vitamin.com\/fr\/\"},{\"@type\":\"ListItem\",\"position\":2,\"name\":\"Collection\",\"item\":\"https:\/\/urban-vitamin.com\/fr\/collection\/\"},{\"@type\":\"ListItem\",\"position\":3,\"name\":\"Enceinte 30W en plastique RCS Pacific Grove, noir\"}]},{\"@type\":\"WebSite\",\"@id\":\"https:\/\/urban-vitamin.com\/fr\/#website\",\"url\":\"https:\/\/urban-vitamin.com\/fr\/\",\"name\":\"Urban Vitamin\",\"description\":\"Enjoy your daily dose of Urban Vitamin!\",\"potentialAction\":[{\"@type\":\"SearchAction\",\"target\":{\"@type\":\"EntryPoint\",\"urlTemplate\":\"https:\/\/urban-vitamin.com\/fr\/?s={search_term_string}\"},\"query-input\":{\"@type\":\"PropertyValueSpecification\",\"valueRequired\":true,\"valueName\":\"search_term_string\"}}],\"inLanguage\":\"fr-FR\"}]}<\/script>\n<!-- \/ Yoast SEO plugin. -->","yoast_head_json":{"title":"Enceinte 30W en plastique RCS Pacific Grove, noir - Urban Vitamin","robots":{"index":"index","follow":"follow","max-snippet":"max-snippet:-1","max-image-preview":"max-image-preview:large","max-video-preview":"max-video-preview:-1"},"canonical":"https:\/\/urban-vitamin.com\/fr\/produit\/enceinte-30w-en-plastique-rcs-pacific-grove-noir\/","og_locale":"fr_FR","og_type":"article","og_title":"Enceinte 30W en plastique RCS Pacific Grove, noir - Urban Vitamin","og_description":"Haut-parleur 30W sans fil Pacific Grove fabriqu\u00e9e \u00e0 partir d&rsquo;ABS et de PET recycl\u00e9s certifi\u00e9s RCS (Recycled Claim Standard). Son cordon int\u00e9gr\u00e9 pratique et sa conception durable, r\u00e9sistante \u00e0 l&rsquo;eau IPX 7, vous permettent d&#8217;emporter vos morceaux pr\u00e9f\u00e9r\u00e9s o\u00f9 que vous alliez. En outre, vous avez la possibilit\u00e9 de connecter deux haut-parleurs ensemble \u00e0 l&rsquo;aide [&hellip;]","og_url":"https:\/\/urban-vitamin.com\/fr\/produit\/enceinte-30w-en-plastique-rcs-pacific-grove-noir\/","og_site_name":"Urban Vitamin","article_modified_time":"2026-03-12T01:47:06+00:00","og_image":[{"width":1024,"height":1024,"url":"https:\/\/urban-vitamin.com\/wp-content\/uploads\/sites\/5\/2024\/05\/P331.511__S_0__9014c4827f1741c1a45384ab5761777d.jpg","type":"image\/jpeg"}],"twitter_card":"summary_large_image","twitter_misc":{"Dur\u00e9e de lecture estim\u00e9e":"1 minute"},"schema":{"@context":"https:\/\/schema.org","@graph":[{"@type":"WebPage","@id":"https:\/\/urban-vitamin.com\/fr\/produit\/enceinte-30w-en-plastique-rcs-pacific-grove-noir\/","url":"https:\/\/urban-vitamin.com\/fr\/produit\/enceinte-30w-en-plastique-rcs-pacific-grove-noir\/","name":"Enceinte 30W en plastique RCS Pacific Grove, noir - Urban Vitamin","isPartOf":{"@id":"https:\/\/urban-vitamin.com\/fr\/#website"},"primaryImageOfPage":{"@id":"https:\/\/urban-vitamin.com\/fr\/produit\/enceinte-30w-en-plastique-rcs-pacific-grove-noir\/#primaryimage"},"image":{"@id":"https:\/\/urban-vitamin.com\/fr\/produit\/enceinte-30w-en-plastique-rcs-pacific-grove-noir\/#primaryimage"},"thumbnailUrl":"https:\/\/urban-vitamin.com\/wp-content\/uploads\/sites\/5\/2024\/05\/P331.511__S_0__9014c4827f1741c1a45384ab5761777d.jpg","datePublished":"2026-03-12T01:08:24+00:00","dateModified":"2026-03-12T01:47:06+00:00","breadcrumb":{"@id":"https:\/\/urban-vitamin.com\/fr\/produit\/enceinte-30w-en-plastique-rcs-pacific-grove-noir\/#breadcrumb"},"inLanguage":"fr-FR","potentialAction":[{"@type":"ReadAction","target":["https:\/\/urban-vitamin.com\/fr\/produit\/enceinte-30w-en-plastique-rcs-pacific-grove-noir\/"]}]},{"@type":"ImageObject","inLanguage":"fr-FR","@id":"https:\/\/urban-vitamin.com\/fr\/produit\/enceinte-30w-en-plastique-rcs-pacific-grove-noir\/#primaryimage","url":"https:\/\/urban-vitamin.com\/wp-content\/uploads\/sites\/5\/2024\/05\/P331.511__S_0__9014c4827f1741c1a45384ab5761777d.jpg","contentUrl":"https:\/\/urban-vitamin.com\/wp-content\/uploads\/sites\/5\/2024\/05\/P331.511__S_0__9014c4827f1741c1a45384ab5761777d.jpg","width":1024,"height":1024},{"@type":"BreadcrumbList","@id":"https:\/\/urban-vitamin.com\/fr\/produit\/enceinte-30w-en-plastique-rcs-pacific-grove-noir\/#breadcrumb","itemListElement":[{"@type":"ListItem","position":1,"name":"Home","item":"https:\/\/urban-vitamin.com\/fr\/"},{"@type":"ListItem","position":2,"name":"Collection","item":"https:\/\/urban-vitamin.com\/fr\/collection\/"},{"@type":"ListItem","position":3,"name":"Enceinte 30W en plastique RCS Pacific Grove, noir"}]},{"@type":"WebSite","@id":"https:\/\/urban-vitamin.com\/fr\/#website","url":"https:\/\/urban-vitamin.com\/fr\/","name":"Urban Vitamin","description":"Enjoy your daily dose of Urban Vitamin!","potentialAction":[{"@type":"SearchAction","target":{"@type":"EntryPoint","urlTemplate":"https:\/\/urban-vitamin.com\/fr\/?s={search_term_string}"},"query-input":{"@type":"PropertyValueSpecification","valueRequired":true,"valueName":"search_term_string"}}],"inLanguage":"fr-FR"}]}},"_links":{"self":[{"href":"https:\/\/urban-vitamin.com\/fr\/wp-json\/wp\/v2\/product\/11457","targetHints":{"allow":["GET"]}}],"collection":[{"href":"https:\/\/urban-vitamin.com\/fr\/wp-json\/wp\/v2\/product"}],"about":[{"href":"https:\/\/urban-vitamin.com\/fr\/wp-json\/wp\/v2\/types\/product"}],"replies":[{"embeddable":true,"href":"https:\/\/urban-vitamin.com\/fr\/wp-json\/wp\/v2\/comments?post=11457"}],"wp:featuredmedia":[{"embeddable":true,"href":"https:\/\/urban-vitamin.com\/fr\/wp-json\/wp\/v2\/media\/19074"}],"wp:attachment":[{"href":"https:\/\/urban-vitamin.com\/fr\/wp-json\/wp\/v2\/media?parent=11457"}],"wp:term":[{"taxonomy":"product_cat","embeddable":true,"href":"https:\/\/urban-vitamin.com\/fr\/wp-json\/wp\/v2\/product_cat?post=11457"},{"taxonomy":"product_tag","embeddable":true,"href":"https:\/\/urban-vitamin.com\/fr\/wp-json\/wp\/v2\/product_tag?post=11457"}],"curies":[{"name":"wp","href":"https:\/\/api.w.org\/{rel}","templated":true}]}}