{"id":10552,"date":"2026-03-12T01:06:52","date_gmt":"2026-03-12T01:06:52","guid":{"rendered":"https:\/\/urban-vitamin.com\/powerbank-5000mah-en-plastique-alu-rcs-urbanvitamin-richmond-argent\/"},"modified":"2026-03-12T01:46:38","modified_gmt":"2026-03-12T01:46:38","slug":"powerbank-5000mah-en-plastique-alu-rcs-richmond-argent","status":"publish","type":"product","link":"https:\/\/urban-vitamin.com\/fr\/produit\/powerbank-5000mah-en-plastique-alu-rcs-richmond-argent\/","title":{"rendered":"Powerbank 5000mAh en plastique\/alu RCS Richmond, argent"},"content":{"rendered":"<p>La technologie magn\u00e9tique de Richmond s&rsquo;accroche sans effort \u00e0 votre iPhone 12 et plus, ainsi qu&rsquo;aux t\u00e9l\u00e9phones Android de nouvelle g\u00e9n\u00e9ration, assurant une connexion directe pour une charge de 15 W \u00e0 la vitesse de l&rsquo;\u00e9clair. Richmond permet la charge rapide \u00e0 la vitesse de l&rsquo;\u00e9clair de 20 W via son port Type-C, \u00e0 la fois pour recharger le powerbank lui-m\u00eame et pour surcharger votre appareil. Rien de plus simple : il suffit de cliquer sur Richmond sur votre t\u00e9l\u00e9phone et de regarder la magie op\u00e9rer ! Notre conception intelligente lance automatiquement la charge d\u00e8s qu&rsquo;elle est fix\u00e9e, garantissant que vos appareils sont toujours recharg\u00e9s lorsque vous en avez besoin. Nous croyons en la qualit\u00e9 durable, c&rsquo;est pourquoi Richmond est \u00e9quip\u00e9 d&rsquo;une batterie de qualit\u00e9 5000 mAh 100% cobalt. Cette batterie dure plus longtemps et est plus performante que les batteries au lithium ordinaires. Fabriqu\u00e9 avec de l&rsquo;aluminium recycl\u00e9 et de l&rsquo;ABS certifi\u00e9s RCS (Recycled Claim Standard).<\/p>\n","protected":false},"excerpt":{"rendered":"<p>La technologie magn\u00e9tique de Richmond s&rsquo;accroche sans effort \u00e0 votre iPhone 12 et plus, ainsi qu&rsquo;aux t\u00e9l\u00e9phones Android de nouvelle g\u00e9n\u00e9ration, assurant une connexion directe pour une charge de 15 W \u00e0 la vitesse de l&rsquo;\u00e9clair. Richmond permet la charge rapide \u00e0 la vitesse de l&rsquo;\u00e9clair de 20 W via son port Type-C, \u00e0 la [&hellip;]<\/p>\n","protected":false},"featured_media":13619,"comment_status":"closed","ping_status":"closed","template":"","meta":{"_acf_changed":false,"om_disable_all_campaigns":false},"product_cat":[63],"product_tag":[],"class_list":["post-10552","product","type-product","status-publish","has-post-thumbnail","hentry","product_cat-powerbanks-fr","pa_color-silver"],"acf":[],"yoast_head":"<!-- This site is optimized with the Yoast SEO plugin v27.0 - https:\/\/yoast.com\/product\/yoast-seo-wordpress\/ -->\n<title>Powerbank 5000mAh en plastique\/alu RCS Richmond, argent - Urban Vitamin<\/title>\n<meta name=\"robots\" content=\"index, follow, max-snippet:-1, max-image-preview:large, max-video-preview:-1\" \/>\n<link rel=\"canonical\" href=\"https:\/\/urban-vitamin.com\/fr\/produit\/powerbank-5000mah-en-plastique-alu-rcs-richmond-argent\/\" \/>\n<meta property=\"og:locale\" content=\"fr_FR\" \/>\n<meta property=\"og:type\" content=\"article\" \/>\n<meta property=\"og:title\" content=\"Powerbank 5000mAh en plastique\/alu RCS Richmond, argent - Urban Vitamin\" \/>\n<meta property=\"og:description\" content=\"La technologie magn\u00e9tique de Richmond s&rsquo;accroche sans effort \u00e0 votre iPhone 12 et plus, ainsi qu&rsquo;aux t\u00e9l\u00e9phones Android de nouvelle g\u00e9n\u00e9ration, assurant une connexion directe pour une charge de 15 W \u00e0 la vitesse de l&rsquo;\u00e9clair. Richmond permet la charge rapide \u00e0 la vitesse de l&rsquo;\u00e9clair de 20 W via son port Type-C, \u00e0 la [&hellip;]\" \/>\n<meta property=\"og:url\" content=\"https:\/\/urban-vitamin.com\/fr\/produit\/powerbank-5000mah-en-plastique-alu-rcs-richmond-argent\/\" \/>\n<meta property=\"og:site_name\" content=\"Urban Vitamin\" \/>\n<meta property=\"article:modified_time\" content=\"2026-03-12T01:46:38+00:00\" \/>\n<meta property=\"og:image\" content=\"https:\/\/urban-vitamin.com\/wp-content\/uploads\/sites\/5\/2024\/02\/P322.822__S_0__cd7be8b5230340ce8f1ba4493f68c230.jpg\" \/>\n\t<meta property=\"og:image:width\" content=\"1024\" \/>\n\t<meta property=\"og:image:height\" content=\"1024\" \/>\n\t<meta property=\"og:image:type\" content=\"image\/jpeg\" \/>\n<meta name=\"twitter:card\" content=\"summary_large_image\" \/>\n<meta name=\"twitter:label1\" content=\"Dur\u00e9e de lecture estim\u00e9e\" \/>\n\t<meta name=\"twitter:data1\" content=\"1 minute\" \/>\n<script type=\"application\/ld+json\" class=\"yoast-schema-graph\">{\"@context\":\"https:\/\/schema.org\",\"@graph\":[{\"@type\":\"WebPage\",\"@id\":\"https:\/\/urban-vitamin.com\/fr\/produit\/powerbank-5000mah-en-plastique-alu-rcs-richmond-argent\/\",\"url\":\"https:\/\/urban-vitamin.com\/fr\/produit\/powerbank-5000mah-en-plastique-alu-rcs-richmond-argent\/\",\"name\":\"Powerbank 5000mAh en plastique\/alu RCS Richmond, argent - Urban Vitamin\",\"isPartOf\":{\"@id\":\"https:\/\/urban-vitamin.com\/fr\/#website\"},\"primaryImageOfPage\":{\"@id\":\"https:\/\/urban-vitamin.com\/fr\/produit\/powerbank-5000mah-en-plastique-alu-rcs-richmond-argent\/#primaryimage\"},\"image\":{\"@id\":\"https:\/\/urban-vitamin.com\/fr\/produit\/powerbank-5000mah-en-plastique-alu-rcs-richmond-argent\/#primaryimage\"},\"thumbnailUrl\":\"https:\/\/urban-vitamin.com\/wp-content\/uploads\/sites\/5\/2024\/02\/P322.822__S_0__cd7be8b5230340ce8f1ba4493f68c230.jpg\",\"datePublished\":\"2026-03-12T01:06:52+00:00\",\"dateModified\":\"2026-03-12T01:46:38+00:00\",\"breadcrumb\":{\"@id\":\"https:\/\/urban-vitamin.com\/fr\/produit\/powerbank-5000mah-en-plastique-alu-rcs-richmond-argent\/#breadcrumb\"},\"inLanguage\":\"fr-FR\",\"potentialAction\":[{\"@type\":\"ReadAction\",\"target\":[\"https:\/\/urban-vitamin.com\/fr\/produit\/powerbank-5000mah-en-plastique-alu-rcs-richmond-argent\/\"]}]},{\"@type\":\"ImageObject\",\"inLanguage\":\"fr-FR\",\"@id\":\"https:\/\/urban-vitamin.com\/fr\/produit\/powerbank-5000mah-en-plastique-alu-rcs-richmond-argent\/#primaryimage\",\"url\":\"https:\/\/urban-vitamin.com\/wp-content\/uploads\/sites\/5\/2024\/02\/P322.822__S_0__cd7be8b5230340ce8f1ba4493f68c230.jpg\",\"contentUrl\":\"https:\/\/urban-vitamin.com\/wp-content\/uploads\/sites\/5\/2024\/02\/P322.822__S_0__cd7be8b5230340ce8f1ba4493f68c230.jpg\",\"width\":1024,\"height\":1024},{\"@type\":\"BreadcrumbList\",\"@id\":\"https:\/\/urban-vitamin.com\/fr\/produit\/powerbank-5000mah-en-plastique-alu-rcs-richmond-argent\/#breadcrumb\",\"itemListElement\":[{\"@type\":\"ListItem\",\"position\":1,\"name\":\"Home\",\"item\":\"https:\/\/urban-vitamin.com\/fr\/\"},{\"@type\":\"ListItem\",\"position\":2,\"name\":\"Collection\",\"item\":\"https:\/\/urban-vitamin.com\/fr\/collection\/\"},{\"@type\":\"ListItem\",\"position\":3,\"name\":\"Powerbank 5000mAh en plastique\/alu RCS Richmond, argent\"}]},{\"@type\":\"WebSite\",\"@id\":\"https:\/\/urban-vitamin.com\/fr\/#website\",\"url\":\"https:\/\/urban-vitamin.com\/fr\/\",\"name\":\"Urban Vitamin\",\"description\":\"Enjoy your daily dose of Urban Vitamin!\",\"potentialAction\":[{\"@type\":\"SearchAction\",\"target\":{\"@type\":\"EntryPoint\",\"urlTemplate\":\"https:\/\/urban-vitamin.com\/fr\/?s={search_term_string}\"},\"query-input\":{\"@type\":\"PropertyValueSpecification\",\"valueRequired\":true,\"valueName\":\"search_term_string\"}}],\"inLanguage\":\"fr-FR\"}]}<\/script>\n<!-- \/ Yoast SEO plugin. -->","yoast_head_json":{"title":"Powerbank 5000mAh en plastique\/alu RCS Richmond, argent - Urban Vitamin","robots":{"index":"index","follow":"follow","max-snippet":"max-snippet:-1","max-image-preview":"max-image-preview:large","max-video-preview":"max-video-preview:-1"},"canonical":"https:\/\/urban-vitamin.com\/fr\/produit\/powerbank-5000mah-en-plastique-alu-rcs-richmond-argent\/","og_locale":"fr_FR","og_type":"article","og_title":"Powerbank 5000mAh en plastique\/alu RCS Richmond, argent - Urban Vitamin","og_description":"La technologie magn\u00e9tique de Richmond s&rsquo;accroche sans effort \u00e0 votre iPhone 12 et plus, ainsi qu&rsquo;aux t\u00e9l\u00e9phones Android de nouvelle g\u00e9n\u00e9ration, assurant une connexion directe pour une charge de 15 W \u00e0 la vitesse de l&rsquo;\u00e9clair. Richmond permet la charge rapide \u00e0 la vitesse de l&rsquo;\u00e9clair de 20 W via son port Type-C, \u00e0 la [&hellip;]","og_url":"https:\/\/urban-vitamin.com\/fr\/produit\/powerbank-5000mah-en-plastique-alu-rcs-richmond-argent\/","og_site_name":"Urban Vitamin","article_modified_time":"2026-03-12T01:46:38+00:00","og_image":[{"width":1024,"height":1024,"url":"https:\/\/urban-vitamin.com\/wp-content\/uploads\/sites\/5\/2024\/02\/P322.822__S_0__cd7be8b5230340ce8f1ba4493f68c230.jpg","type":"image\/jpeg"}],"twitter_card":"summary_large_image","twitter_misc":{"Dur\u00e9e de lecture estim\u00e9e":"1 minute"},"schema":{"@context":"https:\/\/schema.org","@graph":[{"@type":"WebPage","@id":"https:\/\/urban-vitamin.com\/fr\/produit\/powerbank-5000mah-en-plastique-alu-rcs-richmond-argent\/","url":"https:\/\/urban-vitamin.com\/fr\/produit\/powerbank-5000mah-en-plastique-alu-rcs-richmond-argent\/","name":"Powerbank 5000mAh en plastique\/alu RCS Richmond, argent - Urban Vitamin","isPartOf":{"@id":"https:\/\/urban-vitamin.com\/fr\/#website"},"primaryImageOfPage":{"@id":"https:\/\/urban-vitamin.com\/fr\/produit\/powerbank-5000mah-en-plastique-alu-rcs-richmond-argent\/#primaryimage"},"image":{"@id":"https:\/\/urban-vitamin.com\/fr\/produit\/powerbank-5000mah-en-plastique-alu-rcs-richmond-argent\/#primaryimage"},"thumbnailUrl":"https:\/\/urban-vitamin.com\/wp-content\/uploads\/sites\/5\/2024\/02\/P322.822__S_0__cd7be8b5230340ce8f1ba4493f68c230.jpg","datePublished":"2026-03-12T01:06:52+00:00","dateModified":"2026-03-12T01:46:38+00:00","breadcrumb":{"@id":"https:\/\/urban-vitamin.com\/fr\/produit\/powerbank-5000mah-en-plastique-alu-rcs-richmond-argent\/#breadcrumb"},"inLanguage":"fr-FR","potentialAction":[{"@type":"ReadAction","target":["https:\/\/urban-vitamin.com\/fr\/produit\/powerbank-5000mah-en-plastique-alu-rcs-richmond-argent\/"]}]},{"@type":"ImageObject","inLanguage":"fr-FR","@id":"https:\/\/urban-vitamin.com\/fr\/produit\/powerbank-5000mah-en-plastique-alu-rcs-richmond-argent\/#primaryimage","url":"https:\/\/urban-vitamin.com\/wp-content\/uploads\/sites\/5\/2024\/02\/P322.822__S_0__cd7be8b5230340ce8f1ba4493f68c230.jpg","contentUrl":"https:\/\/urban-vitamin.com\/wp-content\/uploads\/sites\/5\/2024\/02\/P322.822__S_0__cd7be8b5230340ce8f1ba4493f68c230.jpg","width":1024,"height":1024},{"@type":"BreadcrumbList","@id":"https:\/\/urban-vitamin.com\/fr\/produit\/powerbank-5000mah-en-plastique-alu-rcs-richmond-argent\/#breadcrumb","itemListElement":[{"@type":"ListItem","position":1,"name":"Home","item":"https:\/\/urban-vitamin.com\/fr\/"},{"@type":"ListItem","position":2,"name":"Collection","item":"https:\/\/urban-vitamin.com\/fr\/collection\/"},{"@type":"ListItem","position":3,"name":"Powerbank 5000mAh en plastique\/alu RCS Richmond, argent"}]},{"@type":"WebSite","@id":"https:\/\/urban-vitamin.com\/fr\/#website","url":"https:\/\/urban-vitamin.com\/fr\/","name":"Urban Vitamin","description":"Enjoy your daily dose of Urban Vitamin!","potentialAction":[{"@type":"SearchAction","target":{"@type":"EntryPoint","urlTemplate":"https:\/\/urban-vitamin.com\/fr\/?s={search_term_string}"},"query-input":{"@type":"PropertyValueSpecification","valueRequired":true,"valueName":"search_term_string"}}],"inLanguage":"fr-FR"}]}},"_links":{"self":[{"href":"https:\/\/urban-vitamin.com\/fr\/wp-json\/wp\/v2\/product\/10552","targetHints":{"allow":["GET"]}}],"collection":[{"href":"https:\/\/urban-vitamin.com\/fr\/wp-json\/wp\/v2\/product"}],"about":[{"href":"https:\/\/urban-vitamin.com\/fr\/wp-json\/wp\/v2\/types\/product"}],"replies":[{"embeddable":true,"href":"https:\/\/urban-vitamin.com\/fr\/wp-json\/wp\/v2\/comments?post=10552"}],"wp:featuredmedia":[{"embeddable":true,"href":"https:\/\/urban-vitamin.com\/fr\/wp-json\/wp\/v2\/media\/13619"}],"wp:attachment":[{"href":"https:\/\/urban-vitamin.com\/fr\/wp-json\/wp\/v2\/media?parent=10552"}],"wp:term":[{"taxonomy":"product_cat","embeddable":true,"href":"https:\/\/urban-vitamin.com\/fr\/wp-json\/wp\/v2\/product_cat?post=10552"},{"taxonomy":"product_tag","embeddable":true,"href":"https:\/\/urban-vitamin.com\/fr\/wp-json\/wp\/v2\/product_tag?post=10552"}],"curies":[{"name":"wp","href":"https:\/\/api.w.org\/{rel}","templated":true}]}}