{"id":9074,"date":"2026-04-16T00:06:06","date_gmt":"2026-04-16T00:06:06","guid":{"rendered":"https:\/\/urban-vitamin.com\/cargador-universal-urban-vitamin-saratoga-5-en-1-negro\/"},"modified":"2026-04-16T01:26:09","modified_gmt":"2026-04-16T01:26:09","slug":"cargador-universal-saratoga-5-en-1-negro","status":"publish","type":"product","link":"https:\/\/urban-vitamin.com\/es\/producto\/cargador-universal-saratoga-5-en-1-negro\/","title":{"rendered":"Cargador universal Saratoga 5 en 1, negro"},"content":{"rendered":"<p>El cargador universal Saratoga 5 en 1 es el cargador port\u00e1til definitivo, equipado con adaptadores intercambiables para viajar sin problemas. Con una bater\u00eda robusta de 10,000 mAh, proporciona un tiempo de uso prolongado para sus dispositivos. Con cargador magn\u00e9tico integrado superr\u00e1pido de 15W para los tel\u00e9fonos IOS m\u00e1s recientes y los tel\u00e9fonos Android de \u00faltima generaci\u00f3n. Cable integrado dise\u00f1ado para dispositivos IOS y un cable USB-C para facilitar la carga de dispositivos Android y dispositivos IOS de nueva generaci\u00f3n. Con su r\u00e1pida capacidad PD 20W USB-C, puedes recargar tu dispositivo habilitado para PD hasta un 50% en menos de 30 minutos. Incluye adaptadores de AU, UE, Reino Unido, EE. UU. y Asia. Puedes cargar hasta cinco art\u00edculos a la vez y la propia bater\u00eda tambi\u00e9n se carga cuando se conecta a una toma de corriente. As\u00ed que siempre tendr\u00e1s el tel\u00e9fono completamente cargado.Los art\u00edculos de Urban Vitamin est\u00e1n fabricados sin PVC y en envases reducidos en pl\u00e1stico.<\/p>\n","protected":false},"excerpt":{"rendered":"<p>El cargador universal Saratoga 5 en 1 es el cargador port\u00e1til definitivo, equipado con adaptadores intercambiables para viajar sin problemas. Con una bater\u00eda robusta de 10,000 mAh, proporciona un tiempo de uso prolongado para sus dispositivos. Con cargador magn\u00e9tico integrado superr\u00e1pido de 15W para los tel\u00e9fonos IOS m\u00e1s recientes y los tel\u00e9fonos Android de \u00faltima [&hellip;]<\/p>\n","protected":false},"featured_media":27581,"comment_status":"closed","ping_status":"closed","template":"","meta":{"_acf_changed":false,"om_disable_all_campaigns":false},"product_cat":[79],"product_tag":[],"class_list":["post-9074","product","type-product","status-publish","has-post-thumbnail","hentry","product_cat-cargadores","pa_color-black"],"acf":[],"yoast_head":"<!-- This site is optimized with the Yoast SEO plugin v27.0 - https:\/\/yoast.com\/product\/yoast-seo-wordpress\/ -->\n<title>Cargador universal Saratoga 5 en 1, negro - Urban Vitamin<\/title>\n<meta name=\"robots\" content=\"index, follow, max-snippet:-1, max-image-preview:large, max-video-preview:-1\" \/>\n<link rel=\"canonical\" href=\"https:\/\/urban-vitamin.com\/es\/producto\/cargador-universal-saratoga-5-en-1-negro\/\" \/>\n<meta property=\"og:locale\" content=\"es_ES\" \/>\n<meta property=\"og:type\" content=\"article\" \/>\n<meta property=\"og:title\" content=\"Cargador universal Saratoga 5 en 1, negro - Urban Vitamin\" \/>\n<meta property=\"og:description\" content=\"El cargador universal Saratoga 5 en 1 es el cargador port\u00e1til definitivo, equipado con adaptadores intercambiables para viajar sin problemas. Con una bater\u00eda robusta de 10,000 mAh, proporciona un tiempo de uso prolongado para sus dispositivos. Con cargador magn\u00e9tico integrado superr\u00e1pido de 15W para los tel\u00e9fonos IOS m\u00e1s recientes y los tel\u00e9fonos Android de \u00faltima [&hellip;]\" \/>\n<meta property=\"og:url\" content=\"https:\/\/urban-vitamin.com\/es\/producto\/cargador-universal-saratoga-5-en-1-negro\/\" \/>\n<meta property=\"og:site_name\" content=\"Urban Vitamin\" \/>\n<meta property=\"article:modified_time\" content=\"2026-04-16T01:26:09+00:00\" \/>\n<meta property=\"og:image\" content=\"https:\/\/urban-vitamin.com\/wp-content\/uploads\/sites\/5\/2026\/04\/P301.951__S_0__1e835b86d6304ef3bf4ca331f5e3d2c7.jpg\" \/>\n\t<meta property=\"og:image:width\" content=\"1024\" \/>\n\t<meta property=\"og:image:height\" content=\"1024\" \/>\n\t<meta property=\"og:image:type\" content=\"image\/jpeg\" \/>\n<meta name=\"twitter:card\" content=\"summary_large_image\" \/>\n<meta name=\"twitter:label1\" content=\"Tiempo de lectura\" \/>\n\t<meta name=\"twitter:data1\" content=\"1 minuto\" \/>\n<script type=\"application\/ld+json\" class=\"yoast-schema-graph\">{\"@context\":\"https:\/\/schema.org\",\"@graph\":[{\"@type\":\"WebPage\",\"@id\":\"https:\/\/urban-vitamin.com\/es\/producto\/cargador-universal-saratoga-5-en-1-negro\/\",\"url\":\"https:\/\/urban-vitamin.com\/es\/producto\/cargador-universal-saratoga-5-en-1-negro\/\",\"name\":\"Cargador universal Saratoga 5 en 1, negro - Urban Vitamin\",\"isPartOf\":{\"@id\":\"https:\/\/urban-vitamin.com\/es\/#website\"},\"primaryImageOfPage\":{\"@id\":\"https:\/\/urban-vitamin.com\/es\/producto\/cargador-universal-saratoga-5-en-1-negro\/#primaryimage\"},\"image\":{\"@id\":\"https:\/\/urban-vitamin.com\/es\/producto\/cargador-universal-saratoga-5-en-1-negro\/#primaryimage\"},\"thumbnailUrl\":\"https:\/\/urban-vitamin.com\/wp-content\/uploads\/sites\/5\/2026\/04\/P301.951__S_0__1e835b86d6304ef3bf4ca331f5e3d2c7.jpg\",\"datePublished\":\"2026-04-16T00:06:06+00:00\",\"dateModified\":\"2026-04-16T01:26:09+00:00\",\"breadcrumb\":{\"@id\":\"https:\/\/urban-vitamin.com\/es\/producto\/cargador-universal-saratoga-5-en-1-negro\/#breadcrumb\"},\"inLanguage\":\"es\",\"potentialAction\":[{\"@type\":\"ReadAction\",\"target\":[\"https:\/\/urban-vitamin.com\/es\/producto\/cargador-universal-saratoga-5-en-1-negro\/\"]}]},{\"@type\":\"ImageObject\",\"inLanguage\":\"es\",\"@id\":\"https:\/\/urban-vitamin.com\/es\/producto\/cargador-universal-saratoga-5-en-1-negro\/#primaryimage\",\"url\":\"https:\/\/urban-vitamin.com\/wp-content\/uploads\/sites\/5\/2026\/04\/P301.951__S_0__1e835b86d6304ef3bf4ca331f5e3d2c7.jpg\",\"contentUrl\":\"https:\/\/urban-vitamin.com\/wp-content\/uploads\/sites\/5\/2026\/04\/P301.951__S_0__1e835b86d6304ef3bf4ca331f5e3d2c7.jpg\",\"width\":1024,\"height\":1024},{\"@type\":\"BreadcrumbList\",\"@id\":\"https:\/\/urban-vitamin.com\/es\/producto\/cargador-universal-saratoga-5-en-1-negro\/#breadcrumb\",\"itemListElement\":[{\"@type\":\"ListItem\",\"position\":1,\"name\":\"Home\",\"item\":\"https:\/\/urban-vitamin.com\/es\/\"},{\"@type\":\"ListItem\",\"position\":2,\"name\":\"Recopilaci\u00f3n\",\"item\":\"https:\/\/urban-vitamin.com\/es\/recopilacion\/\"},{\"@type\":\"ListItem\",\"position\":3,\"name\":\"Cargador universal Saratoga 5 en 1, negro\"}]},{\"@type\":\"WebSite\",\"@id\":\"https:\/\/urban-vitamin.com\/es\/#website\",\"url\":\"https:\/\/urban-vitamin.com\/es\/\",\"name\":\"Urban Vitamin\",\"description\":\"Enjoy your daily dose of Urban Vitamin!\",\"potentialAction\":[{\"@type\":\"SearchAction\",\"target\":{\"@type\":\"EntryPoint\",\"urlTemplate\":\"https:\/\/urban-vitamin.com\/es\/?s={search_term_string}\"},\"query-input\":{\"@type\":\"PropertyValueSpecification\",\"valueRequired\":true,\"valueName\":\"search_term_string\"}}],\"inLanguage\":\"es\"}]}<\/script>\n<!-- \/ Yoast SEO plugin. -->","yoast_head_json":{"title":"Cargador universal Saratoga 5 en 1, negro - Urban Vitamin","robots":{"index":"index","follow":"follow","max-snippet":"max-snippet:-1","max-image-preview":"max-image-preview:large","max-video-preview":"max-video-preview:-1"},"canonical":"https:\/\/urban-vitamin.com\/es\/producto\/cargador-universal-saratoga-5-en-1-negro\/","og_locale":"es_ES","og_type":"article","og_title":"Cargador universal Saratoga 5 en 1, negro - Urban Vitamin","og_description":"El cargador universal Saratoga 5 en 1 es el cargador port\u00e1til definitivo, equipado con adaptadores intercambiables para viajar sin problemas. Con una bater\u00eda robusta de 10,000 mAh, proporciona un tiempo de uso prolongado para sus dispositivos. Con cargador magn\u00e9tico integrado superr\u00e1pido de 15W para los tel\u00e9fonos IOS m\u00e1s recientes y los tel\u00e9fonos Android de \u00faltima [&hellip;]","og_url":"https:\/\/urban-vitamin.com\/es\/producto\/cargador-universal-saratoga-5-en-1-negro\/","og_site_name":"Urban Vitamin","article_modified_time":"2026-04-16T01:26:09+00:00","og_image":[{"width":1024,"height":1024,"url":"https:\/\/urban-vitamin.com\/wp-content\/uploads\/sites\/5\/2026\/04\/P301.951__S_0__1e835b86d6304ef3bf4ca331f5e3d2c7.jpg","type":"image\/jpeg"}],"twitter_card":"summary_large_image","twitter_misc":{"Tiempo de lectura":"1 minuto"},"schema":{"@context":"https:\/\/schema.org","@graph":[{"@type":"WebPage","@id":"https:\/\/urban-vitamin.com\/es\/producto\/cargador-universal-saratoga-5-en-1-negro\/","url":"https:\/\/urban-vitamin.com\/es\/producto\/cargador-universal-saratoga-5-en-1-negro\/","name":"Cargador universal Saratoga 5 en 1, negro - Urban Vitamin","isPartOf":{"@id":"https:\/\/urban-vitamin.com\/es\/#website"},"primaryImageOfPage":{"@id":"https:\/\/urban-vitamin.com\/es\/producto\/cargador-universal-saratoga-5-en-1-negro\/#primaryimage"},"image":{"@id":"https:\/\/urban-vitamin.com\/es\/producto\/cargador-universal-saratoga-5-en-1-negro\/#primaryimage"},"thumbnailUrl":"https:\/\/urban-vitamin.com\/wp-content\/uploads\/sites\/5\/2026\/04\/P301.951__S_0__1e835b86d6304ef3bf4ca331f5e3d2c7.jpg","datePublished":"2026-04-16T00:06:06+00:00","dateModified":"2026-04-16T01:26:09+00:00","breadcrumb":{"@id":"https:\/\/urban-vitamin.com\/es\/producto\/cargador-universal-saratoga-5-en-1-negro\/#breadcrumb"},"inLanguage":"es","potentialAction":[{"@type":"ReadAction","target":["https:\/\/urban-vitamin.com\/es\/producto\/cargador-universal-saratoga-5-en-1-negro\/"]}]},{"@type":"ImageObject","inLanguage":"es","@id":"https:\/\/urban-vitamin.com\/es\/producto\/cargador-universal-saratoga-5-en-1-negro\/#primaryimage","url":"https:\/\/urban-vitamin.com\/wp-content\/uploads\/sites\/5\/2026\/04\/P301.951__S_0__1e835b86d6304ef3bf4ca331f5e3d2c7.jpg","contentUrl":"https:\/\/urban-vitamin.com\/wp-content\/uploads\/sites\/5\/2026\/04\/P301.951__S_0__1e835b86d6304ef3bf4ca331f5e3d2c7.jpg","width":1024,"height":1024},{"@type":"BreadcrumbList","@id":"https:\/\/urban-vitamin.com\/es\/producto\/cargador-universal-saratoga-5-en-1-negro\/#breadcrumb","itemListElement":[{"@type":"ListItem","position":1,"name":"Home","item":"https:\/\/urban-vitamin.com\/es\/"},{"@type":"ListItem","position":2,"name":"Recopilaci\u00f3n","item":"https:\/\/urban-vitamin.com\/es\/recopilacion\/"},{"@type":"ListItem","position":3,"name":"Cargador universal Saratoga 5 en 1, negro"}]},{"@type":"WebSite","@id":"https:\/\/urban-vitamin.com\/es\/#website","url":"https:\/\/urban-vitamin.com\/es\/","name":"Urban Vitamin","description":"Enjoy your daily dose of Urban Vitamin!","potentialAction":[{"@type":"SearchAction","target":{"@type":"EntryPoint","urlTemplate":"https:\/\/urban-vitamin.com\/es\/?s={search_term_string}"},"query-input":{"@type":"PropertyValueSpecification","valueRequired":true,"valueName":"search_term_string"}}],"inLanguage":"es"}]}},"_links":{"self":[{"href":"https:\/\/urban-vitamin.com\/es\/wp-json\/wp\/v2\/product\/9074","targetHints":{"allow":["GET"]}}],"collection":[{"href":"https:\/\/urban-vitamin.com\/es\/wp-json\/wp\/v2\/product"}],"about":[{"href":"https:\/\/urban-vitamin.com\/es\/wp-json\/wp\/v2\/types\/product"}],"replies":[{"embeddable":true,"href":"https:\/\/urban-vitamin.com\/es\/wp-json\/wp\/v2\/comments?post=9074"}],"wp:featuredmedia":[{"embeddable":true,"href":"https:\/\/urban-vitamin.com\/es\/wp-json\/wp\/v2\/media\/27581"}],"wp:attachment":[{"href":"https:\/\/urban-vitamin.com\/es\/wp-json\/wp\/v2\/media?parent=9074"}],"wp:term":[{"taxonomy":"product_cat","embeddable":true,"href":"https:\/\/urban-vitamin.com\/es\/wp-json\/wp\/v2\/product_cat?post=9074"},{"taxonomy":"product_tag","embeddable":true,"href":"https:\/\/urban-vitamin.com\/es\/wp-json\/wp\/v2\/product_tag?post=9074"}],"curies":[{"name":"wp","href":"https:\/\/api.w.org\/{rel}","templated":true}]}}