{"id":8576,"date":"2026-03-12T01:08:06","date_gmt":"2026-03-12T01:08:06","guid":{"rendered":"https:\/\/urban-vitamin.com\/auriculares-urban-vitamin-cupertino-rcs-rplastic-anc-negro\/"},"modified":"2026-03-12T02:28:25","modified_gmt":"2026-03-12T02:28:25","slug":"auriculares-cupertino-rcs-rplastic-anc-negro","status":"publish","type":"product","link":"https:\/\/urban-vitamin.com\/es\/producto\/auriculares-cupertino-rcs-rplastic-anc-negro\/","title":{"rendered":"Auriculares Cupertino RCS rplastic ANC, negro"},"content":{"rendered":"<p>Una incre\u00edble experiencia auditiva libre de ruido tan pronto como el primer sonido llega a tu o\u00eddo. La tecnolog\u00eda ANC suprema te permite bloquear todo el ruido no deseado para disfrutar plenamente de tu m\u00fasica. El audio profundo y claro te hace sentir que nunca quieras dejar de escuchar tu m\u00fasica, podcast o video favorito. Cojines extra suaves. La bater\u00eda tiene un tiempo de reproducci\u00f3n de 50 horas. Con MIC de primera calidad para contestar llamadas. El dise\u00f1o resistente pero liviano permite un ajuste perfecto y el dise\u00f1o plegable te permite llevar los auriculares donde quiera que vayas. Fabricados con ABS reciclado certificado RCS (Recycled Claim Standard). Contenido reciclado total: 58% basado en el peso total del art\u00edculo. La certificaci\u00f3n RCS garantiza una cadena de suministro completamente certificada de los materiales reciclados. Los art\u00edculos de Urban Vitamin est\u00e1n fabricados sin PVC y envasados en envases reducidos de pl\u00e1stico. Nivel ANC: hasta 25 DB. Incluye bolsa de RPET.<\/p>\n","protected":false},"excerpt":{"rendered":"<p>Una incre\u00edble experiencia auditiva libre de ruido tan pronto como el primer sonido llega a tu o\u00eddo. La tecnolog\u00eda ANC suprema te permite bloquear todo el ruido no deseado para disfrutar plenamente de tu m\u00fasica. El audio profundo y claro te hace sentir que nunca quieras dejar de escuchar tu m\u00fasica, podcast o video favorito. [&hellip;]<\/p>\n","protected":false},"featured_media":14434,"comment_status":"closed","ping_status":"closed","template":"","meta":{"_acf_changed":false,"om_disable_all_campaigns":false},"product_cat":[74],"product_tag":[],"class_list":["post-8576","product","type-product","status-publish","has-post-thumbnail","hentry","product_cat-auriculares","pa_color-black"],"acf":[],"yoast_head":"<!-- This site is optimized with the Yoast SEO plugin v27.0 - https:\/\/yoast.com\/product\/yoast-seo-wordpress\/ -->\n<title>Auriculares Cupertino RCS rplastic ANC, negro - Urban Vitamin<\/title>\n<meta name=\"robots\" content=\"index, follow, max-snippet:-1, max-image-preview:large, max-video-preview:-1\" \/>\n<link rel=\"canonical\" href=\"https:\/\/urban-vitamin.com\/es\/producto\/auriculares-cupertino-rcs-rplastic-anc-negro\/\" \/>\n<meta property=\"og:locale\" content=\"es_ES\" \/>\n<meta property=\"og:type\" content=\"article\" \/>\n<meta property=\"og:title\" content=\"Auriculares Cupertino RCS rplastic ANC, negro - Urban Vitamin\" \/>\n<meta property=\"og:description\" content=\"Una incre\u00edble experiencia auditiva libre de ruido tan pronto como el primer sonido llega a tu o\u00eddo. La tecnolog\u00eda ANC suprema te permite bloquear todo el ruido no deseado para disfrutar plenamente de tu m\u00fasica. El audio profundo y claro te hace sentir que nunca quieras dejar de escuchar tu m\u00fasica, podcast o video favorito. [&hellip;]\" \/>\n<meta property=\"og:url\" content=\"https:\/\/urban-vitamin.com\/es\/producto\/auriculares-cupertino-rcs-rplastic-anc-negro\/\" \/>\n<meta property=\"og:site_name\" content=\"Urban Vitamin\" \/>\n<meta property=\"article:modified_time\" content=\"2026-03-12T02:28:25+00:00\" \/>\n<meta property=\"og:image\" content=\"https:\/\/urban-vitamin.com\/wp-content\/uploads\/sites\/5\/2024\/02\/P329.571__S_0__594b71547bc84286826d3dafaaecc9d5.jpg\" \/>\n\t<meta property=\"og:image:width\" content=\"1024\" \/>\n\t<meta property=\"og:image:height\" content=\"1024\" \/>\n\t<meta property=\"og:image:type\" content=\"image\/jpeg\" \/>\n<meta name=\"twitter:card\" content=\"summary_large_image\" \/>\n<meta name=\"twitter:label1\" content=\"Tiempo de lectura\" \/>\n\t<meta name=\"twitter:data1\" content=\"1 minuto\" \/>\n<script type=\"application\/ld+json\" class=\"yoast-schema-graph\">{\"@context\":\"https:\/\/schema.org\",\"@graph\":[{\"@type\":\"WebPage\",\"@id\":\"https:\/\/urban-vitamin.com\/es\/producto\/auriculares-cupertino-rcs-rplastic-anc-negro\/\",\"url\":\"https:\/\/urban-vitamin.com\/es\/producto\/auriculares-cupertino-rcs-rplastic-anc-negro\/\",\"name\":\"Auriculares Cupertino RCS rplastic ANC, negro - Urban Vitamin\",\"isPartOf\":{\"@id\":\"https:\/\/urban-vitamin.com\/es\/#website\"},\"primaryImageOfPage\":{\"@id\":\"https:\/\/urban-vitamin.com\/es\/producto\/auriculares-cupertino-rcs-rplastic-anc-negro\/#primaryimage\"},\"image\":{\"@id\":\"https:\/\/urban-vitamin.com\/es\/producto\/auriculares-cupertino-rcs-rplastic-anc-negro\/#primaryimage\"},\"thumbnailUrl\":\"https:\/\/urban-vitamin.com\/wp-content\/uploads\/sites\/5\/2024\/02\/P329.571__S_0__594b71547bc84286826d3dafaaecc9d5.jpg\",\"datePublished\":\"2026-03-12T01:08:06+00:00\",\"dateModified\":\"2026-03-12T02:28:25+00:00\",\"breadcrumb\":{\"@id\":\"https:\/\/urban-vitamin.com\/es\/producto\/auriculares-cupertino-rcs-rplastic-anc-negro\/#breadcrumb\"},\"inLanguage\":\"es\",\"potentialAction\":[{\"@type\":\"ReadAction\",\"target\":[\"https:\/\/urban-vitamin.com\/es\/producto\/auriculares-cupertino-rcs-rplastic-anc-negro\/\"]}]},{\"@type\":\"ImageObject\",\"inLanguage\":\"es\",\"@id\":\"https:\/\/urban-vitamin.com\/es\/producto\/auriculares-cupertino-rcs-rplastic-anc-negro\/#primaryimage\",\"url\":\"https:\/\/urban-vitamin.com\/wp-content\/uploads\/sites\/5\/2024\/02\/P329.571__S_0__594b71547bc84286826d3dafaaecc9d5.jpg\",\"contentUrl\":\"https:\/\/urban-vitamin.com\/wp-content\/uploads\/sites\/5\/2024\/02\/P329.571__S_0__594b71547bc84286826d3dafaaecc9d5.jpg\",\"width\":1024,\"height\":1024},{\"@type\":\"BreadcrumbList\",\"@id\":\"https:\/\/urban-vitamin.com\/es\/producto\/auriculares-cupertino-rcs-rplastic-anc-negro\/#breadcrumb\",\"itemListElement\":[{\"@type\":\"ListItem\",\"position\":1,\"name\":\"Home\",\"item\":\"https:\/\/urban-vitamin.com\/es\/\"},{\"@type\":\"ListItem\",\"position\":2,\"name\":\"Recopilaci\u00f3n\",\"item\":\"https:\/\/urban-vitamin.com\/es\/recopilacion\/\"},{\"@type\":\"ListItem\",\"position\":3,\"name\":\"Auriculares Cupertino RCS rplastic ANC, negro\"}]},{\"@type\":\"WebSite\",\"@id\":\"https:\/\/urban-vitamin.com\/es\/#website\",\"url\":\"https:\/\/urban-vitamin.com\/es\/\",\"name\":\"Urban Vitamin\",\"description\":\"Enjoy your daily dose of Urban Vitamin!\",\"potentialAction\":[{\"@type\":\"SearchAction\",\"target\":{\"@type\":\"EntryPoint\",\"urlTemplate\":\"https:\/\/urban-vitamin.com\/es\/?s={search_term_string}\"},\"query-input\":{\"@type\":\"PropertyValueSpecification\",\"valueRequired\":true,\"valueName\":\"search_term_string\"}}],\"inLanguage\":\"es\"}]}<\/script>\n<!-- \/ Yoast SEO plugin. -->","yoast_head_json":{"title":"Auriculares Cupertino RCS rplastic ANC, negro - Urban Vitamin","robots":{"index":"index","follow":"follow","max-snippet":"max-snippet:-1","max-image-preview":"max-image-preview:large","max-video-preview":"max-video-preview:-1"},"canonical":"https:\/\/urban-vitamin.com\/es\/producto\/auriculares-cupertino-rcs-rplastic-anc-negro\/","og_locale":"es_ES","og_type":"article","og_title":"Auriculares Cupertino RCS rplastic ANC, negro - Urban Vitamin","og_description":"Una incre\u00edble experiencia auditiva libre de ruido tan pronto como el primer sonido llega a tu o\u00eddo. La tecnolog\u00eda ANC suprema te permite bloquear todo el ruido no deseado para disfrutar plenamente de tu m\u00fasica. El audio profundo y claro te hace sentir que nunca quieras dejar de escuchar tu m\u00fasica, podcast o video favorito. [&hellip;]","og_url":"https:\/\/urban-vitamin.com\/es\/producto\/auriculares-cupertino-rcs-rplastic-anc-negro\/","og_site_name":"Urban Vitamin","article_modified_time":"2026-03-12T02:28:25+00:00","og_image":[{"width":1024,"height":1024,"url":"https:\/\/urban-vitamin.com\/wp-content\/uploads\/sites\/5\/2024\/02\/P329.571__S_0__594b71547bc84286826d3dafaaecc9d5.jpg","type":"image\/jpeg"}],"twitter_card":"summary_large_image","twitter_misc":{"Tiempo de lectura":"1 minuto"},"schema":{"@context":"https:\/\/schema.org","@graph":[{"@type":"WebPage","@id":"https:\/\/urban-vitamin.com\/es\/producto\/auriculares-cupertino-rcs-rplastic-anc-negro\/","url":"https:\/\/urban-vitamin.com\/es\/producto\/auriculares-cupertino-rcs-rplastic-anc-negro\/","name":"Auriculares Cupertino RCS rplastic ANC, negro - Urban Vitamin","isPartOf":{"@id":"https:\/\/urban-vitamin.com\/es\/#website"},"primaryImageOfPage":{"@id":"https:\/\/urban-vitamin.com\/es\/producto\/auriculares-cupertino-rcs-rplastic-anc-negro\/#primaryimage"},"image":{"@id":"https:\/\/urban-vitamin.com\/es\/producto\/auriculares-cupertino-rcs-rplastic-anc-negro\/#primaryimage"},"thumbnailUrl":"https:\/\/urban-vitamin.com\/wp-content\/uploads\/sites\/5\/2024\/02\/P329.571__S_0__594b71547bc84286826d3dafaaecc9d5.jpg","datePublished":"2026-03-12T01:08:06+00:00","dateModified":"2026-03-12T02:28:25+00:00","breadcrumb":{"@id":"https:\/\/urban-vitamin.com\/es\/producto\/auriculares-cupertino-rcs-rplastic-anc-negro\/#breadcrumb"},"inLanguage":"es","potentialAction":[{"@type":"ReadAction","target":["https:\/\/urban-vitamin.com\/es\/producto\/auriculares-cupertino-rcs-rplastic-anc-negro\/"]}]},{"@type":"ImageObject","inLanguage":"es","@id":"https:\/\/urban-vitamin.com\/es\/producto\/auriculares-cupertino-rcs-rplastic-anc-negro\/#primaryimage","url":"https:\/\/urban-vitamin.com\/wp-content\/uploads\/sites\/5\/2024\/02\/P329.571__S_0__594b71547bc84286826d3dafaaecc9d5.jpg","contentUrl":"https:\/\/urban-vitamin.com\/wp-content\/uploads\/sites\/5\/2024\/02\/P329.571__S_0__594b71547bc84286826d3dafaaecc9d5.jpg","width":1024,"height":1024},{"@type":"BreadcrumbList","@id":"https:\/\/urban-vitamin.com\/es\/producto\/auriculares-cupertino-rcs-rplastic-anc-negro\/#breadcrumb","itemListElement":[{"@type":"ListItem","position":1,"name":"Home","item":"https:\/\/urban-vitamin.com\/es\/"},{"@type":"ListItem","position":2,"name":"Recopilaci\u00f3n","item":"https:\/\/urban-vitamin.com\/es\/recopilacion\/"},{"@type":"ListItem","position":3,"name":"Auriculares Cupertino RCS rplastic ANC, negro"}]},{"@type":"WebSite","@id":"https:\/\/urban-vitamin.com\/es\/#website","url":"https:\/\/urban-vitamin.com\/es\/","name":"Urban Vitamin","description":"Enjoy your daily dose of Urban Vitamin!","potentialAction":[{"@type":"SearchAction","target":{"@type":"EntryPoint","urlTemplate":"https:\/\/urban-vitamin.com\/es\/?s={search_term_string}"},"query-input":{"@type":"PropertyValueSpecification","valueRequired":true,"valueName":"search_term_string"}}],"inLanguage":"es"}]}},"_links":{"self":[{"href":"https:\/\/urban-vitamin.com\/es\/wp-json\/wp\/v2\/product\/8576","targetHints":{"allow":["GET"]}}],"collection":[{"href":"https:\/\/urban-vitamin.com\/es\/wp-json\/wp\/v2\/product"}],"about":[{"href":"https:\/\/urban-vitamin.com\/es\/wp-json\/wp\/v2\/types\/product"}],"replies":[{"embeddable":true,"href":"https:\/\/urban-vitamin.com\/es\/wp-json\/wp\/v2\/comments?post=8576"}],"wp:featuredmedia":[{"embeddable":true,"href":"https:\/\/urban-vitamin.com\/es\/wp-json\/wp\/v2\/media\/14434"}],"wp:attachment":[{"href":"https:\/\/urban-vitamin.com\/es\/wp-json\/wp\/v2\/media?parent=8576"}],"wp:term":[{"taxonomy":"product_cat","embeddable":true,"href":"https:\/\/urban-vitamin.com\/es\/wp-json\/wp\/v2\/product_cat?post=8576"},{"taxonomy":"product_tag","embeddable":true,"href":"https:\/\/urban-vitamin.com\/es\/wp-json\/wp\/v2\/product_tag?post=8576"}],"curies":[{"name":"wp","href":"https:\/\/api.w.org\/{rel}","templated":true}]}}