{"id":8420,"date":"2026-03-12T01:08:24","date_gmt":"2026-03-12T01:08:24","guid":{"rendered":"https:\/\/urban-vitamin.com\/auriculares-conduccion-de-aire-plastico-rcs-negro\/"},"modified":"2026-03-12T02:28:45","modified_gmt":"2026-03-12T02:28:45","slug":"auriculares-conduccion-de-aire-plastico-rcs-negro","status":"publish","type":"product","link":"https:\/\/urban-vitamin.com\/es\/producto\/auriculares-conduccion-de-aire-plastico-rcs-negro\/","title":{"rendered":"Auriculares conducci\u00f3n de aire pl\u00e1stico RCS, negro"},"content":{"rendered":"<p>Conoce a Glendale, los auriculare m\u00e1s premium y tecnol\u00f3gicos de la historia. Glendale cambia la forma en que escuchas m\u00fasica y haces ejercicio. El exclusivo dise\u00f1o abierto no coloca los auriculares en la oreja, sino junto a ellas, lo que crea una conciencia situacional continua cuando est\u00e1 afuera. Calidad de sonido superior con graves mejorados. Resistentes al agua IPX4, por lo que son adecuados para cualquier entrenamiento. Los c\u00f3modos y ligeros auriculares son perfectos tanto para el uso diario como para el ejercicio. La bater\u00eda dura hasta 10 horas con una sola carga. Si tienes una llamada entrante, simplemente responde con el micr\u00f3fono integrado. Est\u00e1 fabricado con ABS reciclado certificado RCS (Recycled Claim Standard). Contenido reciclado total: 17% basado en el peso total del art\u00edculo. La certificaci\u00f3n RCS garantiza una cadena de suministro completamente certificada de los materiales reciclados. Los art\u00edculos Urban Vitamin est\u00e1n fabricados sin PVC y en caja reducida en pl\u00e1stico.<\/p>\n","protected":false},"excerpt":{"rendered":"<p>Conoce a Glendale, los auriculare m\u00e1s premium y tecnol\u00f3gicos de la historia. Glendale cambia la forma en que escuchas m\u00fasica y haces ejercicio. El exclusivo dise\u00f1o abierto no coloca los auriculares en la oreja, sino junto a ellas, lo que crea una conciencia situacional continua cuando est\u00e1 afuera. Calidad de sonido superior con graves mejorados. [&hellip;]<\/p>\n","protected":false},"featured_media":17682,"comment_status":"closed","ping_status":"closed","template":"","meta":{"_acf_changed":false,"om_disable_all_campaigns":false},"product_cat":[74],"product_tag":[],"class_list":["post-8420","product","type-product","status-publish","has-post-thumbnail","hentry","product_cat-auriculares","pa_color-black"],"acf":[],"yoast_head":"<!-- This site is optimized with the Yoast SEO plugin v27.0 - https:\/\/yoast.com\/product\/yoast-seo-wordpress\/ -->\n<title>Auriculares conducci\u00f3n de aire pl\u00e1stico RCS, negro - Urban Vitamin<\/title>\n<meta name=\"robots\" content=\"index, follow, max-snippet:-1, max-image-preview:large, max-video-preview:-1\" \/>\n<link rel=\"canonical\" href=\"https:\/\/urban-vitamin.com\/es\/producto\/auriculares-conduccion-de-aire-plastico-rcs-negro\/\" \/>\n<meta property=\"og:locale\" content=\"es_ES\" \/>\n<meta property=\"og:type\" content=\"article\" \/>\n<meta property=\"og:title\" content=\"Auriculares conducci\u00f3n de aire pl\u00e1stico RCS, negro - Urban Vitamin\" \/>\n<meta property=\"og:description\" content=\"Conoce a Glendale, los auriculare m\u00e1s premium y tecnol\u00f3gicos de la historia. Glendale cambia la forma en que escuchas m\u00fasica y haces ejercicio. El exclusivo dise\u00f1o abierto no coloca los auriculares en la oreja, sino junto a ellas, lo que crea una conciencia situacional continua cuando est\u00e1 afuera. Calidad de sonido superior con graves mejorados. [&hellip;]\" \/>\n<meta property=\"og:url\" content=\"https:\/\/urban-vitamin.com\/es\/producto\/auriculares-conduccion-de-aire-plastico-rcs-negro\/\" \/>\n<meta property=\"og:site_name\" content=\"Urban Vitamin\" \/>\n<meta property=\"article:modified_time\" content=\"2026-03-12T02:28:45+00:00\" \/>\n<meta property=\"og:image\" content=\"https:\/\/urban-vitamin.com\/wp-content\/uploads\/sites\/5\/2024\/02\/P331.501__S_0__df11680f6c4848f3b00668a005e38b29.jpg\" \/>\n\t<meta property=\"og:image:width\" content=\"1024\" \/>\n\t<meta property=\"og:image:height\" content=\"1024\" \/>\n\t<meta property=\"og:image:type\" content=\"image\/jpeg\" \/>\n<meta name=\"twitter:card\" content=\"summary_large_image\" \/>\n<meta name=\"twitter:label1\" content=\"Tiempo de lectura\" \/>\n\t<meta name=\"twitter:data1\" content=\"1 minuto\" \/>\n<script type=\"application\/ld+json\" class=\"yoast-schema-graph\">{\"@context\":\"https:\/\/schema.org\",\"@graph\":[{\"@type\":\"WebPage\",\"@id\":\"https:\/\/urban-vitamin.com\/es\/producto\/auriculares-conduccion-de-aire-plastico-rcs-negro\/\",\"url\":\"https:\/\/urban-vitamin.com\/es\/producto\/auriculares-conduccion-de-aire-plastico-rcs-negro\/\",\"name\":\"Auriculares conducci\u00f3n de aire pl\u00e1stico RCS, negro - Urban Vitamin\",\"isPartOf\":{\"@id\":\"https:\/\/urban-vitamin.com\/es\/#website\"},\"primaryImageOfPage\":{\"@id\":\"https:\/\/urban-vitamin.com\/es\/producto\/auriculares-conduccion-de-aire-plastico-rcs-negro\/#primaryimage\"},\"image\":{\"@id\":\"https:\/\/urban-vitamin.com\/es\/producto\/auriculares-conduccion-de-aire-plastico-rcs-negro\/#primaryimage\"},\"thumbnailUrl\":\"https:\/\/urban-vitamin.com\/wp-content\/uploads\/sites\/5\/2024\/02\/P331.501__S_0__df11680f6c4848f3b00668a005e38b29.jpg\",\"datePublished\":\"2026-03-12T01:08:24+00:00\",\"dateModified\":\"2026-03-12T02:28:45+00:00\",\"breadcrumb\":{\"@id\":\"https:\/\/urban-vitamin.com\/es\/producto\/auriculares-conduccion-de-aire-plastico-rcs-negro\/#breadcrumb\"},\"inLanguage\":\"es\",\"potentialAction\":[{\"@type\":\"ReadAction\",\"target\":[\"https:\/\/urban-vitamin.com\/es\/producto\/auriculares-conduccion-de-aire-plastico-rcs-negro\/\"]}]},{\"@type\":\"ImageObject\",\"inLanguage\":\"es\",\"@id\":\"https:\/\/urban-vitamin.com\/es\/producto\/auriculares-conduccion-de-aire-plastico-rcs-negro\/#primaryimage\",\"url\":\"https:\/\/urban-vitamin.com\/wp-content\/uploads\/sites\/5\/2024\/02\/P331.501__S_0__df11680f6c4848f3b00668a005e38b29.jpg\",\"contentUrl\":\"https:\/\/urban-vitamin.com\/wp-content\/uploads\/sites\/5\/2024\/02\/P331.501__S_0__df11680f6c4848f3b00668a005e38b29.jpg\",\"width\":1024,\"height\":1024},{\"@type\":\"BreadcrumbList\",\"@id\":\"https:\/\/urban-vitamin.com\/es\/producto\/auriculares-conduccion-de-aire-plastico-rcs-negro\/#breadcrumb\",\"itemListElement\":[{\"@type\":\"ListItem\",\"position\":1,\"name\":\"Home\",\"item\":\"https:\/\/urban-vitamin.com\/es\/\"},{\"@type\":\"ListItem\",\"position\":2,\"name\":\"Recopilaci\u00f3n\",\"item\":\"https:\/\/urban-vitamin.com\/es\/recopilacion\/\"},{\"@type\":\"ListItem\",\"position\":3,\"name\":\"Auriculares conducci\u00f3n de aire pl\u00e1stico RCS, negro\"}]},{\"@type\":\"WebSite\",\"@id\":\"https:\/\/urban-vitamin.com\/es\/#website\",\"url\":\"https:\/\/urban-vitamin.com\/es\/\",\"name\":\"Urban Vitamin\",\"description\":\"Enjoy your daily dose of Urban Vitamin!\",\"potentialAction\":[{\"@type\":\"SearchAction\",\"target\":{\"@type\":\"EntryPoint\",\"urlTemplate\":\"https:\/\/urban-vitamin.com\/es\/?s={search_term_string}\"},\"query-input\":{\"@type\":\"PropertyValueSpecification\",\"valueRequired\":true,\"valueName\":\"search_term_string\"}}],\"inLanguage\":\"es\"}]}<\/script>\n<!-- \/ Yoast SEO plugin. -->","yoast_head_json":{"title":"Auriculares conducci\u00f3n de aire pl\u00e1stico RCS, negro - Urban Vitamin","robots":{"index":"index","follow":"follow","max-snippet":"max-snippet:-1","max-image-preview":"max-image-preview:large","max-video-preview":"max-video-preview:-1"},"canonical":"https:\/\/urban-vitamin.com\/es\/producto\/auriculares-conduccion-de-aire-plastico-rcs-negro\/","og_locale":"es_ES","og_type":"article","og_title":"Auriculares conducci\u00f3n de aire pl\u00e1stico RCS, negro - Urban Vitamin","og_description":"Conoce a Glendale, los auriculare m\u00e1s premium y tecnol\u00f3gicos de la historia. Glendale cambia la forma en que escuchas m\u00fasica y haces ejercicio. El exclusivo dise\u00f1o abierto no coloca los auriculares en la oreja, sino junto a ellas, lo que crea una conciencia situacional continua cuando est\u00e1 afuera. Calidad de sonido superior con graves mejorados. [&hellip;]","og_url":"https:\/\/urban-vitamin.com\/es\/producto\/auriculares-conduccion-de-aire-plastico-rcs-negro\/","og_site_name":"Urban Vitamin","article_modified_time":"2026-03-12T02:28:45+00:00","og_image":[{"width":1024,"height":1024,"url":"https:\/\/urban-vitamin.com\/wp-content\/uploads\/sites\/5\/2024\/02\/P331.501__S_0__df11680f6c4848f3b00668a005e38b29.jpg","type":"image\/jpeg"}],"twitter_card":"summary_large_image","twitter_misc":{"Tiempo de lectura":"1 minuto"},"schema":{"@context":"https:\/\/schema.org","@graph":[{"@type":"WebPage","@id":"https:\/\/urban-vitamin.com\/es\/producto\/auriculares-conduccion-de-aire-plastico-rcs-negro\/","url":"https:\/\/urban-vitamin.com\/es\/producto\/auriculares-conduccion-de-aire-plastico-rcs-negro\/","name":"Auriculares conducci\u00f3n de aire pl\u00e1stico RCS, negro - Urban Vitamin","isPartOf":{"@id":"https:\/\/urban-vitamin.com\/es\/#website"},"primaryImageOfPage":{"@id":"https:\/\/urban-vitamin.com\/es\/producto\/auriculares-conduccion-de-aire-plastico-rcs-negro\/#primaryimage"},"image":{"@id":"https:\/\/urban-vitamin.com\/es\/producto\/auriculares-conduccion-de-aire-plastico-rcs-negro\/#primaryimage"},"thumbnailUrl":"https:\/\/urban-vitamin.com\/wp-content\/uploads\/sites\/5\/2024\/02\/P331.501__S_0__df11680f6c4848f3b00668a005e38b29.jpg","datePublished":"2026-03-12T01:08:24+00:00","dateModified":"2026-03-12T02:28:45+00:00","breadcrumb":{"@id":"https:\/\/urban-vitamin.com\/es\/producto\/auriculares-conduccion-de-aire-plastico-rcs-negro\/#breadcrumb"},"inLanguage":"es","potentialAction":[{"@type":"ReadAction","target":["https:\/\/urban-vitamin.com\/es\/producto\/auriculares-conduccion-de-aire-plastico-rcs-negro\/"]}]},{"@type":"ImageObject","inLanguage":"es","@id":"https:\/\/urban-vitamin.com\/es\/producto\/auriculares-conduccion-de-aire-plastico-rcs-negro\/#primaryimage","url":"https:\/\/urban-vitamin.com\/wp-content\/uploads\/sites\/5\/2024\/02\/P331.501__S_0__df11680f6c4848f3b00668a005e38b29.jpg","contentUrl":"https:\/\/urban-vitamin.com\/wp-content\/uploads\/sites\/5\/2024\/02\/P331.501__S_0__df11680f6c4848f3b00668a005e38b29.jpg","width":1024,"height":1024},{"@type":"BreadcrumbList","@id":"https:\/\/urban-vitamin.com\/es\/producto\/auriculares-conduccion-de-aire-plastico-rcs-negro\/#breadcrumb","itemListElement":[{"@type":"ListItem","position":1,"name":"Home","item":"https:\/\/urban-vitamin.com\/es\/"},{"@type":"ListItem","position":2,"name":"Recopilaci\u00f3n","item":"https:\/\/urban-vitamin.com\/es\/recopilacion\/"},{"@type":"ListItem","position":3,"name":"Auriculares conducci\u00f3n de aire pl\u00e1stico RCS, negro"}]},{"@type":"WebSite","@id":"https:\/\/urban-vitamin.com\/es\/#website","url":"https:\/\/urban-vitamin.com\/es\/","name":"Urban Vitamin","description":"Enjoy your daily dose of Urban Vitamin!","potentialAction":[{"@type":"SearchAction","target":{"@type":"EntryPoint","urlTemplate":"https:\/\/urban-vitamin.com\/es\/?s={search_term_string}"},"query-input":{"@type":"PropertyValueSpecification","valueRequired":true,"valueName":"search_term_string"}}],"inLanguage":"es"}]}},"_links":{"self":[{"href":"https:\/\/urban-vitamin.com\/es\/wp-json\/wp\/v2\/product\/8420","targetHints":{"allow":["GET"]}}],"collection":[{"href":"https:\/\/urban-vitamin.com\/es\/wp-json\/wp\/v2\/product"}],"about":[{"href":"https:\/\/urban-vitamin.com\/es\/wp-json\/wp\/v2\/types\/product"}],"replies":[{"embeddable":true,"href":"https:\/\/urban-vitamin.com\/es\/wp-json\/wp\/v2\/comments?post=8420"}],"wp:featuredmedia":[{"embeddable":true,"href":"https:\/\/urban-vitamin.com\/es\/wp-json\/wp\/v2\/media\/17682"}],"wp:attachment":[{"href":"https:\/\/urban-vitamin.com\/es\/wp-json\/wp\/v2\/media?parent=8420"}],"wp:term":[{"taxonomy":"product_cat","embeddable":true,"href":"https:\/\/urban-vitamin.com\/es\/wp-json\/wp\/v2\/product_cat?post=8420"},{"taxonomy":"product_tag","embeddable":true,"href":"https:\/\/urban-vitamin.com\/es\/wp-json\/wp\/v2\/product_tag?post=8420"}],"curies":[{"name":"wp","href":"https:\/\/api.w.org\/{rel}","templated":true}]}}