{"id":5409,"date":"2026-03-12T01:08:24","date_gmt":"2026-03-12T01:08:24","guid":{"rendered":"https:\/\/xdsomename.tempurl.host\/urban-vitamin\/product\/altavoz-hayward-inalambrico-ipx7-negro\/"},"modified":"2026-03-12T02:28:44","modified_gmt":"2026-03-12T02:28:44","slug":"altavoz-hayward-inalambrico-ipx7-negro","status":"publish","type":"product","link":"https:\/\/urban-vitamin.com\/es\/producto\/altavoz-hayward-inalambrico-ipx7-negro\/","title":{"rendered":"Altavoz Hayward inal\u00e1mbrico IPX7, negro"},"content":{"rendered":"<p>Lleva este altavoz compacto pero potente a donde quiera que vayas. \u00bfPasando el rato en la playa? Perfecto! \u00bfFiesta en la piscina? Cubierto! \u00bfLluvia repentina? \u00a1No te preocupes! Tu altavoz de 5W es resistente al agua IPX7 hasta 1 metro de profundidad y un m\u00e1ximo de 30 minutos! Despu\u00e9s de un d\u00eda de arena en la playa, simplemente s\u00e9calo si est\u00e1 debajo de la ducha. El altavoz viene con una hebilla para llevarlo en tu mochila o usarlo como soporte para el altavoz. La impresionante bater\u00eda durar\u00e1 hasta 24 horas, as\u00ed que prep\u00e1rate para pasar la noche. En caso de que reciba una llamada, simplemente responde con el micr\u00f3fono integrado en calidad clara. Los art\u00edculos de Urban Vitamin est\u00e1n fabricados sin PVC y presentados en caja con pl\u00e1stico reducido.<\/p>\n","protected":false},"excerpt":{"rendered":"<p>Lleva este altavoz compacto pero potente a donde quiera que vayas. \u00bfPasando el rato en la playa? Perfecto! \u00bfFiesta en la piscina? Cubierto! \u00bfLluvia repentina? \u00a1No te preocupes! Tu altavoz de 5W es resistente al agua IPX7 hasta 1 metro de profundidad y un m\u00e1ximo de 30 minutos! Despu\u00e9s de un d\u00eda de arena en [&hellip;]<\/p>\n","protected":false},"featured_media":17549,"comment_status":"closed","ping_status":"closed","template":"","meta":{"_acf_changed":false,"om_disable_all_campaigns":false},"product_cat":[76],"product_tag":[],"class_list":["post-5409","product","type-product","status-publish","has-post-thumbnail","hentry","product_cat-altavoces","pa_color-black"],"acf":[],"yoast_head":"<!-- This site is optimized with the Yoast SEO plugin v27.0 - https:\/\/yoast.com\/product\/yoast-seo-wordpress\/ -->\n<title>Altavoz Hayward inal\u00e1mbrico IPX7, negro - Urban Vitamin<\/title>\n<meta name=\"robots\" content=\"index, follow, max-snippet:-1, max-image-preview:large, max-video-preview:-1\" \/>\n<link rel=\"canonical\" href=\"https:\/\/urban-vitamin.com\/es\/producto\/altavoz-hayward-inalambrico-ipx7-negro\/\" \/>\n<meta property=\"og:locale\" content=\"es_ES\" \/>\n<meta property=\"og:type\" content=\"article\" \/>\n<meta property=\"og:title\" content=\"Altavoz Hayward inal\u00e1mbrico IPX7, negro - Urban Vitamin\" \/>\n<meta property=\"og:description\" content=\"Lleva este altavoz compacto pero potente a donde quiera que vayas. \u00bfPasando el rato en la playa? Perfecto! \u00bfFiesta en la piscina? Cubierto! \u00bfLluvia repentina? \u00a1No te preocupes! Tu altavoz de 5W es resistente al agua IPX7 hasta 1 metro de profundidad y un m\u00e1ximo de 30 minutos! Despu\u00e9s de un d\u00eda de arena en [&hellip;]\" \/>\n<meta property=\"og:url\" content=\"https:\/\/urban-vitamin.com\/es\/producto\/altavoz-hayward-inalambrico-ipx7-negro\/\" \/>\n<meta property=\"og:site_name\" content=\"Urban Vitamin\" \/>\n<meta property=\"article:modified_time\" content=\"2026-03-12T02:28:44+00:00\" \/>\n<meta property=\"og:image\" content=\"https:\/\/urban-vitamin.com\/wp-content\/uploads\/sites\/5\/2024\/02\/P329.911__S_0__d4063451e8354bd499c8b58c3353a7de.jpg\" \/>\n\t<meta property=\"og:image:width\" content=\"1024\" \/>\n\t<meta property=\"og:image:height\" content=\"1024\" \/>\n\t<meta property=\"og:image:type\" content=\"image\/jpeg\" \/>\n<meta name=\"twitter:card\" content=\"summary_large_image\" \/>\n<meta name=\"twitter:label1\" content=\"Tiempo de lectura\" \/>\n\t<meta name=\"twitter:data1\" content=\"1 minuto\" \/>\n<script type=\"application\/ld+json\" class=\"yoast-schema-graph\">{\"@context\":\"https:\/\/schema.org\",\"@graph\":[{\"@type\":\"WebPage\",\"@id\":\"https:\/\/urban-vitamin.com\/es\/producto\/altavoz-hayward-inalambrico-ipx7-negro\/\",\"url\":\"https:\/\/urban-vitamin.com\/es\/producto\/altavoz-hayward-inalambrico-ipx7-negro\/\",\"name\":\"Altavoz Hayward inal\u00e1mbrico IPX7, negro - Urban Vitamin\",\"isPartOf\":{\"@id\":\"https:\/\/urban-vitamin.com\/es\/#website\"},\"primaryImageOfPage\":{\"@id\":\"https:\/\/urban-vitamin.com\/es\/producto\/altavoz-hayward-inalambrico-ipx7-negro\/#primaryimage\"},\"image\":{\"@id\":\"https:\/\/urban-vitamin.com\/es\/producto\/altavoz-hayward-inalambrico-ipx7-negro\/#primaryimage\"},\"thumbnailUrl\":\"https:\/\/urban-vitamin.com\/wp-content\/uploads\/sites\/5\/2024\/02\/P329.911__S_0__d4063451e8354bd499c8b58c3353a7de.jpg\",\"datePublished\":\"2026-03-12T01:08:24+00:00\",\"dateModified\":\"2026-03-12T02:28:44+00:00\",\"breadcrumb\":{\"@id\":\"https:\/\/urban-vitamin.com\/es\/producto\/altavoz-hayward-inalambrico-ipx7-negro\/#breadcrumb\"},\"inLanguage\":\"es\",\"potentialAction\":[{\"@type\":\"ReadAction\",\"target\":[\"https:\/\/urban-vitamin.com\/es\/producto\/altavoz-hayward-inalambrico-ipx7-negro\/\"]}]},{\"@type\":\"ImageObject\",\"inLanguage\":\"es\",\"@id\":\"https:\/\/urban-vitamin.com\/es\/producto\/altavoz-hayward-inalambrico-ipx7-negro\/#primaryimage\",\"url\":\"https:\/\/urban-vitamin.com\/wp-content\/uploads\/sites\/5\/2024\/02\/P329.911__S_0__d4063451e8354bd499c8b58c3353a7de.jpg\",\"contentUrl\":\"https:\/\/urban-vitamin.com\/wp-content\/uploads\/sites\/5\/2024\/02\/P329.911__S_0__d4063451e8354bd499c8b58c3353a7de.jpg\",\"width\":1024,\"height\":1024},{\"@type\":\"BreadcrumbList\",\"@id\":\"https:\/\/urban-vitamin.com\/es\/producto\/altavoz-hayward-inalambrico-ipx7-negro\/#breadcrumb\",\"itemListElement\":[{\"@type\":\"ListItem\",\"position\":1,\"name\":\"Home\",\"item\":\"https:\/\/urban-vitamin.com\/es\/\"},{\"@type\":\"ListItem\",\"position\":2,\"name\":\"Recopilaci\u00f3n\",\"item\":\"https:\/\/urban-vitamin.com\/es\/recopilacion\/\"},{\"@type\":\"ListItem\",\"position\":3,\"name\":\"Altavoz Hayward inal\u00e1mbrico IPX7, negro\"}]},{\"@type\":\"WebSite\",\"@id\":\"https:\/\/urban-vitamin.com\/es\/#website\",\"url\":\"https:\/\/urban-vitamin.com\/es\/\",\"name\":\"Urban Vitamin\",\"description\":\"Enjoy your daily dose of Urban Vitamin!\",\"potentialAction\":[{\"@type\":\"SearchAction\",\"target\":{\"@type\":\"EntryPoint\",\"urlTemplate\":\"https:\/\/urban-vitamin.com\/es\/?s={search_term_string}\"},\"query-input\":{\"@type\":\"PropertyValueSpecification\",\"valueRequired\":true,\"valueName\":\"search_term_string\"}}],\"inLanguage\":\"es\"}]}<\/script>\n<!-- \/ Yoast SEO plugin. -->","yoast_head_json":{"title":"Altavoz Hayward inal\u00e1mbrico IPX7, negro - Urban Vitamin","robots":{"index":"index","follow":"follow","max-snippet":"max-snippet:-1","max-image-preview":"max-image-preview:large","max-video-preview":"max-video-preview:-1"},"canonical":"https:\/\/urban-vitamin.com\/es\/producto\/altavoz-hayward-inalambrico-ipx7-negro\/","og_locale":"es_ES","og_type":"article","og_title":"Altavoz Hayward inal\u00e1mbrico IPX7, negro - Urban Vitamin","og_description":"Lleva este altavoz compacto pero potente a donde quiera que vayas. \u00bfPasando el rato en la playa? Perfecto! \u00bfFiesta en la piscina? Cubierto! \u00bfLluvia repentina? \u00a1No te preocupes! Tu altavoz de 5W es resistente al agua IPX7 hasta 1 metro de profundidad y un m\u00e1ximo de 30 minutos! Despu\u00e9s de un d\u00eda de arena en [&hellip;]","og_url":"https:\/\/urban-vitamin.com\/es\/producto\/altavoz-hayward-inalambrico-ipx7-negro\/","og_site_name":"Urban Vitamin","article_modified_time":"2026-03-12T02:28:44+00:00","og_image":[{"width":1024,"height":1024,"url":"https:\/\/urban-vitamin.com\/wp-content\/uploads\/sites\/5\/2024\/02\/P329.911__S_0__d4063451e8354bd499c8b58c3353a7de.jpg","type":"image\/jpeg"}],"twitter_card":"summary_large_image","twitter_misc":{"Tiempo de lectura":"1 minuto"},"schema":{"@context":"https:\/\/schema.org","@graph":[{"@type":"WebPage","@id":"https:\/\/urban-vitamin.com\/es\/producto\/altavoz-hayward-inalambrico-ipx7-negro\/","url":"https:\/\/urban-vitamin.com\/es\/producto\/altavoz-hayward-inalambrico-ipx7-negro\/","name":"Altavoz Hayward inal\u00e1mbrico IPX7, negro - Urban Vitamin","isPartOf":{"@id":"https:\/\/urban-vitamin.com\/es\/#website"},"primaryImageOfPage":{"@id":"https:\/\/urban-vitamin.com\/es\/producto\/altavoz-hayward-inalambrico-ipx7-negro\/#primaryimage"},"image":{"@id":"https:\/\/urban-vitamin.com\/es\/producto\/altavoz-hayward-inalambrico-ipx7-negro\/#primaryimage"},"thumbnailUrl":"https:\/\/urban-vitamin.com\/wp-content\/uploads\/sites\/5\/2024\/02\/P329.911__S_0__d4063451e8354bd499c8b58c3353a7de.jpg","datePublished":"2026-03-12T01:08:24+00:00","dateModified":"2026-03-12T02:28:44+00:00","breadcrumb":{"@id":"https:\/\/urban-vitamin.com\/es\/producto\/altavoz-hayward-inalambrico-ipx7-negro\/#breadcrumb"},"inLanguage":"es","potentialAction":[{"@type":"ReadAction","target":["https:\/\/urban-vitamin.com\/es\/producto\/altavoz-hayward-inalambrico-ipx7-negro\/"]}]},{"@type":"ImageObject","inLanguage":"es","@id":"https:\/\/urban-vitamin.com\/es\/producto\/altavoz-hayward-inalambrico-ipx7-negro\/#primaryimage","url":"https:\/\/urban-vitamin.com\/wp-content\/uploads\/sites\/5\/2024\/02\/P329.911__S_0__d4063451e8354bd499c8b58c3353a7de.jpg","contentUrl":"https:\/\/urban-vitamin.com\/wp-content\/uploads\/sites\/5\/2024\/02\/P329.911__S_0__d4063451e8354bd499c8b58c3353a7de.jpg","width":1024,"height":1024},{"@type":"BreadcrumbList","@id":"https:\/\/urban-vitamin.com\/es\/producto\/altavoz-hayward-inalambrico-ipx7-negro\/#breadcrumb","itemListElement":[{"@type":"ListItem","position":1,"name":"Home","item":"https:\/\/urban-vitamin.com\/es\/"},{"@type":"ListItem","position":2,"name":"Recopilaci\u00f3n","item":"https:\/\/urban-vitamin.com\/es\/recopilacion\/"},{"@type":"ListItem","position":3,"name":"Altavoz Hayward inal\u00e1mbrico IPX7, negro"}]},{"@type":"WebSite","@id":"https:\/\/urban-vitamin.com\/es\/#website","url":"https:\/\/urban-vitamin.com\/es\/","name":"Urban Vitamin","description":"Enjoy your daily dose of Urban Vitamin!","potentialAction":[{"@type":"SearchAction","target":{"@type":"EntryPoint","urlTemplate":"https:\/\/urban-vitamin.com\/es\/?s={search_term_string}"},"query-input":{"@type":"PropertyValueSpecification","valueRequired":true,"valueName":"search_term_string"}}],"inLanguage":"es"}]}},"_links":{"self":[{"href":"https:\/\/urban-vitamin.com\/es\/wp-json\/wp\/v2\/product\/5409","targetHints":{"allow":["GET"]}}],"collection":[{"href":"https:\/\/urban-vitamin.com\/es\/wp-json\/wp\/v2\/product"}],"about":[{"href":"https:\/\/urban-vitamin.com\/es\/wp-json\/wp\/v2\/types\/product"}],"replies":[{"embeddable":true,"href":"https:\/\/urban-vitamin.com\/es\/wp-json\/wp\/v2\/comments?post=5409"}],"wp:featuredmedia":[{"embeddable":true,"href":"https:\/\/urban-vitamin.com\/es\/wp-json\/wp\/v2\/media\/17549"}],"wp:attachment":[{"href":"https:\/\/urban-vitamin.com\/es\/wp-json\/wp\/v2\/media?parent=5409"}],"wp:term":[{"taxonomy":"product_cat","embeddable":true,"href":"https:\/\/urban-vitamin.com\/es\/wp-json\/wp\/v2\/product_cat?post=5409"},{"taxonomy":"product_tag","embeddable":true,"href":"https:\/\/urban-vitamin.com\/es\/wp-json\/wp\/v2\/product_tag?post=5409"}],"curies":[{"name":"wp","href":"https:\/\/api.w.org\/{rel}","templated":true}]}}