{"id":5405,"date":"2026-04-16T00:07:00","date_gmt":"2026-04-16T00:07:00","guid":{"rendered":"https:\/\/xdsomename.tempurl.host\/urban-vitamin\/product\/auriculares-palm-springs-rcs-rplastic-enc-negro\/"},"modified":"2026-04-16T01:26:58","modified_gmt":"2026-04-16T01:26:58","slug":"auriculares-palm-springs-rcs-rplastic-enc-negro","status":"publish","type":"product","link":"https:\/\/urban-vitamin.com\/es\/producto\/auriculares-palm-springs-rcs-rplastic-enc-negro\/","title":{"rendered":"Auriculares Palm Springs RCS rplastic ENC, negro"},"content":{"rendered":"<p>Cuando abres el estuche y te pones los auriculares, el sonido te golpea. Los auriculares y el estuche de carga port\u00e1til est\u00e1n dise\u00f1ados para poder llevarlos donde quiera que vayas y caben f\u00e1cilmente en tu bolsillo. Los c\u00f3modos auriculares tienen hasta 6 horas de tiempo de escucha y el estuche de carga permite hasta 20 horas de reproducci\u00f3n. Cuando recibas una llamada, simplemente responde con sonido est\u00e9reo gracias al micr\u00f3fono integrado ENC para una llamada de calidad. \u00danicamente toca el auricular para responder. IPX 4 hace que los auriculares sean resistentes a la intemperie. Auriculares y estuche de carga fabricados con ABS reciclado certificado RCS (Recycled Claim Standard). Contenido reciclado total: 55% basado en el peso total del art\u00edculo. La certificaci\u00f3n RCS garantiza una cadena de suministro completamente certificada de los materiales reciclados. Los art\u00edculos de Urban Vitamin est\u00e1n fabricados sin PVC y en envases reducidos en pl\u00e1stico.<\/p>\n","protected":false},"excerpt":{"rendered":"<p>Cuando abres el estuche y te pones los auriculares, el sonido te golpea. Los auriculares y el estuche de carga port\u00e1til est\u00e1n dise\u00f1ados para poder llevarlos donde quiera que vayas y caben f\u00e1cilmente en tu bolsillo. Los c\u00f3modos auriculares tienen hasta 6 horas de tiempo de escucha y el estuche de carga permite hasta 20 [&hellip;]<\/p>\n","protected":false},"featured_media":27763,"comment_status":"closed","ping_status":"closed","template":"","meta":{"_acf_changed":false,"om_disable_all_campaigns":false},"product_cat":[75],"product_tag":[],"class_list":["post-5405","product","type-product","status-publish","has-post-thumbnail","hentry","product_cat-tapones","pa_color-black"],"acf":[],"yoast_head":"<!-- This site is optimized with the Yoast SEO plugin v27.0 - https:\/\/yoast.com\/product\/yoast-seo-wordpress\/ -->\n<title>Auriculares Palm Springs RCS rplastic ENC, negro - Urban Vitamin<\/title>\n<meta name=\"robots\" content=\"index, follow, max-snippet:-1, max-image-preview:large, max-video-preview:-1\" \/>\n<link rel=\"canonical\" href=\"https:\/\/urban-vitamin.com\/es\/producto\/auriculares-palm-springs-rcs-rplastic-enc-negro\/\" \/>\n<meta property=\"og:locale\" content=\"es_ES\" \/>\n<meta property=\"og:type\" content=\"article\" \/>\n<meta property=\"og:title\" content=\"Auriculares Palm Springs RCS rplastic ENC, negro - Urban Vitamin\" \/>\n<meta property=\"og:description\" content=\"Cuando abres el estuche y te pones los auriculares, el sonido te golpea. Los auriculares y el estuche de carga port\u00e1til est\u00e1n dise\u00f1ados para poder llevarlos donde quiera que vayas y caben f\u00e1cilmente en tu bolsillo. Los c\u00f3modos auriculares tienen hasta 6 horas de tiempo de escucha y el estuche de carga permite hasta 20 [&hellip;]\" \/>\n<meta property=\"og:url\" content=\"https:\/\/urban-vitamin.com\/es\/producto\/auriculares-palm-springs-rcs-rplastic-enc-negro\/\" \/>\n<meta property=\"og:site_name\" content=\"Urban Vitamin\" \/>\n<meta property=\"article:modified_time\" content=\"2026-04-16T01:26:58+00:00\" \/>\n<meta property=\"og:image\" content=\"https:\/\/urban-vitamin.com\/wp-content\/uploads\/sites\/5\/2026\/04\/P329.811__S_0__9d9d0742a2fa4633ba05c732c589de51.jpg\" \/>\n\t<meta property=\"og:image:width\" content=\"1024\" \/>\n\t<meta property=\"og:image:height\" content=\"1024\" \/>\n\t<meta property=\"og:image:type\" content=\"image\/jpeg\" \/>\n<meta name=\"twitter:card\" content=\"summary_large_image\" \/>\n<meta name=\"twitter:label1\" content=\"Tiempo de lectura\" \/>\n\t<meta name=\"twitter:data1\" content=\"1 minuto\" \/>\n<script type=\"application\/ld+json\" class=\"yoast-schema-graph\">{\"@context\":\"https:\/\/schema.org\",\"@graph\":[{\"@type\":\"WebPage\",\"@id\":\"https:\/\/urban-vitamin.com\/es\/producto\/auriculares-palm-springs-rcs-rplastic-enc-negro\/\",\"url\":\"https:\/\/urban-vitamin.com\/es\/producto\/auriculares-palm-springs-rcs-rplastic-enc-negro\/\",\"name\":\"Auriculares Palm Springs RCS rplastic ENC, negro - Urban Vitamin\",\"isPartOf\":{\"@id\":\"https:\/\/urban-vitamin.com\/es\/#website\"},\"primaryImageOfPage\":{\"@id\":\"https:\/\/urban-vitamin.com\/es\/producto\/auriculares-palm-springs-rcs-rplastic-enc-negro\/#primaryimage\"},\"image\":{\"@id\":\"https:\/\/urban-vitamin.com\/es\/producto\/auriculares-palm-springs-rcs-rplastic-enc-negro\/#primaryimage\"},\"thumbnailUrl\":\"https:\/\/urban-vitamin.com\/wp-content\/uploads\/sites\/5\/2026\/04\/P329.811__S_0__9d9d0742a2fa4633ba05c732c589de51.jpg\",\"datePublished\":\"2026-04-16T00:07:00+00:00\",\"dateModified\":\"2026-04-16T01:26:58+00:00\",\"breadcrumb\":{\"@id\":\"https:\/\/urban-vitamin.com\/es\/producto\/auriculares-palm-springs-rcs-rplastic-enc-negro\/#breadcrumb\"},\"inLanguage\":\"es\",\"potentialAction\":[{\"@type\":\"ReadAction\",\"target\":[\"https:\/\/urban-vitamin.com\/es\/producto\/auriculares-palm-springs-rcs-rplastic-enc-negro\/\"]}]},{\"@type\":\"ImageObject\",\"inLanguage\":\"es\",\"@id\":\"https:\/\/urban-vitamin.com\/es\/producto\/auriculares-palm-springs-rcs-rplastic-enc-negro\/#primaryimage\",\"url\":\"https:\/\/urban-vitamin.com\/wp-content\/uploads\/sites\/5\/2026\/04\/P329.811__S_0__9d9d0742a2fa4633ba05c732c589de51.jpg\",\"contentUrl\":\"https:\/\/urban-vitamin.com\/wp-content\/uploads\/sites\/5\/2026\/04\/P329.811__S_0__9d9d0742a2fa4633ba05c732c589de51.jpg\",\"width\":1024,\"height\":1024},{\"@type\":\"BreadcrumbList\",\"@id\":\"https:\/\/urban-vitamin.com\/es\/producto\/auriculares-palm-springs-rcs-rplastic-enc-negro\/#breadcrumb\",\"itemListElement\":[{\"@type\":\"ListItem\",\"position\":1,\"name\":\"Home\",\"item\":\"https:\/\/urban-vitamin.com\/es\/\"},{\"@type\":\"ListItem\",\"position\":2,\"name\":\"Recopilaci\u00f3n\",\"item\":\"https:\/\/urban-vitamin.com\/es\/recopilacion\/\"},{\"@type\":\"ListItem\",\"position\":3,\"name\":\"Auriculares Palm Springs RCS rplastic ENC, negro\"}]},{\"@type\":\"WebSite\",\"@id\":\"https:\/\/urban-vitamin.com\/es\/#website\",\"url\":\"https:\/\/urban-vitamin.com\/es\/\",\"name\":\"Urban Vitamin\",\"description\":\"Enjoy your daily dose of Urban Vitamin!\",\"potentialAction\":[{\"@type\":\"SearchAction\",\"target\":{\"@type\":\"EntryPoint\",\"urlTemplate\":\"https:\/\/urban-vitamin.com\/es\/?s={search_term_string}\"},\"query-input\":{\"@type\":\"PropertyValueSpecification\",\"valueRequired\":true,\"valueName\":\"search_term_string\"}}],\"inLanguage\":\"es\"}]}<\/script>\n<!-- \/ Yoast SEO plugin. -->","yoast_head_json":{"title":"Auriculares Palm Springs RCS rplastic ENC, negro - Urban Vitamin","robots":{"index":"index","follow":"follow","max-snippet":"max-snippet:-1","max-image-preview":"max-image-preview:large","max-video-preview":"max-video-preview:-1"},"canonical":"https:\/\/urban-vitamin.com\/es\/producto\/auriculares-palm-springs-rcs-rplastic-enc-negro\/","og_locale":"es_ES","og_type":"article","og_title":"Auriculares Palm Springs RCS rplastic ENC, negro - Urban Vitamin","og_description":"Cuando abres el estuche y te pones los auriculares, el sonido te golpea. Los auriculares y el estuche de carga port\u00e1til est\u00e1n dise\u00f1ados para poder llevarlos donde quiera que vayas y caben f\u00e1cilmente en tu bolsillo. Los c\u00f3modos auriculares tienen hasta 6 horas de tiempo de escucha y el estuche de carga permite hasta 20 [&hellip;]","og_url":"https:\/\/urban-vitamin.com\/es\/producto\/auriculares-palm-springs-rcs-rplastic-enc-negro\/","og_site_name":"Urban Vitamin","article_modified_time":"2026-04-16T01:26:58+00:00","og_image":[{"width":1024,"height":1024,"url":"https:\/\/urban-vitamin.com\/wp-content\/uploads\/sites\/5\/2026\/04\/P329.811__S_0__9d9d0742a2fa4633ba05c732c589de51.jpg","type":"image\/jpeg"}],"twitter_card":"summary_large_image","twitter_misc":{"Tiempo de lectura":"1 minuto"},"schema":{"@context":"https:\/\/schema.org","@graph":[{"@type":"WebPage","@id":"https:\/\/urban-vitamin.com\/es\/producto\/auriculares-palm-springs-rcs-rplastic-enc-negro\/","url":"https:\/\/urban-vitamin.com\/es\/producto\/auriculares-palm-springs-rcs-rplastic-enc-negro\/","name":"Auriculares Palm Springs RCS rplastic ENC, negro - Urban Vitamin","isPartOf":{"@id":"https:\/\/urban-vitamin.com\/es\/#website"},"primaryImageOfPage":{"@id":"https:\/\/urban-vitamin.com\/es\/producto\/auriculares-palm-springs-rcs-rplastic-enc-negro\/#primaryimage"},"image":{"@id":"https:\/\/urban-vitamin.com\/es\/producto\/auriculares-palm-springs-rcs-rplastic-enc-negro\/#primaryimage"},"thumbnailUrl":"https:\/\/urban-vitamin.com\/wp-content\/uploads\/sites\/5\/2026\/04\/P329.811__S_0__9d9d0742a2fa4633ba05c732c589de51.jpg","datePublished":"2026-04-16T00:07:00+00:00","dateModified":"2026-04-16T01:26:58+00:00","breadcrumb":{"@id":"https:\/\/urban-vitamin.com\/es\/producto\/auriculares-palm-springs-rcs-rplastic-enc-negro\/#breadcrumb"},"inLanguage":"es","potentialAction":[{"@type":"ReadAction","target":["https:\/\/urban-vitamin.com\/es\/producto\/auriculares-palm-springs-rcs-rplastic-enc-negro\/"]}]},{"@type":"ImageObject","inLanguage":"es","@id":"https:\/\/urban-vitamin.com\/es\/producto\/auriculares-palm-springs-rcs-rplastic-enc-negro\/#primaryimage","url":"https:\/\/urban-vitamin.com\/wp-content\/uploads\/sites\/5\/2026\/04\/P329.811__S_0__9d9d0742a2fa4633ba05c732c589de51.jpg","contentUrl":"https:\/\/urban-vitamin.com\/wp-content\/uploads\/sites\/5\/2026\/04\/P329.811__S_0__9d9d0742a2fa4633ba05c732c589de51.jpg","width":1024,"height":1024},{"@type":"BreadcrumbList","@id":"https:\/\/urban-vitamin.com\/es\/producto\/auriculares-palm-springs-rcs-rplastic-enc-negro\/#breadcrumb","itemListElement":[{"@type":"ListItem","position":1,"name":"Home","item":"https:\/\/urban-vitamin.com\/es\/"},{"@type":"ListItem","position":2,"name":"Recopilaci\u00f3n","item":"https:\/\/urban-vitamin.com\/es\/recopilacion\/"},{"@type":"ListItem","position":3,"name":"Auriculares Palm Springs RCS rplastic ENC, negro"}]},{"@type":"WebSite","@id":"https:\/\/urban-vitamin.com\/es\/#website","url":"https:\/\/urban-vitamin.com\/es\/","name":"Urban Vitamin","description":"Enjoy your daily dose of Urban Vitamin!","potentialAction":[{"@type":"SearchAction","target":{"@type":"EntryPoint","urlTemplate":"https:\/\/urban-vitamin.com\/es\/?s={search_term_string}"},"query-input":{"@type":"PropertyValueSpecification","valueRequired":true,"valueName":"search_term_string"}}],"inLanguage":"es"}]}},"_links":{"self":[{"href":"https:\/\/urban-vitamin.com\/es\/wp-json\/wp\/v2\/product\/5405","targetHints":{"allow":["GET"]}}],"collection":[{"href":"https:\/\/urban-vitamin.com\/es\/wp-json\/wp\/v2\/product"}],"about":[{"href":"https:\/\/urban-vitamin.com\/es\/wp-json\/wp\/v2\/types\/product"}],"replies":[{"embeddable":true,"href":"https:\/\/urban-vitamin.com\/es\/wp-json\/wp\/v2\/comments?post=5405"}],"wp:featuredmedia":[{"embeddable":true,"href":"https:\/\/urban-vitamin.com\/es\/wp-json\/wp\/v2\/media\/27763"}],"wp:attachment":[{"href":"https:\/\/urban-vitamin.com\/es\/wp-json\/wp\/v2\/media?parent=5405"}],"wp:term":[{"taxonomy":"product_cat","embeddable":true,"href":"https:\/\/urban-vitamin.com\/es\/wp-json\/wp\/v2\/product_cat?post=5405"},{"taxonomy":"product_tag","embeddable":true,"href":"https:\/\/urban-vitamin.com\/es\/wp-json\/wp\/v2\/product_tag?post=5405"}],"curies":[{"name":"wp","href":"https:\/\/api.w.org\/{rel}","templated":true}]}}